{"id":109135,"date":"2022-02-24T11:12:45","date_gmt":"2022-02-24T10:12:45","guid":{"rendered":"http:\/\/free-indeed.com\/libre\/"},"modified":"2026-03-29T23:13:35","modified_gmt":"2026-03-29T21:13:35","slug":"libre","status":"publish","type":"page","link":"https:\/\/free-indeed.com\/es\/libre\/","title":{"rendered":"Libre"},"content":{"rendered":"<div class=\"brz-root__container brz-reset-all brz brz-root__container-page\">\n<section id=\"_ciksvwhjqgbldlyidhngkubgnvlgewsngpoz\" class=\"brz-section brz-css-1y8tsgf\">\n<div class=\"brz-section__content brz-section--boxed brz-css-zsuyim\" data-brz-custom-id=\"kjkzbzybvvaztddtikcnfioxtappmlzhotpg\">\n<div class=\"brz-container brz-css-bsqea2\">\n<div id=\"\" class=\"brz-css-1lkqck3 brz-wrapper\">\n<div class=\"brz-embed-code brz-css-1m1361r\" data-brz-custom-id=\"dfzvlccxefvosvgqezqhiuaveuvdfmcqjsdq\">\n<div class=\"brz-embed-content\">\n<div><div class=\"smartpay\" style=\"margin: 0 auto;\">\n    <div class=\"smartpay-product-shortcode smartpay-payment\">\n        <!-- Product details -->\n        <div class=\"card product\">\n                            <div class=\"bg-light product--image border-bottom\">\n                    <img decoding=\"async\" src=\"http:\/\/free-indeed.com\/wp-content\/uploads\/2021\/10\/Nnnh-scaled.jpg\" class=\"card-img-top\">\n                <\/div>\n            \n            <div class=\"card-body p-5\">\n                <div class=\"row\">\n                    <div class=\"col-sm-12 col-md-7 mb-3\">\n                                                    <h2 class=\"card-title product--title mt-0 mb-2\">Libre<\/h2>\n                        \n                                                    <div class=\"card-text product--description\">\n                                <p>\u00bfAlguna vez has pensado c\u00f3mo ser\u00eda tu vida si pudieras solucionar todas aquellas situaciones que por m\u00e1s que lo intentes, no has podido cambiar?<\/p>\n<p>En la vida nos encontramos con un diluvio de improvistos, situaciones dolorosas, decepciones, emociones y tentaciones que demandan nuestra atenci\u00f3n y nos estresan a diario. \u00bfY a qu\u00e9 nos lleva todo esto? A vivir \u00a0frustrados \u00a0y \u00a0sin \u00a0esperanza, \u00a0no \u00a0somos \u00a0capaces \u00a0de disfrutar de la vida y de Dios. Sin embargo, Dios te promete la libertad.<\/p>\n<p>Tengo la confianza de que est\u00e9 libro te guiar\u00e1 a poder alcanzar y caminar en la libertad. Contiene recursos donde descubrir\u00e1s c\u00f3mo:<\/p>\n<ul>\n<li>Abrazar tu verdadera identidad<\/li>\n<li>Reconocer lo que Dios dice sobre tu sexualidad Vencer la tentaci\u00f3n<\/li>\n<li>Vivir libre de la pornograf\u00eda y la masturbaci\u00f3n<\/li>\n<li>Caminar en tu libertad dada por Dios<\/li>\n<\/ul>\n<p>\u00a1Ser libre es posible!<\/p>\n                            <\/div>\n                                            <\/div>\n\n                    <div class=\"col-sm-12 col-md-5\">\n                        <div class=\"product--price-section\">\n                            <div class=\"product-variations mb-2\">\n                                <ul class=\"list-group\">\n                                                                                                                                                            <li class=\"list-group-item price selected\">\n                                            <label class=\"d-block m-0\">\n                                                <div class=\"price--amount\">\n                                                                                                            <span class=\"sale-price\">&#036;3<\/span>\n                                                                                                                                                                                                                <\/div>\n                                                <h5 class=\"m-0 price--title\">\n                                                    Precio del producto                                                <\/h5>\n                                            <\/label>\n                                        <\/li>\n                                                                    <\/ul>\n                            <\/div>\n\n                            <button type=\"button\" class=\"btn btn-success btn-block btn-lg open-payment-form\">\n                                Cons\u00edguelo ahora                            <\/button>\n                        <\/div>\n                    <\/div>\n                <\/div>\n            <\/div>\n        <\/div>\n\n                <!-- Form Data -->\n        <input type=\"hidden\" name=\"smartpay_payment_type\" id=\"smartpay_payment_type\" value=\"product_purchase\">\n        <input type=\"hidden\" name=\"smartpay_product_id\" value=\"1\">\n        <input type=\"hidden\" name=\"smartpay_product_price\" value=\"3\">\n        <input type=\"hidden\" name=\"smartpay_product_billing_type\" value=\"One Time\">\n        <input type=\"hidden\" name=\"smartpay_product_billing_period\" value=\"Monthly\">\n\n        <input type=\"hidden\" name=\"smartpay_product_additional_charge\" value=\"0\">\n        <input type=\"hidden\" name=\"smartpay_selected_currency_symbol\" value=\"&#036;\">\n        <!-- \/Form Data -->\n\n        <!-- Payment modal -->\n        \n<div class=\"modal fade payment-modal\" data-backdrop=\"static\" tabindex=\"-1\" role=\"dialog\" aria-hidden=\"true\">\n    <div class=\"modal-dialog modal-dialog-centered modal-md\" role=\"document\">\n        <div class=\"modal-content\">\n            <div class=\"modal-header mx-auto\">\n                <button class=\"btn back-to-first-step\">\n                    <svg xmlns=\"http:\/\/www.w3.org\/2000\/svg\" width=\"21\" height=\"21\" viewBox=\"0 0 24 24\" fill=\"none\" stroke=\"currentColor\" stroke-width=\"2\" stroke-linecap=\"round\" stroke-linejoin=\"round\" class=\"feather feather-arrow-left\">\n                        <line x1=\"19\" y1=\"12\" x2=\"5\" y2=\"12\"><\/line>\n                        <polyline points=\"12 19 5 12 12 5\"><\/polyline>\n                    <\/svg>\n                <\/button>\n                <div class=\"d-flex flex-column justify-content-center modal-title\">\n                    <p class=\"payment-modal--small-title mb-2 text-capitalize\">Libre<\/p>\n                    <h2 class=\"payment-modal--title amount m-0\">--<\/h2>\n                <\/div>\n\n\n                <button class=\"btn modal-close\">\n                    <svg xmlns=\"http:\/\/www.w3.org\/2000\/svg\" width=\"21\" height=\"21\" viewBox=\"0 0 24 24\" fill=\"none\" stroke=\"currentColor\" stroke-width=\"2\" stroke-linecap=\"round\" stroke-linejoin=\"round\" class=\"feather feather-x\">\n                        <line x1=\"18\" y1=\"6\" x2=\"6\" y2=\"18\"><\/line>\n                        <line x1=\"6\" y1=\"6\" x2=\"18\" y2=\"18\"><\/line>\n                    <\/svg>\n                <\/button>\n            <\/div>\n\n            <div class=\"payment-modal--errors text-center\" style=\"display: none\"><\/div>\n\n            \n            <div class=\"modal-body p-1 text-center step-1\">\n                <div class=\"align-self-center w-100\">\n                    <form action=\"https:\/\/free-indeed.com\/es\/libre\/\" method=\"POST\">\n                        <input type=\"hidden\" id=\"smartpay_process_payment\" name=\"smartpay_process_payment\" value=\"90bab4d8e9\" \/><input type=\"hidden\" name=\"_wp_http_referer\" value=\"\/es\/wp-json\/wp\/v2\/pages\/109135\" \/>                        <div class=\"payment-modal--gateway\">\n                            <!-- \/\/ If Product has Zero sale amount -->\n                                                                                                                        <p class=\"payment-gateway--label text-muted single-gateway\">\n                                    Forma de pago - <strong>PayPal<\/strong>                                <\/p>\n                                <input class=\"d-none\" type=\"radio\" name=\"smartpay_gateway\" id=\"smartpay_gateway\" value=\"paypal\" checked>\n\n                                <!-- \/\/ If it has multiple payment gateway -->\n                                                    <\/div>\n\n                        <div class=\"payment-modal--user-info\">\n                            <div class=\"form-row\">\n                                <div class=\"col-sm-6 form-group\">\n                                    <input type=\"text\" placeholder=\"First name\" class=\"form-control\" name=\"smartpay_first_name\" id=\"smartpay_first_name\" value=\"\" autocomplete=\"first_name\" required>\n                                <\/div>\n                                <div class=\"col-sm-6 form-group\">\n                                    <input type=\"text\" placeholder=\"Last name\" class=\"form-control\" name=\"smartpay_last_name\" id=\"smartpay_last_name\" value=\"\" autocomplete=\"last_name\" required>\n                                <\/div>\n                            <\/div>\n                            <div class=\"form-group\">\n                                <input type=\"email\" placeholder=\"Email address\" class=\"form-control\" name=\"smartpay_email\" id=\"smartpay_email\" value=\"\" autocomplete=\"email\" required>\n                            <\/div>\n                            <div id=\"mobile-field\"><\/div>\n\n                                    <div class=\"discount-amounts-container mb-3 d-none\">\n            <div class=\"py-2\">\n                <p class=\"d-flex justify-content-between m-0\">\n                    <span class=\"font-weight-bold\">Subtotal<\/span>\n                    <span class=\"subtotal-amount-value\"><\/span>\n                <\/p>\n            <\/div>\n\n\n            <div class=\"py-2\">\n                <p class=\"d-flex justify-content-between m-0\">\n                    <span class=\"coupon-amount-name font-weight-bold\"><\/span>\n                    <span class=\"coupon-amount-value\"><\/span>\n                <\/p>\n            <\/div>\n\n\n            <div class=\"py-2\">\n                <p class=\"d-flex justify-content-between m-0\">\n                    <span class=\"font-weight-bold\">Total Amount<\/span>\n                    <span class=\"total-amount-value\"><\/span>\n                <\/p>\n            <\/div>\n\n        <\/div>\n        \n                            <button type=\"button\" class=\"btn btn-success btn-block btn-lg smartpay-pay-now\" >\n                                Pagar ahora                            <\/button>\n\n                                                    <\/div>\n                    <\/form>\n                <\/div>\n\n            <\/div>\n\n            <div class=\"modal-body p-1 text-center step-2\">\n                <div class=\"align-self-center\">\n                    <div class=\"mb-5\">\n                        <div class=\"alert alert-warning py-3\">\n                            <p class=\"m-0\">No cierre esta ventana antes de completar el pago<\/p>\n                        <\/div>\n                    <\/div>\n                    <div class=\"dynamic-content\">\n                        <div class=\"spinner-border\" style=\"width: 40px; height: 40px;\">\n                            <span class=\"sr-only\">Loading...<\/span>\n                        <\/div>\n                    <\/div>\n                <\/div>\n            <\/div>\n\n            <div class=\"modal-loading justify-content-center align-items-center\">\n                <div class=\"spinner-border text-secondary\" style=\"width: 40px; height: 40px;\">\n                    <span class=\"sr-only\">Loading...<\/span>\n                <\/div>\n            <\/div>\n        <\/div>\n    <\/div>\n<\/div>\n\n<!--<div id=\"smartpay_currency_symbol\" data-value=\"$\"><\/div>-->\n    <\/div>\n<\/div>\n\n<\/div>\n<\/div>\n<\/div>\n<\/div>\n<\/div>\n<\/div>\n<\/section>\n<\/div>\n<p>    <!-- version:1737661158 --><\/p>\n","protected":false},"excerpt":{"rendered":"","protected":false},"author":1,"featured_media":0,"parent":0,"menu_order":0,"comment_status":"closed","ping_status":"closed","template":"brizy-blank-template.php","meta":{"site-sidebar-layout":"default","site-content-layout":"","ast-site-content-layout":"default","site-content-style":"default","site-sidebar-style":"default","ast-global-header-display":"","ast-banner-title-visibility":"","ast-main-header-display":"","ast-hfb-above-header-display":"","ast-hfb-below-header-display":"","ast-hfb-mobile-header-display":"","site-post-title":"","ast-breadcrumbs-content":"","ast-featured-img":"","footer-sml-layout":"","ast-disable-related-posts":"","theme-transparent-header-meta":"","adv-header-id-meta":"","stick-header-meta":"","header-above-stick-meta":"","header-main-stick-meta":"","header-below-stick-meta":"","astra-migrate-meta-layouts":"default","ast-page-background-enabled":"default","ast-page-background-meta":{"desktop":{"background-color":"","background-image":"","background-repeat":"repeat","background-position":"center center","background-size":"auto","background-attachment":"scroll","background-type":"","background-media":"","overlay-type":"","overlay-color":"","overlay-opacity":"","overlay-gradient":""},"tablet":{"background-color":"","background-image":"","background-repeat":"repeat","background-position":"center center","background-size":"auto","background-attachment":"scroll","background-type":"","background-media":"","overlay-type":"","overlay-color":"","overlay-opacity":"","overlay-gradient":""},"mobile":{"background-color":"","background-image":"","background-repeat":"repeat","background-position":"center center","background-size":"auto","background-attachment":"scroll","background-type":"","background-media":"","overlay-type":"","overlay-color":"","overlay-opacity":"","overlay-gradient":""}},"ast-content-background-meta":{"desktop":{"background-color":"var(--ast-global-color-5)","background-image":"","background-repeat":"repeat","background-position":"center center","background-size":"auto","background-attachment":"scroll","background-type":"","background-media":"","overlay-type":"","overlay-color":"","overlay-opacity":"","overlay-gradient":""},"tablet":{"background-color":"var(--ast-global-color-5)","background-image":"","background-repeat":"repeat","background-position":"center center","background-size":"auto","background-attachment":"scroll","background-type":"","background-media":"","overlay-type":"","overlay-color":"","overlay-opacity":"","overlay-gradient":""},"mobile":{"background-color":"var(--ast-global-color-5)","background-image":"","background-repeat":"repeat","background-position":"center center","background-size":"auto","background-attachment":"scroll","background-type":"","background-media":"","overlay-type":"","overlay-color":"","overlay-opacity":"","overlay-gradient":""}},"footnotes":""},"folder":[],"class_list":["post-109135","page","type-page","status-publish","hentry"],"publishpress_future_action":{"enabled":false,"date":"2026-05-09 07:37:32","action":"change-status","newStatus":"draft","terms":[],"taxonomy":"translation_priority","extraData":[]},"publishpress_future_workflow_manual_trigger":{"enabledWorkflows":[]},"brizy_media":[],"_links":{"self":[{"href":"https:\/\/free-indeed.com\/es\/wp-json\/wp\/v2\/pages\/109135","targetHints":{"allow":["GET"]}}],"collection":[{"href":"https:\/\/free-indeed.com\/es\/wp-json\/wp\/v2\/pages"}],"about":[{"href":"https:\/\/free-indeed.com\/es\/wp-json\/wp\/v2\/types\/page"}],"author":[{"embeddable":true,"href":"https:\/\/free-indeed.com\/es\/wp-json\/wp\/v2\/users\/1"}],"replies":[{"embeddable":true,"href":"https:\/\/free-indeed.com\/es\/wp-json\/wp\/v2\/comments?post=109135"}],"version-history":[{"count":0,"href":"https:\/\/free-indeed.com\/es\/wp-json\/wp\/v2\/pages\/109135\/revisions"}],"wp:attachment":[{"href":"https:\/\/free-indeed.com\/es\/wp-json\/wp\/v2\/media?parent=109135"}],"wp:term":[{"taxonomy":"folder","embeddable":true,"href":"https:\/\/free-indeed.com\/es\/wp-json\/wp\/v2\/folder?post=109135"}],"curies":[{"name":"wp","href":"https:\/\/api.w.org\/{rel}","templated":true}]}}