{"id":22527,"date":"2019-05-23T15:15:19","date_gmt":"2019-05-23T13:15:19","guid":{"rendered":"http:\/\/free-indeed.com\/5-principles-of-freedom-summary\/"},"modified":"2026-03-27T17:41:45","modified_gmt":"2026-03-27T16:41:45","slug":"5-principles-of-freedom-summary","status":"publish","type":"page","link":"https:\/\/free-indeed.com\/es\/5-principles-of-freedom-summary\/","title":{"rendered":"5 Principles of Freedom &#8211; summary"},"content":{"rendered":"<div class=\"brz-root__container brz-reset-all brz brz-root__container-page\">\n<section id=\"_imdrdvtqvzzrohgleflziarrkssexubnhyrd\" class=\"brz-section brz-css-1ebjbv4\">\n<div class=\"brz-section__content brz-section--boxed brz-css-hwfxck brz-css-1an06ll\" data-brz-custom-id=\"kerblyibggsttfaupmlclzeiauobirwfbllt\">\n<div class=\"brz-container brz-css-13hzxkc\">\n<div id=\"\" class=\"brz-css-aiwaon brz-wrapper\">\n<div class=\"brz-rich-text brz-rich-text__custom brz-css-twx1qr\" data-brz-custom-id=\"onfjohehnivkmyvzazrxsueuojzmakhcilgx\">\n<div data-brz-translate-text=\"1\">\n<p class=\"brz-text-lg-center brz-lh-lg-1_3 brz-lh-sm-undefined brz-lh-xs-1_5 brz-fs-lg-61 brz-fs-sm-undefined brz-fs-xs-35 brz-ls-lg-m_3_5 brz-ls-sm-undefined brz-ls-xs-m_2 brz-ff-josefin_sans brz-ft-google brz-fw-lg-400 brz-fw-sm-undefined brz-fw-xs-200 brz-tp-lg-vplvqbxkzoevlgwfrrmsrpvgbqplufnlrjag brz-css-uSbhZ\" data-uniq-id=\"crblr\" data-generated-css=\"brz-css-lnmuh\"><span class=\"brz-cp-color2\">LOS 5 PRINCIPIOS DE LIBERTAD<\/span><\/p>\n<\/div>\n<\/div>\n<\/div>\n<div class=\"brz-row__container brz-css-1c4ycce\" data-brz-custom-id=\"kronsqdqfaoieqkrxrxtvaiqxcbjdgjvnnoq\">\n<div class=\"brz-bg\"><\/div>\n<div class=\"brz-row brz-css-a4hnu6 brz-css-l49ecu\">\n<div class=\"brz-columns brz-css-1pdlfkk brz-css-15to53t\" data-brz-custom-id=\"zhmfagjtsipwdoczstufghykrssryfollitz\">\n<div class=\"brz-bg\"><\/div>\n<div class=\"brz-column__items brz-css-jaegdr brz-css-1vtk6c4\">\n<div id=\"\" class=\"brz-css-aiwaon brz-css-1xyyoly brz-wrapper\">\n<div class=\"brz-rich-text brz-rich-text__custom brz-css-twx1qr\" data-brz-custom-id=\"ruzognvzuetdrofcavyvrprenobaiqycldgz\">\n<div data-brz-translate-text=\"1\">\n<p class=\"brz-text-xs-right brz-text-lg-center brz-lh-lg-2_1 brz-lh-sm-im-undefined brz-lh-xs-im-2_1 brz-ls-lg-6 brz-ls-sm-im-undefined brz-ls-xs-im-0 brz-ff-montserrat brz-fw-lg-600 brz-fw-sm-im-undefined brz-fw-xs-im-500 brz-fs-lg-16 brz-fs-xs-im-20 brz-css-k8_3Q\"><em class=\"brz-cp-color7\">Resumen<\/em><\/p>\n<\/div>\n<\/div>\n<\/div>\n<\/div>\n<\/div>\n<\/div>\n<\/div>\n<div id=\"\" class=\"brz-css-aiwaon brz-wrapper\">\n<div class=\"brz-image brz-css-184kksz\" data-brz-custom-id=\"smnvydqebdqinnmrcaepypzzzllgxwrtodhj\"><img decoding=\"async\" class=\"brz-img\" src=\"https:\/\/free-indeed.com\/es?brizy_media=wp-e0018bb3f59fb323ea7fbc31a2b3d33f&amp;brizy_crop=iW%3D1170%26iH%3D223%26oX%3D0%26oY%3D0%26cW%3D1170%26cH%3D223\" alt=\"\" loading=\"lazy\"><\/div>\n<\/div>\n<\/div>\n<\/div>\n<\/section>\n<section id=\"_mpuysbnwpahabxdopyxxbsfmpopxommntfpj\" class=\"brz-section brz-css-1ebjbv4\">\n<div class=\"brz-section__content brz-section--boxed brz-css-hwfxck brz-css-1bbzwsy\" data-brz-custom-id=\"uwwtexzzpzbnnmowdgnvggsktsnfgfbxhnra\">\n<div class=\"brz-container brz-css-13hzxkc\">\n<div class=\"brz-row__container brz-css-1c4ycce\" data-brz-custom-id=\"eylkxvwqklchldbhjycqoelhsdjownunnjda\">\n<div class=\"brz-bg\"><\/div>\n<div class=\"brz-row brz-css-a4hnu6 brz-css-l49ecu\">\n<div class=\"brz-columns brz-css-1pdlfkk brz-css-1f39nh\" data-brz-custom-id=\"bvjxwvdeiplgccxpwbpwpqviodvwzoyqqata\">\n<div class=\"brz-bg\"><\/div>\n<div class=\"brz-column__items brz-css-jaegdr\">\n<div id=\"\" class=\"brz-css-aiwaon brz-wrapper\">\n<div class=\"brz-rich-text brz-rich-text__custom brz-css-twx1qr\" data-brz-custom-id=\"gsmxkmcnjdwbdahlzgnyvkskocyrfhswfsuq\">\n<div data-brz-translate-text=\"1\">\n<p class=\"brz-tp-paragraph brz-text-lg-justify brz-css-qZQzi\">No hay una sola ruta, \u00c9l no nos pone en cajones y nos da un programa com\u00fan y corriente.<\/p>\n<p class=\"brz-tp-paragraph brz-text-lg-justify brz-css-q9HxJ\">\n<p class=\"brz-tp-paragraph brz-text-lg-justify brz-css-n8dw9\">No, \u00c9l es un Dios personal y nos trata a cada uno individualmente. Pero cuando comparamos nuestras historias entre s\u00ed, r\u00e1pidamente encontramos grandes similitudes. De igual forma, hemos escuchado muchas historias de vida de hombres a quienes Dios ha llevado a la libertad. \u00a1Tenemos un gran privilegio!<\/p>\n<p class=\"brz-tp-paragraph brz-text-lg-justify brz-css-txY5E\">\n<p class=\"brz-tp-paragraph brz-text-lg-justify brz-css-liJk3\">Notamos que siempre est\u00e1n los mismos patrones. Principios que tienen su origen en la Palabra de Dios. Estos principios son la base de nuestro trabajo: Los 5 principios para la libertad.<\/p>\n<p class=\"brz-tp-paragraph brz-text-lg-justify brz-css-eL60Y\">\n<p class=\"brz-tp-paragraph brz-text-lg-justify brz-css-pBFbJ\">Nuestros principios centrales funcionan como un hilo rojo en todas las unidades. Para que puedas identificar directamente bajo que principio est\u00e1 enfocado cada unidad, podr\u00e1s orientarte al visualizar estos iconos.<\/p>\n<p class=\"brz-tp-paragraph brz-text-lg-justify brz-css-xsUh5\"><span> <\/span><\/p>\n<\/div>\n<\/div>\n<\/div>\n<\/div>\n<\/div>\n<\/div>\n<\/div>\n<\/div>\n<\/div>\n<\/section>\n<section id=\"_jrkqkmddcoskkadngyktbyikwixvhkyinexh\" class=\"brz-section brz-css-1ebjbv4\">\n<div class=\"brz-section__content brz-section--boxed brz-css-hwfxck brz-css-1yx59xz\" data-brz-custom-id=\"bnhxnbwusgbinhujazulxceybcvcktpzcwej\">\n<div class=\"brz-bg\">\n<div class=\"brz-bg-color\"><\/div>\n<\/div>\n<div class=\"brz-container brz-css-13hzxkc brz-css-1lpwa15\">\n<div id=\"\" class=\"brz-css-aiwaon brz-wrapper\">\n<div class=\"brz-rich-text brz-rich-text__custom brz-css-twx1qr\" data-brz-custom-id=\"irvmwnwudymowuctsaaggkkuhhcnkdmflsbb\">\n<div data-brz-translate-text=\"1\">\n<p class=\"brz-fw-xs-400 brz-fw-sm-undefined brz-fw-lg-500 brz-ft-google brz-ff-catamaran brz-ls-xs-m_0_5 brz-ls-sm-undefined brz-ls-lg-1_5 brz-fs-xs-35 brz-fs-sm-undefined brz-fs-lg-30 brz-lh-xs-1_3 brz-lh-sm-undefined brz-lh-lg-1_3 brz-text-lg-center brz-tp-lg-qekheiqqtanfdomynnndvodhqpwqtqbmqcig brz-css-dtX2G\" data-uniq-id=\"yhhae\" data-generated-css=\"brz-css-luwam\"><span>Los 5 principios de libertad en resumen. <\/span><\/p>\n<p class=\"brz-text-lg-center brz-tp-lg-heading2 brz-css-y8dDV\" data-uniq-id=\"zfjit\" data-generated-css=\"brz-css-staeg\"><span> <\/span><\/p>\n<\/div>\n<\/div>\n<\/div>\n<div class=\"brz-row__container brz-css-1c4ycce\" data-brz-custom-id=\"opehufuzuwsotrkxaygiqtdqjtxjemansrnf\">\n<div class=\"brz-bg\"><\/div>\n<div class=\"brz-row brz-css-a4hnu6 brz-css-l49ecu\">\n<div class=\"brz-columns brz-css-1pdlfkk brz-css-1xmw21u\" data-brz-custom-id=\"ouxsmczzjiguduyivrqvtbwcitafjojbpobs\">\n<div class=\"brz-bg\"><\/div>\n<div class=\"brz-column__items brz-css-jaegdr\">\n<div id=\"\" class=\"brz-css-aiwaon brz-css-1e9j4fa brz-wrapper\">\n<div class=\"brz-image brz-css-1h6q0t2\" data-brz-custom-id=\"iymnaikxwkhynmgdlyaesvvfgptgejftxard\"><img decoding=\"async\" class=\"brz-img\" src=\"https:\/\/free-indeed.com\/es?brizy_media=wp-77b4820a96e44f4192f5c2b7cc7e4b7c&amp;brizy_crop=iW%3D190%26iH%3D190%26oX%3D0%26oY%3D14%26cW%3D190%26cH%3D162\" alt=\"\" loading=\"lazy\"><\/div>\n<\/div>\n<\/div>\n<\/div>\n<div class=\"brz-columns brz-css-1pdlfkk brz-css-s7f250\" data-brz-custom-id=\"eouiixmwzhdqfirekkkwcrsninbxwyrknsjy\">\n<div class=\"brz-bg\">\n<div class=\"brz-bg-color\"><\/div>\n<\/div>\n<div class=\"brz-column__items brz-css-jaegdr brz-css-cvu0ht\">\n<div id=\"\" class=\"brz-css-aiwaon brz-wrapper\">\n<div class=\"brz-rich-text brz-rich-text__custom brz-css-twx1qr\" data-brz-custom-id=\"fgskhxhykajsfssqxinoqnabdccuygixgkwp\">\n<div data-brz-translate-text=\"1\">\n<h4 class=\"brz-text-lg-justify brz-fs-xs-im-30 brz-fs-lg-25 brz-fw-xs-im-400 brz-ls-xs-im-0 brz-ls-sm-im-undefined brz-ls-lg-m_0_5 brz-lh-xs-im-1_5 brz-lh-sm-im-undefined brz-lh-lg-1_6 brz-fw-sm-500 brz-fs-sm-23 brz-ff-josefin_sans brz-ft-google brz-fw-lg-400 brz-fw-sm-im-400 brz-css-k2Gyp\"><span class=\"brz-cp-color2\">MOTIVACI\u00d3N<\/span><\/h4>\n<\/div>\n<\/div>\n<\/div>\n<div id=\"\" class=\"brz-css-aiwaon brz-wrapper\">\n<div class=\"brz-rich-text brz-rich-text__custom brz-css-twx1qr\" data-brz-custom-id=\"lqtvejojjekeopvnarriadkpnznwvnmhidsg\">\n<div data-brz-translate-text=\"1\">\n<p class=\"brz-tp-paragraph brz-text-lg-justify brz-css-eOzF1\"><span class=\"brz-cp-color7\">Solo una motivaci\u00f3n es correcta y efectiva.<\/span><\/p>\n<\/div>\n<\/div>\n<\/div>\n<\/div>\n<\/div>\n<\/div>\n<\/div>\n<div id=\"\" class=\"brz-css-aiwaon brz-css-lpn6hw brz-wrapper\">\n<div class=\"brz-spacer brz-css-buhjre brz-css-1a2g5fh\"><\/div>\n<\/div>\n<div class=\"brz-row__container brz-css-1c4ycce\" data-brz-custom-id=\"xsxgsewfsmvkhlsgcenvwbjzeasmvgdngvlm\">\n<div class=\"brz-bg\"><\/div>\n<div class=\"brz-row brz-css-a4hnu6 brz-css-l49ecu\">\n<div class=\"brz-columns brz-css-1pdlfkk brz-css-oa4wj9\" data-brz-custom-id=\"pmhozbejltxtaxflokwtxaclwpanhfcligbe\">\n<div class=\"brz-bg\"><\/div>\n<div class=\"brz-column__items brz-css-jaegdr\">\n<div id=\"\" class=\"brz-css-aiwaon brz-css-4uax37 brz-wrapper\">\n<div class=\"brz-image brz-css-jerubx\" data-brz-custom-id=\"mhhfoyfmzwbmylralbmcxqcgpkavvgskolwv\"><img decoding=\"async\" class=\"brz-img\" src=\"https:\/\/free-indeed.com\/es?brizy_media=wp-1e1db05244557667c2baaf22b59e4a12&amp;brizy_crop=iW%3D190%26iH%3D190%26oX%3D0%26oY%3D14%26cW%3D190%26cH%3D162\" alt=\"\" loading=\"lazy\"><\/div>\n<\/div>\n<\/div>\n<\/div>\n<div class=\"brz-columns brz-css-1pdlfkk brz-css-eaxahp\" data-brz-custom-id=\"kxuqtinhdtzckxjzqgssxcijjqfyqzuopmwx\">\n<div class=\"brz-bg\">\n<div class=\"brz-bg-color\"><\/div>\n<\/div>\n<div class=\"brz-column__items brz-css-jaegdr brz-css-1gvjeyy\">\n<div id=\"\" class=\"brz-css-aiwaon brz-wrapper\">\n<div class=\"brz-rich-text brz-rich-text__custom brz-css-twx1qr\" data-brz-custom-id=\"odmaidzddpdvczoxzaytvrvzdsplwhjuetyh\">\n<div data-brz-translate-text=\"1\">\n<h4 class=\"brz-text-lg-justify brz-lh-lg-1_6 brz-lh-sm-im-undefined brz-lh-xs-im-1_5 brz-fs-lg-23 brz-fs-sm-im-undefined brz-fs-xs-im-28 brz-ls-lg-m_0_5 brz-ls-sm-im-undefined brz-ls-xs-im-0 brz-ff-josefin_sans brz-ft-google brz-fw-lg-400 brz-fw-sm-im-undefined brz-fw-xs-im-400 brz-css-fGi1x\"><span class=\"brz-cp-color2\">HONESTIDAD RADICAL<\/span><\/h4>\n<\/div>\n<\/div>\n<\/div>\n<div id=\"\" class=\"brz-css-aiwaon brz-wrapper\">\n<div class=\"brz-rich-text brz-rich-text__custom brz-css-twx1qr\" data-brz-custom-id=\"ovfdnzqorahbgaelivhwlacdcxgmwalyfixi\">\n<div data-brz-translate-text=\"1\">\n<p class=\"brz-tp-paragraph brz-text-lg-justify brz-css-ixMVe\"><span class=\"brz-cp-color7\">Exponer las mentiras y dar la bienvenida a la honestidad. <\/span><\/p>\n<\/div>\n<\/div>\n<\/div>\n<\/div>\n<\/div>\n<\/div>\n<\/div>\n<div id=\"\" class=\"brz-css-aiwaon brz-css-lpn6hw brz-wrapper\">\n<div class=\"brz-spacer brz-css-buhjre brz-css-177orqj\"><\/div>\n<\/div>\n<div class=\"brz-row__container brz-css-1c4ycce\" data-brz-custom-id=\"geutxcggxkchzksauikcdlywgxecfiefqjiu\">\n<div class=\"brz-bg\"><\/div>\n<div class=\"brz-row brz-css-a4hnu6 brz-css-l49ecu\">\n<div class=\"brz-columns brz-css-1pdlfkk brz-css-1jjmibw\" data-brz-custom-id=\"xdogbswoyhinkemfhnthvhrncbnrshnseaop\">\n<div class=\"brz-bg\"><\/div>\n<div class=\"brz-column__items brz-css-jaegdr\">\n<div id=\"\" class=\"brz-css-aiwaon brz-css-1pw7qpq brz-wrapper\">\n<div class=\"brz-image brz-css-1uqey6w\" data-brz-custom-id=\"amhqeiuagjjobdumqgpscnlkropzcdwellsg\"><img decoding=\"async\" class=\"brz-img\" src=\"https:\/\/free-indeed.com\/es?brizy_media=wp-2340f3fdfe254e3a4d59aa22d13065a6&amp;brizy_crop=iW%3D191%26iH%3D191%26oX%3D0%26oY%3D14%26cW%3D191%26cH%3D162\" alt=\"\" loading=\"lazy\"><\/div>\n<\/div>\n<\/div>\n<\/div>\n<div class=\"brz-columns brz-css-1pdlfkk brz-css-vdaklo\" data-brz-custom-id=\"vmoihscoxggildxqtfhhrfgaxzaqlupalknr\">\n<div class=\"brz-bg\">\n<div class=\"brz-bg-color\"><\/div>\n<\/div>\n<div class=\"brz-column__items brz-css-jaegdr brz-css-1q3f0zm\">\n<div id=\"\" class=\"brz-css-aiwaon brz-wrapper\">\n<div class=\"brz-rich-text brz-rich-text__custom brz-css-twx1qr\" data-brz-custom-id=\"gnojodevgpqgioptjgqbzijhfekbfrpjmjto\">\n<div data-brz-translate-text=\"1\">\n<h4 class=\"brz-text-lg-justify brz-lh-lg-1_6 brz-lh-sm-im-undefined brz-lh-xs-im-1_5 brz-fs-lg-23 brz-fs-sm-im-undefined brz-fs-xs-im-28 brz-ls-lg-m_0_5 brz-ls-sm-im-undefined brz-ls-xs-im-0 brz-ff-josefin_sans brz-ft-google brz-fw-lg-400 brz-fw-sm-im-undefined brz-fw-xs-im-400 brz-css-d8KgO\"><span class=\"brz-cp-color2\">AMPUTACI\u00d3N RADICAL<\/span><\/h4>\n<\/div>\n<\/div>\n<\/div>\n<div id=\"\" class=\"brz-css-aiwaon brz-wrapper\">\n<div class=\"brz-rich-text brz-rich-text__custom brz-css-twx1qr\" data-brz-custom-id=\"yfgagjotqssalwxovtfxizzncfeebmbopobb\">\n<div data-brz-translate-text=\"1\">\n<p class=\"brz-tp-paragraph brz-text-lg-justify brz-css-ngz2E\"><span class=\"brz-cp-color7\">Todo lo que te impida avanzar debe irse, sin consentimiento.<\/span><\/p>\n<\/div>\n<\/div>\n<\/div>\n<\/div>\n<\/div>\n<\/div>\n<\/div>\n<div id=\"\" class=\"brz-css-aiwaon brz-css-lpn6hw brz-wrapper\">\n<div class=\"brz-spacer brz-css-buhjre brz-css-bx3diz\"><\/div>\n<\/div>\n<div class=\"brz-row__container brz-css-1c4ycce\" data-brz-custom-id=\"fndjxvmdlkbkcelyfublinpobsilkzvinizf\">\n<div class=\"brz-bg\"><\/div>\n<div class=\"brz-row brz-css-a4hnu6 brz-css-l49ecu\">\n<div class=\"brz-columns brz-css-1pdlfkk brz-css-n44kgd\" data-brz-custom-id=\"rfktiecrsleljqvgfqhvxefnxkzvavqqjlsl\">\n<div class=\"brz-bg\"><\/div>\n<div class=\"brz-column__items brz-css-jaegdr\">\n<div id=\"\" class=\"brz-css-aiwaon brz-css-156onih brz-wrapper\">\n<div class=\"brz-image brz-css-z6nzhv\" data-brz-custom-id=\"undjbubecvzsczrsjdpfeeizhqyoehvxqsfk\"><img decoding=\"async\" class=\"brz-img\" src=\"https:\/\/free-indeed.com\/es?brizy_media=wp-2ee98af34184c514c924195706b4e5f6&amp;brizy_crop=iW%3D190%26iH%3D190%26oX%3D0%26oY%3D14%26cW%3D190%26cH%3D162\" alt=\"\" loading=\"lazy\"><\/div>\n<\/div>\n<\/div>\n<\/div>\n<div class=\"brz-columns brz-css-1pdlfkk brz-css-1nh6qn\" data-brz-custom-id=\"juqigzoiycqhcfgyoaimynbngrvldpxlpelc\">\n<div class=\"brz-bg\">\n<div class=\"brz-bg-color\"><\/div>\n<\/div>\n<div class=\"brz-column__items brz-css-jaegdr brz-css-5mzhrp\">\n<div id=\"\" class=\"brz-css-aiwaon brz-wrapper\">\n<div class=\"brz-rich-text brz-rich-text__custom brz-css-twx1qr\" data-brz-custom-id=\"mcpghsajvbnbvehudrsgdnmtcfueyiluafwq\">\n<div data-brz-translate-text=\"1\">\n<h4 class=\"brz-text-lg-justify brz-lh-lg-1_6 brz-lh-sm-im-undefined brz-lh-xs-im-1_5 brz-fs-lg-23 brz-fs-sm-im-undefined brz-fs-xs-im-28 brz-ls-lg-m_0_5 brz-ls-sm-im-undefined brz-ls-xs-im-0 brz-ff-josefin_sans brz-ft-google brz-fw-lg-400 brz-fw-sm-im-undefined brz-fw-xs-im-400 brz-css-ePa1C\"><span class=\"brz-cp-color2\">LA PALABRA DE DIOS<\/span><\/h4>\n<\/div>\n<\/div>\n<\/div>\n<div id=\"\" class=\"brz-css-aiwaon brz-wrapper\">\n<div class=\"brz-rich-text brz-rich-text__custom brz-css-twx1qr\" data-brz-custom-id=\"ijsmcdurpeegjkjtrywtdhjmudbmpazxpmac\">\n<div data-brz-translate-text=\"1\">\n<p class=\"brz-tp-paragraph brz-text-lg-justify brz-css-tgEF4\"><span class=\"brz-cp-color7\">Reconoce la verdad, v\u00edvela y cr\u00e9ela.<\/span><\/p>\n<\/div>\n<\/div>\n<\/div>\n<\/div>\n<\/div>\n<\/div>\n<\/div>\n<div id=\"\" class=\"brz-css-aiwaon brz-css-lpn6hw brz-wrapper\">\n<div class=\"brz-spacer brz-css-buhjre brz-css-p6efqg\"><\/div>\n<\/div>\n<div class=\"brz-row__container brz-css-1c4ycce\" data-brz-custom-id=\"kazjjcwjcmxxmaloqafnreiojuldlbxnndmy\">\n<div class=\"brz-bg\"><\/div>\n<div class=\"brz-row brz-css-a4hnu6 brz-css-l49ecu\">\n<div class=\"brz-columns brz-css-1pdlfkk brz-css-so34wy\" data-brz-custom-id=\"vlbadefdpwmvrddoaltczlgkcetdcnbxfpuf\">\n<div class=\"brz-bg\"><\/div>\n<div class=\"brz-column__items brz-css-jaegdr\">\n<div id=\"\" class=\"brz-css-aiwaon brz-css-j90ak2 brz-wrapper\">\n<div class=\"brz-image brz-css-1pdhcn7\" data-brz-custom-id=\"xqfoibyltmzpzwhssjxdjoxkrndqxlzmbasx\"><img decoding=\"async\" class=\"brz-img\" src=\"https:\/\/free-indeed.com\/es?brizy_media=wp-c77ba73cb73c6383fb044d58c902ed4e&amp;brizy_crop=iW%3D190%26iH%3D190%26oX%3D0%26oY%3D0%26cW%3D190%26cH%3D190\" alt=\"\" loading=\"lazy\"><\/div>\n<\/div>\n<\/div>\n<\/div>\n<div class=\"brz-columns brz-css-1pdlfkk brz-css-2vh9wd\" data-brz-custom-id=\"qcmyxcaskbrtyqyjttvxuinwtncrgdzcqfel\">\n<div class=\"brz-bg\">\n<div class=\"brz-bg-color\"><\/div>\n<\/div>\n<div class=\"brz-column__items brz-css-jaegdr brz-css-17hb4oh\">\n<div id=\"\" class=\"brz-css-aiwaon brz-wrapper\">\n<div class=\"brz-rich-text brz-rich-text__custom brz-css-twx1qr\" data-brz-custom-id=\"giuuxtfjeecvpshwlyobexfvnhadtmhqictl\">\n<div data-brz-translate-text=\"1\">\n<h4 class=\"brz-lh-lg-1_6 brz-lh-sm-im-undefined brz-lh-xs-im-1_5 brz-fs-lg-23 brz-fs-sm-im-undefined brz-fs-xs-im-28 brz-ls-lg-m_0_5 brz-ls-sm-im-undefined brz-ls-xs-im-0 brz-ff-josefin_sans brz-ft-google brz-fw-lg-400 brz-fw-sm-im-undefined brz-fw-xs-im-400 brz-css-hNlZg\"><span class=\"brz-cp-color2\">IDENTIDAD Y DIGNIDAD<\/span><\/h4>\n<\/div>\n<\/div>\n<\/div>\n<div id=\"\" class=\"brz-css-aiwaon brz-wrapper\">\n<div class=\"brz-rich-text brz-rich-text__custom brz-css-twx1qr\" data-brz-custom-id=\"ltvdfcvkpvpgjlndtlspamnwylzanszwkkyi\">\n<div data-brz-translate-text=\"1\">\n<p class=\"brz-tp-paragraph brz-css-bvv0G\"><span class=\"brz-cp-color7\">Vive tu nueva identidad en Cristo Jes\u00fas.<\/span><\/p>\n<\/div>\n<\/div>\n<\/div>\n<\/div>\n<\/div>\n<\/div>\n<\/div>\n<\/div>\n<\/div>\n<\/section>\n<section id=\"_babjtjchdvbanqhlpstxafzahzytftphqanv\" class=\"brz-section brz-css-1ebjbv4\">\n<div class=\"brz-section__content brz-section--boxed brz-css-hwfxck brz-css-141vpsa\" data-brz-custom-id=\"mlygkcvarfcyhfrpziukptxcnczsirtfiqhj\">\n<div class=\"brz-container brz-css-13hzxkc\">\n<div class=\"brz-row__container brz-css-1c4ycce\" data-brz-custom-id=\"cjxwkkzgpbpgkhdigpthrwutsmpvbsfvqtft\">\n<div class=\"brz-bg\"><\/div>\n<div class=\"brz-row brz-css-a4hnu6 brz-css-l49ecu\">\n<div class=\"brz-columns brz-css-1pdlfkk brz-css-1ftby0b\" data-brz-custom-id=\"sqetodnbobkdkwvlzpuoxqxrzxqqnzuxmpiw\">\n<div class=\"brz-bg\"><\/div>\n<div class=\"brz-column__items brz-css-jaegdr\">\n<div id=\"\" class=\"brz-css-aiwaon brz-wrapper\">\n<div class=\"brz-rich-text brz-rich-text__custom brz-css-twx1qr\" data-brz-custom-id=\"wzvnecpfjznkbfudkioijfbjycudqhwindej\">\n<div data-brz-translate-text=\"1\">\n<p class=\"brz-tp-paragraph brz-css-buCD3\">Aprender\u00e1 mucho m\u00e1s sobre los 5 principios de libertad en nuestros cursos. En la secci\u00f3n del curso, puede leer un art\u00edculo detallado sobre todos los principios y profundizar mas su conocimiento sobre ellos. Cada unidad en la Generaci\u00f3n David tiene asignado uno de estos principios para que al final obtenga una idea clara de lo que se necesita para ser libre.<\/p>\n<\/div>\n<\/div>\n<\/div>\n<\/div>\n<\/div>\n<\/div>\n<\/div>\n<\/div>\n<\/div>\n<\/section>\n<\/div>\n<p>    <!-- version:1737691072 --><\/p>\n","protected":false},"excerpt":{"rendered":"<p>LOS 5 PRINCIPIOS DE LIBERTAD Resumen No hay una sola ruta, \u00c9l no nos pone en cajones y nos da un programa com\u00fan y corriente. No, \u00c9l es un Dios personal y nos trata a cada uno individualmente. Pero cuando comparamos nuestras historias entre s\u00ed, r\u00e1pidamente encontramos grandes similitudes. De igual forma, hemos escuchado muchas [&hellip;]<\/p>\n","protected":false},"author":3,"featured_media":0,"parent":0,"menu_order":0,"comment_status":"closed","ping_status":"closed","template":"brizy-blank-template.php","meta":{"site-sidebar-layout":"default","site-content-layout":"default","ast-site-content-layout":"default","site-content-style":"default","site-sidebar-style":"default","ast-global-header-display":"","ast-banner-title-visibility":"","ast-main-header-display":"","ast-hfb-above-header-display":"","ast-hfb-below-header-display":"","ast-hfb-mobile-header-display":"","site-post-title":"","ast-breadcrumbs-content":"","ast-featured-img":"","footer-sml-layout":"","ast-disable-related-posts":"","theme-transparent-header-meta":"default","adv-header-id-meta":"","stick-header-meta":"default","header-above-stick-meta":"","header-main-stick-meta":"","header-below-stick-meta":"","astra-migrate-meta-layouts":"default","ast-page-background-enabled":"default","ast-page-background-meta":{"desktop":{"background-color":"","background-image":"","background-repeat":"repeat","background-position":"center center","background-size":"auto","background-attachment":"scroll","background-type":"","background-media":"","overlay-type":"","overlay-color":"","overlay-opacity":"","overlay-gradient":""},"tablet":{"background-color":"","background-image":"","background-repeat":"repeat","background-position":"center center","background-size":"auto","background-attachment":"scroll","background-type":"","background-media":"","overlay-type":"","overlay-color":"","overlay-opacity":"","overlay-gradient":""},"mobile":{"background-color":"","background-image":"","background-repeat":"repeat","background-position":"center center","background-size":"auto","background-attachment":"scroll","background-type":"","background-media":"","overlay-type":"","overlay-color":"","overlay-opacity":"","overlay-gradient":""}},"ast-content-background-meta":{"desktop":{"background-color":"var(--ast-global-color-5)","background-image":"","background-repeat":"repeat","background-position":"center center","background-size":"auto","background-attachment":"scroll","background-type":"","background-media":"","overlay-type":"","overlay-color":"","overlay-opacity":"","overlay-gradient":""},"tablet":{"background-color":"var(--ast-global-color-5)","background-image":"","background-repeat":"repeat","background-position":"center center","background-size":"auto","background-attachment":"scroll","background-type":"","background-media":"","overlay-type":"","overlay-color":"","overlay-opacity":"","overlay-gradient":""},"mobile":{"background-color":"var(--ast-global-color-5)","background-image":"","background-repeat":"repeat","background-position":"center center","background-size":"auto","background-attachment":"scroll","background-type":"","background-media":"","overlay-type":"","overlay-color":"","overlay-opacity":"","overlay-gradient":""}},"footnotes":""},"folder":[],"class_list":["post-22527","page","type-page","status-publish","hentry"],"publishpress_future_action":{"enabled":false,"date":"2026-04-17 12:58:53","action":"change-status","newStatus":"draft","terms":[],"taxonomy":"translation_priority","extraData":[]},"publishpress_future_workflow_manual_trigger":{"enabledWorkflows":[]},"brizy_media":[],"_links":{"self":[{"href":"https:\/\/free-indeed.com\/es\/wp-json\/wp\/v2\/pages\/22527","targetHints":{"allow":["GET"]}}],"collection":[{"href":"https:\/\/free-indeed.com\/es\/wp-json\/wp\/v2\/pages"}],"about":[{"href":"https:\/\/free-indeed.com\/es\/wp-json\/wp\/v2\/types\/page"}],"author":[{"embeddable":true,"href":"https:\/\/free-indeed.com\/es\/wp-json\/wp\/v2\/users\/3"}],"replies":[{"embeddable":true,"href":"https:\/\/free-indeed.com\/es\/wp-json\/wp\/v2\/comments?post=22527"}],"version-history":[{"count":0,"href":"https:\/\/free-indeed.com\/es\/wp-json\/wp\/v2\/pages\/22527\/revisions"}],"wp:attachment":[{"href":"https:\/\/free-indeed.com\/es\/wp-json\/wp\/v2\/media?parent=22527"}],"wp:term":[{"taxonomy":"folder","embeddable":true,"href":"https:\/\/free-indeed.com\/es\/wp-json\/wp\/v2\/folder?post=22527"}],"curies":[{"name":"wp","href":"https:\/\/api.w.org\/{rel}","templated":true}]}}