{"id":22543,"date":"2019-01-29T15:12:52","date_gmt":"2019-01-29T14:12:52","guid":{"rendered":"http:\/\/free-indeed.com\/app\/"},"modified":"2026-03-28T07:05:07","modified_gmt":"2026-03-28T06:05:07","slug":"app","status":"publish","type":"page","link":"https:\/\/free-indeed.com\/es\/app\/","title":{"rendered":"App"},"content":{"rendered":"<div class=\"brz-root__container brz-reset-all brz brz-root__container-page\">\n<section id=\"_rvxofcvqtwtnfizfkvzkwwvqlhqieqjljhns\" class=\"brz-section brz-css-1vauhyo\">\n<div class=\"brz-section__content brz-section--boxed brz-css-1as3dtl brz-css-rzcj29\" data-brz-custom-id=\"cbggbsuiengdkxavufcapferriiuvszrjoaw\">\n<div class=\"brz-bg\">\n<div class=\"brz-bg-image\"><\/div>\n<div class=\"brz-bg-color\"><\/div>\n<\/div>\n<div class=\"brz-container brz-css-13qskp7\">\n<div id=\"\" class=\"brz-css-1inqo36 brz-css-jccdgg brz-wrapper\">\n<div class=\"brz-spacer brz-css-1n49q85\"><\/div>\n<\/div>\n<div class=\"brz-row__container brz-css-1o91dek\" data-brz-custom-id=\"yjpreyunwgbndrybkrwcgeljbeanjqftckcm\">\n<div class=\"brz-bg\"><\/div>\n<div class=\"brz-row brz-css-k0g430 brz-css-26ex0c\">\n<div class=\"brz-columns brz-css-g70pur brz-css-1irhed5\" data-brz-custom-id=\"xzqjbklglpcvzscarsmwhvhvafbrdmqbjldr\">\n<div class=\"brz-bg\"><\/div>\n<div class=\"brz-column__items brz-css-1d8wjog\">\n<div id=\"\" class=\"brz-css-1inqo36 brz-css-fzcocj brz-wrapper\">\n<div class=\"brz-rich-text brz-rich-text__custom brz-css-jbfx4z\" data-brz-custom-id=\"tpxqunkuajvwzcuijpydigelpeywpphtmczh\">\n<div data-brz-translate-text=\"1\">\n<p class=\"brz-text-lg-center brz-lh-lg-1_1 brz-ls-lg-m_3 brz-ls-sm-im-NaN brz-ls-xs-im-NaN brz-fs-lg-57 brz-fs-sm-35 brz-fw-sm-700 brz-text-xs-center brz-fw-xs-700 brz-fs-xs-32 brz-lh-xs-1_1 brz-ff-josefin_sans brz-ft-google brz-fw-lg-700 brz-css-sTbMn\"><span class=\"brz-cp-color1\">Se libre de tu adici\u00f3n a la pornograf\u00eda.<\/span><\/p>\n<\/div>\n<\/div>\n<\/div>\n<\/div>\n<\/div>\n<\/div>\n<\/div>\n<div id=\"\" class=\"brz-css-1inqo36 brz-wrapper\">\n<div class=\"brz-rich-text brz-rich-text__custom brz-css-jbfx4z\" data-brz-custom-id=\"senwxumnspuaonyfiaxmkwxzdxpoqxzixbkk\">\n<div data-brz-translate-text=\"1\">\n<p class=\"brz-text-lg-center brz-lh-lg-1_6 brz-lh-sm-im-undefined brz-lh-xs-im-1_6 brz-fs-lg-20 brz-fs-sm-im-18 brz-fs-xs-im-16 brz-ls-lg-0 brz-ls-sm-im-undefined brz-ls-xs-im-0 brz-ff-catamaran brz-ft-google brz-fw-lg-400 brz-fw-sm-im-undefined brz-fw-xs-im-300 brz-css-vbwSN\"><strong class=\"brz-cp-color1\">Descarga gratuita en Espa\u00f1ol<\/strong><\/p>\n<\/div>\n<\/div>\n<\/div>\n<div id=\"\" class=\"brz-css-1inqo36 brz-wrapper\">\n<div class=\"brz-rich-text brz-rich-text__custom brz-css-jbfx4z\" data-brz-custom-id=\"bgptzdrtzrhanowttsiwyaaeprrognxbhoye\">\n<div data-brz-translate-text=\"1\">\n<p class=\"brz-text-lg-center brz-lh-lg-1_6 brz-lh-sm-im-undefined brz-lh-xs-im-1_6 brz-ls-lg-0 brz-ls-sm-im-undefined brz-ls-xs-im-0 brz-ff-montserrat brz-ft-google brz-fw-lg-400 brz-fw-sm-im-undefined brz-fw-xs-im-300 brz-fs-lg-18 brz-fs-sm-im-16 brz-fs-xs-im-14 brz-css-xaGUO\"><em>Muy pronto en Italiano<\/em><\/p>\n<\/div>\n<\/div>\n<\/div>\n<div class=\"brz-row__container brz-css-1o91dek\" data-brz-custom-id=\"ufxgzmoqezgakgualmzedgdlhzpstgyxpkdg\">\n<div class=\"brz-bg\"><\/div>\n<div class=\"brz-row brz-css-k0g430 brz-css-wglu6e\">\n<div class=\"brz-columns brz-css-g70pur\" data-brz-custom-id=\"xcqlgpwpitcdkfugipjufslxqrcixudfctsg\">\n<div class=\"brz-bg\"><\/div>\n<div class=\"brz-column__items brz-css-1d8wjog\">\n<div id=\"\" class=\"brz-css-1inqo36 brz-wrapper\">\n<div class=\"brz-image brz-css-fek2pm\" data-brz-custom-id=\"pdhbenwyaxvdmyuqsxevpeeiutfggrlmuvfp\"><a class=\"brz-a\" href=\"https:\/\/itunes.apple.com\/de\/app\/free-ndeed\/id1375574172?mt=8\" target=\"_blank\" rel=\"noopener\" data-brz-link-type=\"external\"><img decoding=\"async\" class=\"brz-img\" src=\"https:\/\/free-indeed.com\/es?brizy_media=wp-00e165ad22927bf631ea15804b512b98&amp;brizy_crop=iW%3D278%26iH%3D82%26oX%3D0%26oY%3D0%26cW%3D278%26cH%3D82\" alt=\"\" loading=\"lazy\"><\/a><\/div>\n<\/div>\n<\/div>\n<p><a class=\"brz-a brz-container-link\" href=\"https:\/\/apps.apple.com\/sv\/app\/free-ndeed\/id1375574172?l=en\" target=\"_self\" rel=\"noopener\" data-brz-link-type=\"external\"><\/a><\/div>\n<div class=\"brz-columns brz-css-g70pur\" data-brz-custom-id=\"vzhmbgqrrbbfcqbfppskncpzysbfssszvrng\">\n<div class=\"brz-bg\"><\/div>\n<div class=\"brz-column__items brz-css-1d8wjog\">\n<div id=\"\" class=\"brz-css-1inqo36 brz-wrapper\">\n<div class=\"brz-image brz-css-1kx5igi\" data-brz-custom-id=\"gsllovnfvdqocupemrggfwdiacdsoxgexhpx\"><a class=\"brz-a\" href=\"https:\/\/play.google.com\/store\/apps\/details?id=de.freeindeed\" target=\"_blank\" rel=\"noopener\" data-brz-link-type=\"external\"><img decoding=\"async\" class=\"brz-img\" src=\"https:\/\/free-indeed.com\/es?brizy_media=wp-b5d7272008f18997abd14e7cd61916b3&amp;brizy_crop=iW%3D278%26iH%3D82%26oX%3D0%26oY%3D0%26cW%3D278%26cH%3D82\" alt=\"\" loading=\"lazy\"><\/a><\/div>\n<\/div>\n<\/div>\n<p><a class=\"brz-a brz-container-link\" href=\"https:\/\/play.google.com\/store\/apps\/details?id=de.freeindeed&amp;hl=en\" target=\"_self\" rel=\"noopener\" data-brz-link-type=\"external\"><\/a><\/div>\n<\/div>\n<\/div>\n<div id=\"\" class=\"brz-css-1inqo36 brz-css-jccdgg brz-wrapper\">\n<div class=\"brz-spacer brz-css-1n49q85\"><\/div>\n<\/div>\n<\/div>\n<\/div>\n<\/section>\n<\/div>\n<p>    <!-- version:1737945562 --><\/p>\n","protected":false},"excerpt":{"rendered":"<p>Se libre de tu adici\u00f3n a la pornograf\u00eda. Descarga gratuita en Espa\u00f1ol Muy pronto en Italiano<\/p>\n","protected":false},"author":3,"featured_media":0,"parent":0,"menu_order":0,"comment_status":"closed","ping_status":"closed","template":"brizy-blank-template.php","meta":{"site-sidebar-layout":"default","site-content-layout":"default","ast-site-content-layout":"default","site-content-style":"default","site-sidebar-style":"default","ast-global-header-display":"","ast-banner-title-visibility":"","ast-main-header-display":"","ast-hfb-above-header-display":"","ast-hfb-below-header-display":"","ast-hfb-mobile-header-display":"","site-post-title":"","ast-breadcrumbs-content":"","ast-featured-img":"","footer-sml-layout":"","ast-disable-related-posts":"","theme-transparent-header-meta":"default","adv-header-id-meta":"","stick-header-meta":"default","header-above-stick-meta":"","header-main-stick-meta":"","header-below-stick-meta":"","astra-migrate-meta-layouts":"default","ast-page-background-enabled":"default","ast-page-background-meta":{"desktop":{"background-color":"","background-image":"","background-repeat":"repeat","background-position":"center center","background-size":"auto","background-attachment":"scroll","background-type":"","background-media":"","overlay-type":"","overlay-color":"","overlay-opacity":"","overlay-gradient":""},"tablet":{"background-color":"","background-image":"","background-repeat":"repeat","background-position":"center center","background-size":"auto","background-attachment":"scroll","background-type":"","background-media":"","overlay-type":"","overlay-color":"","overlay-opacity":"","overlay-gradient":""},"mobile":{"background-color":"","background-image":"","background-repeat":"repeat","background-position":"center center","background-size":"auto","background-attachment":"scroll","background-type":"","background-media":"","overlay-type":"","overlay-color":"","overlay-opacity":"","overlay-gradient":""}},"ast-content-background-meta":{"desktop":{"background-color":"var(--ast-global-color-5)","background-image":"","background-repeat":"repeat","background-position":"center center","background-size":"auto","background-attachment":"scroll","background-type":"","background-media":"","overlay-type":"","overlay-color":"","overlay-opacity":"","overlay-gradient":""},"tablet":{"background-color":"var(--ast-global-color-5)","background-image":"","background-repeat":"repeat","background-position":"center center","background-size":"auto","background-attachment":"scroll","background-type":"","background-media":"","overlay-type":"","overlay-color":"","overlay-opacity":"","overlay-gradient":""},"mobile":{"background-color":"var(--ast-global-color-5)","background-image":"","background-repeat":"repeat","background-position":"center center","background-size":"auto","background-attachment":"scroll","background-type":"","background-media":"","overlay-type":"","overlay-color":"","overlay-opacity":"","overlay-gradient":""}},"footnotes":""},"folder":[],"class_list":["post-22543","page","type-page","status-publish","hentry"],"publishpress_future_action":{"enabled":false,"date":"2026-05-10 12:18:08","action":"change-status","newStatus":"draft","terms":[],"taxonomy":"translation_priority","extraData":[]},"publishpress_future_workflow_manual_trigger":{"enabledWorkflows":[]},"brizy_media":[{"id":24742,"url":"https:\/\/free-indeed.com\/wp-content\/uploads\/2019\/10\/Available_on_the_App_Store_black.png","name":"Available_on_the_App_Store_black.png","meta":{"brizy_attachment_uid":"wp-435b931a36a361295303f98d059f00af","brizy_post_uid":["527449f157030858b8ef827d3161f2f6"]}},{"id":24744,"url":"https:\/\/free-indeed.com\/wp-content\/uploads\/2019\/10\/Google_Play_Store_badge_EN-scaled.png","name":"Google_Play_Store_badge_EN.png","meta":{"brizy_attachment_uid":"wp-3e3143d2d7a249627b637aa5c44d2fd7","brizy_post_uid":["527449f157030858b8ef827d3161f2f6"]}},{"id":25015,"url":"https:\/\/free-indeed.com\/wp-content\/uploads\/2019\/11\/AdobeStock_213342330_kl.jpeg","name":"AdobeStock_213342330_kl.jpeg","meta":{"brizy_attachment_uid":"wp-a232e4bf31c5d6a7646d6457b310cedd","brizy_post_uid":["527449f157030858b8ef827d3161f2f6"]}},{"id":25017,"url":"https:\/\/free-indeed.com\/wp-content\/uploads\/2019\/11\/AdobeStock_213342330.jpeg","name":"AdobeStock_213342330.jpeg","meta":{"brizy_attachment_uid":"wp-2f10b42dea0b54bfaf6e105a3fd609f0","brizy_post_uid":["527449f157030858b8ef827d3161f2f6"]}}],"_links":{"self":[{"href":"https:\/\/free-indeed.com\/es\/wp-json\/wp\/v2\/pages\/22543","targetHints":{"allow":["GET"]}}],"collection":[{"href":"https:\/\/free-indeed.com\/es\/wp-json\/wp\/v2\/pages"}],"about":[{"href":"https:\/\/free-indeed.com\/es\/wp-json\/wp\/v2\/types\/page"}],"author":[{"embeddable":true,"href":"https:\/\/free-indeed.com\/es\/wp-json\/wp\/v2\/users\/3"}],"replies":[{"embeddable":true,"href":"https:\/\/free-indeed.com\/es\/wp-json\/wp\/v2\/comments?post=22543"}],"version-history":[{"count":0,"href":"https:\/\/free-indeed.com\/es\/wp-json\/wp\/v2\/pages\/22543\/revisions"}],"wp:attachment":[{"href":"https:\/\/free-indeed.com\/es\/wp-json\/wp\/v2\/media?parent=22543"}],"wp:term":[{"taxonomy":"folder","embeddable":true,"href":"https:\/\/free-indeed.com\/es\/wp-json\/wp\/v2\/folder?post=22543"}],"curies":[{"name":"wp","href":"https:\/\/api.w.org\/{rel}","templated":true}]}}