{"id":22565,"date":"2019-01-28T15:13:53","date_gmt":"2019-01-28T14:13:53","guid":{"rendered":"http:\/\/free-indeed.com\/donate\/"},"modified":"2026-03-29T19:30:29","modified_gmt":"2026-03-29T17:30:29","slug":"donar","status":"publish","type":"page","link":"https:\/\/free-indeed.com\/es\/donar\/","title":{"rendered":"Donar"},"content":{"rendered":"<div class=\"brz-root__container brz-reset-all brz brz-root__container-page\">\n<section id=\"_cevncgfkvtlrycoezchyuponiwehfulqalxp\" class=\"brz-section brz-css-16uo56j\">\n<div class=\"brz-section__content brz-section--boxed brz-css-1qcdsaw brz-css-1ou4bgv\" data-brz-custom-id=\"sehggpymvtmfmtfkevmpnwykvkamamwaitmx\">\n<div class=\"brz-bg\">\n<div class=\"brz-bg-image\"><\/div>\n<div class=\"brz-bg-color\"><\/div>\n<\/div>\n<div class=\"brz-container brz-css-a18sud\">\n<div class=\"brz-row__container brz-css-1r6fjxq\" data-brz-custom-id=\"aQaiN3KZUh3X\">\n<div class=\"brz-bg\"><\/div>\n<div class=\"brz-row brz-css-1lqpos8\">\n<div class=\"brz-columns brz-css-xzcx41 brz-css-1oaebja\" data-brz-custom-id=\"me5Png2t0tO3\">\n<div class=\"brz-bg\">\n<div class=\"brz-bg-color\"><\/div>\n<\/div>\n<div class=\"brz-column__items brz-css-15cr6q9\">\n<div id=\"\" class=\"brz-css-15wh1nk brz-css-1p4amol brz-wrapper\">\n<div class=\"brz-rich-text brz-rich-text__custom brz-css-45zufw\" data-brz-custom-id=\"sqmboxbdwwkjsdyglynsehghamwhonjjywsl\">\n<div data-brz-translate-text=\"1\">\n<p class=\"brz-tp-lg-vplvqbxkzoevlgwfrrmsrpvgbqplufnlrjag brz-fw-xs-200 brz-fw-sm-undefined brz-fw-lg-400 brz-ft-google brz-ff-josefin_sans brz-ls-xs-m_2 brz-ls-sm-undefined brz-ls-lg-m_3_5 brz-fs-xs-35 brz-fs-sm-undefined brz-fs-lg-61 brz-lh-xs-1_5 brz-lh-sm-undefined brz-lh-lg-1_3 brz-text-lg-center brz-css-qW0n2\" data-generated-css=\"brz-css-x2eUf\" data-uniq-id=\"kRWTS\"><span class=\"brz-cp-color8\">\u00a1APOYA LA LIBERTAD!<\/span><\/p>\n<\/div>\n<\/div>\n<\/div>\n<\/div>\n<\/div>\n<\/div>\n<\/div>\n<div id=\"\" class=\"brz-css-15wh1nk brz-wrapper\">\n<div class=\"brz-rich-text brz-rich-text__custom brz-css-45zufw\" data-brz-custom-id=\"jhvquwsnxkztzfipowtgjmyjoscvlwwwlwlr\">\n<div data-brz-translate-text=\"1\">\n<h4 data-generated-css=\"brz-css-aOigC\" data-uniq-id=\"eTnTr\" class=\"brz-text-lg-center brz-fs-xs-26 brz-lh-lg-1_3 brz-lh-sm-undefined brz-lh-xs-1_3 brz-fs-lg-25 brz-ls-lg-1_5 brz-ls-sm-undefined brz-ls-xs-m_0_5 brz-ff-catamaran brz-ft-google brz-fw-lg-500 brz-fw-sm-undefined brz-fw-xs-400 brz-fs-sm-24 brz-tp-lg-heading4 brz-css-wldWn\">Invierta en un ministerio de libertad que tendr\u00e1 efectos para las generaciones venideras.<\/h4>\n<\/div>\n<\/div>\n<\/div>\n<div id=\"\" class=\"brz-css-15wh1nk brz-wrapper\">\n<div class=\"brz-rich-text brz-rich-text__custom brz-css-45zufw\" data-brz-custom-id=\"pv7x2e0RJr26\">\n<div data-brz-translate-text=\"1\">\n<h4 data-generated-css=\"brz-css-hbigv\" data-uniq-id=\"haelh\" class=\"brz-text-lg-center brz-fs-xs-26 brz-tp-lg-heading4 brz-css-i0VVx\">Your donation is like a seed that helps the freedom movement to continue to grow in our country and beyond. Thanks to people like you, it is possible for us to carry out our ministry at free!ndeed and help people experience their identity, take hold of freedom, and live out their calling.<\/h4>\n<h4 data-generated-css=\"brz-css-zitee\" data-uniq-id=\"aglhb\" class=\"brz-text-lg-center brz-fs-xs-26 brz-tp-lg-heading4 brz-css-dgQDt\">THANK YOU.<\/h4>\n<\/div>\n<\/div>\n<\/div>\n<div class=\"brz-row__container brz-css-1r6fjxq\" data-brz-custom-id=\"wcfpsrmcpukttiihmhpjxngedjmybvsyagvn\">\n<div class=\"brz-bg\"><\/div>\n<div class=\"brz-row brz-css-1lqpos8 brz-css-fpy2k0\">\n<div class=\"brz-columns brz-css-xzcx41 brz-css-c3z8qd\" data-brz-custom-id=\"aipaxjspccfgfpcmodnjlsduwexomzfnmoer\">\n<div class=\"brz-bg\"><\/div>\n<div class=\"brz-column__items brz-css-15cr6q9\">\n<div id=\"\" class=\"brz-css-15wh1nk brz-wrapper\">\n<div class=\"brz-video brz-youtube-video brz-video-on-controls-hidden brz-css-1jpxhfw brz-css-lj7jx9\" data-brz-custom-id=\"zvsmezkxygimlzrbktwvsoevuhdaotzpqtum\">\n<div class=\"brz-video-content\" data-loop=\"false\" data-muted=\"false\" data-autoplay=\"off\">\n<div class=\"video-wrapper brz-image-fix-16-9\">\n<div class=\"brz-video-data brz-hidden\" data-src=\"https:\/\/player.vimeo.com\/video\/340341604?autoplay=0&amp;background=0&amp;title=1&amp;byline=1&amp;badge=false&amp;autopause=false&amp;portrait=1&amp;controls=1&amp;loop=0&amp;muted=0#t=0s\" data-population=\"\" data-controls=\"true\" data-branding=\"true\" data-intro=\"true\" data-start=\"0\" data-end=\"0\" data-loop=\"false\" data-autoplay=\"off\"><\/div>\n<\/div>\n<\/div>\n<\/div>\n<\/div>\n<\/div>\n<\/div>\n<\/div>\n<\/div>\n<\/div>\n<\/div>\n<\/section>\n<section id=\"_rxitpwguyjrjzbsossyysqduqsolhivupbjs\" class=\"brz-section brz-css-16uo56j\">\n<div class=\"brz-section__content brz-section--boxed brz-css-1qcdsaw brz-css-wwc0ga\" data-brz-custom-id=\"ecklgyngzsrdpowxxksyycimoquuoacfbxcz\">\n<div class=\"brz-bg\">\n<div class=\"brz-bg-image\"><\/div>\n<div class=\"brz-bg-color\"><\/div>\n<\/div>\n<div class=\"brz-container brz-css-a18sud\">\n<div class=\"brz-row__container brz-css-1r6fjxq\" data-brz-custom-id=\"hufiazlqdcmhyvpuyzypnqhqdwrykjewumwa\">\n<div class=\"brz-bg\"><\/div>\n<div class=\"brz-row brz-css-1lqpos8 brz-css-fpy2k0\">\n<div class=\"brz-columns brz-css-xzcx41 brz-css-1okugcc\" data-brz-custom-id=\"cEOMSXwGqaVl\">\n<div class=\"brz-bg\"><\/div>\n<div class=\"brz-column__items brz-css-15cr6q9\">\n<div class=\"brz-row__container brz-css-1r6fjxq\" data-brz-custom-id=\"lAg6N1wmX0u9\">\n<div class=\"brz-bg\"><\/div>\n<div class=\"brz-row brz-row--inner brz-css-1lqpos8 brz-css-fpy2k0\">\n<div class=\"brz-columns brz-css-xzcx41 brz-css-5rly85\" data-brz-custom-id=\"x5pZ9NAvxMmN\">\n<div class=\"brz-bg\">\n<div class=\"brz-bg-color\"><\/div>\n<\/div>\n<div class=\"brz-column__items brz-css-15cr6q9\">\n<div id=\"\" class=\"brz-css-15wh1nk brz-wrapper\">\n<div class=\"brz-rich-text brz-rich-text__custom brz-css-45zufw\" data-brz-custom-id=\"xRem3uhLIApv\">\n<div data-brz-translate-text=\"1\">\n<p class=\"brz-text-lg-center brz-tp-lg-paragraph brz-css-g_bXE\" data-uniq-id=\"vlzOP\" data-generated-css=\"brz-css-bWh_P\"><strong>Opci\u00f3n 1:<\/strong><\/p>\n<\/div>\n<\/div>\n<\/div>\n<div id=\"\" class=\"brz-css-15wh1nk brz-wrapper\">\n<div class=\"brz-rich-text brz-rich-text__custom brz-css-45zufw\" data-brz-custom-id=\"xmi4YODZfjfe\">\n<div data-brz-translate-text=\"1\">\n<p class=\"brz-text-lg-center brz-tp-lg-paragraph brz-css-bCMgI\" data-generated-css=\"brz-css-mJRyw\" data-uniq-id=\"mhD4l\"><span>Usted puede donar a trav\u00e9s de PayPal o tarjeta de cr\u00e9dito para apoyar nuestro <\/span><strong>ministerio<\/strong><\/p>\n<\/div>\n<\/div>\n<\/div>\n<div id=\"\" class=\"brz-css-15wh1nk brz-wrapper\">\n<div class=\"brz-embed-code brz-css-1cnlp2m brz-css-1j8u8wh\" data-brz-custom-id=\"lbynouenvwyhoexmwihytpoembzqyduztvfi\">\n<div class=\"brz-embed-content\">\n<div>\n<p><img decoding=\"async\" alt=\"\" border=\"0\" src=\"https:\/\/www.paypal.com\/es_ES\/i\/scr\/pixel.gif\" width=\"1\" height=\"1\"><\/p>\n<\/div>\n<\/div>\n<\/div>\n<\/div>\n<\/div>\n<\/div>\n<div class=\"brz-columns brz-css-xzcx41 brz-css-1860f32\" data-brz-custom-id=\"fBQr9AHrmfPs\">\n<div class=\"brz-bg\"><\/div>\n<div class=\"brz-column__items brz-css-15cr6q9\"><\/div>\n<\/div>\n<div class=\"brz-columns brz-css-xzcx41 brz-css-1tw988p\" data-brz-custom-id=\"oxsA0sZokCpR\">\n<div class=\"brz-bg\">\n<div class=\"brz-bg-color\"><\/div>\n<\/div>\n<div class=\"brz-column__items brz-css-15cr6q9\">\n<div id=\"\" class=\"brz-css-15wh1nk brz-wrapper\">\n<div class=\"brz-rich-text brz-rich-text__custom brz-css-45zufw\" data-brz-custom-id=\"jZ1lIoiLo9Fz\">\n<div data-brz-translate-text=\"1\">\n<p class=\"brz-tp-lg-paragraph brz-text-lg-center brz-css-uXGzU\" data-uniq-id=\"mWJcw\" data-generated-css=\"brz-css-fDFpy\"><strong>Opci\u00f3n 2:<\/strong><\/p>\n<\/div>\n<\/div>\n<\/div>\n<div id=\"\" class=\"brz-css-15wh1nk brz-wrapper\">\n<div class=\"brz-rich-text brz-rich-text__custom brz-css-45zufw\" data-brz-custom-id=\"fHCdfEHTbt6m\">\n<div data-brz-translate-text=\"1\">\n<p class=\"brz-text-lg-center brz-tp-lg-paragraph brz-css-d68Bn\" data-uniq-id=\"lHjy_\" data-generated-css=\"brz-css-g0LM3\"><span>Puede donar a trav\u00e9s de PayPal o tarjeta de cr\u00e9dito para apoyar a un determinado misionero de nuestro equipo.<\/span><\/p>\n<\/div>\n<\/div>\n<\/div>\n<div id=\"\" class=\"brz-css-15wh1nk brz-wrapper\">\n<div class=\"brz-embed-code brz-css-1cnlp2m brz-css-1z0hxkv\" data-brz-custom-id=\"iCygnaLm43jS\">\n<div class=\"brz-embed-content\">\n<div>\n<p><img decoding=\"async\" alt=\"\" border=\"0\" src=\"https:\/\/www.paypal.com\/es_ES\/i\/scr\/pixel.gif\" width=\"1\" height=\"1\"><\/p>\n<\/div>\n<\/div>\n<\/div>\n<\/div>\n<\/div>\n<\/div>\n<\/div>\n<\/div>\n<div id=\"\" class=\"brz-css-15wh1nk brz-css-sdlt7y brz-wrapper\">\n<div class=\"brz-spacer brz-css-11u6rha\"><\/div>\n<\/div>\n<div class=\"brz-row__container brz-css-1r6fjxq\" data-brz-custom-id=\"jnUnh8fQBUIj\">\n<div class=\"brz-bg\"><\/div>\n<div class=\"brz-row brz-row--inner brz-css-1lqpos8 brz-css-fpy2k0\">\n<div class=\"brz-columns brz-css-xzcx41 brz-css-18c1ucz\" data-brz-custom-id=\"s1bM9u71XtNO\">\n<div class=\"brz-bg\">\n<div class=\"brz-bg-color\"><\/div>\n<\/div>\n<div class=\"brz-column__items brz-css-15cr6q9\">\n<div id=\"\" class=\"brz-css-15wh1nk brz-wrapper\">\n<div class=\"brz-rich-text brz-rich-text__custom brz-css-45zufw\" data-brz-custom-id=\"jhtekraghuaymlturyjzchyxbdiclteztdge\">\n<div data-brz-translate-text=\"1\">\n<p class=\"brz-fs-xs-21 brz-fs-sm-23 brz-fs-lg-25 brz-fw-xs-300 brz-fw-sm-undefined brz-fw-lg-400 brz-ft-google brz-ff-catamaran brz-ls-xs-0 brz-ls-sm-undefined brz-ls-lg-0 brz-lh-xs-1_6 brz-lh-sm-undefined brz-lh-lg-1_6 brz-text-lg-center brz-css-dHkma\" data-generated-css=\"brz-css-j7hGs\" data-uniq-id=\"hHJSd\"><strong class=\"brz-cp-color2\">Transferencias Bancarias (Para los europeos)<\/strong><\/p>\n<p data-generated-css=\"brz-css-tEITi\" data-uniq-id=\"rNAJX\" class=\"brz-css-djdMU\"><\/p>\n<p class=\"brz-text-lg-center brz-tp-lg-paragraph brz-css-kYnTZ\" data-generated-css=\"brz-css-hhX31\" data-uniq-id=\"hqBRZ\">Su donaci\u00f3n puede hacerse a la siguiente cuenta:<span> <\/span><\/p>\n<p class=\"brz-text-lg-center brz-tp-lg-paragraph brz-css-m6gCi\" data-generated-css=\"brz-css-rpNqp\" data-uniq-id=\"nFxRX\"><strong>freeindeed e.V.<\/strong><\/p>\n<p class=\"brz-text-lg-center brz-tp-lg-paragraph brz-css-eV3kV\" data-generated-css=\"brz-css-oFWsj\" data-uniq-id=\"xl9Mx\"><strong> <\/strong><\/p>\n<p class=\"brz-text-lg-center brz-tp-lg-paragraph brz-css-j49Nf\" data-generated-css=\"brz-css-vJ09e\" data-uniq-id=\"hp6Sk\"><strong>IBAN: DE48 7205 0000 0251 4461 18<\/strong><\/p>\n<p class=\"brz-text-lg-center brz-tp-lg-paragraph brz-css-qD9Mv\" data-generated-css=\"brz-css-e1hoL\" data-uniq-id=\"vH3JW\"><strong>BIC: AUGSDE77XXX<\/strong><span> <\/span><\/p>\n<p class=\"brz-tp-lg-paragraph brz-text-lg-center brz-css-b5Htk\" data-generated-css=\"brz-css-wdOho\" data-uniq-id=\"qc1RR\"><span> <\/span><\/p>\n<p data-generated-css=\"brz-css-juHjC\" data-uniq-id=\"myniO\" class=\"brz-tp-lg-paragraph brz-text-lg-center brz-css-eXUa4\">Todas las donaciones se reciben con gratitud y son deducibles de impuestos dentro de Alemania.<\/p>\n<p data-generated-css=\"brz-css-c0Hkx\" data-uniq-id=\"e6eG0\" class=\"brz-tp-lg-paragraph brz-text-lg-center brz-css-lpsAl\">Si necesita un recibo de donaci\u00f3n, incluya la direcci\u00f3n completa en el campo de prop\u00f3sito de la transferencia<\/p>\n<p class=\"brz-tp-lg-paragraph brz-text-lg-center brz-css-hIe_9\" data-generated-css=\"brz-css-iOo7F\" data-uniq-id=\"wnem_\">o env\u00edenos su informaci\u00f3n en el cuadro a continuaci\u00f3n.<\/p>\n<p data-generated-css=\"brz-css-rQS43\" data-uniq-id=\"ygS3E\" class=\"brz-css-euZQl\"><\/p>\n<p class=\"brz-text-lg-center brz-tp-lg-paragraph brz-css-xz8Gh\" data-generated-css=\"brz-css-ah8he\" data-uniq-id=\"f6hCd\">\u00a1Muchas gracias!<\/p>\n<p class=\"brz-text-lg-center brz-tp-lg-paragraph brz-css-aW3Vq\" data-generated-css=\"brz-css-nLc0c\" data-uniq-id=\"ujsIQ\"><span> <\/span><\/p>\n<\/div>\n<\/div>\n<\/div>\n<div id=\"\" class=\"brz-css-15wh1nk brz-wrapper\">\n<div class=\"brz-rich-text brz-rich-text__custom brz-css-45zufw\" data-brz-custom-id=\"wRZmSbyTSGAJ\">\n<div data-brz-translate-text=\"1\">\n<p class=\"brz-text-lg-center brz-tp-heading4 brz-css-r3VUG\">Thank you for supporting free!ndeed.<\/p>\n<\/div>\n<\/div>\n<\/div>\n<\/div>\n<\/div>\n<\/div>\n<\/div>\n<\/div>\n<\/div>\n<\/div>\n<\/div>\n<\/div>\n<\/div>\n<\/section>\n<\/div>\n<p>    <!-- version:1737657759 --><\/p>\n","protected":false},"excerpt":{"rendered":"<p>\u00a1APOYA LA LIBERTAD! Invierta en un ministerio de libertad que tendr\u00e1 efectos para las generaciones venideras. Your donation is like a seed that helps the freedom movement to continue to grow in our country and beyond. Thanks to people like you, it is possible for us to carry out our ministry at free!ndeed and help [&hellip;]<\/p>\n","protected":false},"author":3,"featured_media":0,"parent":0,"menu_order":0,"comment_status":"closed","ping_status":"closed","template":"brizy-blank-template.php","meta":{"site-sidebar-layout":"default","site-content-layout":"default","ast-site-content-layout":"default","site-content-style":"default","site-sidebar-style":"default","ast-global-header-display":"","ast-banner-title-visibility":"","ast-main-header-display":"","ast-hfb-above-header-display":"","ast-hfb-below-header-display":"","ast-hfb-mobile-header-display":"","site-post-title":"","ast-breadcrumbs-content":"","ast-featured-img":"","footer-sml-layout":"","ast-disable-related-posts":"","theme-transparent-header-meta":"default","adv-header-id-meta":"","stick-header-meta":"default","header-above-stick-meta":"","header-main-stick-meta":"","header-below-stick-meta":"","astra-migrate-meta-layouts":"default","ast-page-background-enabled":"default","ast-page-background-meta":{"desktop":{"background-color":"","background-image":"","background-repeat":"repeat","background-position":"center center","background-size":"auto","background-attachment":"scroll","background-type":"","background-media":"","overlay-type":"","overlay-color":"","overlay-opacity":"","overlay-gradient":""},"tablet":{"background-color":"","background-image":"","background-repeat":"repeat","background-position":"center center","background-size":"auto","background-attachment":"scroll","background-type":"","background-media":"","overlay-type":"","overlay-color":"","overlay-opacity":"","overlay-gradient":""},"mobile":{"background-color":"","background-image":"","background-repeat":"repeat","background-position":"center center","background-size":"auto","background-attachment":"scroll","background-type":"","background-media":"","overlay-type":"","overlay-color":"","overlay-opacity":"","overlay-gradient":""}},"ast-content-background-meta":{"desktop":{"background-color":"var(--ast-global-color-5)","background-image":"","background-repeat":"repeat","background-position":"center center","background-size":"auto","background-attachment":"scroll","background-type":"","background-media":"","overlay-type":"","overlay-color":"","overlay-opacity":"","overlay-gradient":""},"tablet":{"background-color":"var(--ast-global-color-5)","background-image":"","background-repeat":"repeat","background-position":"center center","background-size":"auto","background-attachment":"scroll","background-type":"","background-media":"","overlay-type":"","overlay-color":"","overlay-opacity":"","overlay-gradient":""},"mobile":{"background-color":"var(--ast-global-color-5)","background-image":"","background-repeat":"repeat","background-position":"center center","background-size":"auto","background-attachment":"scroll","background-type":"","background-media":"","overlay-type":"","overlay-color":"","overlay-opacity":"","overlay-gradient":""}},"footnotes":""},"folder":[],"class_list":["post-22565","page","type-page","status-publish","hentry"],"publishpress_future_action":{"enabled":false,"date":"2026-04-16 13:36:09","action":"change-status","newStatus":"draft","terms":[],"taxonomy":"translation_priority","extraData":[]},"publishpress_future_workflow_manual_trigger":{"enabledWorkflows":[]},"brizy_media":[{"id":24765,"url":"https:\/\/free-indeed.com\/wp-content\/uploads\/2019\/10\/AdobeStock_80344053-1.jpeg","name":"AdobeStock_80344053-1.jpeg","meta":{"brizy_attachment_uid":"wp-3d48b53b7111dfd7238cff35d27f3f8f","brizy_post_uid":["f4f78646179f1288eba8a829d4764b55"]}},{"id":73842,"url":"https:\/\/free-indeed.com\/wp-content\/uploads\/brizy\/73840\/assets\/images\/wp-f97383040ef1d9d0b21e066e33d32c85.jpg","name":"wp-f97383040ef1d9d0b21e066e33d32c85.png","meta":{"brizy_attachment_uid":"wp-f97383040ef1d9d0b21e066e33d32c85.png","brizy_post_uid":["nmeulskyzmgbxlaxsgqixahqjzlbrqjzpuyq","hfcxrvotlblhqltaleawghgacflaqcpcuxjq","ayilfqrgcxahmcigbnzamkzciwwpgfbecrap","ozstcxzihujxllkgwnngsalswncmjotbeznx","swcqcquxnvcpiksjeivmruugwtszpjtxnwhb","liqxnhuhhazcoshbezzflyzdvpwhvkdmdbao","epgmmtrynztyriuvhxiabukxvjfuhczmiquq","zbhnmjybeozxnwwcmgdumtecdplpakgdvlng","223ddfd2a73b5edc9d54094dd988f183","f4f78646179f1288eba8a829d4764b55"]}},{"id":73847,"url":"https:\/\/free-indeed.com\/wp-content\/uploads\/brizy\/73840\/assets\/images\/wp-f97383040ef1d9d0b21e066e33d32c85.jpg","name":"wp-f97383040ef1d9d0b21e066e33d32c85.png","meta":{"brizy_attachment_uid":"wp-ab13b01f2e62e7e7ce9e7f6f5ee9bb32.png","brizy_post_uid":["f4ef77592dc4b99dccfd45cfbb9b6d6e","f4f78646179f1288eba8a829d4764b55"]}},{"id":80637,"url":"https:\/\/free-indeed.com\/wp-content\/uploads\/brizy\/80630\/assets\/images\/wp-45a8c414f4360430eaa5d954aa3e49c0.jpg","name":"wp-45a8c414f4360430eaa5d954aa3e49c0.png","meta":{"brizy_attachment_uid":"wp-0f04f0ba55b787592f302433adacd2d6.jpg","brizy_post_uid":["f4f78646179f1288eba8a829d4764b55"]}}],"_links":{"self":[{"href":"https:\/\/free-indeed.com\/es\/wp-json\/wp\/v2\/pages\/22565","targetHints":{"allow":["GET"]}}],"collection":[{"href":"https:\/\/free-indeed.com\/es\/wp-json\/wp\/v2\/pages"}],"about":[{"href":"https:\/\/free-indeed.com\/es\/wp-json\/wp\/v2\/types\/page"}],"author":[{"embeddable":true,"href":"https:\/\/free-indeed.com\/es\/wp-json\/wp\/v2\/users\/3"}],"replies":[{"embeddable":true,"href":"https:\/\/free-indeed.com\/es\/wp-json\/wp\/v2\/comments?post=22565"}],"version-history":[{"count":0,"href":"https:\/\/free-indeed.com\/es\/wp-json\/wp\/v2\/pages\/22565\/revisions"}],"wp:attachment":[{"href":"https:\/\/free-indeed.com\/es\/wp-json\/wp\/v2\/media?parent=22565"}],"wp:term":[{"taxonomy":"folder","embeddable":true,"href":"https:\/\/free-indeed.com\/es\/wp-json\/wp\/v2\/folder?post=22565"}],"curies":[{"name":"wp","href":"https:\/\/api.w.org\/{rel}","templated":true}]}}