{"id":22578,"date":"2019-05-31T15:43:14","date_gmt":"2019-05-31T13:43:14","guid":{"rendered":"http:\/\/free-indeed.com\/faq\/"},"modified":"2026-04-06T10:15:50","modified_gmt":"2026-04-06T08:15:50","slug":"faq","status":"publish","type":"page","link":"https:\/\/free-indeed.com\/es\/faq\/","title":{"rendered":"FAQ"},"content":{"rendered":"<div class=\"brz-root__container brz-reset-all brz brz-root__container-page\">\n<section id=\"_bespqqfsgbjxezyorwqwgicaiajzknwqqswx\" class=\"brz-section brz-css-8rufej\">\n<div class=\"brz-section__content brz-section--boxed brz-css-ng4t52 brz-css-h81epe\" data-brz-custom-id=\"qzyavnxmxeywfeyhjbqyhoppzdehavphquiv\">\n<div class=\"brz-container brz-css-z9nt51\">\n<div class=\"brz-row__container brz-css-9jcogv\" data-brz-custom-id=\"vwxwohvgqkvfhrohxevrfpyyujudcrfxxtab\">\n<div class=\"brz-bg\"><\/div>\n<div class=\"brz-row brz-css-u0qe96 brz-css-1uq8ffu\">\n<div class=\"brz-columns brz-css-e7kgxm brz-css-175t514\" data-brz-custom-id=\"ahcsuebyzxbolmlwnafzooqwigmwjxmscpqq\">\n<div class=\"brz-bg\"><\/div>\n<div class=\"brz-column__items brz-css-ien6t5\">\n<div id=\"\" class=\"brz-css-nzx5dm brz-wrapper\">\n<div class=\"brz-rich-text brz-rich-text__custom brz-css-1w744nl\" data-brz-custom-id=\"ioxxaxobxekxwkolreyviccpruxeoabrorcv\">\n<div data-brz-translate-text=\"1\">\n<p class=\"brz-fw-xs-200 brz-fw-sm-undefined brz-fw-lg-400 brz-ft-google brz-ff-josefin_sans brz-ls-xs-m_2 brz-ls-sm-undefined brz-ls-lg-m_3_5 brz-fs-xs-35 brz-fs-sm-undefined brz-fs-lg-61 brz-lh-xs-1_5 brz-lh-sm-undefined brz-lh-lg-1_3 brz-text-lg-center brz-tp-lg-vplvqbxkzoevlgwfrrmsrpvgbqplufnlrjag brz-css-pq2ZN\" data-uniq-id=\"furuz\" data-generated-css=\"brz-css-afskd\"><span class=\"brz-cp-color2\">PREGUNTAS FRECUENTES <\/span><\/p>\n<\/div>\n<\/div>\n<\/div>\n<\/div>\n<\/div>\n<\/div>\n<\/div>\n<div id=\"\" class=\"brz-css-nzx5dm brz-wrapper\">\n<div class=\"brz-accordion brz-css-188ixm8 brz-css-8gk884\" data-brz-duration=\"300\" data-brz-custom-id=\"axnlbnmtrswtiqfqajjinkmqlilvkjpmohai\">\n<div class=\"brz-accordion__item\">\n<div class=\"brz-accordion__nav\" data-brz-collapsible=\"on\"><span data-brz-translate-text=\"1\" class=\"brz-accordion__nav-title brz-span brz-text__editor\">\u00bfQue sucede con mi informaci\u00f3n?<\/span><\/div>\n<div class=\"brz-accordion__content brz-d-xs-flex brz-flex-xs-column\">\n<div class=\"brz-accordion__item-content brz-d-xs-flex brz-flex-xs-column\">\n<div id=\"\" class=\"brz-css-nzx5dm brz-wrapper\">\n<div class=\"brz-rich-text brz-rich-text__custom brz-css-1w744nl\" data-brz-custom-id=\"bneufdjggwwegxzftrukjjezqfiujcflrevq\">\n<div data-brz-translate-text=\"1\">\n<p class=\"brz-fs-sm-20 brz-tp-paragraph brz-css-etnLM\"><span class=\"brz-cp-color2\">Damos gran importancia al hecho de que tus datos est\u00e9n seguros con nosotros. Despu\u00e9s de cada unidad, se genera un PDF y se te env\u00eda por correo electr\u00f3nico. Este PDF se eliminar\u00e1 de nuestro servidor tan pronto como se env\u00eda. Esto significa que no tenemos ning\u00fan dato de ti, excepto los datos que nos proporcion\u00f3.<\/span><\/p>\n<\/div>\n<\/div>\n<\/div>\n<\/div>\n<\/div>\n<\/div>\n<div class=\"brz-accordion__item\">\n<div class=\"brz-accordion__nav\" data-brz-collapsible=\"on\"><span data-brz-translate-text=\"1\" class=\"brz-accordion__nav-title brz-span brz-text__editor\">\u00bfNecesit\u00f3 un compa\u00f1ero de responsabilidad?<\/span><\/div>\n<div class=\"brz-accordion__content brz-d-xs-flex brz-flex-xs-column\">\n<div class=\"brz-accordion__item-content brz-d-xs-flex brz-flex-xs-column\">\n<div id=\"\" class=\"brz-css-nzx5dm brz-wrapper\">\n<div class=\"brz-rich-text brz-rich-text__custom brz-css-1w744nl\" data-brz-custom-id=\"yycwkwpjbfydefeypbjsnxvuzvftnwayygiw\">\n<div data-brz-translate-text=\"1\">\n<p class=\"brz-tp-paragraph brz-css-fnmuB\"><span class=\"brz-cp-color2\">Te recomendamos que tomes el curso con un compa\u00f1ero de responsabilidad. Nuestro curso enfatiza que tu eliges a una persona en la que conf\u00edas y cuentas. Piensa en qui\u00e9n puede ser esta persona en tu entorno. Recomendamos que NO sea tu c\u00f3nyuge o novia, sino una persona del mismo sexo. Tambi\u00e9n puedes tomar el curso sin un compa\u00f1ero de responsabilidad. En el curso siempre existe la posibilidad de agregar un compa\u00f1ero de responsabilidad a su perfil. Sin embargo, si le resulta absolutamente dif\u00edcil encontrar a alguien, le recomendamos que avance y comience el curso.<\/span><\/p>\n<\/div>\n<\/div>\n<\/div>\n<\/div>\n<\/div>\n<\/div>\n<div class=\"brz-accordion__item\">\n<div class=\"brz-accordion__nav\" data-brz-collapsible=\"on\"><span data-brz-translate-text=\"1\" class=\"brz-accordion__nav-title brz-span brz-text__editor\">Mi inicio de sesi\u00f3n no funciona. Recibo un mensaje que diciendo que mi usuario no existe.<\/span><\/div>\n<div class=\"brz-accordion__content brz-d-xs-flex brz-flex-xs-column\">\n<div class=\"brz-accordion__item-content brz-d-xs-flex brz-flex-xs-column\">\n<div id=\"\" class=\"brz-css-nzx5dm brz-wrapper\">\n<div class=\"brz-rich-text brz-rich-text__custom brz-css-1w744nl\" data-brz-custom-id=\"pticmxhomupjvkbqhfmnlctnxminzmpcczgo\">\n<div data-brz-translate-text=\"1\">\n<p class=\"brz-tp-paragraph brz-css-lpKOe\"><span class=\"brz-cp-color2\">\u00bfConfirm\u00f3 su cuenta en el correo electr\u00f3nico que recibi\u00f3? A menudo, este correo electr\u00f3nico termina en la carpeta de spam. Si a\u00fan no funciona, env\u00edenos un correo electr\u00f3nico a <\/span><strong class=\"brz-cp-color2\">info@free-indeed.de.<\/strong><span class=\"brz-cp-color2\"> Verificaremos el proceso y le enviaremos m\u00e1s instrucciones.<\/span><\/p>\n<\/div>\n<\/div>\n<\/div>\n<\/div>\n<\/div>\n<\/div>\n<div class=\"brz-accordion__item brz-accordion__item--active\">\n<div class=\"brz-accordion__nav\" data-brz-collapsible=\"on\"><span data-brz-translate-text=\"1\" class=\"brz-accordion__nav-title brz-span brz-text__editor\">\u00bfHas comprado un cup\u00f3n?<\/span><\/div>\n<div class=\"brz-accordion__content brz-d-xs-flex brz-flex-xs-column\">\n<div class=\"brz-accordion__item-content brz-d-xs-flex brz-flex-xs-column\">\n<div id=\"\" class=\"brz-css-nzx5dm brz-wrapper\">\n<div class=\"brz-rich-text brz-rich-text__custom brz-css-1w744nl\" data-brz-custom-id=\"wlxdfuculfchmcpiazzxdqgdiccpgruddyyj\">\n<div data-brz-translate-text=\"1\">\n<p class=\"brz-tp-paragraph brz-css-sTqh2\"><span class=\"brz-cp-color2\">Recibir\u00e1s un c\u00f3digo autom\u00e1ticamente. Tu y tu compa\u00f1ero deben usar este c\u00f3digo para comprar el curso en nuestra tienda en l\u00ednea. Al ingresar el c\u00f3digo en el campo de cup\u00f3n, el precio se establecer\u00e1 en $ 0.00.<\/span><\/p>\n<\/div>\n<\/div>\n<\/div>\n<\/div>\n<\/div>\n<\/div>\n<div class=\"brz-accordion__item\">\n<div class=\"brz-accordion__nav\" data-brz-collapsible=\"on\"><span data-brz-translate-text=\"1\" class=\"brz-accordion__nav-title brz-span brz-text__editor\">\u00bfTu PDF ya no esta incriptado?<\/span><\/div>\n<div class=\"brz-accordion__content brz-d-xs-flex brz-flex-xs-column\">\n<div class=\"brz-accordion__item-content brz-d-xs-flex brz-flex-xs-column\">\n<div id=\"\" class=\"brz-css-nzx5dm brz-wrapper\">\n<div class=\"brz-rich-text brz-rich-text__custom brz-css-1w744nl\" data-brz-custom-id=\"aepwpkkgmvdvabjrmlhgsfrtirnhbbyfvdty\">\n<div data-brz-translate-text=\"1\">\n<p class=\"brz-tp-paragraph brz-css-aZNOC\"><span class=\"brz-cp-color2\">Si deseas que tus archivos PDF est\u00e9n encriptados, debes ingresar una contrase\u00f1a para el archivo PDF en &#8216;Mi cuenta&gt; Detalles de la cuenta&gt; Contrase\u00f1a para el resumen en PDF de tus unidades&#8217;. Esta contrase\u00f1a tambi\u00e9n debe ser utilizada por tu compa\u00f1ero de responsabilidad para abrir el PDF.<\/span><\/p>\n<\/div>\n<\/div>\n<\/div>\n<\/div>\n<\/div>\n<\/div>\n<div class=\"brz-accordion__item\">\n<div class=\"brz-accordion__nav\" data-brz-collapsible=\"on\"><span data-brz-translate-text=\"1\" class=\"brz-accordion__nav-title brz-span brz-text__editor\">No puedo abrir el curso. Cuando doy click en la unidad se cierra de nuevo.<\/span><\/div>\n<div class=\"brz-accordion__content brz-d-xs-flex brz-flex-xs-column\">\n<div class=\"brz-accordion__item-content brz-d-xs-flex brz-flex-xs-column\">\n<div id=\"\" class=\"brz-css-nzx5dm brz-wrapper\">\n<div class=\"brz-rich-text brz-rich-text__custom brz-css-1w744nl\" data-brz-custom-id=\"xalflebtaahnneqwbjriqamsczpvquhqnqxn\">\n<div data-brz-translate-text=\"1\">\n<p class=\"brz-css-bgs5J\"><span class=\"brz-cp-color2\">1. El curso tiene que hacerse en orden. No puedes saltarte cap\u00edtulos. \u00bfEst\u00e1s en el cap\u00edtulo correspondiente?<\/span><\/p>\n<p class=\"brz-tp-paragraph brz-css-lXDxY\"><span class=\"brz-cp-color2\">2. Tu curso puede no estar activado todav\u00eda. Por favor env\u00edenos un correo electr\u00f3nico a <\/span><strong class=\"brz-cp-color2\">info@free-indeed.com<\/strong><\/p>\n<\/div>\n<\/div>\n<\/div>\n<\/div>\n<\/div>\n<\/div>\n<div class=\"brz-accordion__item\">\n<div class=\"brz-accordion__nav\" data-brz-collapsible=\"on\"><span data-brz-translate-text=\"1\" class=\"brz-accordion__nav-title brz-span brz-text__editor\">\u00bfAdonde se almacenan mis respuestas?<\/span><\/div>\n<div class=\"brz-accordion__content brz-d-xs-flex brz-flex-xs-column\">\n<div class=\"brz-accordion__item-content brz-d-xs-flex brz-flex-xs-column\">\n<div id=\"\" class=\"brz-css-nzx5dm brz-wrapper\">\n<div class=\"brz-rich-text brz-rich-text__custom brz-css-1w744nl\" data-brz-custom-id=\"gwcadmopsvompkilxtnfgjrxdsymcxdmbsby\">\n<div data-brz-translate-text=\"1\">\n<p class=\"brz-tp-paragraph brz-css-uSrIO\"><span class=\"brz-cp-color2\">Las respuestas solo se almacenar\u00e1n en nuestros servidores hasta que se cree el PDF. Tan pronto como se env\u00ede el correo electr\u00f3nico, se eliminar\u00e1n los datos.<\/span><\/p>\n<\/div>\n<\/div>\n<\/div>\n<\/div>\n<\/div>\n<\/div>\n<div class=\"brz-accordion__item\">\n<div class=\"brz-accordion__nav\" data-brz-collapsible=\"on\"><span data-brz-translate-text=\"1\" class=\"brz-accordion__nav-title brz-span brz-text__editor\">\u00bfQuien lee mis respuestas?<\/span><\/div>\n<div class=\"brz-accordion__content brz-d-xs-flex brz-flex-xs-column\">\n<div class=\"brz-accordion__item-content brz-d-xs-flex brz-flex-xs-column\">\n<div id=\"\" class=\"brz-css-nzx5dm brz-wrapper\">\n<div class=\"brz-rich-text brz-rich-text__custom brz-css-1w744nl\" data-brz-custom-id=\"uodrhegwmidlezkgswgjdckolzedbiohdsys\">\n<div data-brz-translate-text=\"1\">\n<p class=\"brz-tp-paragraph brz-css-ecny5\"><span class=\"brz-cp-color2\">En free!ndeed no leemos tus respuestas. Tus respuestas ser\u00e1n enviadas a ti y a tu compa\u00f1ero de responsabilidad en formato PDF. Entonces solo ustedes dos leer\u00e1n tus respuestas. Despu\u00e9s de la creaci\u00f3n del PDF y el env\u00edo de todas las respuestas de la unidad se eliminar\u00e1n en nuestros servidores.<\/span><\/p>\n<\/div>\n<\/div>\n<\/div>\n<\/div>\n<\/div>\n<\/div>\n<\/div>\n<\/div>\n<\/div>\n<\/div>\n<\/section>\n<\/div>\n<p>    <!-- version:1737683252 --><\/p>\n","protected":false},"excerpt":{"rendered":"<p>PREGUNTAS FRECUENTES \u00bfQue sucede con mi informaci\u00f3n? Damos gran importancia al hecho de que tus datos est\u00e9n seguros con nosotros. Despu\u00e9s de cada unidad, se genera un PDF y se te env\u00eda por correo electr\u00f3nico. Este PDF se eliminar\u00e1 de nuestro servidor tan pronto como se env\u00eda. Esto significa que no tenemos ning\u00fan dato de [&hellip;]<\/p>\n","protected":false},"author":3,"featured_media":0,"parent":0,"menu_order":0,"comment_status":"closed","ping_status":"closed","template":"brizy-blank-template.php","meta":{"site-sidebar-layout":"default","site-content-layout":"default","ast-site-content-layout":"default","site-content-style":"default","site-sidebar-style":"default","ast-global-header-display":"","ast-banner-title-visibility":"","ast-main-header-display":"","ast-hfb-above-header-display":"","ast-hfb-below-header-display":"","ast-hfb-mobile-header-display":"","site-post-title":"","ast-breadcrumbs-content":"","ast-featured-img":"","footer-sml-layout":"","ast-disable-related-posts":"","theme-transparent-header-meta":"default","adv-header-id-meta":"","stick-header-meta":"default","header-above-stick-meta":"","header-main-stick-meta":"","header-below-stick-meta":"","astra-migrate-meta-layouts":"default","ast-page-background-enabled":"default","ast-page-background-meta":{"desktop":{"background-color":"","background-image":"","background-repeat":"repeat","background-position":"center center","background-size":"auto","background-attachment":"scroll","background-type":"","background-media":"","overlay-type":"","overlay-color":"","overlay-opacity":"","overlay-gradient":""},"tablet":{"background-color":"","background-image":"","background-repeat":"repeat","background-position":"center center","background-size":"auto","background-attachment":"scroll","background-type":"","background-media":"","overlay-type":"","overlay-color":"","overlay-opacity":"","overlay-gradient":""},"mobile":{"background-color":"","background-image":"","background-repeat":"repeat","background-position":"center center","background-size":"auto","background-attachment":"scroll","background-type":"","background-media":"","overlay-type":"","overlay-color":"","overlay-opacity":"","overlay-gradient":""}},"ast-content-background-meta":{"desktop":{"background-color":"var(--ast-global-color-5)","background-image":"","background-repeat":"repeat","background-position":"center center","background-size":"auto","background-attachment":"scroll","background-type":"","background-media":"","overlay-type":"","overlay-color":"","overlay-opacity":"","overlay-gradient":""},"tablet":{"background-color":"var(--ast-global-color-5)","background-image":"","background-repeat":"repeat","background-position":"center center","background-size":"auto","background-attachment":"scroll","background-type":"","background-media":"","overlay-type":"","overlay-color":"","overlay-opacity":"","overlay-gradient":""},"mobile":{"background-color":"var(--ast-global-color-5)","background-image":"","background-repeat":"repeat","background-position":"center center","background-size":"auto","background-attachment":"scroll","background-type":"","background-media":"","overlay-type":"","overlay-color":"","overlay-opacity":"","overlay-gradient":""}},"footnotes":""},"folder":[],"class_list":["post-22578","page","type-page","status-publish","hentry"],"publishpress_future_action":{"enabled":false,"date":"2026-04-16 13:43:25","action":"change-status","newStatus":"draft","terms":[],"taxonomy":"translation_priority","extraData":[]},"publishpress_future_workflow_manual_trigger":{"enabledWorkflows":[]},"brizy_media":[],"_links":{"self":[{"href":"https:\/\/free-indeed.com\/es\/wp-json\/wp\/v2\/pages\/22578","targetHints":{"allow":["GET"]}}],"collection":[{"href":"https:\/\/free-indeed.com\/es\/wp-json\/wp\/v2\/pages"}],"about":[{"href":"https:\/\/free-indeed.com\/es\/wp-json\/wp\/v2\/types\/page"}],"author":[{"embeddable":true,"href":"https:\/\/free-indeed.com\/es\/wp-json\/wp\/v2\/users\/3"}],"replies":[{"embeddable":true,"href":"https:\/\/free-indeed.com\/es\/wp-json\/wp\/v2\/comments?post=22578"}],"version-history":[{"count":0,"href":"https:\/\/free-indeed.com\/es\/wp-json\/wp\/v2\/pages\/22578\/revisions"}],"wp:attachment":[{"href":"https:\/\/free-indeed.com\/es\/wp-json\/wp\/v2\/media?parent=22578"}],"wp:term":[{"taxonomy":"folder","embeddable":true,"href":"https:\/\/free-indeed.com\/es\/wp-json\/wp\/v2\/folder?post=22578"}],"curies":[{"name":"wp","href":"https:\/\/api.w.org\/{rel}","templated":true}]}}