{"id":22723,"date":"2019-01-28T15:13:36","date_gmt":"2019-01-28T14:13:36","guid":{"rendered":"http:\/\/free-indeed.com\/join-us\/"},"modified":"2026-03-28T08:27:31","modified_gmt":"2026-03-28T07:27:31","slug":"unirse","status":"publish","type":"page","link":"https:\/\/free-indeed.com\/es\/unirse\/","title":{"rendered":"Unirse"},"content":{"rendered":"<div class=\"brz-root__container brz-reset-all brz brz-root__container-page\">\n<section id=\"_snnvravfptbiszuutoautvaalyhfyqloiqaw\" class=\"brz-section brz-css-1vmk4xf\">\n<div class=\"brz-section__content brz-section--boxed brz-css-p0ct5b brz-css-3adj6\" data-brz-custom-id=\"prteicbosvuznwyhyzxmquazctdbdlkeryhd\">\n<div class=\"brz-bg\">\n<div class=\"brz-bg-image\"><\/div>\n<div class=\"brz-bg-color\"><\/div>\n<\/div>\n<div class=\"brz-container brz-css-1qr87fj brz-css-eaaokx\">\n<div id=\"\" class=\"brz-css-1qonf0w brz-css-cpo5nm brz-wrapper\">\n<div class=\"brz-spacer brz-css-1lp9ifg brz-css-1yds3i1\"><\/div>\n<\/div>\n<div class=\"brz-row__container brz-css-p0hpt4\" data-brz-custom-id=\"oeivzuvhtpkfeqpajgiphzqhzipxkoztgivk\">\n<div class=\"brz-bg\"><\/div>\n<div class=\"brz-row brz-css-1ixs9p9 brz-css-1ikg0mv\">\n<div class=\"brz-columns brz-css-1n3kr37 brz-css-o966c3\" data-brz-custom-id=\"rqxhgnhikxgadvpwydtifxcwaegsabofwmvw\">\n<div class=\"brz-bg\"><\/div>\n<div class=\"brz-column__items brz-css-wvpkgv brz-css-smrx77\">\n<div id=\"\" class=\"brz-css-1qonf0w brz-css-cpo5nm brz-wrapper\">\n<div class=\"brz-spacer brz-css-1lp9ifg brz-css-1a8aubb\"><\/div>\n<\/div>\n<\/div>\n<\/div>\n<\/div>\n<\/div>\n<\/div>\n<\/div>\n<\/section>\n<section id=\"_hmrqwhuspeqqhywvooustvvnvqvsgnmjypht\" class=\"brz-section brz-css-1vmk4xf\">\n<div class=\"brz-section__content brz-section--boxed brz-css-p0ct5b brz-css-1d28a24\" data-brz-custom-id=\"dsqtkdrwslubltfbpgybvqnnegzckhrhhpsx\">\n<div class=\"brz-bg\">\n<div class=\"brz-bg-color\"><\/div>\n<\/div>\n<div class=\"brz-container brz-css-1qr87fj brz-css-11mvfyz\">\n<div id=\"\" class=\"brz-css-1qonf0w brz-wrapper\">\n<div class=\"brz-rich-text brz-rich-text__custom brz-css-1mh5h88\" data-brz-custom-id=\"wvngkylvpdydrshoznhuluavqrkfhhwhmnru\">\n<div data-brz-translate-text=\"1\">\n<h1 class=\"brz-fw-xs-200 brz-fw-sm-undefined brz-fw-lg-400 brz-ft-google brz-ff-josefin_sans brz-ls-xs-m_2 brz-ls-sm-undefined brz-ls-lg-m_3_5 brz-fs-xs-35 brz-fs-sm-undefined brz-fs-lg-61 brz-lh-xs-1_5 brz-lh-sm-undefined brz-lh-lg-1_3 brz-text-lg-center brz-tp-lg-vplvqbxkzoevlgwfrrmsrpvgbqplufnlrjag brz-css-mZA2h\" data-uniq-id=\"eiuxs\" data-generated-css=\"brz-css-zdhfo\"><span class=\"brz-cp-color2\">\u00a1SE PARTE DE NUESTRO EQUIPO!<\/span><\/h1>\n<\/div>\n<\/div>\n<\/div>\n<div id=\"\" class=\"brz-css-1qonf0w brz-css-ycmcxb brz-wrapper\">\n<div class=\"brz-rich-text brz-rich-text__custom brz-css-1mh5h88\" data-brz-custom-id=\"lyzozfcndyyxwljdvcpsvnvkrddbizalnssn\">\n<div data-brz-translate-text=\"1\">\n<p class=\"brz-text-lg-center brz-tp-paragraph brz-css-nYzuh\"><span class=\"brz-cp-color7\">\u00bfSientes una pasi\u00f3n por la libertad, la pureza y la restauraci\u00f3n? Actualmente estamos en una fase de crecimiento importante y estamos en b\u00fasqueda de personas incre\u00edbles que nos ayuden a expandir el mensaje de la libertad en las siguientes \u00e1reas:  <\/span><em class=\"brz-cp-color7\" style=\"background-color: transparent\"> <\/em><\/p>\n<\/div>\n<\/div>\n<\/div>\n<div id=\"\" class=\"brz-css-1qonf0w brz-css-cpo5nm brz-wrapper\">\n<div class=\"brz-spacer brz-css-1lp9ifg brz-css-1bgp572\"><\/div>\n<\/div>\n<div class=\"brz-wrapper-clone brz-css-jnr6b7\">\n<div class=\"brz-d-xs-flex brz-flex-xs-wrap brz-css-1lhb44b\" data-brz-custom-id=\"\">\n<div class=\"brz-wrapper-clone__item\" id=\"urmxgzbfwmxmfcobjufijargdhrjrblgzxii\"><a class=\"brz-a brz-btn brz-css-618w59 brz-css-rrfkwr brz-css-naz3u2 brz-css-bnh40q\" href=\"https:\/\/free-indeed.com\/wp-content\/uploads\/2020\/07\/Puestos-Disponibles.pdf\" target=\"_blank\" rel=\"noopener\" data-brz-link-type=\"upload\" data-brz-custom-id=\"urmxgzbfwmxmfcobjufijargdhrjrblgzxii\"><span data-brz-translate-text=\"1\" class=\"brz-span brz-text__editor\">QUIERO SABER M\u00c1S<\/span><\/a><\/div>\n<\/div>\n<\/div>\n<\/div>\n<\/div>\n<\/section>\n<section id=\"_wwpbvfdzgkgjvmgstuqqrompztlnegjzqthf\" class=\"brz-section brz-css-1vmk4xf\">\n<div class=\"brz-section__content brz-section--boxed brz-css-p0ct5b brz-css-xmcxsb\" data-brz-custom-id=\"tkwirhqksjglwopjwhjoxoayadwkmxsvyifv\">\n<div class=\"brz-bg\">\n<div class=\"brz-bg-color\"><\/div>\n<\/div>\n<div class=\"brz-container brz-css-1qr87fj\">\n<div id=\"\" class=\"brz-css-1qonf0w brz-wrapper\">\n<div class=\"brz-rich-text brz-rich-text__custom brz-css-1mh5h88\" data-brz-custom-id=\"ugjqrnbqgisnxepwnsoxeucnxtsnuoazhqzo\">\n<div data-brz-translate-text=\"1\">\n<p class=\"brz-ls-xs-1_5 brz-lh-lg-1_3 brz-lh-sm-undefined brz-lh-xs-1_5 brz-ls-lg-m_3_5 brz-ls-sm-undefined brz-ff-josefin_sans brz-ft-google brz-fw-lg-400 brz-fw-sm-undefined brz-fw-xs-200 brz-text-lg-center brz-fs-lg-37 brz-fs-sm-36 brz-fs-xs-12 brz-tp-lg-qekheiqqtanfdomynnndvodhqpwqtqbmqcig brz-css-dpuFO\" data-uniq-id=\"lcngu\" data-generated-css=\"brz-css-xbevs\"><span class=\"brz-cp-color2\">\u00a1INICIA TU PROCESO DE APLICACI\u00d3N HOY MISMO!<\/span><\/p>\n<\/div>\n<\/div>\n<\/div>\n<div class=\"brz-row__container brz-css-p0hpt4\" data-brz-custom-id=\"jkgznqmdgpnldwpajsfjoyhmburikjnjortp\">\n<div class=\"brz-bg\"><\/div>\n<div class=\"brz-row brz-css-1ixs9p9 brz-css-1ikg0mv\">\n<div class=\"brz-columns brz-css-1n3kr37\" data-brz-custom-id=\"elrlycfxyglgkgrvwovxszsjpjieyifbfxhx\">\n<div class=\"brz-bg\"><\/div>\n<div class=\"brz-column__items brz-css-wvpkgv\">\n<div id=\"\" class=\"brz-css-1qonf0w brz-wrapper\">\n<div class=\"brz-rich-text brz-rich-text__custom brz-css-1mh5h88\" data-brz-custom-id=\"hpflphybnlobfhxinrmbtcaesdbwipuabqeb\">\n<div data-brz-translate-text=\"1\">\n<h4 class=\"brz-tp-heading4 brz-css-nFXEG\"><span class=\"brz-cp-color2\">Voluntario o Pionero de Free!ndeed<\/span><\/h4>\n<\/div>\n<\/div>\n<\/div>\n<div id=\"\" class=\"brz-css-1qonf0w brz-css-1w18td8 brz-wrapper\">\n<div class=\"brz-rich-text brz-rich-text__custom brz-css-1mh5h88\" data-brz-custom-id=\"lpnjbdcxeizorqmjqpvvbhszkzbpgmxekjqv\">\n<div data-brz-translate-text=\"1\">\n<p class=\"brz-tp-paragraph brz-css-r83o0\">\u00bfEst\u00e1s interesado en ponerte al servicio de Dios o te preguntas sobre si este sera tu llamado? \u00bfPor un tiempo entre 2-6 meses te gustar\u00eda ayudar y aprender sobre el ministerio a tiempo completo? Nosotros te entrenamos y equipamos para llevar el mensaje de la libertad.<\/p>\n<\/div>\n<\/div>\n<\/div>\n<div class=\"brz-wrapper-clone brz-css-jnr6b7\">\n<div class=\"brz-d-xs-flex brz-flex-xs-wrap brz-css-1lhb44b brz-css-1dpiq0d\" data-brz-custom-id=\"\">\n<div class=\"brz-wrapper-clone__item\" id=\"vfqvfcusvhqqjmmwfzjjmgsxtqblvpkwfutt\"><a class=\"brz-a brz-btn brz-css-618w59 brz-css-xxmanp brz-css-naz3u2 brz-css-utzmbk\" href=\"https:\/\/forms.monday.com\/forms\/5f9541276f5d525683149db072a60bf5\" target=\"_self\" rel=\"noopener\" data-brz-link-type=\"external\" data-brz-custom-id=\"vfqvfcusvhqqjmmwfzjjmgsxtqblvpkwfutt\"><span data-brz-translate-text=\"1\" class=\"brz-span brz-text__editor\">&nbsp;CONOCER M\u00c1S&nbsp;<\/span><\/a><\/div>\n<\/div>\n<\/div>\n<\/div>\n<\/div>\n<div class=\"brz-columns brz-css-1n3kr37 brz-css-1uh9i25\" data-brz-custom-id=\"jmvedsfgcenmdzclqqvkwtntsbtdumpeuyff\">\n<div class=\"brz-bg\"><\/div>\n<div class=\"brz-column__items brz-css-wvpkgv brz-css-rjbdj6\">\n<div id=\"\" class=\"brz-css-1qonf0w brz-wrapper\">\n<div class=\"brz-image brz-css-ltgu8n\" data-brz-custom-id=\"hmilowevjdilvbsnzozrqtgfeymihsblhoab\"><img decoding=\"async\" class=\"brz-img\" src=\"https:\/\/free-indeed.com\/es?brizy_media=wp-9ccb3951c5a7b7f217ba70c9656745c5&amp;brizy_crop=iW%3D485%26iH%3D324%26oX%3D0%26oY%3D0%26cW%3D485%26cH%3D265\" alt=\"\" loading=\"lazy\"><\/div>\n<\/div>\n<\/div>\n<\/div>\n<\/div>\n<\/div>\n<div id=\"\" class=\"brz-css-1qonf0w brz-css-cpo5nm brz-css-aolmu8 brz-wrapper\">\n<div class=\"brz-spacer brz-css-1lp9ifg brz-css-9ksy7y\"><\/div>\n<\/div>\n<div class=\"brz-row__container brz-css-p0hpt4 brz-css-zv2gky\" data-brz-custom-id=\"qpzjkkxqrzxdqdbytbbcszszzsnbvnjogxuk\">\n<div class=\"brz-bg\"><\/div>\n<div class=\"brz-row brz-css-1ixs9p9 brz-css-1ikg0mv\">\n<div class=\"brz-columns brz-css-1n3kr37 brz-css-18zsu0x\" data-brz-custom-id=\"xlatmmdudafkmnipiwaouhctwrxtfwvplkkw\">\n<div class=\"brz-bg\"><\/div>\n<div class=\"brz-column__items brz-css-wvpkgv brz-css-17lkhx8\">\n<div id=\"\" class=\"brz-css-1qonf0w brz-wrapper\">\n<div class=\"brz-image brz-css-17d1p7f\" data-brz-custom-id=\"vcfgsvyasjcmaaiazaklpfckxcesyrbpmayh\"><img decoding=\"async\" class=\"brz-img\" src=\"https:\/\/free-indeed.com\/es?brizy_media=wp-ca4ad0439a06f73ed92150f0047b355a&amp;brizy_crop=iW%3D465%26iH%3D223%26oX%3D17%26oY%3D0%26cW%3D403%26cH%3D219\" alt=\"\" loading=\"lazy\"><\/div>\n<\/div>\n<\/div>\n<\/div>\n<div class=\"brz-columns brz-css-1n3kr37 brz-css-a2cswi\" data-brz-custom-id=\"aoyzicdckpancinypwprpgnsvlbgnfcbuode\">\n<div class=\"brz-bg\"><\/div>\n<div class=\"brz-column__items brz-css-wvpkgv\">\n<div id=\"\" class=\"brz-css-1qonf0w brz-wrapper\">\n<div class=\"brz-rich-text brz-rich-text__custom brz-css-1mh5h88\" data-brz-custom-id=\"dnabmuectzhjrvhvmpsxzssytxzshtfhanga\">\n<div data-brz-translate-text=\"1\">\n<h4 class=\"brz-tp-heading4 brz-css-tFWif\"><span class=\"brz-cp-color2\">Interno en Free!ndeed<\/span><\/h4>\n<\/div>\n<\/div>\n<\/div>\n<div id=\"\" class=\"brz-css-1qonf0w brz-css-1lmtrjg brz-wrapper\">\n<div class=\"brz-rich-text brz-rich-text__custom brz-css-1mh5h88\" data-brz-custom-id=\"kpvjnhbnzpmqeudyqfqdcyoavwanqomfjqaq\">\n<div data-brz-translate-text=\"1\">\n<p class=\"brz-tp-paragraph brz-css-bOJoC\">Buscamos personas que lleven la visi\u00f3n de la libertad en sus corazones y que sientan un llamado a servir activamente en el ministerio, ya sea a mitad o tiempo completo . \u00a1Estamos deseando tener noticias tuyas!<\/p>\n<\/div>\n<\/div>\n<\/div>\n<div class=\"brz-wrapper-clone brz-css-jnr6b7\">\n<div class=\"brz-d-xs-flex brz-flex-xs-wrap brz-css-1lhb44b brz-css-18q4prb\" data-brz-custom-id=\"\">\n<div class=\"brz-wrapper-clone__item\" id=\"unwrntelysmcuhlkymkmmmbrjizykdvaiuhx\"><a class=\"brz-a brz-btn brz-css-618w59 brz-css-1v1f3ah brz-css-naz3u2 brz-css-is1tl6\" href=\"https:\/\/forms.monday.com\/forms\/5f9541276f5d525683149db072a60bf5\" target=\"_self\" rel=\"noopener\" data-brz-link-type=\"external\" data-brz-custom-id=\"unwrntelysmcuhlkymkmmmbrjizykdvaiuhx\"><span data-brz-translate-text=\"1\" class=\"brz-span brz-text__editor\">&nbsp;CONOCER M\u00c1S&nbsp;<\/span><\/a><\/div>\n<\/div>\n<\/div>\n<\/div>\n<\/div>\n<\/div>\n<\/div>\n<\/div>\n<\/div>\n<\/section>\n<section id=\"_omifjrcazwxamoysachmwofignnknlwosofx\" class=\"brz-section brz-css-1vmk4xf\">\n<div class=\"brz-section__content brz-section--boxed brz-css-p0ct5b brz-css-1e5ugt8\" data-brz-custom-id=\"xzfiszdpevsoxuiaofxzhpftoopnmynaiwnl\">\n<div class=\"brz-bg\">\n<div class=\"brz-bg-color\"><\/div>\n<\/div>\n<div class=\"brz-container brz-css-1qr87fj\">\n<div class=\"brz-row__container brz-css-p0hpt4\" data-brz-custom-id=\"wxsbywcjoewctbwwwngwmjactbzsepxysybl\">\n<div class=\"brz-bg\"><\/div>\n<div class=\"brz-row brz-css-1ixs9p9 brz-css-1ikg0mv\">\n<div class=\"brz-columns brz-css-1n3kr37\" data-brz-custom-id=\"khrwrvcszyrlninxzcdbqecvblejrtsjiazt\">\n<div class=\"brz-bg\"><\/div>\n<div class=\"brz-column__items brz-css-wvpkgv\">\n<div id=\"\" class=\"brz-css-1qonf0w brz-wrapper\">\n<div class=\"brz-rich-text brz-rich-text__custom brz-css-1mh5h88\" data-brz-custom-id=\"wtkmblflxmxwzjubdkxjkqluljrmiounfnlu\">\n<div data-brz-translate-text=\"1\">\n<h4 class=\"brz-tp-heading4 brz-css-y05Dn\"><span class=\"brz-cp-color2\">Staff de Free!ndeed<\/span><\/h4>\n<\/div>\n<\/div>\n<\/div>\n<div id=\"\" class=\"brz-css-1qonf0w brz-css-1bxqywb brz-wrapper\">\n<div class=\"brz-rich-text brz-rich-text__custom brz-css-1mh5h88\" data-brz-custom-id=\"xiemkolxifcucwvbeuwizwdchikmtjeqjvnk\">\n<div data-brz-translate-text=\"1\">\n<p class=\"brz-tp-paragraph brz-css-sj7wn\">\u00bfTienes un llamado claro a servir a tiempo completo y expandir el mensaje de la libertad, la pureza y la restauraci\u00f3n? \u00a1Queremos saber m\u00e1s de ti!<\/p>\n<\/div>\n<\/div>\n<\/div>\n<div class=\"brz-wrapper-clone brz-css-jnr6b7\">\n<div class=\"brz-d-xs-flex brz-flex-xs-wrap brz-css-1lhb44b brz-css-1oud1uf\" data-brz-custom-id=\"\">\n<div class=\"brz-wrapper-clone__item\" id=\"libpiztfcmjdoepjdthghzyibjdbjxkcbkax\"><a class=\"brz-a brz-btn brz-css-618w59 brz-css-16s1v3q brz-css-naz3u2 brz-css-1drknw6\" href=\"https:\/\/forms.monday.com\/forms\/5f9541276f5d525683149db072a60bf5\" target=\"_self\" rel=\"noopener\" data-brz-link-type=\"external\" data-brz-custom-id=\"libpiztfcmjdoepjdthghzyibjdbjxkcbkax\"><span data-brz-translate-text=\"1\" class=\"brz-span brz-text__editor\">&nbsp;CONOCER M\u00c1S&nbsp;<\/span><\/a><\/div>\n<\/div>\n<\/div>\n<\/div>\n<\/div>\n<div class=\"brz-columns brz-css-1n3kr37 brz-css-1s4z6w2\" data-brz-custom-id=\"muycbvjymfktqztwpbhglowjzjhmhhgwedwu\">\n<div class=\"brz-bg\"><\/div>\n<div class=\"brz-column__items brz-css-wvpkgv brz-css-11bz8fp\">\n<div id=\"\" class=\"brz-css-1qonf0w brz-wrapper\">\n<div class=\"brz-image brz-css-r5ucr5\" data-brz-custom-id=\"saxnrycwrbfjrhivktpjxcnwdsyuczeabhxh\"><img decoding=\"async\" class=\"brz-img\" src=\"https:\/\/free-indeed.com\/es?brizy_media=wp-1b8c7b1038e2c370c5600ba2c899f90d&amp;brizy_crop=iW%3D485%26iH%3D323%26oX%3D0%26oY%3D29%26cW%3D485%26cH%3D265\" alt=\"\" loading=\"lazy\"><\/div>\n<\/div>\n<\/div>\n<\/div>\n<\/div>\n<\/div>\n<div id=\"\" class=\"brz-css-1qonf0w brz-css-cpo5nm brz-css-vb14bj brz-wrapper\">\n<div class=\"brz-spacer brz-css-1lp9ifg brz-css-1asa5l\"><\/div>\n<\/div>\n<\/div>\n<\/div>\n<\/section>\n<\/div>\n<p>    <!-- version:1737822067 --><\/p>\n","protected":false},"excerpt":{"rendered":"<p>\u00a1SE PARTE DE NUESTRO EQUIPO! \u00bfSientes una pasi\u00f3n por la libertad, la pureza y la restauraci\u00f3n? Actualmente estamos en una fase de crecimiento importante y estamos en b\u00fasqueda de personas incre\u00edbles que nos ayuden a expandir el mensaje de la libertad en las siguientes \u00e1reas: QUIERO SABER M\u00c1S \u00a1INICIA TU PROCESO DE APLICACI\u00d3N HOY MISMO! [&hellip;]<\/p>\n","protected":false},"author":3,"featured_media":0,"parent":0,"menu_order":0,"comment_status":"closed","ping_status":"closed","template":"brizy-blank-template.php","meta":{"site-sidebar-layout":"default","site-content-layout":"default","ast-site-content-layout":"default","site-content-style":"default","site-sidebar-style":"default","ast-global-header-display":"","ast-banner-title-visibility":"","ast-main-header-display":"","ast-hfb-above-header-display":"","ast-hfb-below-header-display":"","ast-hfb-mobile-header-display":"","site-post-title":"","ast-breadcrumbs-content":"","ast-featured-img":"","footer-sml-layout":"","ast-disable-related-posts":"","theme-transparent-header-meta":"default","adv-header-id-meta":"","stick-header-meta":"default","header-above-stick-meta":"","header-main-stick-meta":"","header-below-stick-meta":"","astra-migrate-meta-layouts":"default","ast-page-background-enabled":"default","ast-page-background-meta":{"desktop":{"background-color":"","background-image":"","background-repeat":"repeat","background-position":"center center","background-size":"auto","background-attachment":"scroll","background-type":"","background-media":"","overlay-type":"","overlay-color":"","overlay-opacity":"","overlay-gradient":""},"tablet":{"background-color":"","background-image":"","background-repeat":"repeat","background-position":"center center","background-size":"auto","background-attachment":"scroll","background-type":"","background-media":"","overlay-type":"","overlay-color":"","overlay-opacity":"","overlay-gradient":""},"mobile":{"background-color":"","background-image":"","background-repeat":"repeat","background-position":"center center","background-size":"auto","background-attachment":"scroll","background-type":"","background-media":"","overlay-type":"","overlay-color":"","overlay-opacity":"","overlay-gradient":""}},"ast-content-background-meta":{"desktop":{"background-color":"var(--ast-global-color-5)","background-image":"","background-repeat":"repeat","background-position":"center center","background-size":"auto","background-attachment":"scroll","background-type":"","background-media":"","overlay-type":"","overlay-color":"","overlay-opacity":"","overlay-gradient":""},"tablet":{"background-color":"var(--ast-global-color-5)","background-image":"","background-repeat":"repeat","background-position":"center center","background-size":"auto","background-attachment":"scroll","background-type":"","background-media":"","overlay-type":"","overlay-color":"","overlay-opacity":"","overlay-gradient":""},"mobile":{"background-color":"var(--ast-global-color-5)","background-image":"","background-repeat":"repeat","background-position":"center center","background-size":"auto","background-attachment":"scroll","background-type":"","background-media":"","overlay-type":"","overlay-color":"","overlay-opacity":"","overlay-gradient":""}},"footnotes":""},"folder":[],"class_list":["post-22723","page","type-page","status-publish","hentry"],"publishpress_future_action":{"enabled":false,"date":"2026-04-16 13:37:02","action":"change-status","newStatus":"draft","terms":[],"taxonomy":"translation_priority","extraData":[]},"publishpress_future_workflow_manual_trigger":{"enabledWorkflows":[]},"brizy_media":[{"id":18722,"url":"https:\/\/free-indeed.com\/wp-content\/uploads\/2019\/05\/4042394a1a3db678a24c9e36ad2066890090e84a.jpeg","name":"4042394a1a3db678a24c9e36ad2066890090e84a.jpeg","meta":{"brizy_attachment_uid":"wp-1b8c7b1038e2c370c5600ba2c899f90d","brizy_post_uid":["8a2c7357282cb4628c5d27cb397f35b9"]}},{"id":18755,"url":"https:\/\/free-indeed.com\/wp-content\/uploads\/2019\/05\/61598acd0ab9e4490a075862635b55c1c31e3a51.jpeg","name":"61598acd0ab9e4490a075862635b55c1c31e3a51.jpeg","meta":{"brizy_attachment_uid":"wp-ca4ad0439a06f73ed92150f0047b355a","brizy_post_uid":["8a2c7357282cb4628c5d27cb397f35b9"]}},{"id":18843,"url":"https:\/\/free-indeed.com\/wp-content\/uploads\/2019\/05\/caleb-george-144975-unsplash-1.jpg","name":"caleb-george-144975-unsplash-1.jpg","meta":{"brizy_attachment_uid":"wp-ac6af08c85b19cb79ac759af17b92c31","brizy_post_uid":["8a2c7357282cb4628c5d27cb397f35b9"]}},{"id":18859,"url":"https:\/\/free-indeed.com\/wp-content\/uploads\/2019\/05\/ben-white-139141-unsplash.jpg","name":"ben-white-139141-unsplash.jpg","meta":{"brizy_attachment_uid":"wp-9ccb3951c5a7b7f217ba70c9656745c5","brizy_post_uid":["8a2c7357282cb4628c5d27cb397f35b9"]}},{"id":25009,"url":"https:\/\/free-indeed.com\/wp-content\/uploads\/2019\/11\/Man-with-Flag-2-2.jpeg","name":"Man-with-Flag-2-2.jpeg","meta":{"brizy_attachment_uid":"wp-18c1838464724717d3d7858b8f6cde70","brizy_post_uid":["8a2c7357282cb4628c5d27cb397f35b9"]}},{"id":43711,"url":"https:\/\/free-indeed.com\/wp-content\/uploads\/brizy\/43414\/assets\/images\/5b6d52a833b9e09222d4cb618a1eb076919df430.jpeg","name":"5b6d52a833b9e09222d4cb618a1eb076919df430.jpeg","meta":{"brizy_attachment_uid":"5b6d52a833b9e09222d4cb618a1eb076919df430.jpeg","brizy_post_uid":["8a2c7357282cb4628c5d27cb397f35b9"]}},{"id":43713,"url":"https:\/\/free-indeed.com\/wp-content\/uploads\/brizy\/43414\/assets\/images\/93456b9ece351122db2d320d85b32ea9f0c48866.jpeg","name":"93456b9ece351122db2d320d85b32ea9f0c48866.jpeg","meta":{"brizy_attachment_uid":"93456b9ece351122db2d320d85b32ea9f0c48866.jpeg","brizy_post_uid":["8a2c7357282cb4628c5d27cb397f35b9"]}}],"_links":{"self":[{"href":"https:\/\/free-indeed.com\/es\/wp-json\/wp\/v2\/pages\/22723","targetHints":{"allow":["GET"]}}],"collection":[{"href":"https:\/\/free-indeed.com\/es\/wp-json\/wp\/v2\/pages"}],"about":[{"href":"https:\/\/free-indeed.com\/es\/wp-json\/wp\/v2\/types\/page"}],"author":[{"embeddable":true,"href":"https:\/\/free-indeed.com\/es\/wp-json\/wp\/v2\/users\/3"}],"replies":[{"embeddable":true,"href":"https:\/\/free-indeed.com\/es\/wp-json\/wp\/v2\/comments?post=22723"}],"version-history":[{"count":0,"href":"https:\/\/free-indeed.com\/es\/wp-json\/wp\/v2\/pages\/22723\/revisions"}],"wp:attachment":[{"href":"https:\/\/free-indeed.com\/es\/wp-json\/wp\/v2\/media?parent=22723"}],"wp:term":[{"taxonomy":"folder","embeddable":true,"href":"https:\/\/free-indeed.com\/es\/wp-json\/wp\/v2\/folder?post=22723"}],"curies":[{"name":"wp","href":"https:\/\/api.w.org\/{rel}","templated":true}]}}