{"id":22738,"date":"2019-05-25T00:26:16","date_gmt":"2019-05-24T22:26:16","guid":{"rendered":"http:\/\/free-indeed.com\/our-partners\/"},"modified":"2026-03-31T11:48:33","modified_gmt":"2026-03-31T09:48:33","slug":"our-partners","status":"publish","type":"page","link":"https:\/\/free-indeed.com\/es\/our-partners\/","title":{"rendered":"Our Partners"},"content":{"rendered":"<div class=\"brz-root__container brz-reset-all brz brz-root__container-page\">\n<section id=\"_uepnwmfhxhynweazzvxcpbggdfszgtcdluya\" class=\"brz-section brz-css-1f7pyh5\">\n<div class=\"brz-section__content brz-section--boxed brz-css-10yy41m brz-css-1l7cxho\" data-brz-custom-id=\"ruqotfewqiwigpsklxsmyucskkrohvqfxtrd\">\n<div class=\"brz-bg\">\n<div class=\"brz-bg-image\"><\/div>\n<div class=\"brz-bg-color\"><\/div>\n<\/div>\n<div class=\"brz-container brz-css-wipusn\">\n<div id=\"\" class=\"brz-css-1mkgdr7 brz-css-1md5503 brz-wrapper\">\n<div class=\"brz-rich-text brz-rich-text__custom brz-css-10duzy3\" data-brz-custom-id=\"sryittaoiedfecgcyvyvfvrhlowxnmtdngxe\">\n<div data-brz-translate-text=\"1\">\n<h1 class=\"brz-tp-heading1 brz-text-lg-center brz-css-f79Vt\"><span class=\"brz-cp-color2\">NUESTROS SOCIOS<\/span><\/h1>\n<\/div>\n<\/div>\n<\/div>\n<div id=\"\" class=\"brz-css-1mkgdr7 brz-css-1uc1u4s brz-wrapper\">\n<div class=\"brz-spacer brz-css-159ytkd brz-css-njlg87\"><\/div>\n<\/div>\n<div class=\"brz-row__container brz-css-128ri2c\" data-brz-custom-id=\"siulfjswuphbdancfmsecktrsyiwhsiwvgmb\">\n<div class=\"brz-bg\"><\/div>\n<div class=\"brz-row brz-css-1qyywfa brz-css-1kvkrny\">\n<div class=\"brz-columns brz-css-3gb9ky brz-css-u884fa\" data-brz-custom-id=\"futsdareupvnjhpuwejefedmgvoidggublzr\">\n<div class=\"brz-bg\">\n<div class=\"brz-bg-color\"><\/div>\n<\/div>\n<div class=\"brz-column__items brz-css-1kckmzs brz-css-lrary9\">\n<div id=\"\" class=\"brz-css-1mkgdr7 brz-wrapper\">\n<div class=\"brz-rich-text brz-rich-text__custom brz-css-10duzy3\" data-brz-custom-id=\"khndjcorbdzedxlaqkbgqkmonwjcwrqnerrx\">\n<div data-brz-translate-text=\"1\">\n<h4 class=\"brz-fw-xs-500 brz-tp-heading4 brz-css-ahwDq\"><span class=\"brz-cp-color2\">Matthias Hahn <\/span><\/h4>\n<h4 class=\"brz-fw-sm-400 brz-fs-sm-20 brz-tp-heading4 brz-css-kGPgs\"><span class=\"brz-cp-color2\">Consultor\u00eda <\/span><\/h4>\n<\/div>\n<\/div>\n<\/div>\n<div id=\"\" class=\"brz-css-1mkgdr7 brz-css-1tjnyi brz-wrapper\">\n<div class=\"brz-image brz-css-t4582r\" data-brz-custom-id=\"pgpaqrnabldutrlgdanudjcizbekojwacohr\"><a class=\"brz-a\" href=\"https:\/\/hahn-it-consulting.de\/\" target=\"_self\" rel=\"noopener\" data-brz-link-type=\"external\"><img decoding=\"async\" class=\"brz-img\" src=\"https:\/\/free-indeed.com\/es?brizy_media=wp-88a105085403fbe154ddb36cf76e277c&amp;brizy_crop=iW%3D290%26iH%3D60%26oX%3D0%26oY%3D0%26cW%3D290%26cH%3D60\" alt=\"\" loading=\"lazy\"><\/a><\/div>\n<\/div>\n<div id=\"\" class=\"brz-css-1mkgdr7 brz-css-1uc1u4s brz-wrapper\">\n<div class=\"brz-spacer brz-css-159ytkd brz-css-1xhej4d\"><\/div>\n<\/div>\n<div id=\"\" class=\"brz-css-1mkgdr7 brz-css-1uc1u4s brz-wrapper\">\n<div class=\"brz-spacer brz-css-159ytkd brz-css-dcy6kc\"><\/div>\n<\/div>\n<div class=\"brz-row__container brz-css-128ri2c\" data-brz-custom-id=\"iraicfylkpahycmkpzddeorovksfcbvulwqs\">\n<div class=\"brz-bg\"><\/div>\n<div class=\"brz-row brz-row--inner brz-css-1qyywfa brz-css-1kvkrny\">\n<div class=\"brz-columns brz-css-3gb9ky brz-css-1dnoivh\" data-brz-custom-id=\"nvgweyntghlzbhydxycttqhpzxmlcwrukwml\">\n<div class=\"brz-bg\"><\/div>\n<div class=\"brz-column__items brz-css-1kckmzs brz-css-1bshoq5\">\n<div id=\"\" class=\"brz-css-1mkgdr7 brz-css-qgsdyf brz-wrapper\">\n<div class=\"brz-image brz-css-15xa1u0 brz-css-qm49d5\" data-brz-custom-id=\"jearkciuqstiyzxhnfkxflwtinebqlgxcxgt\"><img decoding=\"async\" class=\"brz-img\" src=\"https:\/\/free-indeed.com\/es?brizy_media=wp-fcec4f7c800d5b877ab699d4acec6e61&amp;brizy_crop=iW%3D67%26iH%3D73%26oX%3D0%26oY%3D3%26cW%3D67%26cH%3D67\" alt=\"\" loading=\"lazy\"><\/div>\n<\/div>\n<\/div>\n<\/div>\n<div class=\"brz-columns brz-css-3gb9ky brz-css-1x5feug\" data-brz-custom-id=\"hqxmzlufqywkscsbddqohewvofcshzpzoxmt\">\n<div class=\"brz-bg\"><\/div>\n<div class=\"brz-column__items brz-css-1kckmzs brz-css-1v91r8n\">\n<div class=\"brz-wrapper-clone brz-css-6ikmlx brz-css-p0c74g\">\n<div class=\"brz-d-xs-flex brz-flex-xs-wrap brz-css-ycqcpc\" data-brz-custom-id=\"\">\n<div class=\"brz-wrapper-clone__item\" id=\"ekydegwwwmlcnicffzmvroqeisyzhsgffdsx\"><a class=\"brz-a brz-btn brz-css-ij36a4 brz-css-p0cf6g brz-css-ptglzd brz-css-fkt3of\" href=\"https:\/\/hahn-it-consulting.de\/\" target=\"_blank\" rel=\"noopener\" data-brz-link-type=\"external\" data-brz-custom-id=\"ekydegwwwmlcnicffzmvroqeisyzhsgffdsx\"><span data-brz-translate-text=\"1\" class=\"brz-span brz-text__editor\">WEBSITE<\/span><\/a><\/div>\n<\/div>\n<\/div>\n<\/div>\n<\/div>\n<\/div>\n<\/div>\n<\/div>\n<\/div>\n<div class=\"brz-columns brz-css-3gb9ky brz-css-joq842\" data-brz-custom-id=\"jfxhpsbmkhbqipbxigzcbrfsiaxiegmvilxk\">\n<div class=\"brz-bg\">\n<div class=\"brz-bg-color\"><\/div>\n<\/div>\n<div class=\"brz-column__items brz-css-1kckmzs brz-css-j80iru\">\n<div id=\"\" class=\"brz-css-1mkgdr7 brz-wrapper\">\n<div class=\"brz-rich-text brz-rich-text__custom brz-css-10duzy3\" data-brz-custom-id=\"ukvrbdtojhbttcprmjtvcxwxfgjnbqwojwkr\">\n<div data-brz-translate-text=\"1\">\n<h4 class=\"brz-fw-xs-500 brz-tp-heading4 brz-css-q4HRF\"><span class=\"brz-cp-color2\">Miriam Swientek<\/span><\/h4>\n<h4 class=\"brz-fs-xs-im-26 brz-fs-lg-21 brz-fw-xs-im-400 brz-fw-sm-im-undefined brz-fw-lg-500 brz-ff-montserrat brz-ls-xs-im-0 brz-ls-sm-im-undefined brz-ls-lg-m_0_5 brz-lh-xs-im-1_5 brz-lh-sm-im-undefined brz-lh-lg-1_6 brz-css-xESlN\"><span class=\"brz-cp-color2\">Dise\u00f1o gr\u00e1fico<\/span><\/h4>\n<\/div>\n<\/div>\n<\/div>\n<div id=\"\" class=\"brz-css-1mkgdr7 brz-wrapper\">\n<div class=\"brz-image brz-css-1iyh8gf\" data-brz-custom-id=\"lohqsabsmufoaepsuvztjprnquufdltycxth\"><a class=\"brz-a\" href=\"http:\/\/miartisan.de\" target=\"_self\" rel=\"noopener\" data-brz-link-type=\"external\"><img decoding=\"async\" class=\"brz-img\" src=\"https:\/\/free-indeed.com\/es?brizy_media=wp-2d4573622f3821cfb028c552324ea2f4&amp;brizy_crop=iW%3D290%26iH%3D47%26oX%3D0%26oY%3D0%26cW%3D290%26cH%3D47\" alt=\"\" loading=\"lazy\"><\/a><\/div>\n<\/div>\n<div id=\"\" class=\"brz-css-1mkgdr7 brz-css-1uc1u4s brz-wrapper\">\n<div class=\"brz-spacer brz-css-159ytkd brz-css-thf5l4\"><\/div>\n<\/div>\n<div id=\"\" class=\"brz-css-1mkgdr7 brz-css-1uc1u4s brz-wrapper\">\n<div class=\"brz-spacer brz-css-159ytkd brz-css-1sm9hg4\"><\/div>\n<\/div>\n<div class=\"brz-row__container brz-css-128ri2c\" data-brz-custom-id=\"syduijmnkapymqpgxhgjsibqayxmbbwfzpyj\">\n<div class=\"brz-bg\"><\/div>\n<div class=\"brz-row brz-row--inner brz-css-1qyywfa brz-css-1kvkrny\">\n<div class=\"brz-columns brz-css-3gb9ky brz-css-vs0aip\" data-brz-custom-id=\"bbbsovqkpfzwloraayvsobckswgqbuwfrexz\">\n<div class=\"brz-bg\"><\/div>\n<div class=\"brz-column__items brz-css-1kckmzs brz-css-cl6ahg\">\n<div id=\"\" class=\"brz-css-1mkgdr7 brz-css-71i4uc brz-wrapper\">\n<div class=\"brz-image brz-css-v2emxh brz-css-l201xq\" data-brz-custom-id=\"hmrgtjkejvgkfvwqttcnldxammrxatnjnlpg\"><img decoding=\"async\" class=\"brz-img\" src=\"https:\/\/free-indeed.com\/es?brizy_media=wp-47865c031b72ac4fd236971757869bbd&amp;brizy_crop=iW%3D76%26iH%3D76%26oX%3D3%26oY%3D1%26cW%3D67%26cH%3D67\" alt=\"\" loading=\"lazy\"><\/div>\n<\/div>\n<\/div>\n<\/div>\n<div class=\"brz-columns brz-css-3gb9ky brz-css-aoeez6\" data-brz-custom-id=\"eeuaxiuuygksigkochtaayoiphoepymajfoz\">\n<div class=\"brz-bg\"><\/div>\n<div class=\"brz-column__items brz-css-1kckmzs brz-css-197heg9\">\n<div class=\"brz-wrapper-clone brz-css-6ikmlx brz-css-18ok3iw\">\n<div class=\"brz-d-xs-flex brz-flex-xs-wrap brz-css-ycqcpc\" data-brz-custom-id=\"\">\n<div class=\"brz-wrapper-clone__item\" id=\"izlrgauvliobxnugffhxybpinlmeshetepdu\"><a class=\"brz-a brz-btn brz-css-ij36a4 brz-css-1wfoo5w brz-css-ptglzd brz-css-11m1zer\" href=\"http:\/\/miartisan.de\" target=\"_blank\" rel=\"noopener\" data-brz-link-type=\"external\" data-brz-custom-id=\"izlrgauvliobxnugffhxybpinlmeshetepdu\"><span data-brz-translate-text=\"1\" class=\"brz-span brz-text__editor\">WEBSITE<\/span><\/a><\/div>\n<\/div>\n<\/div>\n<\/div>\n<\/div>\n<\/div>\n<\/div>\n<\/div>\n<\/div>\n<div class=\"brz-columns brz-css-3gb9ky brz-css-zqeiya\" data-brz-custom-id=\"ikxwhsalvlxmvrdbabvablhsmtvszynineqv\">\n<div class=\"brz-bg\">\n<div class=\"brz-bg-color\"><\/div>\n<\/div>\n<div class=\"brz-column__items brz-css-1kckmzs brz-css-1ibqpog\">\n<div id=\"\" class=\"brz-css-1mkgdr7 brz-wrapper\">\n<div class=\"brz-rich-text brz-rich-text__custom brz-css-10duzy3\" data-brz-custom-id=\"otmtszfxunsxecloricekbyypiwpppfenikw\">\n<div data-brz-translate-text=\"1\">\n<h4 class=\"brz-fw-xs-500 brz-fw-sm-500 brz-fs-sm-23 brz-lh-lg-1_6 brz-lh-sm-im-undefined brz-lh-xs-im-1_5 brz-ls-lg-m_0_5 brz-ls-sm-im-undefined brz-ls-xs-im-0 brz-ff-montserrat brz-fw-lg-500 brz-fs-lg-21 brz-fs-xs-im-26 brz-css-mLuAa\"><span class=\"brz-cp-color2\">Natanael Liebner<\/span><\/h4>\n<h4 class=\"brz-lh-lg-1_6 brz-lh-sm-im-undefined brz-lh-xs-im-1_5 brz-ls-lg-m_0_5 brz-ls-sm-im-undefined brz-ls-xs-im-0 brz-ff-montserrat brz-fw-lg-500 brz-fw-sm-im-undefined brz-fw-xs-im-400 brz-fs-lg-21 brz-fs-xs-im-26 brz-css-n7_Q1\"><span class=\"brz-cp-color2\">Fotograf\u00eda y V\u00eddeo<\/span><\/h4>\n<\/div>\n<\/div>\n<\/div>\n<div id=\"\" class=\"brz-css-1mkgdr7 brz-wrapper\">\n<div class=\"brz-image brz-css-105h689\" data-brz-custom-id=\"nivymnslugxnuuclswpqlsbztdqjoetvflfo\"><a class=\"brz-a\" href=\"https:\/\/www.natanaelliebner-fotografie.com\/\" target=\"_self\" rel=\"noopener\" data-brz-link-type=\"external\"><img decoding=\"async\" class=\"brz-img\" src=\"https:\/\/free-indeed.com\/es?brizy_media=wp-32aa1c9dfcebbeb5070c2cf8bfe5caf7&amp;brizy_crop=iW%3D177%26iH%3D53%26oX%3D0%26oY%3D0%26cW%3D177%26cH%3D53\" alt=\"\" loading=\"lazy\"><\/a><\/div>\n<\/div>\n<div id=\"\" class=\"brz-css-1mkgdr7 brz-css-1uc1u4s brz-wrapper\">\n<div class=\"brz-spacer brz-css-159ytkd brz-css-1rsw7n1\"><\/div>\n<\/div>\n<div id=\"\" class=\"brz-css-1mkgdr7 brz-css-1uc1u4s brz-wrapper\">\n<div class=\"brz-spacer brz-css-159ytkd brz-css-k2570o\"><\/div>\n<\/div>\n<div class=\"brz-row__container brz-css-128ri2c\" data-brz-custom-id=\"kvcdxoecsonaudmisktqwgqxtuuvxgkifhtb\">\n<div class=\"brz-bg\"><\/div>\n<div class=\"brz-row brz-row--inner brz-css-1qyywfa brz-css-1kvkrny\">\n<div class=\"brz-columns brz-css-3gb9ky brz-css-12fiww9\" data-brz-custom-id=\"okbqycmorlmnghmwdohhitinpgypxmuftwrc\">\n<div class=\"brz-bg\"><\/div>\n<div class=\"brz-column__items brz-css-1kckmzs brz-css-kgrb3h\">\n<div id=\"\" class=\"brz-css-1mkgdr7 brz-css-11146u4 brz-wrapper\">\n<div class=\"brz-image brz-css-g4milo brz-css-hg5r73\" data-brz-custom-id=\"kbzneqwyqiifqkswdcfnbnrmwdjopbxkdymw\"><img decoding=\"async\" class=\"brz-img\" src=\"https:\/\/free-indeed.com\/es?brizy_media=wp-4555244d2aa330a3a852c639ed3d5439&amp;brizy_crop=iW%3D117%26iH%3D83%26oX%3D24%26oY%3D8%26cW%3D68%26cH%3D67\" alt=\"\" loading=\"lazy\"><\/div>\n<\/div>\n<\/div>\n<\/div>\n<div class=\"brz-columns brz-css-3gb9ky brz-css-1xja26s\" data-brz-custom-id=\"tcemvgcesmknwvzzbobkebtpgbrjyybyeyqr\">\n<div class=\"brz-bg\"><\/div>\n<div class=\"brz-column__items brz-css-1kckmzs brz-css-hsnl1o\">\n<div class=\"brz-wrapper-clone brz-css-6ikmlx brz-css-1w6ti58\">\n<div class=\"brz-d-xs-flex brz-flex-xs-wrap brz-css-ycqcpc\" data-brz-custom-id=\"\">\n<div class=\"brz-wrapper-clone__item\" id=\"iugxdrfbxupvdgkcffvhbkpcjrzdgawqahdc\"><a class=\"brz-a brz-btn brz-css-ij36a4 brz-css-10d1dlj brz-css-ptglzd brz-css-13sth70\" href=\"https:\/\/www.natanaelliebner-fotografie.com\/\" target=\"_blank\" rel=\"noopener\" data-brz-link-type=\"external\" data-brz-custom-id=\"iugxdrfbxupvdgkcffvhbkpcjrzdgawqahdc\"><span data-brz-translate-text=\"1\" class=\"brz-span brz-text__editor\">WEBSITE<\/span><\/a><\/div>\n<\/div>\n<\/div>\n<\/div>\n<\/div>\n<\/div>\n<\/div>\n<\/div>\n<\/div>\n<\/div>\n<\/div>\n<div class=\"brz-row__container brz-css-128ri2c\" data-brz-custom-id=\"ayyjpozcgtfmymgqvnnqzpujxnrwyopxhywj\">\n<div class=\"brz-bg\"><\/div>\n<div class=\"brz-row brz-css-1qyywfa brz-css-1kvkrny\">\n<div class=\"brz-columns brz-css-3gb9ky brz-css-1e86xs2\" data-brz-custom-id=\"gjhsleecevfxcgrvsjxdcgwbmnndxjhrjotn\">\n<div class=\"brz-bg\">\n<div class=\"brz-bg-color\"><\/div>\n<\/div>\n<div class=\"brz-column__items brz-css-1kckmzs brz-css-5d4ccm\">\n<div id=\"\" class=\"brz-css-1mkgdr7 brz-wrapper\">\n<div class=\"brz-rich-text brz-rich-text__custom brz-css-10duzy3\" data-brz-custom-id=\"qjuwinbaqqntkzfyhxjnmrfidybnbvucbsvo\">\n<div data-brz-translate-text=\"1\">\n<h4 class=\"brz-fs-xs-im-26 brz-fs-lg-21 brz-fw-xs-im-400 brz-fw-sm-im-undefined brz-fw-lg-500 brz-ff-montserrat brz-ls-xs-im-0 brz-ls-sm-im-undefined brz-ls-lg-m_0_5 brz-lh-xs-im-1_5 brz-lh-sm-im-undefined brz-lh-lg-1_6 brz-css-n1ZID\"><span class=\"brz-cp-color2\"> <\/span><\/h4>\n<h4 class=\"brz-fs-xs-im-26 brz-fs-lg-21 brz-fw-xs-im-400 brz-fw-sm-im-undefined brz-fw-lg-500 brz-ff-montserrat brz-ls-xs-im-0 brz-ls-sm-im-undefined brz-ls-lg-m_0_5 brz-lh-xs-im-1_5 brz-lh-sm-im-undefined brz-lh-lg-1_6 brz-css-jj6Fa\"><span class=\"brz-cp-color2\"> <\/span><\/h4>\n<\/div>\n<\/div>\n<\/div>\n<div id=\"\" class=\"brz-css-1mkgdr7 brz-css-1uc1u4s brz-wrapper\">\n<div class=\"brz-spacer brz-css-159ytkd brz-css-9s4q33\"><\/div>\n<\/div>\n<div id=\"\" class=\"brz-css-1mkgdr7 brz-css-1uc1u4s brz-wrapper\">\n<div class=\"brz-spacer brz-css-159ytkd brz-css-8w2wxt\"><\/div>\n<\/div>\n<div class=\"brz-row__container brz-css-128ri2c\" data-brz-custom-id=\"ywxbtlivrlibaheqxxokcizxppfqvyszwsvd\">\n<div class=\"brz-bg\"><\/div>\n<div class=\"brz-row brz-row--inner brz-css-1qyywfa brz-css-1kvkrny\">\n<div class=\"brz-columns brz-css-3gb9ky brz-css-cslq2r\" data-brz-custom-id=\"xyiktomjkosobbgttactsdchitrncmwvijga\">\n<div class=\"brz-bg\"><\/div>\n<div class=\"brz-column__items brz-css-1kckmzs brz-css-17pinc7\">\n<div id=\"\" class=\"brz-css-1mkgdr7 brz-css-1uc1u4s brz-wrapper\">\n<div class=\"brz-spacer brz-css-159ytkd\"><\/div>\n<\/div>\n<\/div>\n<\/div>\n<\/div>\n<\/div>\n<\/div>\n<\/div>\n<div class=\"brz-columns brz-css-3gb9ky brz-css-1jh3paf\" data-brz-custom-id=\"fcgwhggbaoxotgmftdiwiqwcdyeqkvrixggv\">\n<div class=\"brz-bg\">\n<div class=\"brz-bg-color\"><\/div>\n<\/div>\n<div class=\"brz-column__items brz-css-1kckmzs brz-css-yuhhl9\">\n<div id=\"\" class=\"brz-css-1mkgdr7 brz-wrapper\">\n<div class=\"brz-rich-text brz-rich-text__custom brz-css-10duzy3\" data-brz-custom-id=\"ubmziblkxiiqswvcgtlhlvmnwebbqqjcmzjf\">\n<div data-brz-translate-text=\"1\">\n<h4 class=\"brz-fs-xs-27 brz-fw-xs-500 brz-fw-sm-500 brz-fs-sm-23 brz-fs-lg-21 brz-fw-lg-500 brz-ff-montserrat brz-ls-xs-im-0 brz-ls-sm-im-undefined brz-ls-lg-m_0_5 brz-lh-xs-im-1_5 brz-lh-sm-im-undefined brz-lh-lg-1_6 brz-css-k9qz4\"><span class=\"brz-cp-color2\">POSTYOU<\/span><\/h4>\n<h4 class=\"brz-fs-xs-im-26 brz-fs-lg-21 brz-fw-xs-im-400 brz-fw-sm-im-undefined brz-fw-lg-500 brz-ff-montserrat brz-ls-xs-im-0 brz-ls-sm-im-undefined brz-ls-lg-m_0_5 brz-lh-xs-im-1_5 brz-lh-sm-im-undefined brz-lh-lg-1_6 brz-css-fzSDg\"><span class=\"brz-cp-color2\">Servicio Digital &amp; Film<\/span><\/h4>\n<\/div>\n<\/div>\n<\/div>\n<div id=\"\" class=\"brz-css-1mkgdr7 brz-wrapper\">\n<div class=\"brz-image brz-css-914by5\" data-brz-custom-id=\"iipvivuhoyehqtfzaknnurdxysclvbwxizve\"><a class=\"brz-a\" href=\"https:\/\/www.natanaelliebner-fotografie.com\/\" target=\"_self\" rel=\"noopener\" data-brz-link-type=\"external\"><img decoding=\"async\" class=\"brz-img\" src=\"https:\/\/free-indeed.com\/es?brizy_media=wp-cd46cc33c06c3ad3b786990d8c7d6576&amp;brizy_crop=iW%3D177%26iH%3D67%26oX%3D0%26oY%3D7%26cW%3D177%26cH%3D53\" alt=\"\" loading=\"lazy\"><\/a><\/div>\n<\/div>\n<div id=\"\" class=\"brz-css-1mkgdr7 brz-css-1uc1u4s brz-wrapper\">\n<div class=\"brz-spacer brz-css-159ytkd brz-css-avzflh\"><\/div>\n<\/div>\n<div id=\"\" class=\"brz-css-1mkgdr7 brz-css-1uc1u4s brz-wrapper\">\n<div class=\"brz-spacer brz-css-159ytkd brz-css-1ghtf9n\"><\/div>\n<\/div>\n<div class=\"brz-row__container brz-css-128ri2c\" data-brz-custom-id=\"pokpntjccdqorxqfefcqhgwrlqcsqykdefxr\">\n<div class=\"brz-bg\"><\/div>\n<div class=\"brz-row brz-row--inner brz-css-1qyywfa brz-css-1kvkrny\">\n<div class=\"brz-columns brz-css-3gb9ky brz-css-19ejjln\" data-brz-custom-id=\"mjxfiktzchswhndzngmpkjukebpjczrefupt\">\n<div class=\"brz-bg\"><\/div>\n<div class=\"brz-column__items brz-css-1kckmzs brz-css-ah020s\">\n<div id=\"\" class=\"brz-css-1mkgdr7 brz-css-17jh7bg brz-wrapper\">\n<div class=\"brz-image brz-css-7utqp3 brz-css-csc3rt\" data-brz-custom-id=\"vfeahleqggxfwdgjmpsdfvoemwitmybeplrc\"><img decoding=\"async\" class=\"brz-img\" src=\"https:\/\/free-indeed.com\/es?brizy_media=wp-10b8d85fce37da1aa091f619118e713f&amp;brizy_crop=iW%3D77%26iH%3D77%26oX%3D5%26oY%3D5%26cW%3D67%26cH%3D67\" alt=\"\" loading=\"lazy\"><\/div>\n<\/div>\n<\/div>\n<\/div>\n<div class=\"brz-columns brz-css-3gb9ky brz-css-1ibaw1e\" data-brz-custom-id=\"ifbpmpglrbvwzocilxsmcqmzuipxagcnorol\">\n<div class=\"brz-bg\"><\/div>\n<div class=\"brz-column__items brz-css-1kckmzs brz-css-1ioq3mr\">\n<div class=\"brz-wrapper-clone brz-css-6ikmlx brz-css-1ekvxra\">\n<div class=\"brz-d-xs-flex brz-flex-xs-wrap brz-css-ycqcpc\" data-brz-custom-id=\"\">\n<div class=\"brz-wrapper-clone__item\" id=\"nucyrcidnxayepmihtxamhmmpjiodqkdrxsc\"><a class=\"brz-a brz-btn brz-css-ij36a4 brz-css-8oe2o5 brz-css-ptglzd brz-css-1enoa1g\" href=\"https:\/\/www.postyou.de\/\" target=\"_blank\" rel=\"noopener\" data-brz-link-type=\"external\" data-brz-custom-id=\"nucyrcidnxayepmihtxamhmmpjiodqkdrxsc\"><span data-brz-translate-text=\"1\" class=\"brz-span brz-text__editor\">WEBSITE<\/span><\/a><\/div>\n<\/div>\n<\/div>\n<\/div>\n<\/div>\n<\/div>\n<\/div>\n<\/div>\n<\/div>\n<div class=\"brz-columns brz-css-3gb9ky brz-css-qtjrj0\" data-brz-custom-id=\"kgklgvivpepmfmujawolcpliqzqobktvkgbn\">\n<div class=\"brz-bg\">\n<div class=\"brz-bg-color\"><\/div>\n<\/div>\n<div class=\"brz-column__items brz-css-1kckmzs brz-css-aq14db\">\n<div id=\"\" class=\"brz-css-1mkgdr7 brz-wrapper\">\n<div class=\"brz-rich-text brz-rich-text__custom brz-css-10duzy3\" data-brz-custom-id=\"huxzzoyfxokkktuikykzymszxvffxnulruyz\">\n<div data-brz-translate-text=\"1\">\n<h4 class=\"brz-fs-xs-im-26 brz-fs-lg-21 brz-fw-xs-im-400 brz-fw-sm-im-undefined brz-fw-lg-500 brz-ff-montserrat brz-ls-xs-im-0 brz-ls-sm-im-undefined brz-ls-lg-m_0_5 brz-lh-xs-im-1_5 brz-lh-sm-im-undefined brz-lh-lg-1_6 brz-css-zLQSr\"><span class=\"brz-cp-color2\"> <\/span><\/h4>\n<h4 class=\"brz-fs-xs-im-26 brz-fs-lg-21 brz-fw-xs-im-400 brz-fw-sm-im-undefined brz-fw-lg-500 brz-ff-montserrat brz-ls-xs-im-0 brz-ls-sm-im-undefined brz-ls-lg-m_0_5 brz-lh-xs-im-1_5 brz-lh-sm-im-undefined brz-lh-lg-1_6 brz-css-qRPIr\"><span class=\"brz-cp-color2\"> <\/span><\/h4>\n<\/div>\n<\/div>\n<\/div>\n<div id=\"\" class=\"brz-css-1mkgdr7 brz-css-1uc1u4s brz-wrapper\">\n<div class=\"brz-spacer brz-css-159ytkd brz-css-m2re8w\"><\/div>\n<\/div>\n<div id=\"\" class=\"brz-css-1mkgdr7 brz-css-1uc1u4s brz-wrapper\">\n<div class=\"brz-spacer brz-css-159ytkd brz-css-e5d4um\"><\/div>\n<\/div>\n<div class=\"brz-row__container brz-css-128ri2c\" data-brz-custom-id=\"jthzainnbeeskangyvairdvzcbrohhlrtcjx\">\n<div class=\"brz-bg\"><\/div>\n<div class=\"brz-row brz-row--inner brz-css-1qyywfa brz-css-1kvkrny\">\n<div class=\"brz-columns brz-css-3gb9ky brz-css-1s2pwag\" data-brz-custom-id=\"luedagqkvjsartkxvmkqdlqafvwvsqlsplfk\">\n<div class=\"brz-bg\"><\/div>\n<div class=\"brz-column__items brz-css-1kckmzs brz-css-1281v0j\">\n<div id=\"\" class=\"brz-css-1mkgdr7 brz-css-1uc1u4s brz-wrapper\">\n<div class=\"brz-spacer brz-css-159ytkd\"><\/div>\n<\/div>\n<\/div>\n<\/div>\n<\/div>\n<\/div>\n<\/div>\n<\/div>\n<\/div>\n<\/div>\n<\/div>\n<\/div>\n<\/section>\n<\/div>\n<p>    <!-- version:1738026176 --><\/p>\n","protected":false},"excerpt":{"rendered":"<p>NUESTROS SOCIOS Matthias Hahn Consultor\u00eda WEBSITE Miriam Swientek Dise\u00f1o gr\u00e1fico WEBSITE Natanael Liebner Fotograf\u00eda y V\u00eddeo WEBSITE POSTYOU Servicio Digital &amp; Film WEBSITE<\/p>\n","protected":false},"author":3,"featured_media":0,"parent":0,"menu_order":0,"comment_status":"closed","ping_status":"closed","template":"brizy-blank-template.php","meta":{"site-sidebar-layout":"default","site-content-layout":"default","ast-site-content-layout":"default","site-content-style":"default","site-sidebar-style":"default","ast-global-header-display":"","ast-banner-title-visibility":"","ast-main-header-display":"","ast-hfb-above-header-display":"","ast-hfb-below-header-display":"","ast-hfb-mobile-header-display":"","site-post-title":"","ast-breadcrumbs-content":"","ast-featured-img":"","footer-sml-layout":"","ast-disable-related-posts":"","theme-transparent-header-meta":"default","adv-header-id-meta":"","stick-header-meta":"default","header-above-stick-meta":"","header-main-stick-meta":"","header-below-stick-meta":"","astra-migrate-meta-layouts":"default","ast-page-background-enabled":"default","ast-page-background-meta":{"desktop":{"background-color":"","background-image":"","background-repeat":"repeat","background-position":"center center","background-size":"auto","background-attachment":"scroll","background-type":"","background-media":"","overlay-type":"","overlay-color":"","overlay-opacity":"","overlay-gradient":""},"tablet":{"background-color":"","background-image":"","background-repeat":"repeat","background-position":"center center","background-size":"auto","background-attachment":"scroll","background-type":"","background-media":"","overlay-type":"","overlay-color":"","overlay-opacity":"","overlay-gradient":""},"mobile":{"background-color":"","background-image":"","background-repeat":"repeat","background-position":"center center","background-size":"auto","background-attachment":"scroll","background-type":"","background-media":"","overlay-type":"","overlay-color":"","overlay-opacity":"","overlay-gradient":""}},"ast-content-background-meta":{"desktop":{"background-color":"var(--ast-global-color-5)","background-image":"","background-repeat":"repeat","background-position":"center center","background-size":"auto","background-attachment":"scroll","background-type":"","background-media":"","overlay-type":"","overlay-color":"","overlay-opacity":"","overlay-gradient":""},"tablet":{"background-color":"var(--ast-global-color-5)","background-image":"","background-repeat":"repeat","background-position":"center center","background-size":"auto","background-attachment":"scroll","background-type":"","background-media":"","overlay-type":"","overlay-color":"","overlay-opacity":"","overlay-gradient":""},"mobile":{"background-color":"var(--ast-global-color-5)","background-image":"","background-repeat":"repeat","background-position":"center center","background-size":"auto","background-attachment":"scroll","background-type":"","background-media":"","overlay-type":"","overlay-color":"","overlay-opacity":"","overlay-gradient":""}},"footnotes":""},"folder":[],"class_list":["post-22738","page","type-page","status-publish","hentry"],"publishpress_future_action":{"enabled":false,"date":"2026-05-10 12:17:57","action":"change-status","newStatus":"draft","terms":[],"taxonomy":"translation_priority","extraData":[]},"publishpress_future_workflow_manual_trigger":{"enabledWorkflows":[]},"brizy_media":[],"_links":{"self":[{"href":"https:\/\/free-indeed.com\/es\/wp-json\/wp\/v2\/pages\/22738","targetHints":{"allow":["GET"]}}],"collection":[{"href":"https:\/\/free-indeed.com\/es\/wp-json\/wp\/v2\/pages"}],"about":[{"href":"https:\/\/free-indeed.com\/es\/wp-json\/wp\/v2\/types\/page"}],"author":[{"embeddable":true,"href":"https:\/\/free-indeed.com\/es\/wp-json\/wp\/v2\/users\/3"}],"replies":[{"embeddable":true,"href":"https:\/\/free-indeed.com\/es\/wp-json\/wp\/v2\/comments?post=22738"}],"version-history":[{"count":0,"href":"https:\/\/free-indeed.com\/es\/wp-json\/wp\/v2\/pages\/22738\/revisions"}],"wp:attachment":[{"href":"https:\/\/free-indeed.com\/es\/wp-json\/wp\/v2\/media?parent=22738"}],"wp:term":[{"taxonomy":"folder","embeddable":true,"href":"https:\/\/free-indeed.com\/es\/wp-json\/wp\/v2\/folder?post=22738"}],"curies":[{"name":"wp","href":"https:\/\/api.w.org\/{rel}","templated":true}]}}