{"id":22743,"date":"2019-01-28T15:14:56","date_gmt":"2019-01-28T14:14:56","guid":{"rendered":"http:\/\/free-indeed.com\/pioneertraining\/"},"modified":"2026-04-01T18:43:56","modified_gmt":"2026-04-01T16:43:56","slug":"pioneertraining","status":"publish","type":"page","link":"https:\/\/free-indeed.com\/es\/pioneertraining\/","title":{"rendered":"Pioneer Training"},"content":{"rendered":"<div class=\"brz-root__container brz-reset-all brz brz-root__container-page\">\n<section id=\"_gldjnxhboskcuscmedjhqioozvekguudgqqp\" class=\"brz-section brz-css-n3yybz\">\n<div class=\"brz-section__content brz-section--boxed brz-css-1w9qjae brz-css-o4vyy0\" data-brz-custom-id=\"ajwykheupyfzpuvpqmzdabcfafkuwitoyhep\">\n<div class=\"brz-bg\">\n<div class=\"brz-bg-image\"><\/div>\n<\/div>\n<div class=\"brz-container brz-css-1w6scf5 brz-css-1wpdc62\">\n<div id=\"\" class=\"brz-css-nlmkvm brz-css-1ypj7jz brz-wrapper\">\n<div class=\"brz-spacer brz-css-gihu01\"><\/div>\n<\/div>\n<div id=\"\" class=\"brz-css-nlmkvm brz-css-1kwj1s4 brz-wrapper\">\n<div class=\"brz-rich-text brz-rich-text__custom brz-css-1h1dioe\" data-brz-custom-id=\"invizwgmwmwjbxlpsegxnvxvszcyozlcrlwi\">\n<div data-brz-translate-text=\"1\">\n<h1 class=\"brz-tp-heading2 brz-mt-lg-20 brz-text-lg-center brz-css-gVYtd\"><span class=\"brz-cp-color2\"> <\/span><\/h1>\n<\/div>\n<\/div>\n<\/div>\n<div id=\"\" class=\"brz-css-nlmkvm brz-css-1ypj7jz brz-wrapper\">\n<div class=\"brz-spacer brz-css-gihu01 brz-css-1suti4o\"><\/div>\n<\/div>\n<\/div>\n<\/div>\n<\/section>\n<section id=\"_syeodhjxqmquzkgyrmglaajirbknieusymyg\" class=\"brz-section brz-css-n3yybz\">\n<div class=\"brz-section__content brz-section--boxed brz-css-1w9qjae brz-css-116fex4\" data-brz-custom-id=\"ijcutidhvmpgmbprktfeddzdbchuzvrsbnca\">\n<div class=\"brz-container brz-css-1w6scf5\">\n<div id=\"\" class=\"brz-css-nlmkvm brz-wrapper\">\n<div class=\"brz-rich-text brz-rich-text__custom brz-css-1h1dioe\" data-brz-custom-id=\"zhqkcxehynyicwhistvtwmiahmcssqlzixbu\">\n<div data-brz-translate-text=\"1\">\n<p class=\"brz-fw-xs-200 brz-fw-sm-undefined brz-fw-lg-400 brz-ft-google brz-ff-josefin_sans brz-ls-xs-m_2 brz-ls-sm-undefined brz-ls-lg-m_3_5 brz-fs-xs-35 brz-fs-sm-undefined brz-fs-lg-61 brz-lh-xs-1_5 brz-lh-sm-undefined brz-lh-lg-1_3 brz-text-lg-center brz-tp-lg-vplvqbxkzoevlgwfrrmsrpvgbqplufnlrjag brz-css-sI6EQ\" data-uniq-id=\"yphjt\" data-generated-css=\"brz-css-zneww\"><span class=\"brz-cp-color2\">ENTRENAMIENTO PIONERO<\/span><\/p>\n<\/div>\n<\/div>\n<\/div>\n<div id=\"\" class=\"brz-css-nlmkvm brz-wrapper\">\n<div class=\"brz-rich-text brz-rich-text__custom brz-css-1h1dioe\" data-brz-custom-id=\"putdqrcjxjkagnwuscjyhuzwnxyfkcgmelpg\">\n<div data-brz-translate-text=\"1\">\n<p class=\"brz-tp-lg-paragraph brz-css-sf07U\" data-generated-css=\"brz-css-jmiut\" data-uniq-id=\"zdaek\">Nuestro entrenamiento pionero , es un programa transformador dise\u00f1ado para equipar a hombres y mujeres de las herramientas necesarias para dirigir grupos de libertad para quienes luchan contra la adicci\u00f3n sexual. A trav\u00e9s de este entrenamiento, los asistentes obtendr\u00e1n una comprensi\u00f3n m\u00e1s profunda de la visi\u00f3n y misi\u00f3n del ministerio, conocer\u00e1n nuestros recursos y como implementarlos en el proceso de libertad de quienes lo necesitan, as\u00ed mismo aprendiendo c\u00f3mo impactar positivamente en sus comunidades.<\/p>\n<p class=\"brz-tp-lg-paragraph brz-css-zBNGB\" data-generated-css=\"brz-css-jmiut\" data-uniq-id=\"zdaek\">\n<p class=\"brz-tp-lg-paragraph brz-css-kWKNN\" data-generated-css=\"brz-css-jmiut\" data-uniq-id=\"zdaek\">Este programa es ideal para las personas que buscan hacer un impacto significativo en sus comunidades, ofreciendo apoyo y orientaci\u00f3n a las personas que luchan con la adicci\u00f3n sexual. Tanto si est\u00e1 considerando asistir al programa como si est\u00e1 invirtiendo en su futuro, el entrenamiento pionero  le ofrece una oportunidad \u00fanica de formar parte de un movimiento que cambia vidas. \u00danete  a nosotros para marcar la diferencia en la vida de quienes m\u00e1s lo necesitan.<\/p>\n<p data-generated-css=\"brz-css-jkrpt\" data-uniq-id=\"khjnz\" class=\"brz-css-ud_NK\"><\/p>\n<p class=\"brz-tp-lg-paragraph brz-css-xHMp5\" data-generated-css=\"brz-css-mjqgb\" data-uniq-id=\"cxggt\">\u00bfQuieres saber m\u00e1s o tienes alguna pregunta? <\/p>\n<p class=\"brz-tp-lg-paragraph brz-css-pIRGR\" data-generated-css=\"brz-css-aftkl\" data-uniq-id=\"xxmqg\">Escr\u00edbanos directamente en el formulario debajo del v\u00eddeo.<\/p>\n<\/div>\n<\/div>\n<\/div>\n<div id=\"\" class=\"brz-css-nlmkvm brz-wrapper\">\n<div class=\"brz-rich-text brz-rich-text__custom brz-css-1h1dioe\" data-brz-custom-id=\"hbmodilecfphroimdqbbmvlnnkzpitsiroke\">\n<div data-brz-translate-text=\"1\">\n<p class=\"brz-fw-sm-200 brz-fw-lg-200 brz-ft-google brz-ff-catamaran brz-ls-xs-0 brz-fs-xs-21 brz-lh-sm-1_4 brz-fs-sm-25 brz-fw-xs-200 brz-ls-sm-undefined brz-ls-lg-m_3_5 brz-fs-lg-40 brz-lh-xs-1_5 brz-lh-lg-1_3 brz-text-lg-center brz-tp-lg-qekheiqqtanfdomynnndvodhqpwqtqbmqcig brz-css-g8Qg7\" data-uniq-id=\"zkkmb\" data-generated-css=\"brz-css-wopgi\"><span class=\"brz-cp-color2\">CONTACTO<\/span><\/p>\n<\/div>\n<\/div>\n<\/div>\n<div id=\"\" class=\"brz-css-nlmkvm brz-wrapper\">\n<div class=\"brz-forms brz-css-1keg0dp\" data-brz-form-version=\"1\" data-brz-custom-id=\"pbsblanukqnqxycnfdrojfbquimhxsupxtqf\">\n<div class=\"brz-forms__fields brz-css-r2l3fw\">\n<div class=\"brz-forms__item brz-css-qp2oo3\"><\/div>\n<div class=\"brz-forms__item brz-css-qp2oo3 brz-css-1t8ge7y\"><textarea class=\"brz-textarea brz-forms__field\" id=\"lxnpcvpwojozytvrywhsebtjpneoyzlzdopz\" name=\"lxnpcvpwojozytvrywhsebtjpneoyzlzdopz\" data-brz-type=\"Paragraph\" data-brz-label=\"write us here...\"><\/textarea><\/div>\n<\/div>\n<p><button class=\"brz-btn brz-btn-submit brz-css-1v98htb brz-css-dohkx2\" data-brz-custom-id=\"rxplsnytzqnlphwfsxhpiskpxqknfmubrhlt\"><span data-brz-translate-text=\"1\" class=\"brz-span brz-text__editor\">ENVIAR<\/span><\/button><\/p>\n<div class=\"brz-g-recaptcha\" data-sitekey=\"\" data-size=\"invisible\" data-callback=\"brzFormV1Captcha\"><\/div>\n<\/div>\n<\/div>\n<\/div>\n<\/div>\n<\/section>\n<\/div>\n<p>    <!-- version:1737829233 --><\/p>\n","protected":false},"excerpt":{"rendered":"<p>ENTRENAMIENTO PIONERO Nuestro entrenamiento pionero , es un programa transformador dise\u00f1ado para equipar a hombres y mujeres de las herramientas necesarias para dirigir grupos de libertad para quienes luchan contra la adicci\u00f3n sexual. A trav\u00e9s de este entrenamiento, los asistentes obtendr\u00e1n una comprensi\u00f3n m\u00e1s profunda de la visi\u00f3n y misi\u00f3n del ministerio, conocer\u00e1n nuestros recursos [&hellip;]<\/p>\n","protected":false},"author":3,"featured_media":0,"parent":0,"menu_order":0,"comment_status":"closed","ping_status":"closed","template":"brizy-blank-template.php","meta":{"site-sidebar-layout":"default","site-content-layout":"default","ast-site-content-layout":"default","site-content-style":"default","site-sidebar-style":"default","ast-global-header-display":"","ast-banner-title-visibility":"","ast-main-header-display":"","ast-hfb-above-header-display":"","ast-hfb-below-header-display":"","ast-hfb-mobile-header-display":"","site-post-title":"","ast-breadcrumbs-content":"","ast-featured-img":"","footer-sml-layout":"","ast-disable-related-posts":"","theme-transparent-header-meta":"default","adv-header-id-meta":"","stick-header-meta":"default","header-above-stick-meta":"","header-main-stick-meta":"","header-below-stick-meta":"","astra-migrate-meta-layouts":"default","ast-page-background-enabled":"default","ast-page-background-meta":{"desktop":{"background-color":"","background-image":"","background-repeat":"repeat","background-position":"center center","background-size":"auto","background-attachment":"scroll","background-type":"","background-media":"","overlay-type":"","overlay-color":"","overlay-opacity":"","overlay-gradient":""},"tablet":{"background-color":"","background-image":"","background-repeat":"repeat","background-position":"center center","background-size":"auto","background-attachment":"scroll","background-type":"","background-media":"","overlay-type":"","overlay-color":"","overlay-opacity":"","overlay-gradient":""},"mobile":{"background-color":"","background-image":"","background-repeat":"repeat","background-position":"center center","background-size":"auto","background-attachment":"scroll","background-type":"","background-media":"","overlay-type":"","overlay-color":"","overlay-opacity":"","overlay-gradient":""}},"ast-content-background-meta":{"desktop":{"background-color":"var(--ast-global-color-5)","background-image":"","background-repeat":"repeat","background-position":"center center","background-size":"auto","background-attachment":"scroll","background-type":"","background-media":"","overlay-type":"","overlay-color":"","overlay-opacity":"","overlay-gradient":""},"tablet":{"background-color":"var(--ast-global-color-5)","background-image":"","background-repeat":"repeat","background-position":"center center","background-size":"auto","background-attachment":"scroll","background-type":"","background-media":"","overlay-type":"","overlay-color":"","overlay-opacity":"","overlay-gradient":""},"mobile":{"background-color":"var(--ast-global-color-5)","background-image":"","background-repeat":"repeat","background-position":"center center","background-size":"auto","background-attachment":"scroll","background-type":"","background-media":"","overlay-type":"","overlay-color":"","overlay-opacity":"","overlay-gradient":""}},"footnotes":""},"folder":[],"class_list":["post-22743","page","type-page","status-publish","hentry"],"publishpress_future_action":{"enabled":false,"date":"2026-04-17 16:52:03","action":"change-status","newStatus":"draft","terms":[],"taxonomy":"translation_priority","extraData":[]},"publishpress_future_workflow_manual_trigger":{"enabledWorkflows":[]},"brizy_media":[{"id":26720,"url":"https:\/\/free-indeed.com\/wp-content\/uploads\/2019\/11\/Banner-pioniertraining-scaled.jpg","name":"Banner-pioniertraining.jpg","meta":{"brizy_attachment_uid":"wp-d4c6eb0298628b22e13d2a052251eb26","brizy_post_uid":["685095ea2a24030883fe8cabf2a55b22"]}}],"_links":{"self":[{"href":"https:\/\/free-indeed.com\/es\/wp-json\/wp\/v2\/pages\/22743","targetHints":{"allow":["GET"]}}],"collection":[{"href":"https:\/\/free-indeed.com\/es\/wp-json\/wp\/v2\/pages"}],"about":[{"href":"https:\/\/free-indeed.com\/es\/wp-json\/wp\/v2\/types\/page"}],"author":[{"embeddable":true,"href":"https:\/\/free-indeed.com\/es\/wp-json\/wp\/v2\/users\/3"}],"replies":[{"embeddable":true,"href":"https:\/\/free-indeed.com\/es\/wp-json\/wp\/v2\/comments?post=22743"}],"version-history":[{"count":0,"href":"https:\/\/free-indeed.com\/es\/wp-json\/wp\/v2\/pages\/22743\/revisions"}],"wp:attachment":[{"href":"https:\/\/free-indeed.com\/es\/wp-json\/wp\/v2\/media?parent=22743"}],"wp:term":[{"taxonomy":"folder","embeddable":true,"href":"https:\/\/free-indeed.com\/es\/wp-json\/wp\/v2\/folder?post=22743"}],"curies":[{"name":"wp","href":"https:\/\/api.w.org\/{rel}","templated":true}]}}