{"id":22766,"date":"2019-05-01T18:48:46","date_gmt":"2019-05-01T16:48:46","guid":{"rendered":"http:\/\/free-indeed.com\/trial-unit-1\/"},"modified":"2026-04-01T02:54:49","modified_gmt":"2026-04-01T00:54:49","slug":"unidad-de-prueba-1","status":"publish","type":"page","link":"https:\/\/free-indeed.com\/es\/unidad-de-prueba-1\/","title":{"rendered":"Unidad de Prueba 1- Cuerpo, alma y esp\u00edritu"},"content":{"rendered":"<div class=\"brz-root__container brz-reset-all brz\">\n<section id=\"_broxxbqvxunwaxngjbbogignzhgskkectric\" class=\"brz-section brz-css-fpDl8\">\n<div class=\"brz-section__content brz-section--boxed brz-css-nBotY brz-css-epDc7\" data-brz-custom-id=\"kcntgbiunrfowksjwecmlfahbglpqunlnhfs\">\n<div class=\"brz-bg\">\n<div class=\"brz-bg-image\"><\/div>\n<div class=\"brz-bg-color\"><\/div>\n<\/div>\n<div class=\"brz-container brz-css-uTE6j brz-css-xUzpY\">\n<div id=\"\" class=\"brz-css-xNTiz brz-css-y4GlQ brz-wrapper\">\n<div class=\"brz-spacer brz-css-mFXzj brz-css-rbw6C\"><\/div>\n<\/div>\n<div class=\"brz-row__container brz-css-j9KUb\" data-brz-custom-id=\"ndkuddmzslkjivrsleaocjekokhxexvwszgb\">\n<div class=\"brz-bg\"><\/div>\n<div class=\"brz-row brz-css-bUJ_X brz-css-briKE\">\n<div class=\"brz-columns brz-css-pcu6w brz-css-cXIIC\" data-brz-custom-id=\"jeqfflqvemduflrdivqbhwpjxjwvjmvwtdxa\">\n<div class=\"brz-bg\"><\/div>\n<div class=\"brz-column__items brz-css-rEehb brz-css-k9Hl6\">\n<div id=\"\" class=\"brz-css-xNTiz brz-css-y4GlQ brz-wrapper\">\n<div class=\"brz-spacer brz-css-mFXzj\"><\/div>\n<\/div>\n<\/div>\n<\/div>\n<\/div>\n<\/div>\n<\/div>\n<\/div>\n<\/section>\n<section id=\"_gaokriddpdjuwahgnjbmhsmktjrckavrzpxq\" class=\"brz-section brz-css-fpDl8\">\n<div class=\"brz-section__content brz-section--boxed brz-css-nBotY brz-css-vTqKB\" data-brz-custom-id=\"ffdgcpveudheiqbbsjuzdznjhdbdrnyljttj\">\n<div class=\"brz-container brz-css-uTE6j\">\n<div class=\"brz-row__container brz-css-j9KUb\" data-brz-custom-id=\"etgihdfeodirhuvgjvaacfhrkypptemcilhw\">\n<div class=\"brz-bg\"><\/div>\n<div class=\"brz-row brz-css-bUJ_X brz-css-briKE\">\n<div class=\"brz-columns brz-css-pcu6w brz-css-kBIyv\" data-brz-custom-id=\"bcrrdzrjthadomohlwucalpjhtxutrqjnnri\">\n<div class=\"brz-bg\"><\/div>\n<div class=\"brz-column__items brz-css-rEehb\">\n<div id=\"\" class=\"brz-css-xNTiz brz-wrapper\">\n<div class=\"brz-rich-text brz-rich-text__custom brz-css-qT0lD\" data-brz-custom-id=\"dfkeecvxqsrrfhrabhlerphtqqpxcgrretjv\">\n<div data-brz-translate-text=\"1\">\n<p class=\"brz-tp-heading1 brz-text-lg-center brz-css-uLGtb\"><span>UNIDAD DE PRUEBA<\/span><\/p>\n<\/div>\n<\/div>\n<\/div>\n<\/div>\n<\/div>\n<\/div>\n<\/div>\n<\/div>\n<\/div>\n<\/section>\n<section id=\"_sgnnnmoaugrmiclefzegwiiqfacvtmpmsghj\" class=\"brz-section brz-css-fpDl8\">\n<div class=\"brz-section__content brz-section--boxed brz-css-nBotY brz-css-qyOkk\" data-brz-custom-id=\"fdjqzlblddseffihcivwrioneeaduisrkosu\">\n<div class=\"brz-container brz-css-uTE6j\">\n<div class=\"brz-row__container brz-css-j9KUb\" data-brz-custom-id=\"sgomqevfemhfunoylgggzmjxdhibouxtujwn\">\n<div class=\"brz-bg\"><\/div>\n<div class=\"brz-row brz-css-bUJ_X\">\n<div class=\"brz-columns brz-css-pcu6w brz-css-qkpl3\" data-brz-custom-id=\"inrjdsslqmnolmlgicpgnxpddtwhnheusrem\">\n<div class=\"brz-bg\"><\/div>\n<div class=\"brz-column__items brz-css-rEehb brz-css-ryj1O\">\n<div id=\"\" class=\"brz-css-xNTiz brz-css-pP0JL brz-wrapper\">\n<div class=\"brz-image brz-css-vwLhk\" data-brz-custom-id=\"bqiqsyqucpdpyxiqazjrpnvmxsmotkzkbfyx\"><img decoding=\"async\" class=\"brz-img\" src=\"https:\/\/free-indeed.com\/es?brizy_media=wp-88445fd5525d3040a378bc9895cc58f9&amp;brizy_crop=iW%3D89%26iH%3D89%26oX%3D4%26oY%3D0%26cW%3D81%26cH%3D89\" alt=\"\" loading=\"lazy\"><\/div>\n<\/div>\n<div id=\"\" class=\"brz-css-xNTiz brz-css-y4GlQ brz-wrapper\">\n<div class=\"brz-spacer brz-css-mFXzj brz-css-yVPXr\"><\/div>\n<\/div>\n<div id=\"\" class=\"brz-css-xNTiz brz-css-mf_zY brz-wrapper\">\n<div class=\"brz-rich-text brz-rich-text__custom brz-css-qT0lD\" data-brz-custom-id=\"ckfnckprzsotpgmvoibyqbzsanwnvhuqinaa\">\n<div data-brz-translate-text=\"1\">\n<p class=\"brz-tp-heading3 brz-text-lg-right brz-text-xs-center brz-css-mov1a\"><span class=\"brz-cp-color7\" style=\"opacity: 0.15\">Unidad <\/span><\/p>\n<\/div>\n<\/div>\n<\/div>\n<div id=\"\" class=\"brz-css-xNTiz brz-css-vNn2J brz-wrapper\">\n<div class=\"brz-rich-text brz-rich-text__custom brz-css-qT0lD\" data-brz-custom-id=\"hbtrslhbinpzxjeohaxoqaagebuyphkbonbi\">\n<div data-brz-translate-text=\"1\">\n<p class=\"brz-fs-sm-71 brz-fw-xs-im-400 brz-fw-sm-im-400 brz-fw-lg-400 brz-ff-montserrat brz-lh-lg-1 brz-fs-lg-99 brz-ls-lg-m_1_5 brz-text-lg-right brz-fs-xs-100 brz-text-xs-center brz-mt-sm-55 brz-mb-sm-47 brz-mt-xs-47 brz-mb-xs-45 brz-css-tC2_x\"><span class=\"brz-cp-color1\" style=\"opacity: 0.15\">&nbsp;<\/span><span style=\"opacity: 0.15\" class=\"brz-cp-color7\">06<\/span><\/p>\n<\/div>\n<\/div>\n<\/div>\n<div id=\"\" class=\"brz-css-xNTiz brz-css-a9k8J brz-wrapper\">\n<div class=\"brz-line brz-line-default brz-css-bKLpY brz-css-yzk4h\" data-brz-custom-id=\"jariiqialasrcnzhhojstwukuhigogaqvnae\">\n<hr class=\"brz-hr\"><\/div>\n<\/div>\n<div id=\"\" class=\"brz-css-xNTiz brz-css-kkXzz brz-wrapper\">\n<div class=\"brz-rich-text brz-rich-text__custom brz-css-qT0lD\" data-brz-custom-id=\"mxgkacdsljiaswgrypsonsckxxaqzhxadvst\">\n<div data-brz-translate-text=\"1\">\n<p class=\"brz-text-xs-center brz-fw-xs-im-700 brz-fw-sm-im-700 brz-fw-lg-700 brz-ff-montserrat brz-text-lg-right brz-lh-lg-1_5 brz-lh-sm-im-undefined brz-lh-xs-im-1_8 brz-ls-lg-1 brz-ls-sm-im-undefined brz-ls-xs-im-3 brz-fs-lg-19 brz-fs-xs-im-17 brz-css-oFXNs\"><strong class=\"brz-cp-color7\" style=\"opacity: 0.39\">Las heridas del coraz\u00f3n<\/strong><\/p>\n<\/div>\n<\/div>\n<\/div>\n<div id=\"\" class=\"brz-css-xNTiz brz-css-cW3BC brz-wrapper\">\n<div data-brz-type=\"style1\" class=\"brz-progress-bar brz-progress-bar-style1 brz-css-lpIyt brz-css-i5AFW\" data-brz-custom-id=\"jutibpaqflxsexgczuhtwiiabxpfoikfjere\">\n<div class=\"brz-css-ejtTe brz-d-xs-flex brz-align-items-xs-center brz-progress-bar__wrapper\" data-progress=\"31\"><span data-brz-translate-text=\"1\" class=\"brz-progress-bar__text brz-span brz-text__editor\"><\/span><span class=\"brz-span brz-progress-bar__percent\">31%<\/span><\/div>\n<\/div>\n<\/div>\n<\/div>\n<\/div>\n<div class=\"brz-columns brz-css-pcu6w brz-css-cfdYs\" data-brz-custom-id=\"oijfaamrbqofvecyduoohrscnswpzshbkynd\">\n<div class=\"brz-bg\"><\/div>\n<div class=\"brz-column__items brz-css-rEehb brz-css-cWKcb\">\n<div id=\"\" class=\"brz-css-xNTiz brz-css-nNoF7 brz-wrapper\">\n<div class=\"brz-rich-text brz-rich-text__custom brz-css-qT0lD\" data-brz-custom-id=\"ooygkjcilljkyvnipflikeiogyfdyjobflsl\">\n<div data-brz-translate-text=\"1\">\n<p class=\"brz-text-xs-center brz-fs-xs-38 brz-tp-heading1 brz-fs-sm-39 brz-text-lg-justify brz-css-g7LFZ\"><span class=\"brz-cp-color2\">CUERPO, ALMA Y ESP\u00cdRITU<\/span><\/p>\n<\/div>\n<\/div>\n<\/div>\n<div id=\"\" class=\"brz-css-xNTiz brz-css-y4GlQ brz-css-snQTu brz-wrapper\">\n<div class=\"brz-spacer brz-css-mFXzj brz-css-sY8yW\"><\/div>\n<\/div>\n<div class=\"brz-row__container brz-css-j9KUb brz-css-zEJrI\" data-brz-custom-id=\"vepvjianglzptrpwuwsnaptmiyaqnhotkalb\">\n<div class=\"brz-bg\"><\/div>\n<div class=\"brz-row brz-row--inner brz-css-bUJ_X\">\n<div class=\"brz-columns brz-css-pcu6w brz-css-tB_D4\" data-brz-custom-id=\"jvyongokfgdyyocjuooftwkfpcahlzucibwj\">\n<div class=\"brz-bg\">\n<div class=\"brz-bg-color\"><\/div>\n<\/div>\n<div class=\"brz-column__items brz-css-rEehb\">\n<div id=\"\" class=\"brz-css-xNTiz brz-wrapper\">\n<div class=\"brz-wp-shortcode brz-css-cqARM brz-css-a87Sd\" data-brz-custom-id=\"voedrxroqfhuwzhftfithqrrwsgpdorwgjgs\">\n<div>\n<\/div>\n<\/div>\n<\/div>\n<\/div>\n<\/div>\n<\/div>\n<\/div>\n<div id=\"\" class=\"brz-css-xNTiz brz-css-y4GlQ brz-wrapper\">\n<div class=\"brz-spacer brz-css-mFXzj brz-css-doPIb\"><\/div>\n<\/div>\n<div id=\"\" class=\"brz-css-xNTiz brz-css-y4GlQ brz-wrapper\">\n<div class=\"brz-spacer brz-css-mFXzj brz-css-e64DD\"><\/div>\n<\/div>\n<div class=\"brz-row__container brz-css-j9KUb\" data-brz-custom-id=\"xjdftujdpzmqjgumektbosnzberbejlhkjbh\">\n<div class=\"brz-bg\"><\/div>\n<div class=\"brz-row brz-row--inner brz-css-bUJ_X brz-css-briKE\">\n<div class=\"brz-columns brz-css-pcu6w brz-css-zDnuT\" data-brz-custom-id=\"kidpgcwcidaqksmtnrfcplevumheucntgisw\">\n<div class=\"brz-bg\">\n<div class=\"brz-bg-color\"><\/div>\n<\/div>\n<div class=\"brz-column__items brz-css-rEehb brz-css-thchc\">\n<div class=\"brz-wrapper-clone brz-css-rmumE\">\n<div class=\"brz-d-xs-flex brz-flex-xs-wrap brz-css-zMErL\" data-brz-custom-id=\"\">\n<div class=\"brz-wrapper-clone__item\" id=\"vxqanemtyklgdhxlkkrrbsvnxjbqejvlnjbw\">\n<div class=\"brz-icon__container\" data-brz-custom-id=\"vxqanemtyklgdhxlkkrrbsvnxjbqejvlnjbw\">\n<div class=\"brz-hover-animation__container\" data-brz-hover-animationid=\"coegzjhynahhbjhfreliwrcwvltdbrreqood\" data-brz-hover-options=\"%7B%22duration%22:600,%22iterations%22:1%7D\" data-brz-hover-reversible=\"true\" data-brz-hover-target=\"%22firstChild%22\"><span class=\"brz-icon brz-span brz-css-pTZtd brz-css-hmLCL\"><\/span><\/div>\n<\/div>\n<\/div>\n<\/div>\n<\/div>\n<\/div>\n<\/div>\n<div class=\"brz-columns brz-css-pcu6w brz-css-bCacY\" data-brz-custom-id=\"aeulyqdersyzckzbxbpfdyemowrpraytaaap\">\n<div class=\"brz-bg\">\n<div class=\"brz-bg-color\"><\/div>\n<\/div>\n<div class=\"brz-column__items brz-css-rEehb brz-css-pPBCY\">\n<div id=\"\" class=\"brz-css-xNTiz brz-wrapper\">\n<div class=\"brz-rich-text brz-rich-text__custom brz-css-qT0lD\" data-brz-custom-id=\"pgafndcjhviwoavxnmrebfaevpccxetvyqzu\">\n<div data-brz-translate-text=\"1\">\n<p class=\"brz-tp-aldkgxnmmh brz-text-xs-center brz-css-mcSMs\">Entonces el Se\u00f1or Dios form\u00f3 al hombre del polvo de la tierra. Sopl\u00f3 el aliento de vida en la nariz del hombre, y el hombre se convirti\u00f3 en una persona viva.<\/p>\n<p class=\"brz-tp-subtitle brz-text-xs-center brz-fs-xs-12 brz-css-upHtW\"><span class=\"brz-cp-color2\">G\u00c9NESIS 2:7 <\/span><\/p>\n<\/div>\n<\/div>\n<\/div>\n<\/div>\n<\/div>\n<\/div>\n<\/div>\n<div id=\"\" class=\"brz-css-xNTiz brz-css-y4GlQ brz-wrapper\">\n<div class=\"brz-spacer brz-css-mFXzj brz-css-yTHNM\"><\/div>\n<\/div>\n<div id=\"\" class=\"brz-css-xNTiz brz-wrapper\">\n<div class=\"brz-rich-text brz-rich-text__custom brz-css-qT0lD\" data-brz-custom-id=\"akvcqefmqjiounzjdxcykymthjqzwggcghdq\">\n<div data-brz-translate-text=\"1\">\n<p class=\"brz-tp-paragraph brz-css-zCBfu\">El hombre fue creado con un cuerpo, alma y esp\u00edritu. Estos tres componentes forman una unidad inseparable entre s\u00ed. Lo que hacemos con nuestro cuerpo tiene un impacto directo en nuestro esp\u00edritu y alma. Y viceversa. Si alguien dice que no puede soportar a otra persona, entonces \u00e9l est\u00e1 describiendo una reacci\u00f3n corporal a la percepci\u00f3n del alma.<\/p>\n<p class=\"brz-tp-paragraph brz-css-aIu9L\">\n<p class=\"brz-text-lg-justify brz-tp-paragraph brz-text-xs-center brz-mt-lg-0 brz-mb-lg-41 brz-fs-sm-17 brz-css-sdhJH\">Esto tambi\u00e9n se aplica a nuestra sexualidad. Nuestro anhelo espiritual tiene efectos f\u00edsicos y viceversa. Sin embargo, si nuestra sexualidad se ha corrompido a trav\u00e9s de a\u00f1os de consumo de pornograf\u00eda, puede resultar en encontrarnos atrapados en un c\u00edrculo vicioso del que no podemos escapar. <\/p>\n<\/div>\n<\/div>\n<\/div>\n<div id=\"\" class=\"brz-css-xNTiz brz-css-wAZME brz-wrapper\">\n<div class=\"brz-image brz-css-f3b9f brz-css-onkSe\" data-brz-custom-id=\"onzaibdzngmwlehpperkukgxauxwzulstyap\"><img decoding=\"async\" class=\"brz-img\" src=\"https:\/\/free-indeed.com\/es?brizy_media=wp-b4f708fe79a2f462e684fcebb6aec102&amp;brizy_crop=iW%3D875%26iH%3D521%26oX%3D0%26oY%3D138%26cW%3D875%26cH%3D338\" alt=\"\" loading=\"lazy\"><\/div>\n<\/div>\n<div id=\"\" class=\"brz-css-xNTiz brz-css-y4GlQ brz-wrapper\">\n<div class=\"brz-spacer brz-css-mFXzj\"><\/div>\n<\/div>\n<div id=\"\" class=\"brz-css-xNTiz brz-css-kRt2l brz-wrapper\">\n<div class=\"brz-rich-text brz-rich-text__custom brz-css-qT0lD\" data-brz-custom-id=\"kmwjjlacuzishbbwpzerdcghohlkxoxhknrx\">\n<div data-brz-translate-text=\"1\">\n<p class=\"brz-tp-paragraph brz-css-r3SQ7\">Cuando empec\u00e9 a consumir pornograf\u00eda, acababa de llegar al punto m\u00e1s bajo personalmente, en mis relaciones y en mis estudios. Me refugiaba en la masturbaci\u00f3n y la pornograf\u00eda. Me di cuenta que nadie nunca me hab\u00eda preguntado el porqu\u00e9 recurr\u00eda a la pornograf\u00eda. Ning\u00fan hombre en mi c\u00edrculo social me hab\u00eda hecho esta pregunta.<\/p>\n<p class=\"brz-text-lg-justify brz-tp-paragraph brz-text-xs-justify brz-mb-lg-0 brz-mt-lg-40 brz-fs-sm-17 brz-css-jmE8x\">Siempre fue una cuesti\u00f3n de c\u00f3mo mantenerse lejos de la pornograf\u00eda, y no acerca de por qu\u00e9 se consume en primer lugar. Por lo tanto, le pregunt\u00e9 a Dios. <\/p>\n<\/div>\n<\/div>\n<\/div>\n<div id=\"\" class=\"brz-css-xNTiz brz-css-y4GlQ brz-wrapper\">\n<div class=\"brz-spacer brz-css-mFXzj brz-css-etzv4\"><\/div>\n<\/div>\n<div id=\"\" class=\"brz-css-xNTiz brz-wrapper\">\n<div class=\"brz-rich-text brz-rich-text__custom brz-css-qT0lD\" data-brz-custom-id=\"xyrofnegoyogaozermeuyiezczptthyjnaom\">\n<div data-brz-translate-text=\"1\">\n<p class=\"brz-tp-paragraph brz-css-iP3xA\"><strong>\u00bfPor qu\u00e9 consumes pornograf\u00eda?<\/strong><\/p>\n<\/div>\n<\/div>\n<\/div>\n<div id=\"\" class=\"brz-css-xNTiz brz-css-y4GlQ brz-wrapper\">\n<div class=\"brz-spacer brz-css-mFXzj brz-css-tVB1X\"><\/div>\n<\/div>\n<div class=\"brz-wrapper-clone brz-css-rmumE\">\n<div class=\"brz-d-xs-flex brz-flex-xs-wrap brz-css-zMErL\" data-brz-custom-id=\"\">\n<div class=\"brz-wrapper-clone__item\" id=\"dnsrvwzamiidvpfwbhhvckdsotizjxjlmhsc\">\n<div class=\"brz-hover-animation__container\" data-brz-hover-animationid=\"japaynxvzrwjuybzlnghdkzmnmkhzyhgdehe\" data-brz-hover-options=\"%7B%22duration%22:600,%22iterations%22:1%7D\" data-brz-hover-reversible=\"true\" data-brz-hover-target=\"%22firstChild%22\"><a class=\"brz-a brz-btn brz-css-gb_pu brz-css-n05Ax brz-css-nvnw6 brz-css-pwNUk\" href=\"https:\/\/free-indeed.com\/es\/trial-unit-2\/\" target=\"_self\" rel=\"noopener\" data-brz-link-type=\"external\" data-brz-custom-id=\"dnsrvwzamiidvpfwbhhvckdsotizjxjlmhsc\"><span data-brz-translate-text=\"1\" class=\"brz-span brz-text__editor\">CONTINUAR<\/span><\/a><\/div>\n<\/div>\n<\/div>\n<\/div>\n<\/div>\n<\/div>\n<\/div>\n<\/div>\n<\/div>\n<\/div>\n<\/section>\n<\/div>\n<p>    <!-- version:1733655946 --><\/p>\n","protected":false},"excerpt":{"rendered":"<p>UNIDAD DE PRUEBA Unidad &nbsp;06 Las heridas del coraz\u00f3n 31% CUERPO, ALMA Y ESP\u00cdRITU Entonces el Se\u00f1or Dios form\u00f3 al hombre del polvo de la tierra. Sopl\u00f3 el aliento de vida en la nariz del hombre, y el hombre se convirti\u00f3 en una persona viva. G\u00c9NESIS 2:7 El hombre fue creado con un cuerpo, alma [&hellip;]<\/p>\n","protected":false},"author":3,"featured_media":0,"parent":0,"menu_order":0,"comment_status":"closed","ping_status":"closed","template":"brizy-blank-template.php","meta":{"site-sidebar-layout":"default","site-content-layout":"default","ast-site-content-layout":"default","site-content-style":"default","site-sidebar-style":"default","ast-global-header-display":"","ast-banner-title-visibility":"","ast-main-header-display":"","ast-hfb-above-header-display":"","ast-hfb-below-header-display":"","ast-hfb-mobile-header-display":"","site-post-title":"","ast-breadcrumbs-content":"","ast-featured-img":"","footer-sml-layout":"","ast-disable-related-posts":"","theme-transparent-header-meta":"default","adv-header-id-meta":"","stick-header-meta":"default","header-above-stick-meta":"","header-main-stick-meta":"","header-below-stick-meta":"","astra-migrate-meta-layouts":"default","ast-page-background-enabled":"default","ast-page-background-meta":{"desktop":{"background-color":"","background-image":"","background-repeat":"repeat","background-position":"center center","background-size":"auto","background-attachment":"scroll","background-type":"","background-media":"","overlay-type":"","overlay-color":"","overlay-opacity":"","overlay-gradient":""},"tablet":{"background-color":"","background-image":"","background-repeat":"repeat","background-position":"center center","background-size":"auto","background-attachment":"scroll","background-type":"","background-media":"","overlay-type":"","overlay-color":"","overlay-opacity":"","overlay-gradient":""},"mobile":{"background-color":"","background-image":"","background-repeat":"repeat","background-position":"center center","background-size":"auto","background-attachment":"scroll","background-type":"","background-media":"","overlay-type":"","overlay-color":"","overlay-opacity":"","overlay-gradient":""}},"ast-content-background-meta":{"desktop":{"background-color":"var(--ast-global-color-5)","background-image":"","background-repeat":"repeat","background-position":"center center","background-size":"auto","background-attachment":"scroll","background-type":"","background-media":"","overlay-type":"","overlay-color":"","overlay-opacity":"","overlay-gradient":""},"tablet":{"background-color":"var(--ast-global-color-5)","background-image":"","background-repeat":"repeat","background-position":"center center","background-size":"auto","background-attachment":"scroll","background-type":"","background-media":"","overlay-type":"","overlay-color":"","overlay-opacity":"","overlay-gradient":""},"mobile":{"background-color":"var(--ast-global-color-5)","background-image":"","background-repeat":"repeat","background-position":"center center","background-size":"auto","background-attachment":"scroll","background-type":"","background-media":"","overlay-type":"","overlay-color":"","overlay-opacity":"","overlay-gradient":""}},"footnotes":""},"folder":[],"class_list":["post-22766","page","type-page","status-publish","hentry"],"publishpress_future_action":{"enabled":false,"date":"2026-05-11 01:31:29","action":"change-status","newStatus":"draft","terms":[],"taxonomy":"translation_priority","extraData":[]},"publishpress_future_workflow_manual_trigger":{"enabledWorkflows":[]},"brizy_media":[{"id":26714,"url":"https:\/\/free-indeed.com\/wp-content\/uploads\/2019\/11\/Banner.jpg","name":"Banner.jpg","meta":{"brizy_attachment_uid":"wp-c3a38afd0c8b2b5bc39fabe29bc2e2ed","brizy_post_uid":["4bcd82f37c55289246fe09961d52b007","a816394d13d07f77482c9da888846690","6ce0c9d5bb7ac757d5fd40ab8b106bdc","de75c8942c7f3e9f534d4ef61ac429f7","cf3aa6c5d2ccfa61b213f2fbbb59cc47","6e0e6de958474d7885096b824dc87a64","975301c1a0ec40c693755db58a7e628c","18fea529f96efd5729b2885d793070b5","df4315e0ee04e890ec1b9a181aa68ec4"]}}],"_links":{"self":[{"href":"https:\/\/free-indeed.com\/es\/wp-json\/wp\/v2\/pages\/22766","targetHints":{"allow":["GET"]}}],"collection":[{"href":"https:\/\/free-indeed.com\/es\/wp-json\/wp\/v2\/pages"}],"about":[{"href":"https:\/\/free-indeed.com\/es\/wp-json\/wp\/v2\/types\/page"}],"author":[{"embeddable":true,"href":"https:\/\/free-indeed.com\/es\/wp-json\/wp\/v2\/users\/3"}],"replies":[{"embeddable":true,"href":"https:\/\/free-indeed.com\/es\/wp-json\/wp\/v2\/comments?post=22766"}],"version-history":[{"count":0,"href":"https:\/\/free-indeed.com\/es\/wp-json\/wp\/v2\/pages\/22766\/revisions"}],"wp:attachment":[{"href":"https:\/\/free-indeed.com\/es\/wp-json\/wp\/v2\/media?parent=22766"}],"wp:term":[{"taxonomy":"folder","embeddable":true,"href":"https:\/\/free-indeed.com\/es\/wp-json\/wp\/v2\/folder?post=22766"}],"curies":[{"name":"wp","href":"https:\/\/api.w.org\/{rel}","templated":true}]}}