{"id":22781,"date":"2019-05-01T19:08:01","date_gmt":"2019-05-01T17:08:01","guid":{"rendered":"http:\/\/free-indeed.com\/trial-unit-2\/"},"modified":"2026-03-29T23:50:56","modified_gmt":"2026-03-29T21:50:56","slug":"unidad-de-prueba-2","status":"publish","type":"page","link":"https:\/\/free-indeed.com\/es\/unidad-de-prueba-2\/","title":{"rendered":"Unidad de Prueba 2- No por mis propias fuerzas"},"content":{"rendered":"<div class=\"brz-root__container brz-reset-all brz brz-root__container-page\">\n<section id=\"_kpdvgsnxrbijuipkunehgjatatliqtvtcxah\" class=\"brz-section brz-css-1iyjafc\">\n<div class=\"brz-section__content brz-section--boxed brz-css-jpgv3z brz-css-4vthom\" data-brz-custom-id=\"xmclrgkdrsiznllcixzaovwlivhvdzeprlhg\">\n<div class=\"brz-bg\">\n<div class=\"brz-bg-image\"><\/div>\n<div class=\"brz-bg-color\"><\/div>\n<\/div>\n<div class=\"brz-container brz-css-1xigj5f brz-css-100j32m\">\n<div id=\"\" class=\"brz-css-19q7nzz brz-css-1vtkr3r brz-wrapper\">\n<div class=\"brz-spacer brz-css-1ow01c1 brz-css-1vc9slo\"><\/div>\n<\/div>\n<div class=\"brz-row__container brz-css-45n2m8\" data-brz-custom-id=\"nbobumzbpsvkojivfxkitmecdvpfpwirycrd\">\n<div class=\"brz-bg\"><\/div>\n<div class=\"brz-row brz-css-dv4kio brz-css-1ruwrn6\">\n<div class=\"brz-columns brz-css-18dd50 brz-css-zbdtcu\" data-brz-custom-id=\"ikmlryjtqifelaxdfcyvkifcqslurwtipwhl\">\n<div class=\"brz-bg\"><\/div>\n<div class=\"brz-column__items brz-css-4qn4jf brz-css-l4brxu\">\n<div id=\"\" class=\"brz-css-19q7nzz brz-css-1vtkr3r brz-wrapper\">\n<div class=\"brz-spacer brz-css-1ow01c1\"><\/div>\n<\/div>\n<\/div>\n<\/div>\n<\/div>\n<\/div>\n<\/div>\n<\/div>\n<\/section>\n<section id=\"_jxfgboeapekyxqjppevfpklhrvuqqchdhojg\" class=\"brz-section brz-css-1iyjafc\">\n<div class=\"brz-section__content brz-section--boxed brz-css-jpgv3z brz-css-g4als7\" data-brz-custom-id=\"frtijytqiwmvqmgwitnonuztrtnfadbnnhmb\">\n<div class=\"brz-container brz-css-1xigj5f\">\n<div class=\"brz-row__container brz-css-45n2m8\" data-brz-custom-id=\"gdlegblvowfompmsnpeyebitefhgpxvqjmbi\">\n<div class=\"brz-bg\"><\/div>\n<div class=\"brz-row brz-css-dv4kio brz-css-1ruwrn6\">\n<div class=\"brz-columns brz-css-18dd50 brz-css-19my2hh\" data-brz-custom-id=\"hqqilkigagvnkvjogdvyzgkfiqwysachwuti\">\n<div class=\"brz-bg\"><\/div>\n<div class=\"brz-column__items brz-css-4qn4jf\">\n<div id=\"\" class=\"brz-css-19q7nzz brz-wrapper\">\n<div class=\"brz-rich-text brz-rich-text__custom brz-css-3dseqj\" data-brz-custom-id=\"blsiqtyyblqsdojaszgsgyxjzdsyvztzzfjz\">\n<div data-brz-translate-text=\"1\">\n<p class=\"brz-tp-heading1 brz-text-lg-center brz-css-gZTlZ\"><span>UNIDAD DE PRUEBA<\/span><\/p>\n<\/div>\n<\/div>\n<\/div>\n<\/div>\n<\/div>\n<\/div>\n<\/div>\n<\/div>\n<\/div>\n<\/section>\n<section id=\"_hjyrjilwbvoipjhuawiphcnuzgnajfpuxigv\" class=\"brz-section brz-css-1iyjafc\">\n<div class=\"brz-section__content brz-section--boxed brz-css-jpgv3z brz-css-xks423\" data-brz-custom-id=\"jyvijfbucpalaxqavdgcopnraypurwjjblft\">\n<div class=\"brz-container brz-css-1xigj5f\">\n<div class=\"brz-row__container brz-css-45n2m8\" data-brz-custom-id=\"imslomtfbuxljovrlhrdrumolduiynbdckum\">\n<div class=\"brz-bg\"><\/div>\n<div class=\"brz-row brz-css-dv4kio\">\n<div class=\"brz-columns brz-css-18dd50 brz-css-kkmskp\" data-brz-custom-id=\"xedcwlkfgadlemvuhncgyardxudruacgtpdp\">\n<div class=\"brz-bg\"><\/div>\n<div class=\"brz-column__items brz-css-4qn4jf brz-css-bxegie\">\n<div id=\"\" class=\"brz-css-19q7nzz brz-css-ioiybk brz-wrapper\">\n<div class=\"brz-image brz-css-gvze1l\" data-brz-custom-id=\"qhuhjoktdhgiqbgvgrxdgxphzghckdthikck\"><img decoding=\"async\" class=\"brz-img\" src=\"https:\/\/free-indeed.com\/es?brizy_media=wp-88445fd5525d3040a378bc9895cc58f9&amp;brizy_crop=iW%3D89%26iH%3D89%26oX%3D4%26oY%3D0%26cW%3D81%26cH%3D89\" alt=\"\" loading=\"lazy\"><\/div>\n<\/div>\n<div id=\"\" class=\"brz-css-19q7nzz brz-css-1vtkr3r brz-wrapper\">\n<div class=\"brz-spacer brz-css-1ow01c1 brz-css-11sewk8\"><\/div>\n<\/div>\n<div id=\"\" class=\"brz-css-19q7nzz brz-css-97h1wr brz-wrapper\">\n<div class=\"brz-rich-text brz-rich-text__custom brz-css-3dseqj\" data-brz-custom-id=\"klioysxfukqwnqhwhnblaismdgrkyynrsnej\">\n<div data-brz-translate-text=\"1\">\n<p class=\"brz-tp-heading3 brz-text-lg-right brz-text-xs-center brz-css-nWuFn\"><span class=\"brz-cp-color7\" style=\"opacity: 0.15\">Unidad<\/span><\/p>\n<\/div>\n<\/div>\n<\/div>\n<div id=\"\" class=\"brz-css-19q7nzz brz-css-oxmh4a brz-wrapper\">\n<div class=\"brz-rich-text brz-rich-text__custom brz-css-3dseqj\" data-brz-custom-id=\"aidblweorkkfshjlbclpabbrmfbiyifnozuf\">\n<div data-brz-translate-text=\"1\">\n<p class=\"brz-fs-sm-71 brz-fw-xs-im-400 brz-fw-sm-im-400 brz-fw-lg-400 brz-ff-montserrat brz-lh-lg-1 brz-fs-lg-99 brz-ls-lg-m_1_5 brz-text-lg-right brz-fs-xs-100 brz-text-xs-center brz-mt-sm-55 brz-mb-sm-47 brz-mt-xs-47 brz-mb-xs-45 brz-css-z30xU\"><span class=\"brz-cp-color1\" style=\"opacity: 0.15\">&nbsp;<\/span><span style=\"opacity: 0.15\" class=\"brz-cp-color7\">06<\/span><\/p>\n<\/div>\n<\/div>\n<\/div>\n<div id=\"\" class=\"brz-css-19q7nzz brz-css-h0u0d4 brz-wrapper\">\n<div class=\"brz-line brz-line-default brz-css-uig0ml brz-css-rwhead\" data-brz-custom-id=\"mjkjsppapybdigxqxpmsqrqojvifycmciiyx\">\n<hr class=\"brz-hr\"><\/div>\n<\/div>\n<div id=\"\" class=\"brz-css-19q7nzz brz-css-k27sz5 brz-wrapper\">\n<div class=\"brz-rich-text brz-rich-text__custom brz-css-3dseqj\" data-brz-custom-id=\"ipteixhlylodcnvxagpbeltdncwkkcrcrrpt\">\n<div data-brz-translate-text=\"1\">\n<p class=\"brz-fs-xs-im-17 brz-fs-lg-19 brz-ls-xs-im-3 brz-ls-sm-im-undefined brz-ls-lg-1 brz-lh-xs-im-1_8 brz-lh-sm-im-undefined brz-lh-lg-1_5 brz-text-lg-right brz-ff-montserrat brz-fw-lg-700 brz-fw-sm-im-700 brz-fw-xs-im-700 brz-text-xs-center brz-css-bg97Y\"><strong class=\"brz-cp-color7\" style=\"opacity: 0.39\">Las heridas del coraz\u00f3n<\/strong><\/p>\n<\/div>\n<\/div>\n<\/div>\n<div id=\"\" class=\"brz-css-19q7nzz brz-css-ow5x5g brz-wrapper\">\n<div data-brz-type=\"style1\" class=\"brz-progress-bar brz-progress-bar-style1 brz-css-16f8g13 brz-css-17ovxs8\" data-brz-custom-id=\"vrekofswggdazkztekxfltofrckxfrefenpy\">\n<div class=\"brz-css-wwl833 brz-d-xs-flex brz-align-items-xs-center brz-progress-bar__wrapper\" data-progress=\"40\"><span data-brz-translate-text=\"1\" class=\"brz-progress-bar__text brz-span brz-text__editor\"><\/span><span class=\"brz-span brz-progress-bar__percent\">40%<\/span><\/div>\n<\/div>\n<\/div>\n<\/div>\n<\/div>\n<div class=\"brz-columns brz-css-18dd50 brz-css-sysjr1\" data-brz-custom-id=\"futpujizxmwqvsxekfemtrwlorefvmtbhnsu\">\n<div class=\"brz-bg\"><\/div>\n<div class=\"brz-column__items brz-css-4qn4jf brz-css-48bh31\">\n<div id=\"\" class=\"brz-css-19q7nzz brz-css-42apt9 brz-wrapper\">\n<div class=\"brz-rich-text brz-rich-text__custom brz-css-3dseqj\" data-brz-custom-id=\"ygdwoquxggfrylylvtspzzmfzgerchimdgmi\">\n<div data-brz-translate-text=\"1\">\n<p class=\"brz-text-xs-center brz-fs-xs-38 brz-text-lg-left brz-tp-heading1 brz-fs-sm-39 brz-css-rfMh8\">NO POR MI PROPIA FUERZA<\/p>\n<\/div>\n<\/div>\n<\/div>\n<div id=\"\" class=\"brz-css-19q7nzz brz-css-1vtkr3r brz-css-llucyn brz-wrapper\">\n<div class=\"brz-spacer brz-css-1ow01c1 brz-css-1j2932t\"><\/div>\n<\/div>\n<div id=\"\" class=\"brz-css-19q7nzz brz-wrapper\">\n<div class=\"brz-rich-text brz-rich-text__custom brz-css-3dseqj\" data-brz-custom-id=\"wvztlaepqqorzvqewjmrcfhbhkpoayzxzubo\">\n<div data-brz-translate-text=\"1\">\n<p class=\"brz-text-lg-justify brz-tp-paragraph brz-css-ilZvq\">Ya hab\u00eda tratado de sacar este pecado fuera de mi vida. Incluso logre permanecer lejos de ella unos seis meses. \u00a1Estaba tan orgulloso de m\u00ed mismo! Pero de repente una mujer entr\u00f3 en mi vida y todo empez\u00f3 de nuevo. Simplemente no pod\u00eda conseguir salir de esto bajo mi propia fuerza.<\/p>\n<p class=\"brz-text-lg-justify brz-tp-paragraph brz-css-zNxQH\">\n<p class=\"brz-text-lg-justify brz-tp-paragraph brz-css-yxAr7\">El principal problema era que yo s\u00f3lo estaba rascando la superficie del problema. Estaba cuidando m\u00e1s mi fisico y mi esp\u00edritu pero dejaba a mi alma fuera de la ecuaci\u00f3n. <\/p>\n<p class=\"brz-text-lg-justify brz-tp-paragraph brz-css-nnqaz\"><\/p>\n<p class=\"brz-text-lg-justify brz-tp-paragraph brz-text-xs-justify brz-mt-lg-0 brz-mb-lg-41 brz-fs-sm-17 brz-css-lZBSd\">No me malinterpreten. La disciplina y las reglas trazan un buen camino hacia la libertad. Sin embargo, si pones toda su esperanza en ellos, en lugar de Jes\u00fas, terminas cayendo en otro pecado. No es tu fuerza que te hace libre, sino la de Jes\u00fas.<\/p>\n<\/div>\n<\/div>\n<\/div>\n<div class=\"brz-row__container brz-css-45n2m8\" data-brz-custom-id=\"mkhlvsexlvvnrtjunesntzapntwiynqbgejs\">\n<div class=\"brz-bg\"><\/div>\n<div class=\"brz-row brz-row--inner brz-css-dv4kio brz-css-1ruwrn6\">\n<div class=\"brz-columns brz-css-18dd50 brz-css-1ar2wic\" data-brz-custom-id=\"sbuweiznauzxhsvrwseobccxkjeuvrzziyca\">\n<div class=\"brz-bg\">\n<div class=\"brz-bg-color\"><\/div>\n<\/div>\n<div class=\"brz-column__items brz-css-4qn4jf brz-css-1qx7zhd\">\n<div class=\"brz-wrapper-clone brz-css-1tkq6ej\">\n<div class=\"brz-d-xs-flex brz-flex-xs-wrap brz-css-z1ad90\" data-brz-custom-id=\"\">\n<div class=\"brz-wrapper-clone__item\" id=\"shlgzyrskqteykrctmaskwnsekgayjjcqyzj\">\n<div class=\"brz-icon__container\" data-brz-custom-id=\"shlgzyrskqteykrctmaskwnsekgayjjcqyzj\"><span class=\"brz-icon brz-span brz-css-1nedw3w brz-css-13szxgp\"><\/span><\/div>\n<\/div>\n<\/div>\n<\/div>\n<\/div>\n<\/div>\n<div class=\"brz-columns brz-css-18dd50 brz-css-12kqcfx\" data-brz-custom-id=\"cujrlmyftysfujflknpadecvcbnlglukhibj\">\n<div class=\"brz-bg\">\n<div class=\"brz-bg-color\"><\/div>\n<\/div>\n<div class=\"brz-column__items brz-css-4qn4jf brz-css-19f93rr\">\n<div id=\"\" class=\"brz-css-19q7nzz brz-wrapper\">\n<div class=\"brz-rich-text brz-rich-text__custom brz-css-3dseqj\" data-brz-custom-id=\"gkrimsoynufkszpimkawbhvkluvvfybfojiy\">\n<div data-brz-translate-text=\"1\">\n<p class=\"brz-tp-aldkgxnmmh brz-text-lg-justify brz-text-xs-center brz-css-gcyPX\">A quien el Hijo libera es verdaderamente libre<\/p>\n<p class=\"brz-tp-subtitle brz-text-xs-center brz-fs-xs-12 brz-css-l8vU5\"><span class=\"brz-cp-color2\">JUAN 8:36<\/span><\/p>\n<\/div>\n<\/div>\n<\/div>\n<\/div>\n<\/div>\n<\/div>\n<\/div>\n<div id=\"\" class=\"brz-css-19q7nzz brz-css-1vtkr3r brz-wrapper\">\n<div class=\"brz-spacer brz-css-1ow01c1\"><\/div>\n<\/div>\n<div id=\"\" class=\"brz-css-19q7nzz brz-css-1r8f1tl brz-wrapper\">\n<div class=\"brz-image brz-css-1ku8x32 brz-css-a3pljw\" data-brz-custom-id=\"zfzgunxtgpsawfsybugbaatrfcvmzvteiwpw\"><img decoding=\"async\" class=\"brz-img\" src=\"https:\/\/free-indeed.com\/es?brizy_media=wp-8774a16394d8b485bfec479f7400c7fc&amp;brizy_crop=iW%3D875%26iH%3D400%26oX%3D0%26oY%3D30%26cW%3D875%26cH%3D340\" alt=\"\" loading=\"lazy\"><\/div>\n<\/div>\n<div id=\"\" class=\"brz-css-19q7nzz brz-css-1vtkr3r brz-wrapper\">\n<div class=\"brz-spacer brz-css-1ow01c1\"><\/div>\n<\/div>\n<div id=\"\" class=\"brz-css-19q7nzz brz-css-ukbgnz brz-wrapper\">\n<div class=\"brz-rich-text brz-rich-text__custom brz-css-3dseqj\" data-brz-custom-id=\"datzpflkuehdzfdkqcodrxcqiydebatkfzyw\">\n<div data-brz-translate-text=\"1\">\n<p class=\"brz-text-lg-justify brz-tp-paragraph brz-css-hArUG\">Dios me revel\u00f3 que yo estaba tratando de llenar mi hambre de aceptaci\u00f3n, amor, comodidad, control, seguridad, propiedad, satisfacci\u00f3n y mucho m\u00e1s con la pornograf\u00eda, en lugar de dejar estas necesidades a Dios. No confiaba en que Jes\u00fas fuera capaz de satisfacer todas estas necesidades y deficiencias que hab\u00eda en m\u00ed.<\/p>\n<p class=\"brz-text-lg-justify brz-tp-paragraph brz-css-zCMdG\">\n<p class=\"brz-text-lg-justify brz-tp-paragraph brz-css-sJuiy\">Por supuesto, le ped\u00ed perd\u00f3n y supliqu\u00e9 una y otra vez para que pudiera liberarme de esas mentiras. Siempre hab\u00eda sido claro para m\u00ed que mi adicci\u00f3n a la pornograf\u00eda era un pecado. Pero nunca le hab\u00eda permitido al Se\u00f1or que tomar\u00e1 control de mi sexualidad.<\/p>\n<p class=\"brz-text-lg-justify brz-text-xs-justify brz-mb-lg-0 brz-mt-lg-40 brz-fs-sm-17 brz-tp-paragraph brz-css-vIU20\"><strong>\u00bfTe identificas con esto? \u00bfYa has entregado tu sexualidad a Dios? Si tu respuesta es no o deseas reafirmar este paso, puedes hacerlo ac\u00e1.<\/strong><\/p>\n<\/div>\n<\/div>\n<\/div>\n<div id=\"\" class=\"brz-css-19q7nzz brz-css-1vtkr3r brz-wrapper\">\n<div class=\"brz-spacer brz-css-1ow01c1 brz-css-1vlnm1b\"><\/div>\n<\/div>\n<div class=\"brz-wrapper-clone brz-css-1tkq6ej\">\n<div class=\"brz-d-xs-flex brz-flex-xs-wrap brz-css-z1ad90\" data-brz-custom-id=\"\">\n<div class=\"brz-wrapper-clone__item\" id=\"znjinhiplascbiqxgbqyssduhqduebhhdnsq\"><a class=\"brz-a brz-btn brz-css-1d8pv2g brz-css-19g6uok brz-css-x99r0o brz-css-1ewzeof\" href=\"https:\/\/free-indeed.com\/es\/trial-unit-3\/\" target=\"_self\" rel=\"noopener\" data-brz-link-type=\"external\" data-brz-custom-id=\"znjinhiplascbiqxgbqyssduhqduebhhdnsq\"><span data-brz-translate-text=\"1\" class=\"brz-span brz-text__editor\">CONTINUAR<\/span><\/a><\/div>\n<\/div>\n<\/div>\n<div id=\"\" class=\"brz-css-19q7nzz brz-css-1vtkr3r brz-wrapper\">\n<div class=\"brz-spacer brz-css-1ow01c1 brz-css-h7iaj5\"><\/div>\n<\/div>\n<\/div>\n<\/div>\n<\/div>\n<\/div>\n<\/div>\n<\/div>\n<\/section>\n<\/div>\n<p>    <!-- version:1737899198 --><\/p>\n","protected":false},"excerpt":{"rendered":"<p>UNIDAD DE PRUEBA Unidad &nbsp;06 Las heridas del coraz\u00f3n 40% NO POR MI PROPIA FUERZA Ya hab\u00eda tratado de sacar este pecado fuera de mi vida. Incluso logre permanecer lejos de ella unos seis meses. \u00a1Estaba tan orgulloso de m\u00ed mismo! Pero de repente una mujer entr\u00f3 en mi vida y todo empez\u00f3 de nuevo. [&hellip;]<\/p>\n","protected":false},"author":3,"featured_media":0,"parent":0,"menu_order":0,"comment_status":"closed","ping_status":"closed","template":"brizy-blank-template.php","meta":{"site-sidebar-layout":"default","site-content-layout":"default","ast-site-content-layout":"default","site-content-style":"default","site-sidebar-style":"default","ast-global-header-display":"","ast-banner-title-visibility":"","ast-main-header-display":"","ast-hfb-above-header-display":"","ast-hfb-below-header-display":"","ast-hfb-mobile-header-display":"","site-post-title":"","ast-breadcrumbs-content":"","ast-featured-img":"","footer-sml-layout":"","ast-disable-related-posts":"","theme-transparent-header-meta":"default","adv-header-id-meta":"","stick-header-meta":"default","header-above-stick-meta":"","header-main-stick-meta":"","header-below-stick-meta":"","astra-migrate-meta-layouts":"default","ast-page-background-enabled":"default","ast-page-background-meta":{"desktop":{"background-color":"","background-image":"","background-repeat":"repeat","background-position":"center center","background-size":"auto","background-attachment":"scroll","background-type":"","background-media":"","overlay-type":"","overlay-color":"","overlay-opacity":"","overlay-gradient":""},"tablet":{"background-color":"","background-image":"","background-repeat":"repeat","background-position":"center center","background-size":"auto","background-attachment":"scroll","background-type":"","background-media":"","overlay-type":"","overlay-color":"","overlay-opacity":"","overlay-gradient":""},"mobile":{"background-color":"","background-image":"","background-repeat":"repeat","background-position":"center center","background-size":"auto","background-attachment":"scroll","background-type":"","background-media":"","overlay-type":"","overlay-color":"","overlay-opacity":"","overlay-gradient":""}},"ast-content-background-meta":{"desktop":{"background-color":"var(--ast-global-color-5)","background-image":"","background-repeat":"repeat","background-position":"center center","background-size":"auto","background-attachment":"scroll","background-type":"","background-media":"","overlay-type":"","overlay-color":"","overlay-opacity":"","overlay-gradient":""},"tablet":{"background-color":"var(--ast-global-color-5)","background-image":"","background-repeat":"repeat","background-position":"center center","background-size":"auto","background-attachment":"scroll","background-type":"","background-media":"","overlay-type":"","overlay-color":"","overlay-opacity":"","overlay-gradient":""},"mobile":{"background-color":"var(--ast-global-color-5)","background-image":"","background-repeat":"repeat","background-position":"center center","background-size":"auto","background-attachment":"scroll","background-type":"","background-media":"","overlay-type":"","overlay-color":"","overlay-opacity":"","overlay-gradient":""}},"footnotes":""},"folder":[],"class_list":["post-22781","page","type-page","status-publish","hentry"],"publishpress_future_action":{"enabled":false,"date":"2026-05-11 02:27:04","action":"change-status","newStatus":"draft","terms":[],"taxonomy":"translation_priority","extraData":[]},"publishpress_future_workflow_manual_trigger":{"enabledWorkflows":[]},"brizy_media":[{"id":26714,"url":"https:\/\/free-indeed.com\/wp-content\/uploads\/2019\/11\/Banner.jpg","name":"Banner.jpg","meta":{"brizy_attachment_uid":"wp-c3a38afd0c8b2b5bc39fabe29bc2e2ed","brizy_post_uid":["4bcd82f37c55289246fe09961d52b007","a816394d13d07f77482c9da888846690","6ce0c9d5bb7ac757d5fd40ab8b106bdc","de75c8942c7f3e9f534d4ef61ac429f7","cf3aa6c5d2ccfa61b213f2fbbb59cc47","6e0e6de958474d7885096b824dc87a64","975301c1a0ec40c693755db58a7e628c","18fea529f96efd5729b2885d793070b5","df4315e0ee04e890ec1b9a181aa68ec4"]}}],"_links":{"self":[{"href":"https:\/\/free-indeed.com\/es\/wp-json\/wp\/v2\/pages\/22781","targetHints":{"allow":["GET"]}}],"collection":[{"href":"https:\/\/free-indeed.com\/es\/wp-json\/wp\/v2\/pages"}],"about":[{"href":"https:\/\/free-indeed.com\/es\/wp-json\/wp\/v2\/types\/page"}],"author":[{"embeddable":true,"href":"https:\/\/free-indeed.com\/es\/wp-json\/wp\/v2\/users\/3"}],"replies":[{"embeddable":true,"href":"https:\/\/free-indeed.com\/es\/wp-json\/wp\/v2\/comments?post=22781"}],"version-history":[{"count":0,"href":"https:\/\/free-indeed.com\/es\/wp-json\/wp\/v2\/pages\/22781\/revisions"}],"wp:attachment":[{"href":"https:\/\/free-indeed.com\/es\/wp-json\/wp\/v2\/media?parent=22781"}],"wp:term":[{"taxonomy":"folder","embeddable":true,"href":"https:\/\/free-indeed.com\/es\/wp-json\/wp\/v2\/folder?post=22781"}],"curies":[{"name":"wp","href":"https:\/\/api.w.org\/{rel}","templated":true}]}}