{"id":22791,"date":"2019-05-01T19:10:02","date_gmt":"2019-05-01T17:10:02","guid":{"rendered":"http:\/\/free-indeed.com\/trial-unit-3\/"},"modified":"2026-04-01T02:31:50","modified_gmt":"2026-04-01T00:31:50","slug":"unidad-de-prueba-3","status":"publish","type":"page","link":"https:\/\/free-indeed.com\/es\/unidad-de-prueba-3\/","title":{"rendered":"Unidad de Prueba 3- \u00bfPorque veo pornograf\u00eda?"},"content":{"rendered":"<div class=\"brz-root__container brz-reset-all brz brz-root__container-page\">\n<section id=\"_wrblwmsmorxiajndrnpxukprziwutvmcutfg\" class=\"brz-section brz-css-16xf6d6\">\n<div class=\"brz-section__content brz-section--boxed brz-css-h5oagl brz-css-o29mn6\" data-brz-custom-id=\"kororibyvznimjuzpujzxquoynjcsqmkbilm\">\n<div class=\"brz-bg\">\n<div class=\"brz-bg-image\"><\/div>\n<div class=\"brz-bg-color\"><\/div>\n<\/div>\n<div class=\"brz-container brz-css-15izwb brz-css-qphqk6\">\n<div id=\"\" class=\"brz-css-ow44k4 brz-css-1g1u5lw brz-wrapper\">\n<div class=\"brz-spacer brz-css-156z7wi brz-css-b100en\"><\/div>\n<\/div>\n<div class=\"brz-row__container brz-css-1to8up6\" data-brz-custom-id=\"ghunvblmlhfftwdiueazokzrsdguebaxmqem\">\n<div class=\"brz-bg\"><\/div>\n<div class=\"brz-row brz-css-9cd2n9 brz-css-13ines8\">\n<div class=\"brz-columns brz-css-1yeehs3 brz-css-124tzd6\" data-brz-custom-id=\"mxmewwoihpdvtwhbnrbxzwgnqctsldqpmbvx\">\n<div class=\"brz-bg\"><\/div>\n<div class=\"brz-column__items brz-css-qc7hgn brz-css-1whkpf0\">\n<div id=\"\" class=\"brz-css-ow44k4 brz-css-1g1u5lw brz-wrapper\">\n<div class=\"brz-spacer brz-css-156z7wi\"><\/div>\n<\/div>\n<\/div>\n<\/div>\n<\/div>\n<\/div>\n<\/div>\n<\/div>\n<\/section>\n<section id=\"_mjajftfitsqejtgiemjgmhwvsbzewbfczclj\" class=\"brz-section brz-css-16xf6d6\">\n<div class=\"brz-section__content brz-section--boxed brz-css-h5oagl brz-css-181w385\" data-brz-custom-id=\"efgmsynmssffzgkpztjqlemuewijwdrysbjy\">\n<div class=\"brz-container brz-css-15izwb\">\n<div class=\"brz-row__container brz-css-1to8up6\" data-brz-custom-id=\"eikpebivxgbmxszfvnntkqncrvyhfszxonpw\">\n<div class=\"brz-bg\"><\/div>\n<div class=\"brz-row brz-css-9cd2n9 brz-css-13ines8\">\n<div class=\"brz-columns brz-css-1yeehs3 brz-css-3ddusj\" data-brz-custom-id=\"khfqreeftfxrcigkjbbxjfemghdckddtrlel\">\n<div class=\"brz-bg\"><\/div>\n<div class=\"brz-column__items brz-css-qc7hgn\">\n<div id=\"\" class=\"brz-css-ow44k4 brz-wrapper\">\n<div class=\"brz-rich-text brz-rich-text__custom brz-css-gfkay8\" data-brz-custom-id=\"gmabdgmzfvjuhuadqfvrnnmqwvvrfbyaxvsf\">\n<div data-brz-translate-text=\"1\">\n<p class=\"brz-tp-heading1 brz-text-lg-center brz-css-hM6qy\"><span>UNIDAD DE PRUEBA <\/span><\/p>\n<\/div>\n<\/div>\n<\/div>\n<\/div>\n<\/div>\n<\/div>\n<\/div>\n<\/div>\n<\/div>\n<\/section>\n<section id=\"_gkuigtqldjvgkylfptdfmkgoewuenvjvhbna\" class=\"brz-section brz-css-16xf6d6\">\n<div class=\"brz-section__content brz-section--boxed brz-css-h5oagl brz-css-1msrper\" data-brz-custom-id=\"hlfuxsvkgldlrwyfqtanmiiwjxmguytrcpky\">\n<div class=\"brz-container brz-css-15izwb\">\n<div class=\"brz-row__container brz-css-1to8up6\" data-brz-custom-id=\"hvejsjroxuzvdocchmpveojfatpyynlpuyye\">\n<div class=\"brz-bg\"><\/div>\n<div class=\"brz-row brz-css-9cd2n9\">\n<div class=\"brz-columns brz-css-1yeehs3 brz-css-1wcroqv\" data-brz-custom-id=\"smtevyanazvemcaqdwzajtukqsczbojtdrcp\">\n<div class=\"brz-bg\"><\/div>\n<div class=\"brz-column__items brz-css-qc7hgn brz-css-k4ouet\">\n<div id=\"\" class=\"brz-css-ow44k4 brz-css-zjuov7 brz-wrapper\">\n<div class=\"brz-image brz-css-1tbst0u\" data-brz-custom-id=\"qjigiqcgzsygzrpbfhqnxlqdwmpslqoibqtd\"><img decoding=\"async\" class=\"brz-img\" src=\"https:\/\/free-indeed.com\/es?brizy_media=wp-88445fd5525d3040a378bc9895cc58f9&amp;brizy_crop=iW%3D89%26iH%3D89%26oX%3D4%26oY%3D0%26cW%3D81%26cH%3D89\" alt=\"\" loading=\"lazy\"><\/div>\n<\/div>\n<div id=\"\" class=\"brz-css-ow44k4 brz-css-1g1u5lw brz-wrapper\">\n<div class=\"brz-spacer brz-css-156z7wi brz-css-7uzirn\"><\/div>\n<\/div>\n<div id=\"\" class=\"brz-css-ow44k4 brz-css-fcdigs brz-wrapper\">\n<div class=\"brz-rich-text brz-rich-text__custom brz-css-gfkay8\" data-brz-custom-id=\"uuykqbhbypatnrtralsqchqvqqkikwydhhlj\">\n<div data-brz-translate-text=\"1\">\n<p class=\"brz-tp-heading3 brz-text-lg-right brz-text-xs-center brz-css-bgioV\"><span class=\"brz-cp-color7\" style=\"opacity: 0.15\">Unidad<\/span><\/p>\n<\/div>\n<\/div>\n<\/div>\n<div id=\"\" class=\"brz-css-ow44k4 brz-css-1prgzkw brz-wrapper\">\n<div class=\"brz-rich-text brz-rich-text__custom brz-css-gfkay8\" data-brz-custom-id=\"affuegiuxkagaswpjbzoouzaftlzmziyujwc\">\n<div data-brz-translate-text=\"1\">\n<p class=\"brz-mb-sm-47 brz-mt-sm-55 brz-text-xs-center brz-fs-xs-100 brz-text-lg-right brz-ls-lg-m_1_5 brz-fs-lg-99 brz-lh-lg-1 brz-ff-montserrat brz-fw-lg-400 brz-fw-sm-im-400 brz-fw-xs-im-400 brz-fs-sm-71 brz-mt-xs-47 brz-mb-xs-45 brz-css-qMhVb\"><span class=\"brz-cp-color1\" style=\"opacity: 0.15\">&nbsp;<\/span><span style=\"opacity: 0.15\" class=\"brz-cp-color7\">06<\/span><\/p>\n<\/div>\n<\/div>\n<\/div>\n<div id=\"\" class=\"brz-css-ow44k4 brz-css-o6pelw brz-wrapper\">\n<div class=\"brz-line brz-line-default brz-css-51x9wv brz-css-1x9vk9q\" data-brz-custom-id=\"kavfxsbkoxpyhyxbbtcasutlbpvonitilywm\">\n<hr class=\"brz-hr\"><\/div>\n<\/div>\n<div id=\"\" class=\"brz-css-ow44k4 brz-css-jsxuo8 brz-wrapper\">\n<div class=\"brz-rich-text brz-rich-text__custom brz-css-gfkay8\" data-brz-custom-id=\"jxsbkdiifwqedapvvxvgujytyukglvsyllbk\">\n<div data-brz-translate-text=\"1\">\n<p class=\"brz-text-xs-center brz-fw-xs-im-700 brz-fw-sm-im-700 brz-fw-lg-700 brz-ff-montserrat brz-text-lg-right brz-lh-lg-1_5 brz-lh-sm-im-undefined brz-lh-xs-im-1_8 brz-ls-lg-1 brz-ls-sm-im-undefined brz-ls-xs-im-3 brz-fs-lg-19 brz-fs-xs-im-17 brz-css-kYKeS\"><strong class=\"brz-cp-color7\" style=\"opacity: 0.39\">Las heridas del coraz\u00f3n<\/strong><\/p>\n<\/div>\n<\/div>\n<\/div>\n<div id=\"\" class=\"brz-css-ow44k4 brz-css-jzaio2 brz-wrapper\">\n<div data-brz-type=\"style1\" class=\"brz-progress-bar brz-progress-bar-style1 brz-css-safjwj brz-css-1v6ax51\" data-brz-custom-id=\"gerxdfhgecjrvpjkisvohpabsgpxkltygbng\">\n<div class=\"brz-css-1p9xw6v brz-d-xs-flex brz-align-items-xs-center brz-progress-bar__wrapper\" data-progress=\"51\"><span data-brz-translate-text=\"1\" class=\"brz-progress-bar__text brz-span brz-text__editor\"><\/span><span class=\"brz-span brz-progress-bar__percent\">51%<\/span><\/div>\n<\/div>\n<\/div>\n<\/div>\n<\/div>\n<div class=\"brz-columns brz-css-1yeehs3 brz-css-e4gi5\" data-brz-custom-id=\"opfizcoreolgidnvskjpeswkhxyrhablnzwm\">\n<div class=\"brz-bg\"><\/div>\n<div class=\"brz-column__items brz-css-qc7hgn brz-css-1e3zgfo\">\n<div id=\"\" class=\"brz-css-ow44k4 brz-css-799idt brz-wrapper\">\n<div class=\"brz-rich-text brz-rich-text__custom brz-css-gfkay8\" data-brz-custom-id=\"fzuqultpjwouewfkdfatrmupxeecvwlvxzgh\">\n<div data-brz-translate-text=\"1\">\n<p class=\"brz-text-xs-center brz-fs-xs-38 brz-text-lg-left brz-tp-heading1 brz-fs-sm-39 brz-css-o1_Ml\"><span class=\"brz-cp-color2\">\u00bfPORQUE VEO PORNOGRAF\u00cdA? <\/span><\/p>\n<\/div>\n<\/div>\n<\/div>\n<div id=\"\" class=\"brz-css-ow44k4 brz-css-1g1u5lw brz-wrapper\">\n<div class=\"brz-spacer brz-css-156z7wi brz-css-1eogh86\"><\/div>\n<\/div>\n<div id=\"\" class=\"brz-css-ow44k4 brz-wrapper\">\n<div class=\"brz-rich-text brz-rich-text__custom brz-css-gfkay8\" data-brz-custom-id=\"vruiuydxdchwyoyljtonlrmyjgvkiqfoknrx\">\n<div data-brz-translate-text=\"1\">\n<p class=\"brz-fs-sm-17 brz-mb-lg-41 brz-mt-lg-0 brz-tp-paragraph brz-text-lg-justify brz-text-xs-justify brz-css-jJ9xA\">Hice un descubrimiento emocionante. Cuanto m\u00e1s tiempo caminaba con Dios en mi sexualidad, m\u00e1s claro se volv\u00eda en m\u00ed que \u00c9l realmente me hab\u00eda dado una respuesta a la pregunta \u00bfPor qu\u00e9 consumo  pornograf\u00eda? Yo estaba consumiendo porque mi alma estaba bajo tanta presi\u00f3n. La adicci\u00f3n era un reflejo de los deseos de mi alma. Mi anhelo de poder y control se refleja en la cantidad que consumo. Entre m\u00e1s ansioso estaba yo, era cuando m\u00e1s frecuentemente ve\u00eda pornograf\u00eda. As\u00ed mismo cuando ten\u00eda una necesidad de amor.<\/p>\n<p class=\"brz-tp-paragraph brz-css-e9nm7\">Yo pod\u00eda satisfacer mis necesidades de inmediato. Podr\u00eda darles de comer, pedir perd\u00f3n de forma r\u00e1pida y luego simplemente seguir adelante. <\/p>\n<p class=\"brz-fs-sm-17 brz-mb-lg-41 brz-mt-lg-0 brz-tp-paragraph brz-text-lg-justify brz-text-xs-justify brz-css-hkJEk\">Pero entonces Dios me dijo: <\/p>\n<\/div>\n<\/div>\n<\/div>\n<div id=\"\" class=\"brz-css-ow44k4 brz-css-1g1u5lw brz-wrapper\">\n<div class=\"brz-spacer brz-css-156z7wi brz-css-1g0jz35\"><\/div>\n<\/div>\n<div class=\"brz-row__container brz-css-1to8up6\" data-brz-custom-id=\"vledfcdnmnmwaddepucziqvlhsrjbevokuoy\">\n<div class=\"brz-bg\"><\/div>\n<div class=\"brz-row brz-row--inner brz-css-9cd2n9 brz-css-13ines8\">\n<div class=\"brz-columns brz-css-1yeehs3 brz-css-hwd11t\" data-brz-custom-id=\"rfjpzjxwgosmpxpbprkzgwunhfmjkhgijfcw\">\n<div class=\"brz-bg\">\n<div class=\"brz-bg-color\"><\/div>\n<\/div>\n<div class=\"brz-column__items brz-css-qc7hgn brz-css-1fnrquy\">\n<div class=\"brz-wrapper-clone brz-css-w9arty\">\n<div class=\"brz-d-xs-flex brz-flex-xs-wrap brz-css-1xc1afu\" data-brz-custom-id=\"\">\n<div class=\"brz-wrapper-clone__item\" id=\"wztdoczqukdibkfstgxvwrskyglwajghyrzw\">\n<div class=\"brz-icon__container\" data-brz-custom-id=\"wztdoczqukdibkfstgxvwrskyglwajghyrzw\"><span class=\"brz-icon brz-span brz-css-72nn8k brz-css-hd0mqx\"><\/span><\/div>\n<\/div>\n<\/div>\n<\/div>\n<\/div>\n<\/div>\n<div class=\"brz-columns brz-css-1yeehs3 brz-css-3akncs\" data-brz-custom-id=\"mmihiisdlzdxpwpgwowrbcdhmyippedwibfr\">\n<div class=\"brz-bg\">\n<div class=\"brz-bg-color\"><\/div>\n<\/div>\n<div class=\"brz-column__items brz-css-qc7hgn brz-css-wydtjf\">\n<div id=\"\" class=\"brz-css-ow44k4 brz-wrapper\">\n<div class=\"brz-rich-text brz-rich-text__custom brz-css-gfkay8\" data-brz-custom-id=\"zavitczqbgccufvaoacgygmitbnxcdmwrvrj\">\n<div data-brz-translate-text=\"1\">\n<p class=\"brz-tp-aldkgxnmmh brz-text-lg-justify brz-text-xs-center brz-css-c3nfa\">El Se\u00f1or es mi pastor, nada me faltara.<\/p>\n<p class=\"brz-tp-subtitle brz-text-xs-center brz-fs-xs-12 brz-css-pMMyT\"><span class=\"brz-cp-color2\">SALMO 23:1 <\/span><\/p>\n<\/div>\n<\/div>\n<\/div>\n<\/div>\n<\/div>\n<\/div>\n<\/div>\n<div id=\"\" class=\"brz-css-ow44k4 brz-wrapper\">\n<div class=\"brz-rich-text brz-rich-text__custom brz-css-gfkay8\" data-brz-custom-id=\"zoyiwuhrgectawztcwffpikbfsegjlttsntd\">\n<div data-brz-translate-text=\"1\">\n<p class=\"brz-text-xs-center brz-tp-paragraph brz-text-lg-justify brz-css-jVKyE\">\u00c9l me mostr\u00f3 con amor que \u00e9l quer\u00eda ser el pastor de mi alma. El quer\u00eda llenarme y mostrarme c\u00f3mo procesar mis emociones con \u00c9l.<\/p>\n<p class=\"brz-text-xs-center brz-tp-paragraph brz-text-lg-justify brz-css-xYqPk\"><\/p>\n<\/div>\n<\/div>\n<\/div>\n<div id=\"\" class=\"brz-css-ow44k4 brz-css-1g1u5lw brz-wrapper\">\n<div class=\"brz-spacer brz-css-156z7wi brz-css-11936yd\"><\/div>\n<\/div>\n<div id=\"\" class=\"brz-css-ow44k4 brz-wrapper\">\n<div class=\"brz-rich-text brz-rich-text__custom brz-css-gfkay8\" data-brz-custom-id=\"feykhokrmcibmudieurtcwoqepeugsviosau\">\n<div data-brz-translate-text=\"1\">\n<p class=\"brz-tp-paragraph brz-fs-sm-17 brz-css-zqZlO\"><strong>Ahora que poco a poco has ido descubriendo porque consumes pornografia, \u00bfComo cuidas y procesas tus emociones? Invita a Dios para que te acompa\u00f1e a trav\u00e9s de este proceso. <\/strong><\/p>\n<\/div>\n<\/div>\n<\/div>\n<div id=\"\" class=\"brz-css-ow44k4 brz-css-1g1u5lw brz-css-1qdhutw brz-wrapper\">\n<div class=\"brz-spacer brz-css-156z7wi brz-css-24rwb6\"><\/div>\n<\/div>\n<div class=\"brz-wrapper-clone brz-css-w9arty\">\n<div class=\"brz-d-xs-flex brz-flex-xs-wrap brz-css-1xc1afu\" data-brz-custom-id=\"\">\n<div class=\"brz-wrapper-clone__item\" id=\"dxpkuwserggobxpuluskzpnstgfyenvwxhzt\"><a class=\"brz-a brz-btn brz-css-3tob1v brz-css-1dy4o7s brz-css-18khhc5 brz-css-wlswc3\" href=\"https:\/\/free-indeed.com\/es\/trial-unit-4\/\" target=\"_self\" rel=\"noopener\" data-brz-link-type=\"external\" data-brz-custom-id=\"dxpkuwserggobxpuluskzpnstgfyenvwxhzt\"><span data-brz-translate-text=\"1\" class=\"brz-span brz-text__editor\">CONTINUAR<\/span><\/a><\/div>\n<\/div>\n<\/div>\n<\/div>\n<\/div>\n<\/div>\n<\/div>\n<\/div>\n<\/div>\n<\/section>\n<\/div>\n<p>    <!-- version:1737931324 --><\/p>\n","protected":false},"excerpt":{"rendered":"<p>UNIDAD DE PRUEBA Unidad &nbsp;06 Las heridas del coraz\u00f3n 51% \u00bfPORQUE VEO PORNOGRAF\u00cdA? Hice un descubrimiento emocionante. Cuanto m\u00e1s tiempo caminaba con Dios en mi sexualidad, m\u00e1s claro se volv\u00eda en m\u00ed que \u00c9l realmente me hab\u00eda dado una respuesta a la pregunta \u00bfPor qu\u00e9 consumo pornograf\u00eda? Yo estaba consumiendo porque mi alma estaba bajo [&hellip;]<\/p>\n","protected":false},"author":3,"featured_media":0,"parent":0,"menu_order":0,"comment_status":"closed","ping_status":"closed","template":"brizy-blank-template.php","meta":{"site-sidebar-layout":"default","site-content-layout":"default","ast-site-content-layout":"default","site-content-style":"default","site-sidebar-style":"default","ast-global-header-display":"","ast-banner-title-visibility":"","ast-main-header-display":"","ast-hfb-above-header-display":"","ast-hfb-below-header-display":"","ast-hfb-mobile-header-display":"","site-post-title":"","ast-breadcrumbs-content":"","ast-featured-img":"","footer-sml-layout":"","ast-disable-related-posts":"","theme-transparent-header-meta":"default","adv-header-id-meta":"","stick-header-meta":"default","header-above-stick-meta":"","header-main-stick-meta":"","header-below-stick-meta":"","astra-migrate-meta-layouts":"default","ast-page-background-enabled":"default","ast-page-background-meta":{"desktop":{"background-color":"","background-image":"","background-repeat":"repeat","background-position":"center center","background-size":"auto","background-attachment":"scroll","background-type":"","background-media":"","overlay-type":"","overlay-color":"","overlay-opacity":"","overlay-gradient":""},"tablet":{"background-color":"","background-image":"","background-repeat":"repeat","background-position":"center center","background-size":"auto","background-attachment":"scroll","background-type":"","background-media":"","overlay-type":"","overlay-color":"","overlay-opacity":"","overlay-gradient":""},"mobile":{"background-color":"","background-image":"","background-repeat":"repeat","background-position":"center center","background-size":"auto","background-attachment":"scroll","background-type":"","background-media":"","overlay-type":"","overlay-color":"","overlay-opacity":"","overlay-gradient":""}},"ast-content-background-meta":{"desktop":{"background-color":"var(--ast-global-color-5)","background-image":"","background-repeat":"repeat","background-position":"center center","background-size":"auto","background-attachment":"scroll","background-type":"","background-media":"","overlay-type":"","overlay-color":"","overlay-opacity":"","overlay-gradient":""},"tablet":{"background-color":"var(--ast-global-color-5)","background-image":"","background-repeat":"repeat","background-position":"center center","background-size":"auto","background-attachment":"scroll","background-type":"","background-media":"","overlay-type":"","overlay-color":"","overlay-opacity":"","overlay-gradient":""},"mobile":{"background-color":"var(--ast-global-color-5)","background-image":"","background-repeat":"repeat","background-position":"center center","background-size":"auto","background-attachment":"scroll","background-type":"","background-media":"","overlay-type":"","overlay-color":"","overlay-opacity":"","overlay-gradient":""}},"footnotes":""},"folder":[],"class_list":["post-22791","page","type-page","status-publish","hentry"],"publishpress_future_action":{"enabled":false,"date":"2026-04-17 12:41:02","action":"change-status","newStatus":"draft","terms":[],"taxonomy":"translation_priority","extraData":[]},"publishpress_future_workflow_manual_trigger":{"enabledWorkflows":[]},"brizy_media":[{"id":26714,"url":"https:\/\/free-indeed.com\/wp-content\/uploads\/2019\/11\/Banner.jpg","name":"Banner.jpg","meta":{"brizy_attachment_uid":"wp-c3a38afd0c8b2b5bc39fabe29bc2e2ed","brizy_post_uid":["4bcd82f37c55289246fe09961d52b007","a816394d13d07f77482c9da888846690","6ce0c9d5bb7ac757d5fd40ab8b106bdc","de75c8942c7f3e9f534d4ef61ac429f7","cf3aa6c5d2ccfa61b213f2fbbb59cc47","6e0e6de958474d7885096b824dc87a64","975301c1a0ec40c693755db58a7e628c","18fea529f96efd5729b2885d793070b5","df4315e0ee04e890ec1b9a181aa68ec4"]}}],"_links":{"self":[{"href":"https:\/\/free-indeed.com\/es\/wp-json\/wp\/v2\/pages\/22791","targetHints":{"allow":["GET"]}}],"collection":[{"href":"https:\/\/free-indeed.com\/es\/wp-json\/wp\/v2\/pages"}],"about":[{"href":"https:\/\/free-indeed.com\/es\/wp-json\/wp\/v2\/types\/page"}],"author":[{"embeddable":true,"href":"https:\/\/free-indeed.com\/es\/wp-json\/wp\/v2\/users\/3"}],"replies":[{"embeddable":true,"href":"https:\/\/free-indeed.com\/es\/wp-json\/wp\/v2\/comments?post=22791"}],"version-history":[{"count":0,"href":"https:\/\/free-indeed.com\/es\/wp-json\/wp\/v2\/pages\/22791\/revisions"}],"wp:attachment":[{"href":"https:\/\/free-indeed.com\/es\/wp-json\/wp\/v2\/media?parent=22791"}],"wp:term":[{"taxonomy":"folder","embeddable":true,"href":"https:\/\/free-indeed.com\/es\/wp-json\/wp\/v2\/folder?post=22791"}],"curies":[{"name":"wp","href":"https:\/\/api.w.org\/{rel}","templated":true}]}}