{"id":22798,"date":"2019-05-01T19:14:43","date_gmt":"2019-05-01T17:14:43","guid":{"rendered":"http:\/\/free-indeed.com\/trial-unit-4\/"},"modified":"2026-03-31T22:07:27","modified_gmt":"2026-03-31T20:07:27","slug":"unidad-de-prueba-4","status":"publish","type":"page","link":"https:\/\/free-indeed.com\/es\/unidad-de-prueba-4\/","title":{"rendered":"Unidad de Prueba 4- Tarea pr\u00e1ctica"},"content":{"rendered":"<div class=\"brz-root__container brz-reset-all brz brz-root__container-page\">\n<section id=\"_sktomtrxpqlusphwdzrrisgzhcizbufjfgqh\" class=\"brz-section brz-css-19gikox\">\n<div class=\"brz-section__content brz-section--boxed brz-css-1ewhvuw brz-css-vgxf3k\" data-brz-custom-id=\"cuazdpcnfwwehhqyipfgzvlwuwgfhqhbxwhg\">\n<div class=\"brz-bg\">\n<div class=\"brz-bg-image\"><\/div>\n<div class=\"brz-bg-color\"><\/div>\n<\/div>\n<div class=\"brz-container brz-css-1g5yxzm brz-css-1dxjokg\">\n<div id=\"\" class=\"brz-css-l6dbz0 brz-css-7qocq8 brz-wrapper\">\n<div class=\"brz-spacer brz-css-pamu3i brz-css-5h4gtj\"><\/div>\n<\/div>\n<div class=\"brz-row__container brz-css-1u1oy0r\" data-brz-custom-id=\"fvbuozqkygffhpvctiimiwpkrdayrzwgxtga\">\n<div class=\"brz-bg\"><\/div>\n<div class=\"brz-row brz-css-1uogx38 brz-css-112r5fk\">\n<div class=\"brz-columns brz-css-dlqo58 brz-css-1h88v42\" data-brz-custom-id=\"lwrtdpbetxcxayzauhbmyxsaymvfnsljqcoz\">\n<div class=\"brz-bg\"><\/div>\n<div class=\"brz-column__items brz-css-iyl2vv brz-css-1z3s1l\">\n<div id=\"\" class=\"brz-css-l6dbz0 brz-css-7qocq8 brz-wrapper\">\n<div class=\"brz-spacer brz-css-pamu3i\"><\/div>\n<\/div>\n<\/div>\n<\/div>\n<\/div>\n<\/div>\n<\/div>\n<\/div>\n<\/section>\n<section id=\"_esnglxiizitybgpvvxsfxxsailwyjrnkvntm\" class=\"brz-section brz-css-19gikox\">\n<div class=\"brz-section__content brz-section--boxed brz-css-1ewhvuw brz-css-141qm8o\" data-brz-custom-id=\"nrhehvxhhrnfccbcbkkrjrwxymhayalcvvgg\">\n<div class=\"brz-container brz-css-1g5yxzm\">\n<div class=\"brz-row__container brz-css-1u1oy0r\" data-brz-custom-id=\"qcghfzfqxgisjdiwthjuewcvpsykuwlihydg\">\n<div class=\"brz-bg\"><\/div>\n<div class=\"brz-row brz-css-1uogx38 brz-css-112r5fk\">\n<div class=\"brz-columns brz-css-dlqo58 brz-css-1g05klw\" data-brz-custom-id=\"zuqjkoabpstzbxwczgbcgvfklahdzptuhfpt\">\n<div class=\"brz-bg\"><\/div>\n<div class=\"brz-column__items brz-css-iyl2vv\">\n<div id=\"\" class=\"brz-css-l6dbz0 brz-wrapper\">\n<div class=\"brz-rich-text brz-rich-text__custom brz-css-dkn728\" data-brz-custom-id=\"zjgsesqdahbxcqldghbajmhkczwkfhfbqvsy\">\n<div data-brz-translate-text=\"1\">\n<p class=\"brz-tp-heading1 brz-text-lg-center brz-css-kIU81\"><span>UNIDAD DE PRUEBA<\/span><\/p>\n<\/div>\n<\/div>\n<\/div>\n<\/div>\n<\/div>\n<\/div>\n<\/div>\n<\/div>\n<\/div>\n<\/section>\n<section id=\"_irpjajoicezdrmwekxkhpwpzrylyjyripvsj\" class=\"brz-section brz-css-19gikox\">\n<div class=\"brz-section__content brz-section--boxed brz-css-1ewhvuw brz-css-3c1juz\" data-brz-custom-id=\"dnqiabwsflofgwkjsqkgchfvcuucpqoakrxn\">\n<div class=\"brz-container brz-css-1g5yxzm\">\n<div class=\"brz-row__container brz-css-1u1oy0r\" data-brz-custom-id=\"gojzuhxnffknmtbwpwoblgukatnfbwdmrwgw\">\n<div class=\"brz-bg\"><\/div>\n<div class=\"brz-row brz-css-1uogx38\">\n<div class=\"brz-columns brz-css-dlqo58 brz-css-1i1shrh\" data-brz-custom-id=\"yvkkbihrxmnjzioeyazumatitwhvqubhlasq\">\n<div class=\"brz-bg\"><\/div>\n<div class=\"brz-column__items brz-css-iyl2vv brz-css-1cavequ\">\n<div id=\"\" class=\"brz-css-l6dbz0 brz-css-1h8rs2j brz-wrapper\">\n<div class=\"brz-image brz-css-ojyeyl\" data-brz-custom-id=\"zwbdrgofnoqrdtbeljxamdejrvwzughhsurk\"><img decoding=\"async\" class=\"brz-img\" src=\"https:\/\/free-indeed.com\/es?brizy_media=wp-88445fd5525d3040a378bc9895cc58f9&amp;brizy_crop=iW%3D89%26iH%3D89%26oX%3D4%26oY%3D0%26cW%3D81%26cH%3D89\" alt=\"\" loading=\"lazy\"><\/div>\n<\/div>\n<div id=\"\" class=\"brz-css-l6dbz0 brz-css-7qocq8 brz-wrapper\">\n<div class=\"brz-spacer brz-css-pamu3i brz-css-adpztm\"><\/div>\n<\/div>\n<div id=\"\" class=\"brz-css-l6dbz0 brz-css-diieig brz-wrapper\">\n<div class=\"brz-rich-text brz-rich-text__custom brz-css-dkn728\" data-brz-custom-id=\"fejsjbjqbwzjwkmjfbgjegrtbgbpxmnrpegw\">\n<div data-brz-translate-text=\"1\">\n<p class=\"brz-tp-heading3 brz-text-lg-right brz-text-xs-center brz-css-eoAZc\"><span class=\"brz-cp-color7\" style=\"opacity: 0.15\">Unidad<\/span><\/p>\n<\/div>\n<\/div>\n<\/div>\n<div id=\"\" class=\"brz-css-l6dbz0 brz-css-4f6gza brz-wrapper\">\n<div class=\"brz-rich-text brz-rich-text__custom brz-css-dkn728\" data-brz-custom-id=\"txoimncgubwmnopjxosokoiejrvcyybimkwr\">\n<div data-brz-translate-text=\"1\">\n<p class=\"brz-mb-sm-47 brz-mt-sm-55 brz-text-xs-center brz-fs-xs-100 brz-text-lg-right brz-ls-lg-m_1_5 brz-fs-lg-99 brz-lh-lg-1 brz-ff-montserrat brz-fw-lg-400 brz-fw-sm-im-400 brz-fw-xs-im-400 brz-fs-sm-71 brz-mt-xs-47 brz-mb-xs-45 brz-css-u3Tci\"><span class=\"brz-cp-color1\" style=\"opacity: 0.15\">&nbsp;<\/span><span style=\"opacity: 0.15\" class=\"brz-cp-color7\">06<\/span><\/p>\n<\/div>\n<\/div>\n<\/div>\n<div id=\"\" class=\"brz-css-l6dbz0 brz-css-1kqbo8r brz-wrapper\">\n<div class=\"brz-line brz-line-default brz-css-1lteils brz-css-xfrkrx\" data-brz-custom-id=\"kkwfijhzetxcublvgojlayfahunjqcyxzqgb\">\n<hr class=\"brz-hr\"><\/div>\n<\/div>\n<div id=\"\" class=\"brz-css-l6dbz0 brz-css-1tcrai3 brz-wrapper\">\n<div class=\"brz-rich-text brz-rich-text__custom brz-css-dkn728\" data-brz-custom-id=\"xlodbjaulzaoymblzrysrnpcyvopsefecxoy\">\n<div data-brz-translate-text=\"1\">\n<p class=\"brz-text-xs-center brz-fw-xs-im-700 brz-fw-sm-im-700 brz-fw-lg-700 brz-ff-montserrat brz-text-lg-right brz-lh-lg-1_5 brz-lh-sm-im-undefined brz-lh-xs-im-1_8 brz-ls-lg-1 brz-ls-sm-im-undefined brz-ls-xs-im-3 brz-fs-lg-19 brz-fs-xs-im-17 brz-css-ppu6B\"><strong class=\"brz-cp-color7\" style=\"opacity: 0.39\">Las heridas del coraz\u00f3n<\/strong><\/p>\n<\/div>\n<\/div>\n<\/div>\n<div id=\"\" class=\"brz-css-l6dbz0 brz-css-5d5bp brz-wrapper\">\n<div data-brz-type=\"style1\" class=\"brz-progress-bar brz-progress-bar-style1 brz-css-qw3igk brz-css-i2nlm2\" data-brz-custom-id=\"xalovgwnhyyritwjkpjlansycvvgxyjcsdvx\">\n<div class=\"brz-css-zwn4t0 brz-d-xs-flex brz-align-items-xs-center brz-progress-bar__wrapper\" data-progress=\"85\"><span data-brz-translate-text=\"1\" class=\"brz-progress-bar__text brz-span brz-text__editor\"><\/span><span class=\"brz-span brz-progress-bar__percent\">85%<\/span><\/div>\n<\/div>\n<\/div>\n<\/div>\n<\/div>\n<div class=\"brz-columns brz-css-dlqo58 brz-css-wqj1t2\" data-brz-custom-id=\"sjoeukuuhsipqpvxbgrzdppbzdacnerjvqtq\">\n<div class=\"brz-bg\"><\/div>\n<div class=\"brz-column__items brz-css-iyl2vv brz-css-1kqzxjv\">\n<div id=\"\" class=\"brz-css-l6dbz0 brz-css-wp4wch brz-wrapper\">\n<div class=\"brz-rich-text brz-rich-text__custom brz-css-dkn728\" data-brz-custom-id=\"dxeemfsebeabbhuwhjvxittbceaertclttzd\">\n<div data-brz-translate-text=\"1\">\n<p class=\"brz-text-xs-center brz-fs-xs-38 brz-text-lg-left brz-tp-heading1 brz-fs-sm-39 brz-css-bpvoX\"><span class=\"brz-cp-color2\">TAREA PR\u00c1CTICA <\/span><\/p>\n<\/div>\n<\/div>\n<\/div>\n<div id=\"\" class=\"brz-css-l6dbz0 brz-css-7qocq8 brz-wrapper\">\n<div class=\"brz-spacer brz-css-pamu3i brz-css-134wmae\"><\/div>\n<\/div>\n<div id=\"\" class=\"brz-css-l6dbz0 brz-wrapper\">\n<div class=\"brz-rich-text brz-rich-text__custom brz-css-dkn728\" data-brz-custom-id=\"cqdfmmizorbqematqdcvuszuoeaubnuiuysg\">\n<div data-brz-translate-text=\"1\">\n<p class=\"brz-text-lg-justify brz-tp-paragraph brz-css-jPlwU\">En todo el tiempo con mi lucha, poco a poco fui detectando en qu\u00e9 momentos y situaciones me sent\u00eda m\u00e1s tentado. Hab\u00edan factores detonantes y mecanismos que hab\u00eda desarrollado  dentro de mi. Me tom\u00f3 tiempo. Pero Dios me ayud\u00f3 a encontrarlos, renovarlos y cambiarlos.<\/p>\n<p class=\"brz-text-lg-justify brz-tp-paragraph brz-css-qjNAJ\"><\/p>\n<p class=\"brz-text-lg-justify brz-tp-paragraph brz-css-avw3R\">La manera que empec\u00e9 este proceso fue siendo m\u00e1s consciente de mis emociones. Cada d\u00eda tomaba un tiempo para meditar como estuvo mi d\u00eda, qu\u00e9 eventos fueron los m\u00e1s resaltantes de el dia y las emociones que me causaban. Iba m\u00e1s profundo a ver si hab\u00eda alguna emoci\u00f3n incorrecta la nombrara, me permit\u00eda expresar como me sentia y luego buscaba si hab\u00eda alguna mentira o resentimiento con alguien o encontra de mi. Luego, le ped\u00eda a Dios que me mostraba la verdad sobre lo que paso o la persona que me haya ofendido. Finalmente, terminaba adorando a Dios.<\/p>\n<p class=\"brz-tp-paragraph brz-css-kZILx\"><\/p>\n<p class=\"brz-text-xs-justify brz-mt-lg-0 brz-mb-lg-41 brz-fs-sm-17 brz-text-lg-justify brz-tp-paragraph brz-css-fdTW6\">Puedes estar seguro que Dios est\u00e1 interesado en guiarte y mostrarte c\u00f3mo manejar tus emociones y cuidar de tu coraz\u00f3n. \u00bfEst\u00e1s listo para empezar?<\/p>\n<p class=\"brz-text-xs-justify brz-mt-lg-0 brz-mb-lg-41 brz-fs-sm-17 brz-text-lg-justify brz-tp-paragraph brz-css-fQusC\"><strong>\u00bfEst\u00e1s dispuesto a empezar a cuidar de una mejor manera  tus emociones y tu coraz\u00f3n?<\/strong><\/p>\n<\/div>\n<\/div>\n<\/div>\n<div class=\"brz-wrapper-clone brz-css-3sor2e\">\n<div class=\"brz-d-xs-flex brz-flex-xs-wrap brz-css-nrmkqg\" data-brz-custom-id=\"\">\n<div class=\"brz-wrapper-clone__item\" id=\"bhzzvvalsspeorlgvakohmtnmwuzloecxdea\"><a class=\"brz-a brz-btn brz-css-vyjsod brz-css-1rjqa0k brz-css-1xifhtz brz-css-1mhg8ve\" href=\"https:\/\/free-indeed.com\/es\/trial-unit-5\/\" target=\"_self\" rel=\"noopener\" data-brz-link-type=\"external\" data-brz-custom-id=\"bhzzvvalsspeorlgvakohmtnmwuzloecxdea\"><span data-brz-translate-text=\"1\" class=\"brz-span brz-text__editor\">CONTINUAR<\/span><\/a><\/div>\n<\/div>\n<\/div>\n<\/div>\n<\/div>\n<\/div>\n<\/div>\n<\/div>\n<\/div>\n<\/section>\n<\/div>\n<p>    <!-- version:1737912616 --><\/p>\n","protected":false},"excerpt":{"rendered":"<p>UNIDAD DE PRUEBA Unidad &nbsp;06 Las heridas del coraz\u00f3n 85% TAREA PR\u00c1CTICA En todo el tiempo con mi lucha, poco a poco fui detectando en qu\u00e9 momentos y situaciones me sent\u00eda m\u00e1s tentado. Hab\u00edan factores detonantes y mecanismos que hab\u00eda desarrollado dentro de mi. Me tom\u00f3 tiempo. Pero Dios me ayud\u00f3 a encontrarlos, renovarlos y [&hellip;]<\/p>\n","protected":false},"author":3,"featured_media":0,"parent":0,"menu_order":0,"comment_status":"closed","ping_status":"closed","template":"brizy-blank-template.php","meta":{"site-sidebar-layout":"default","site-content-layout":"default","ast-site-content-layout":"default","site-content-style":"default","site-sidebar-style":"default","ast-global-header-display":"","ast-banner-title-visibility":"","ast-main-header-display":"","ast-hfb-above-header-display":"","ast-hfb-below-header-display":"","ast-hfb-mobile-header-display":"","site-post-title":"","ast-breadcrumbs-content":"","ast-featured-img":"","footer-sml-layout":"","ast-disable-related-posts":"","theme-transparent-header-meta":"default","adv-header-id-meta":"","stick-header-meta":"default","header-above-stick-meta":"","header-main-stick-meta":"","header-below-stick-meta":"","astra-migrate-meta-layouts":"default","ast-page-background-enabled":"default","ast-page-background-meta":{"desktop":{"background-color":"","background-image":"","background-repeat":"repeat","background-position":"center center","background-size":"auto","background-attachment":"scroll","background-type":"","background-media":"","overlay-type":"","overlay-color":"","overlay-opacity":"","overlay-gradient":""},"tablet":{"background-color":"","background-image":"","background-repeat":"repeat","background-position":"center center","background-size":"auto","background-attachment":"scroll","background-type":"","background-media":"","overlay-type":"","overlay-color":"","overlay-opacity":"","overlay-gradient":""},"mobile":{"background-color":"","background-image":"","background-repeat":"repeat","background-position":"center center","background-size":"auto","background-attachment":"scroll","background-type":"","background-media":"","overlay-type":"","overlay-color":"","overlay-opacity":"","overlay-gradient":""}},"ast-content-background-meta":{"desktop":{"background-color":"var(--ast-global-color-5)","background-image":"","background-repeat":"repeat","background-position":"center center","background-size":"auto","background-attachment":"scroll","background-type":"","background-media":"","overlay-type":"","overlay-color":"","overlay-opacity":"","overlay-gradient":""},"tablet":{"background-color":"var(--ast-global-color-5)","background-image":"","background-repeat":"repeat","background-position":"center center","background-size":"auto","background-attachment":"scroll","background-type":"","background-media":"","overlay-type":"","overlay-color":"","overlay-opacity":"","overlay-gradient":""},"mobile":{"background-color":"var(--ast-global-color-5)","background-image":"","background-repeat":"repeat","background-position":"center center","background-size":"auto","background-attachment":"scroll","background-type":"","background-media":"","overlay-type":"","overlay-color":"","overlay-opacity":"","overlay-gradient":""}},"footnotes":""},"folder":[],"class_list":["post-22798","page","type-page","status-publish","hentry"],"publishpress_future_action":{"enabled":false,"date":"2026-04-17 14:52:43","action":"change-status","newStatus":"draft","terms":[],"taxonomy":"translation_priority","extraData":[]},"publishpress_future_workflow_manual_trigger":{"enabledWorkflows":[]},"brizy_media":[{"id":26714,"url":"https:\/\/free-indeed.com\/wp-content\/uploads\/2019\/11\/Banner.jpg","name":"Banner.jpg","meta":{"brizy_attachment_uid":"wp-c3a38afd0c8b2b5bc39fabe29bc2e2ed","brizy_post_uid":["4bcd82f37c55289246fe09961d52b007","a816394d13d07f77482c9da888846690","6ce0c9d5bb7ac757d5fd40ab8b106bdc","de75c8942c7f3e9f534d4ef61ac429f7","cf3aa6c5d2ccfa61b213f2fbbb59cc47","6e0e6de958474d7885096b824dc87a64","975301c1a0ec40c693755db58a7e628c","18fea529f96efd5729b2885d793070b5","df4315e0ee04e890ec1b9a181aa68ec4"]}}],"_links":{"self":[{"href":"https:\/\/free-indeed.com\/es\/wp-json\/wp\/v2\/pages\/22798","targetHints":{"allow":["GET"]}}],"collection":[{"href":"https:\/\/free-indeed.com\/es\/wp-json\/wp\/v2\/pages"}],"about":[{"href":"https:\/\/free-indeed.com\/es\/wp-json\/wp\/v2\/types\/page"}],"author":[{"embeddable":true,"href":"https:\/\/free-indeed.com\/es\/wp-json\/wp\/v2\/users\/3"}],"replies":[{"embeddable":true,"href":"https:\/\/free-indeed.com\/es\/wp-json\/wp\/v2\/comments?post=22798"}],"version-history":[{"count":0,"href":"https:\/\/free-indeed.com\/es\/wp-json\/wp\/v2\/pages\/22798\/revisions"}],"wp:attachment":[{"href":"https:\/\/free-indeed.com\/es\/wp-json\/wp\/v2\/media?parent=22798"}],"wp:term":[{"taxonomy":"folder","embeddable":true,"href":"https:\/\/free-indeed.com\/es\/wp-json\/wp\/v2\/folder?post=22798"}],"curies":[{"name":"wp","href":"https:\/\/api.w.org\/{rel}","templated":true}]}}