{"id":22809,"date":"2019-05-01T19:17:15","date_gmt":"2019-05-01T17:17:15","guid":{"rendered":"http:\/\/free-indeed.com\/trial-unit-5\/"},"modified":"2026-03-30T14:00:45","modified_gmt":"2026-03-30T12:00:45","slug":"unidad-de-prueba-5","status":"publish","type":"page","link":"https:\/\/free-indeed.com\/es\/unidad-de-prueba-5\/","title":{"rendered":"Unidad de Prueba 5- Contabilidad"},"content":{"rendered":"<div class=\"brz-root__container brz-reset-all brz brz-root__container-page\">\n<section id=\"_vpdebwnxijtpgqkpoxythywzpobxbhviybtg\" class=\"brz-section brz-css-71ltip\">\n<div class=\"brz-section__content brz-section--boxed brz-css-1lnenb0 brz-css-ku6ji3\" data-brz-custom-id=\"guaqeywzizsjsqtodklbfjvjmwvgxdheiyln\">\n<div class=\"brz-bg\">\n<div class=\"brz-bg-image\"><\/div>\n<div class=\"brz-bg-color\"><\/div>\n<\/div>\n<div class=\"brz-container brz-css-hqrcp3 brz-css-1ghlk66\">\n<div id=\"\" class=\"brz-css-1kfe8wz brz-css-1h9z3of brz-wrapper\">\n<div class=\"brz-spacer brz-css-1f0utan brz-css-vzmzjd\"><\/div>\n<\/div>\n<div class=\"brz-row__container brz-css-28yufq\" data-brz-custom-id=\"zganbxppuuvokbxxhwklzcdtmunhbvdjswqn\">\n<div class=\"brz-bg\"><\/div>\n<div class=\"brz-row brz-css-1rruh6n brz-css-190moy0\">\n<div class=\"brz-columns brz-css-11lkd3a brz-css-9eqxne\" data-brz-custom-id=\"kmmrspzufkbadoaxwaekovxjfnaffbpaaomh\">\n<div class=\"brz-bg\"><\/div>\n<div class=\"brz-column__items brz-css-1fj2hg5 brz-css-128l30f\">\n<div id=\"\" class=\"brz-css-1kfe8wz brz-css-1h9z3of brz-wrapper\">\n<div class=\"brz-spacer brz-css-1f0utan\"><\/div>\n<\/div>\n<\/div>\n<\/div>\n<\/div>\n<\/div>\n<\/div>\n<\/div>\n<\/section>\n<section id=\"_ndkusfnrvsgpchshyahmylzfuwnlcssmecby\" class=\"brz-section brz-css-71ltip\">\n<div class=\"brz-section__content brz-section--boxed brz-css-1lnenb0 brz-css-ppr1q2\" data-brz-custom-id=\"wocdmyyydjcsswxtazuqypuqhmebfauqfjgb\">\n<div class=\"brz-container brz-css-hqrcp3\">\n<div class=\"brz-row__container brz-css-28yufq\" data-brz-custom-id=\"wzgjvpscvtnuxcsvnheaxfudwbzmztgtebvb\">\n<div class=\"brz-bg\"><\/div>\n<div class=\"brz-row brz-css-1rruh6n brz-css-190moy0\">\n<div class=\"brz-columns brz-css-11lkd3a brz-css-1bb0v5x\" data-brz-custom-id=\"uyufymniyzwvbiloszajsnlpeymnmfeawjjo\">\n<div class=\"brz-bg\"><\/div>\n<div class=\"brz-column__items brz-css-1fj2hg5\">\n<div id=\"\" class=\"brz-css-1kfe8wz brz-wrapper\">\n<div class=\"brz-rich-text brz-rich-text__custom brz-css-1o4v8kq\" data-brz-custom-id=\"pruhjmhdajcacgpmnfcuidikostpzdzrmqov\">\n<div data-brz-translate-text=\"1\">\n<p class=\"brz-tp-heading1 brz-text-lg-center brz-css-jEwf5\"><span>UNIDAD DE PRUEBA<\/span><\/p>\n<\/div>\n<\/div>\n<\/div>\n<\/div>\n<\/div>\n<\/div>\n<\/div>\n<\/div>\n<\/div>\n<\/section>\n<section id=\"_pojcahczftdhtzlstmksguywhaaoyubcqfuz\" class=\"brz-section brz-css-71ltip\">\n<div class=\"brz-section__content brz-section--boxed brz-css-1lnenb0 brz-css-qziduz\" data-brz-custom-id=\"qstnoqpatcvyzwwpdtnpzgcwhgrsllkixoyu\">\n<div class=\"brz-container brz-css-hqrcp3\">\n<div class=\"brz-row__container brz-css-28yufq\" data-brz-custom-id=\"efdhoqsbpnocdprkivuhmuonwglfoywwcfzl\">\n<div class=\"brz-bg\"><\/div>\n<div class=\"brz-row brz-css-1rruh6n\">\n<div class=\"brz-columns brz-css-11lkd3a brz-css-1mr2r3u\" data-brz-custom-id=\"xelmttplqpfrvshfbzuhrbwqgbvklykukcez\">\n<div class=\"brz-bg\"><\/div>\n<div class=\"brz-column__items brz-css-1fj2hg5 brz-css-1qwuc6t\">\n<div id=\"\" class=\"brz-css-1kfe8wz brz-css-1n3md0h brz-wrapper\">\n<div class=\"brz-image brz-css-ldd5tb\" data-brz-custom-id=\"ghchrawgdvofnrnalnihwlsyyclhwaawpewm\"><img decoding=\"async\" class=\"brz-img\" src=\"https:\/\/free-indeed.com\/es?brizy_media=wp-88445fd5525d3040a378bc9895cc58f9&amp;brizy_crop=iW%3D89%26iH%3D89%26oX%3D4%26oY%3D0%26cW%3D81%26cH%3D89\" alt=\"\" loading=\"lazy\"><\/div>\n<\/div>\n<div id=\"\" class=\"brz-css-1kfe8wz brz-css-1h9z3of brz-wrapper\">\n<div class=\"brz-spacer brz-css-1f0utan brz-css-pndpj9\"><\/div>\n<\/div>\n<div id=\"\" class=\"brz-css-1kfe8wz brz-css-1u8k84h brz-wrapper\">\n<div class=\"brz-rich-text brz-rich-text__custom brz-css-1o4v8kq\" data-brz-custom-id=\"kueruqvspvtzgpcxacfdyechmbjejwoizvvd\">\n<div data-brz-translate-text=\"1\">\n<p class=\"brz-tp-heading3 brz-text-lg-right brz-text-xs-center brz-css-z3Qty\"><span class=\"brz-cp-color7\" style=\"opacity: 0.15\">Unidad<\/span><\/p>\n<\/div>\n<\/div>\n<\/div>\n<div id=\"\" class=\"brz-css-1kfe8wz brz-css-1afthm6 brz-wrapper\">\n<div class=\"brz-rich-text brz-rich-text__custom brz-css-1o4v8kq\" data-brz-custom-id=\"lhcyzgqikzsyatzatptaxudzxrecdepbsvgb\">\n<div data-brz-translate-text=\"1\">\n<p class=\"brz-fs-sm-71 brz-fw-xs-im-400 brz-fw-sm-im-400 brz-fw-lg-400 brz-ff-montserrat brz-lh-lg-1 brz-fs-lg-99 brz-ls-lg-m_1_5 brz-text-lg-right brz-fs-xs-100 brz-text-xs-center brz-mt-sm-55 brz-mb-sm-47 brz-mt-xs-47 brz-mb-xs-45 brz-css-tO_cX\"><span class=\"brz-cp-color1\" style=\"opacity: 0.15\">&nbsp;<\/span><span style=\"opacity: 0.15\" class=\"brz-cp-color7\">06<\/span><\/p>\n<\/div>\n<\/div>\n<\/div>\n<div id=\"\" class=\"brz-css-1kfe8wz brz-css-12x5bj0 brz-wrapper\">\n<div class=\"brz-line brz-line-default brz-css-7il193 brz-css-10pcwrs\" data-brz-custom-id=\"tsbvwaomscavjdwlwwtrtazudfxxrvnazmtr\">\n<hr class=\"brz-hr\"><\/div>\n<\/div>\n<div id=\"\" class=\"brz-css-1kfe8wz brz-css-94dthb brz-wrapper\">\n<div class=\"brz-rich-text brz-rich-text__custom brz-css-1o4v8kq\" data-brz-custom-id=\"ublxefcaxsvaiesvhqveopyemvyxytcestdt\">\n<div data-brz-translate-text=\"1\">\n<p class=\"brz-text-xs-center brz-fw-xs-im-700 brz-fw-sm-im-700 brz-fw-lg-700 brz-ff-montserrat brz-text-lg-right brz-lh-lg-1_5 brz-lh-sm-im-undefined brz-lh-xs-im-1_8 brz-ls-lg-1 brz-ls-sm-im-undefined brz-ls-xs-im-3 brz-fs-lg-21 brz-fs-xs-im-19 brz-css-x2nlo\"><strong class=\"brz-cp-color7\" style=\"opacity: 0.39\">Las heridas del coraz\u00f3n <\/strong><\/p>\n<\/div>\n<\/div>\n<\/div>\n<div id=\"\" class=\"brz-css-1kfe8wz brz-css-lfjwb brz-wrapper\">\n<div data-brz-type=\"style1\" class=\"brz-progress-bar brz-progress-bar-style1 brz-css-g2snyv brz-css-1d6p98u\" data-brz-custom-id=\"dunosslfdswmcmmuuyickxbeoikbrtkzkuqb\">\n<div class=\"brz-css-1uwi4zw brz-d-xs-flex brz-align-items-xs-center brz-progress-bar__wrapper\" data-progress=\"100\"><span data-brz-translate-text=\"1\" class=\"brz-progress-bar__text brz-span brz-text__editor\"><\/span><span class=\"brz-span brz-progress-bar__percent\">100%<\/span><\/div>\n<\/div>\n<\/div>\n<\/div>\n<\/div>\n<div class=\"brz-columns brz-css-11lkd3a brz-css-1e0hgoz\" data-brz-custom-id=\"dcrugreyuyrcdbzkbcvrczzaqvagiyrhcpab\">\n<div class=\"brz-bg\"><\/div>\n<div class=\"brz-column__items brz-css-1fj2hg5 brz-css-14zlzzu\">\n<div id=\"\" class=\"brz-css-1kfe8wz brz-wrapper\">\n<div class=\"brz-rich-text brz-rich-text__custom brz-css-1o4v8kq\" data-brz-custom-id=\"hvnvpdqluzjzrycosewnmdhjovvwbnvjfloe\">\n<div data-brz-translate-text=\"1\">\n<p class=\"brz-tp-heading1 brz-css-q2PZ_\">CONTABILIDAD<\/p>\n<\/div>\n<\/div>\n<\/div>\n<div id=\"\" class=\"brz-css-1kfe8wz brz-css-1h9z3of brz-wrapper\">\n<div class=\"brz-spacer brz-css-1f0utan brz-css-10pvhvs\"><\/div>\n<\/div>\n<div id=\"\" class=\"brz-css-1kfe8wz brz-css-1f2fcoe brz-wrapper\">\n<div class=\"brz-image brz-css-x0rjos\" data-brz-custom-id=\"qnvionimnxoggpurefgvvzwsskvsiewjiqny\"><img decoding=\"async\" class=\"brz-img\" src=\"https:\/\/free-indeed.com\/es?brizy_media=wp-30d66e2493f95bc308d5f70af6c7896b&amp;brizy_crop=iW%3D780%26iH%3D94%26oX%3D0%26oY%3D16%26cW%3D780%26cH%3D62\" alt=\"\" loading=\"lazy\"><\/div>\n<\/div>\n<div id=\"\" class=\"brz-css-1kfe8wz brz-css-1h9z3of brz-wrapper\">\n<div class=\"brz-spacer brz-css-1f0utan brz-css-1kddqxy\"><\/div>\n<\/div>\n<div class=\"brz-row__container brz-css-28yufq\" data-brz-custom-id=\"nbywsvovhhgpalicgwdzhtslfccrqipadlkt\">\n<div class=\"brz-bg\"><\/div>\n<div class=\"brz-row brz-row--inner brz-css-1rruh6n brz-css-190moy0\">\n<div class=\"brz-columns brz-css-11lkd3a brz-css-6zapef\" data-brz-custom-id=\"rozgwctiutsflwyqpyrzasblligdpwldoxha\">\n<div class=\"brz-bg\">\n<div class=\"brz-bg-color\"><\/div>\n<\/div>\n<div class=\"brz-column__items brz-css-1fj2hg5 brz-css-17uiz7m\">\n<div class=\"brz-wrapper-clone brz-css-lhwbo4\">\n<div class=\"brz-d-xs-flex brz-flex-xs-wrap brz-css-4qanyd\" data-brz-custom-id=\"\">\n<div class=\"brz-wrapper-clone__item\" id=\"gxnahgxmzeckebbjvggrqwvlthlcstvjhytv\">\n<div class=\"brz-icon__container\" data-brz-custom-id=\"gxnahgxmzeckebbjvggrqwvlthlcstvjhytv\"><span class=\"brz-icon brz-span brz-css-1lfcel0 brz-css-1m1348p\"><\/span><\/div>\n<\/div>\n<\/div>\n<\/div>\n<\/div>\n<\/div>\n<div class=\"brz-columns brz-css-11lkd3a brz-css-13bb3eq\" data-brz-custom-id=\"zeseiqynbgtdtbpitpvmntrfqdeohbbhzzne\">\n<div class=\"brz-bg\">\n<div class=\"brz-bg-color\"><\/div>\n<\/div>\n<div class=\"brz-column__items brz-css-1fj2hg5 brz-css-d30ih7\">\n<div id=\"\" class=\"brz-css-1kfe8wz brz-wrapper\">\n<div class=\"brz-rich-text brz-rich-text__custom brz-css-1o4v8kq\" data-brz-custom-id=\"xfsxylwjamndmsvpjcebhamyriqwsphpeinr\">\n<div data-brz-translate-text=\"1\">\n<p class=\"brz-css-i5Mi_\">Exam\u00edname, oh Dios, y conoce mi coraz\u00f3n; Pru\u00e9bame y conoce mis pensamientos;<\/p>\n<p class=\"brz-tp-aldkgxnmmh brz-text-xs-center brz-css-kplX2\">Y ve si hay en m\u00ed camino de perversidad, Y gu\u00edame en el camino eterno.<\/p>\n<p class=\"brz-tp-subtitle brz-text-xs-center brz-fs-xs-12 brz-css-yDTPD\"><span class=\"brz-cp-color2\">SALMOS 139:23-24 <\/span><\/p>\n<\/div>\n<\/div>\n<\/div>\n<\/div>\n<\/div>\n<\/div>\n<\/div>\n<div id=\"\" class=\"brz-css-1kfe8wz brz-css-1h9z3of brz-wrapper\">\n<div class=\"brz-spacer brz-css-1f0utan brz-css-nrx8gh\"><\/div>\n<\/div>\n<div class=\"brz-row__container brz-css-28yufq\" data-brz-custom-id=\"xxxgtggzxtjzouzuqighkihdzuhbtikbkznn\">\n<div class=\"brz-bg\"><\/div>\n<div class=\"brz-row brz-row--inner brz-css-1rruh6n brz-css-190moy0\">\n<div class=\"brz-columns brz-css-11lkd3a brz-css-10cmtet\" data-brz-custom-id=\"ohcuzkivzfavvkgblxxfubamjcwxdspucsku\">\n<div class=\"brz-bg\">\n<div class=\"brz-bg-color\"><\/div>\n<\/div>\n<div class=\"brz-column__items brz-css-1fj2hg5 brz-css-1bjdm7n\">\n<div class=\"brz-wrapper-clone brz-css-lhwbo4\">\n<div class=\"brz-d-xs-flex brz-flex-xs-wrap brz-css-4qanyd\" data-brz-custom-id=\"\">\n<div class=\"brz-wrapper-clone__item\" id=\"nfwhxdhashfdtmjapxlbmzogzdlodusrgkwv\">\n<div class=\"brz-icon__container\" data-brz-custom-id=\"nfwhxdhashfdtmjapxlbmzogzdlodusrgkwv\"><span class=\"brz-icon brz-span brz-css-1lfcel0 brz-css-izzdh0\"><\/span><\/div>\n<\/div>\n<\/div>\n<\/div>\n<\/div>\n<\/div>\n<div class=\"brz-columns brz-css-11lkd3a brz-css-1kqs2jd\" data-brz-custom-id=\"ihhfyxdtjwgpeffyknvycrjrrmhaogenxmtm\">\n<div class=\"brz-bg\">\n<div class=\"brz-bg-color\"><\/div>\n<\/div>\n<div class=\"brz-column__items brz-css-1fj2hg5 brz-css-wl217p\">\n<div id=\"\" class=\"brz-css-1kfe8wz brz-wrapper\">\n<div class=\"brz-rich-text brz-rich-text__custom brz-css-1o4v8kq\" data-brz-custom-id=\"wlzgjgojbwpcvqiskxytencejbysgrmvihye\">\n<div data-brz-translate-text=\"1\">\n<p class=\"brz-css-vL0rq\">Como quien hiere mis huesos, mis enemigos me afrentan, Dici\u00e9ndome cada d\u00eda: \u00bfD\u00f3nde est\u00e1 tu Dios?<\/p>\n<p class=\"brz-fs-xs-12 brz-text-xs-center brz-tp-subtitle brz-css-bUdb_\"><span class=\"brz-cp-color2\">SALMO 42:10 <\/span><\/p>\n<\/div>\n<\/div>\n<\/div>\n<\/div>\n<\/div>\n<\/div>\n<\/div>\n<div id=\"\" class=\"brz-css-1kfe8wz brz-css-1h9z3of brz-wrapper\">\n<div class=\"brz-spacer brz-css-1f0utan brz-css-wuf9u6\"><\/div>\n<\/div>\n<div class=\"brz-row__container brz-css-28yufq\" data-brz-custom-id=\"nfhnpvvohbaxdsfwtpaebezleoerettrnnda\">\n<div class=\"brz-bg\"><\/div>\n<div class=\"brz-row brz-row--inner brz-css-1rruh6n brz-css-190moy0\">\n<div class=\"brz-columns brz-css-11lkd3a brz-css-1byvqen\" data-brz-custom-id=\"qivzojsrlydeytakgigtnlbpukawsiayfgfc\">\n<div class=\"brz-bg\">\n<div class=\"brz-bg-color\"><\/div>\n<\/div>\n<div class=\"brz-column__items brz-css-1fj2hg5 brz-css-1n5xbok\">\n<div class=\"brz-wrapper-clone brz-css-lhwbo4\">\n<div class=\"brz-d-xs-flex brz-flex-xs-wrap brz-css-4qanyd\" data-brz-custom-id=\"\">\n<div class=\"brz-wrapper-clone__item\" id=\"cqgwpeugrpcvcbupvublnjzsbpkwxeqitrfy\">\n<div class=\"brz-icon__container\" data-brz-custom-id=\"cqgwpeugrpcvcbupvublnjzsbpkwxeqitrfy\"><span class=\"brz-icon brz-span brz-css-1lfcel0 brz-css-1xvfld4\"><\/span><\/div>\n<\/div>\n<\/div>\n<\/div>\n<\/div>\n<\/div>\n<div class=\"brz-columns brz-css-11lkd3a brz-css-1u6jjuw\" data-brz-custom-id=\"dcjknemhfmkjxedvqjmzbidjerimgyomueer\">\n<div class=\"brz-bg\">\n<div class=\"brz-bg-color\"><\/div>\n<\/div>\n<div class=\"brz-column__items brz-css-1fj2hg5 brz-css-ta6xvn\">\n<div id=\"\" class=\"brz-css-1kfe8wz brz-wrapper\">\n<div class=\"brz-rich-text brz-rich-text__custom brz-css-1o4v8kq\" data-brz-custom-id=\"hkuhqtdotqabinuhoflcvjirwldzmygiqmac\">\n<div data-brz-translate-text=\"1\">\n<p class=\"brz-tp-aldkgxnmmh brz-text-lg-justify brz-text-xs-center brz-css-qt01Q\">El ladr\u00f3n no viene sino para hurtar y matar y destruir; yo he venido para que tengan vida, y para que la tengan en abundancia.<\/p>\n<p class=\"brz-tp-subtitle brz-text-xs-center brz-fs-xs-12 brz-css-gdZC9\"><span class=\"brz-cp-color2\">JUAN 10:10<\/span><\/p>\n<\/div>\n<\/div>\n<\/div>\n<\/div>\n<\/div>\n<\/div>\n<\/div>\n<div id=\"\" class=\"brz-css-1kfe8wz brz-css-1h9z3of brz-wrapper\">\n<div class=\"brz-spacer brz-css-1f0utan brz-css-3la8ed\"><\/div>\n<\/div>\n<div id=\"\" class=\"brz-css-1kfe8wz brz-css-16skraw brz-wrapper\">\n<div class=\"brz-image brz-css-1am1250\" data-brz-custom-id=\"dwgajhshhvnrbjfqaixygokhutwlukohfumz\"><img decoding=\"async\" class=\"brz-img\" src=\"https:\/\/free-indeed.com\/es?brizy_media=wp-e03982a6fc8c9edd17ff49229232dd77&amp;brizy_crop=iW%3D780%26iH%3D94%26oX%3D0%26oY%3D16%26cW%3D780%26cH%3D62\" alt=\"\" loading=\"lazy\"><\/div>\n<\/div>\n<div id=\"\" class=\"brz-css-1kfe8wz brz-wrapper\">\n<div class=\"brz-rich-text brz-rich-text__custom brz-css-1o4v8kq\" data-brz-custom-id=\"ksxdkgfxhxnrkpcphkwxgovywlottgetxahz\">\n<div data-brz-translate-text=\"1\">\n<p class=\"brz-fs-sm-17 brz-tp-paragraph brz-css-z1LRb\"><strong>1) \u00bfHas buscado y tomado alg\u00fan alimento espiritual hoy?<\/strong><\/p>\n<p class=\"brz-fs-sm-17 brz-tp-paragraph brz-css-fXk9x\"><strong> <\/strong><\/p>\n<p class=\"brz-fs-sm-17 brz-tp-paragraph brz-css-nVWvh\"><strong>2) \u00bfSi tu respuesta es s\u00ed, cu\u00e1ndo? \u00bfY c\u00f3mo? \u00bfSi no, porque no? En otras palabras, \u00bfc\u00f3mo has disfrutado a Jes\u00fas hoy? (Leyendo su palabra, oraci\u00f3n, adoraci\u00f3n, compartiendo con otros, dando un testimonio, etc.)<\/strong><\/p>\n<p class=\"brz-fs-sm-17 brz-tp-paragraph brz-css-bYdqe\"><strong> <\/strong><\/p>\n<p class=\"brz-fs-sm-17 brz-tp-paragraph brz-css-w1gC_\"><strong>3) \u00bfHas consumido pornograf\u00eda desde la \u00faltima unidad?<\/strong><\/p>\n<p class=\"brz-fs-sm-17 brz-tp-paragraph brz-css-phiju\"><strong> <\/strong><\/p>\n<p class=\"brz-fs-sm-17 brz-tp-paragraph brz-css-pw8Ob\"><strong>4) \u00bfHas convertido a otras personas en objetos de tus deseos sexuales desde la \u00faltima unidad, ya sea en pensamiento, obras o palabras?<\/strong><\/p>\n<p class=\"brz-fs-sm-17 brz-tp-paragraph brz-css-j7fn3\"><strong> <\/strong><\/p>\n<p class=\"brz-fs-sm-17 brz-tp-paragraph brz-css-sadh8\"><strong>5) \u00bfTe has masturbado desde la \u00faltima unidad?<\/strong><\/p>\n<p class=\"brz-fs-sm-17 brz-tp-paragraph brz-css-pJzF4\"><strong> <\/strong><\/p>\n<p class=\"brz-fs-sm-17 brz-tp-paragraph brz-css-dUknH\"><strong>6) Si respondi\u00f3 alguna de estas preguntas con un &#8220;s\u00ed&#8221;, \u00bfCu\u00e1l fue el detonante? Si respondi\u00f3 todas las preguntas con un &#8220;no&#8221;, puede usar este campo para notas o preguntas.<\/strong><\/p>\n<p class=\"brz-tp-paragraph brz-css-igSyY\"><\/p>\n<\/div>\n<\/div>\n<\/div>\n<div class=\"brz-wrapper-clone brz-css-lhwbo4\">\n<div class=\"brz-d-xs-flex brz-flex-xs-wrap brz-css-4qanyd\" data-brz-custom-id=\"\">\n<div class=\"brz-wrapper-clone__item\" id=\"yivjuciolcbpfhtytrzwbqtjkkrihvwhpsjp\"><a class=\"brz-a brz-btn brz-css-1q4fjgh brz-css-aktcbl brz-css-lyu88o brz-css-jobgkn\" href=\"https:\/\/free-indeed.com\/es\/produkt\/generation-david\/\" target=\"_self\" rel=\"noopener\" data-brz-link-type=\"external\" data-brz-custom-id=\"yivjuciolcbpfhtytrzwbqtjkkrihvwhpsjp\"><span data-brz-translate-text=\"1\" class=\"brz-span brz-text__editor\">FINALIZAR UNIDAD DE PRUEBA<\/span><\/a><\/div>\n<\/div>\n<\/div>\n<\/div>\n<\/div>\n<\/div>\n<\/div>\n<\/div>\n<\/div>\n<\/section>\n<\/div>\n<p>    <!-- version:1738026073 --><\/p>\n","protected":false},"excerpt":{"rendered":"<p>UNIDAD DE PRUEBA Unidad &nbsp;06 Las heridas del coraz\u00f3n 100% CONTABILIDAD Exam\u00edname, oh Dios, y conoce mi coraz\u00f3n; Pru\u00e9bame y conoce mis pensamientos; Y ve si hay en m\u00ed camino de perversidad, Y gu\u00edame en el camino eterno. SALMOS 139:23-24 Como quien hiere mis huesos, mis enemigos me afrentan, Dici\u00e9ndome cada d\u00eda: \u00bfD\u00f3nde est\u00e1 tu [&hellip;]<\/p>\n","protected":false},"author":3,"featured_media":0,"parent":0,"menu_order":0,"comment_status":"closed","ping_status":"closed","template":"brizy-blank-template.php","meta":{"site-sidebar-layout":"default","site-content-layout":"default","ast-site-content-layout":"default","site-content-style":"default","site-sidebar-style":"default","ast-global-header-display":"","ast-banner-title-visibility":"","ast-main-header-display":"","ast-hfb-above-header-display":"","ast-hfb-below-header-display":"","ast-hfb-mobile-header-display":"","site-post-title":"","ast-breadcrumbs-content":"","ast-featured-img":"","footer-sml-layout":"","ast-disable-related-posts":"","theme-transparent-header-meta":"default","adv-header-id-meta":"","stick-header-meta":"default","header-above-stick-meta":"","header-main-stick-meta":"","header-below-stick-meta":"","astra-migrate-meta-layouts":"default","ast-page-background-enabled":"default","ast-page-background-meta":{"desktop":{"background-color":"","background-image":"","background-repeat":"repeat","background-position":"center center","background-size":"auto","background-attachment":"scroll","background-type":"","background-media":"","overlay-type":"","overlay-color":"","overlay-opacity":"","overlay-gradient":""},"tablet":{"background-color":"","background-image":"","background-repeat":"repeat","background-position":"center center","background-size":"auto","background-attachment":"scroll","background-type":"","background-media":"","overlay-type":"","overlay-color":"","overlay-opacity":"","overlay-gradient":""},"mobile":{"background-color":"","background-image":"","background-repeat":"repeat","background-position":"center center","background-size":"auto","background-attachment":"scroll","background-type":"","background-media":"","overlay-type":"","overlay-color":"","overlay-opacity":"","overlay-gradient":""}},"ast-content-background-meta":{"desktop":{"background-color":"var(--ast-global-color-5)","background-image":"","background-repeat":"repeat","background-position":"center center","background-size":"auto","background-attachment":"scroll","background-type":"","background-media":"","overlay-type":"","overlay-color":"","overlay-opacity":"","overlay-gradient":""},"tablet":{"background-color":"var(--ast-global-color-5)","background-image":"","background-repeat":"repeat","background-position":"center center","background-size":"auto","background-attachment":"scroll","background-type":"","background-media":"","overlay-type":"","overlay-color":"","overlay-opacity":"","overlay-gradient":""},"mobile":{"background-color":"var(--ast-global-color-5)","background-image":"","background-repeat":"repeat","background-position":"center center","background-size":"auto","background-attachment":"scroll","background-type":"","background-media":"","overlay-type":"","overlay-color":"","overlay-opacity":"","overlay-gradient":""}},"footnotes":""},"folder":[],"class_list":["post-22809","page","type-page","status-publish","hentry"],"publishpress_future_action":{"enabled":false,"date":"2026-04-17 16:30:00","action":"change-status","newStatus":"draft","terms":[],"taxonomy":"translation_priority","extraData":[]},"publishpress_future_workflow_manual_trigger":{"enabledWorkflows":[]},"brizy_media":[{"id":26714,"url":"https:\/\/free-indeed.com\/wp-content\/uploads\/2019\/11\/Banner.jpg","name":"Banner.jpg","meta":{"brizy_attachment_uid":"wp-c3a38afd0c8b2b5bc39fabe29bc2e2ed","brizy_post_uid":["4bcd82f37c55289246fe09961d52b007","a816394d13d07f77482c9da888846690","6ce0c9d5bb7ac757d5fd40ab8b106bdc","de75c8942c7f3e9f534d4ef61ac429f7","cf3aa6c5d2ccfa61b213f2fbbb59cc47","6e0e6de958474d7885096b824dc87a64","975301c1a0ec40c693755db58a7e628c","18fea529f96efd5729b2885d793070b5","df4315e0ee04e890ec1b9a181aa68ec4"]}}],"_links":{"self":[{"href":"https:\/\/free-indeed.com\/es\/wp-json\/wp\/v2\/pages\/22809","targetHints":{"allow":["GET"]}}],"collection":[{"href":"https:\/\/free-indeed.com\/es\/wp-json\/wp\/v2\/pages"}],"about":[{"href":"https:\/\/free-indeed.com\/es\/wp-json\/wp\/v2\/types\/page"}],"author":[{"embeddable":true,"href":"https:\/\/free-indeed.com\/es\/wp-json\/wp\/v2\/users\/3"}],"replies":[{"embeddable":true,"href":"https:\/\/free-indeed.com\/es\/wp-json\/wp\/v2\/comments?post=22809"}],"version-history":[{"count":0,"href":"https:\/\/free-indeed.com\/es\/wp-json\/wp\/v2\/pages\/22809\/revisions"}],"wp:attachment":[{"href":"https:\/\/free-indeed.com\/es\/wp-json\/wp\/v2\/media?parent=22809"}],"wp:term":[{"taxonomy":"folder","embeddable":true,"href":"https:\/\/free-indeed.com\/es\/wp-json\/wp\/v2\/folder?post=22809"}],"curies":[{"name":"wp","href":"https:\/\/api.w.org\/{rel}","templated":true}]}}