{"id":22819,"date":"2019-01-28T15:18:53","date_gmt":"2019-01-28T14:18:53","guid":{"rendered":"http:\/\/free-indeed.com\/vision\/"},"modified":"2026-04-01T18:31:05","modified_gmt":"2026-04-01T16:31:05","slug":"vision","status":"publish","type":"page","link":"https:\/\/free-indeed.com\/es\/vision\/","title":{"rendered":"Vision"},"content":{"rendered":"<div class=\"brz-root__container brz-reset-all brz brz-root__container-page\">\n<section id=\"_ibztfyfngsfedpafkvxtmxxymmfmrhogtkqu\" class=\"brz-section brz-css-3fr52t\">\n<div class=\"brz-section__content brz-section--boxed brz-css-1wy0t0r\" data-brz-custom-id=\"qvfibykvzgqphpdlglpqubwxwxborjxjecax\">\n<div class=\"brz-container brz-css-17tb4bs\">\n<div id=\"\" class=\"brz-css-nmzq24 brz-wrapper\">\n<div class=\"brz-rich-text brz-rich-text__custom brz-css-1qsvyi2\" data-brz-custom-id=\"rmmlrdpupgtpgcbqimmafxwsnthcmhviaome\">\n<div data-brz-translate-text=\"1\">\n<p class=\"brz-text-lg-center brz-lh-lg-1_3 brz-lh-sm-undefined brz-lh-xs-1_5 brz-fs-lg-61 brz-fs-sm-undefined brz-fs-xs-35 brz-ls-lg-m_3_5 brz-ls-sm-undefined brz-ls-xs-m_2 brz-ff-josefin_sans brz-ft-google brz-fw-lg-400 brz-fw-sm-undefined brz-fw-xs-200 brz-tp-lg-vplvqbxkzoevlgwfrrmsrpvgbqplufnlrjag brz-css-m0KRZ\" data-uniq-id=\"ssgmm\" data-generated-css=\"brz-css-repya\"><span class=\"brz-cp-color2\">NUESTRA VISI\u00d3N<\/span><\/p>\n<\/div>\n<\/div>\n<\/div>\n<div id=\"\" class=\"brz-css-nmzq24 brz-wrapper\">\n<div class=\"brz-rich-text brz-rich-text__custom brz-css-1qsvyi2\" data-brz-custom-id=\"dgucreldcvlzdzyixujkkiqrnvyiflmqxbbu\">\n<div data-brz-translate-text=\"1\">\n<p class=\"brz-tp-paragraph brz-css-fRHlq\">Vivimos en un mundo que cada vez se demuestra m\u00e1s la ausencia y necesidad que tiene por un padre, causando as\u00ed una falta de identidad en hombres y mujeres. La desconfianza, el egocentrismo y la dependencia son el resultado. Pero Jes\u00fas nos ha prometido libertad; una libertad que es mayor que cualquier otra y que esta al alcance de todos, est\u00e1 libertad que nos permite vivir en nuestra identidad como hijos de Dios.<\/p>\n<p class=\"brz-css-zreVR\"><\/p>\n<p class=\"brz-tp-paragraph brz-css-nIiFa\">Nuestra visi\u00f3n es ver hombres y mujeres siendo libres, equiparlos para la guerra espiritual, trayendo as\u00ed crecimiento en sus iglesias y convirti\u00e9ndose en aviadores en su naci\u00f3n y en el mundo.<\/p>\n<p class=\"brz-text-lg-justify brz-tp-paragraph brz-text-xs-justify brz-text-sm-justify brz-css-kpOrU\"><\/p>\n<p class=\"brz-text-lg-justify brz-tp-paragraph brz-text-xs-justify brz-text-sm-justify brz-css-suYVX\">Esta visi\u00f3n:&nbsp;<\/p>\n<ul>\n<li class=\"brz-text-lg-justify brz-tp-paragraph brz-text-xs-justify brz-text-sm-justify brz-css-h83c1\">Te ayudar\u00e1 a dejar atr\u00e1s la verg\u00fcenza y el miedo y aceptar la autoridad espiritual.<\/li>\n<li class=\"brz-text-lg-justify brz-tp-paragraph brz-text-xs-justify brz-text-sm-justify brz-css-hhs9C\">Te ayudar\u00e1 a pensar en grande y cruzar las fronteras del mundo.<\/li>\n<li class=\"brz-text-lg-justify brz-tp-paragraph brz-text-xs-justify brz-text-sm-justify brz-css-viGep\">Te ayudar\u00e1 a atraer y producir personas llenas de esperanza y bien equipadas.<\/li>\n<\/ul>\n<p class=\"brz-text-lg-justify brz-tp-paragraph brz-text-xs-justify brz-text-sm-justify brz-css-e_gib\">\n<p class=\"brz-text-lg-justify brz-tp-paragraph brz-text-xs-justify brz-text-sm-justify brz-css-jvLkr\">Dios nos promete a cada uno de nosotros nuevos niveles en nuestra relaci\u00f3n con \u00c9l y una claridad total sobre nuestro llamado.<\/p>\n<p class=\"brz-text-lg-justify brz-tp-paragraph brz-text-xs-justify brz-text-sm-justify brz-css-mP1Xm\">\n<p class=\"brz-text-lg-justify brz-tp-paragraph brz-text-xs-justify brz-text-sm-justify brz-css-dvDWM\">\u00bfEst\u00e1s listo para ser libre?<\/p>\n<\/div>\n<\/div>\n<\/div>\n<div class=\"brz-row__container brz-css-1od8rtd\" data-brz-custom-id=\"ioqvkklqoijouflflbueukketcnedjxxmgvf\">\n<div class=\"brz-bg\"><\/div>\n<div class=\"brz-row brz-css-1vkrh3h brz-css-11lofmq\">\n<div class=\"brz-columns brz-css-styvj8 brz-css-stg7nw\" data-brz-custom-id=\"zxzcznsfkyooweadqugcqvzxnubnrxnesayu\">\n<div class=\"brz-bg\"><\/div>\n<div class=\"brz-column__items brz-css-6f51ka\">\n<div id=\"\" class=\"brz-css-nmzq24 brz-wrapper\">\n<div class=\"brz-video brz-youtube-video brz-video-on-controls-hidden brz-css-5rw9l\" data-brz-custom-id=\"mngolajsipohrvjdzaiubaubvvhkswqprwjf\">\n<div class=\"brz-video-content\" data-loop=\"false\" data-muted=\"false\" data-autoplay=\"off\">\n<div class=\"video-wrapper brz-image-fix-16-9\">\n<div class=\"brz-video-data brz-hidden\" data-src=\"https:\/\/player.vimeo.com\/video\/375882102?autoplay=0&amp;background=0&amp;title=1&amp;byline=1&amp;badge=false&amp;autopause=false&amp;portrait=1&amp;controls=1&amp;loop=0&amp;muted=0#t=0s\" data-population=\"\" data-controls=\"true\" data-branding=\"true\" data-intro=\"true\" data-start=\"0\" data-end=\"0\" data-loop=\"false\" data-autoplay=\"off\"><\/div>\n<\/div>\n<\/div>\n<\/div>\n<\/div>\n<\/div>\n<\/div>\n<\/div>\n<\/div>\n<\/div>\n<\/div>\n<\/section>\n<\/div>\n<p>    <!-- version:1737657802 --><\/p>\n","protected":false},"excerpt":{"rendered":"<p>NUESTRA VISI\u00d3N Vivimos en un mundo que cada vez se demuestra m\u00e1s la ausencia y necesidad que tiene por un padre, causando as\u00ed una falta de identidad en hombres y mujeres. La desconfianza, el egocentrismo y la dependencia son el resultado. Pero Jes\u00fas nos ha prometido libertad; una libertad que es mayor que cualquier otra [&hellip;]<\/p>\n","protected":false},"author":3,"featured_media":0,"parent":0,"menu_order":0,"comment_status":"closed","ping_status":"closed","template":"brizy-blank-template.php","meta":{"site-sidebar-layout":"default","site-content-layout":"default","ast-site-content-layout":"default","site-content-style":"default","site-sidebar-style":"default","ast-global-header-display":"","ast-banner-title-visibility":"","ast-main-header-display":"","ast-hfb-above-header-display":"","ast-hfb-below-header-display":"","ast-hfb-mobile-header-display":"","site-post-title":"","ast-breadcrumbs-content":"","ast-featured-img":"","footer-sml-layout":"","ast-disable-related-posts":"","theme-transparent-header-meta":"default","adv-header-id-meta":"","stick-header-meta":"default","header-above-stick-meta":"","header-main-stick-meta":"","header-below-stick-meta":"","astra-migrate-meta-layouts":"default","ast-page-background-enabled":"default","ast-page-background-meta":{"desktop":{"background-color":"","background-image":"","background-repeat":"repeat","background-position":"center center","background-size":"auto","background-attachment":"scroll","background-type":"","background-media":"","overlay-type":"","overlay-color":"","overlay-opacity":"","overlay-gradient":""},"tablet":{"background-color":"","background-image":"","background-repeat":"repeat","background-position":"center center","background-size":"auto","background-attachment":"scroll","background-type":"","background-media":"","overlay-type":"","overlay-color":"","overlay-opacity":"","overlay-gradient":""},"mobile":{"background-color":"","background-image":"","background-repeat":"repeat","background-position":"center center","background-size":"auto","background-attachment":"scroll","background-type":"","background-media":"","overlay-type":"","overlay-color":"","overlay-opacity":"","overlay-gradient":""}},"ast-content-background-meta":{"desktop":{"background-color":"var(--ast-global-color-5)","background-image":"","background-repeat":"repeat","background-position":"center center","background-size":"auto","background-attachment":"scroll","background-type":"","background-media":"","overlay-type":"","overlay-color":"","overlay-opacity":"","overlay-gradient":""},"tablet":{"background-color":"var(--ast-global-color-5)","background-image":"","background-repeat":"repeat","background-position":"center center","background-size":"auto","background-attachment":"scroll","background-type":"","background-media":"","overlay-type":"","overlay-color":"","overlay-opacity":"","overlay-gradient":""},"mobile":{"background-color":"var(--ast-global-color-5)","background-image":"","background-repeat":"repeat","background-position":"center center","background-size":"auto","background-attachment":"scroll","background-type":"","background-media":"","overlay-type":"","overlay-color":"","overlay-opacity":"","overlay-gradient":""}},"footnotes":""},"folder":[],"class_list":["post-22819","page","type-page","status-publish","hentry"],"publishpress_future_action":{"enabled":false,"date":"2026-05-09 11:43:06","action":"change-status","newStatus":"draft","terms":[],"taxonomy":"translation_priority","extraData":[]},"publishpress_future_workflow_manual_trigger":{"enabledWorkflows":[]},"brizy_media":[{"id":24999,"url":"https:\/\/free-indeed.com\/wp-content\/uploads\/2019\/11\/man-on-mountain.jpeg","name":"man-on-mountain.jpeg","meta":{"brizy_attachment_uid":"wp-7846d5bdda5e4dcd48d289c97781ba6f","brizy_post_uid":["2978a41d9055a9859ef6d4c3b22ff9ff"]}}],"_links":{"self":[{"href":"https:\/\/free-indeed.com\/es\/wp-json\/wp\/v2\/pages\/22819","targetHints":{"allow":["GET"]}}],"collection":[{"href":"https:\/\/free-indeed.com\/es\/wp-json\/wp\/v2\/pages"}],"about":[{"href":"https:\/\/free-indeed.com\/es\/wp-json\/wp\/v2\/types\/page"}],"author":[{"embeddable":true,"href":"https:\/\/free-indeed.com\/es\/wp-json\/wp\/v2\/users\/3"}],"replies":[{"embeddable":true,"href":"https:\/\/free-indeed.com\/es\/wp-json\/wp\/v2\/comments?post=22819"}],"version-history":[{"count":0,"href":"https:\/\/free-indeed.com\/es\/wp-json\/wp\/v2\/pages\/22819\/revisions"}],"wp:attachment":[{"href":"https:\/\/free-indeed.com\/es\/wp-json\/wp\/v2\/media?parent=22819"}],"wp:term":[{"taxonomy":"folder","embeddable":true,"href":"https:\/\/free-indeed.com\/es\/wp-json\/wp\/v2\/folder?post=22819"}],"curies":[{"name":"wp","href":"https:\/\/api.w.org\/{rel}","templated":true}]}}