{"id":22832,"date":"2019-06-03T07:41:46","date_gmt":"2019-06-03T05:41:46","guid":{"rendered":"http:\/\/free-indeed.com\/what-is-freedom\/"},"modified":"2026-03-30T10:13:52","modified_gmt":"2026-03-30T08:13:52","slug":"what-is-freedom","status":"publish","type":"page","link":"https:\/\/free-indeed.com\/es\/what-is-freedom\/","title":{"rendered":"What is freedom?"},"content":{"rendered":"<div class=\"brz-root__container brz-reset-all brz brz-root__container-page\">\n<section id=\"_fclspynlbpkhdkdflxypgiudjzchtktlirrl\" class=\"brz-section brz-css-10upvpv\">\n<div class=\"brz-section__content brz-section--boxed brz-css-1fcsvqi brz-css-1y8bn4g\" data-brz-custom-id=\"iidwbvyvcmhkxlkcmgbadfhkqjvbrkfnwgnr\">\n<div class=\"brz-container brz-css-1553lmx\">\n<div id=\"\" class=\"brz-css-1dvcn1n brz-wrapper\">\n<div class=\"brz-rich-text brz-rich-text__custom brz-css-32iukj\" data-brz-custom-id=\"ieyzhichkfpckyauwmxaovckyqzcfgdkxvmp\">\n<div data-brz-translate-text=\"1\">\n<p class=\"brz-fw-xs-200 brz-fw-sm-undefined brz-fw-lg-400 brz-ft-google brz-ff-josefin_sans brz-ls-xs-m_2 brz-ls-sm-undefined brz-ls-lg-m_3_5 brz-fs-xs-35 brz-fs-sm-undefined brz-fs-lg-61 brz-lh-xs-1_5 brz-lh-sm-undefined brz-lh-lg-1_3 brz-text-lg-center brz-tp-lg-vplvqbxkzoevlgwfrrmsrpvgbqplufnlrjag brz-css-acMCR\" data-uniq-id=\"prpod\" data-generated-css=\"brz-css-gzalv\"><span class=\"brz-cp-color2\">\u00bfQUE ES LA LIBERTAD? <\/span><\/p>\n<\/div>\n<\/div>\n<\/div>\n<div class=\"brz-row__container brz-css-vhyh6j\" data-brz-custom-id=\"ahthdqolxhobmoomsjoqnszufzajgqleging\">\n<div class=\"brz-bg\"><\/div>\n<div class=\"brz-row brz-css-18qwgdx brz-css-1hwkh0x\">\n<div class=\"brz-columns brz-css-10wf18a brz-css-1ee4nmn\" data-brz-custom-id=\"fefufkkkkksqknuqsgccgeydzbjhdghhucgr\">\n<div class=\"brz-bg\"><\/div>\n<div class=\"brz-column__items brz-css-1e4gju6\">\n<div id=\"\" class=\"brz-css-1dvcn1n brz-wrapper\">\n<div class=\"brz-rich-text brz-rich-text__custom brz-css-32iukj\" data-brz-custom-id=\"adszaqmdlgbqqqazmhfhjczuddiycwqrbedf\">\n<div data-brz-translate-text=\"1\">\n<p class=\"brz-text-lg-center brz-tp-heading4 brz-css-k0Lvc\"><span>\u00bfQue significa ser libre de la pornograf\u00eda?<\/span><\/p>\n<p class=\"brz-css-iXUgm\"><\/p>\n<p class=\"brz-tp-paragraph brz-css-ci8VO\">\u00a1A menudo nos preguntamos qu\u00e9 significa ser libre de la pornograf\u00eda y como logras esa libertad!<\/p>\n<p class=\"brz-css-xTpNK\"><\/p>\n<p class=\"brz-tp-paragraph brz-css-rm1bB\">Es importante definir el t\u00e9rmino libertad. Hay libertad externa y libertad interna.<\/p>\n<p class=\"brz-css-gvmSs\">\n<p class=\"brz-tp-paragraph brz-css-hYZXX\">Externamente es m\u00e1s f\u00e1cil definir qu\u00e9 es la libertad. De una forma resumida y con un ejemplo dir\u00eda que mientras puedas vivir en libertad y no ser encarcelado, eres un ser humano libre. Puedes ir a donde quieras, decir lo que quieras, hacer lo que quieras y mirar lo que quieras. Tan pronto como uno experimenta restricciones externas, estas son evaluadas o sentidas como prisi\u00f3n en nuestra sociedad. Su propio ego es el centro y el factor determinante es la sociedad. La dependencia de la pornograf\u00eda no necesariamente te pone en prisi\u00f3n. Pero si est\u00e1 a cargo de tu vida. Todas esas noches en las que no puedes irte a la cama, no puedes dormir, la irritabilidad y la sensaci\u00f3n de esclavitud pueden convertirse en una prisi\u00f3n tanto externa como interna. Al final, no eres libre porque la adicci\u00f3n te esclaviza y te obliga a hacer cosas que no har\u00edas sin la adicci\u00f3n. Creemos que la libertad exterior solo existe en la presencia de Dios y cuando caminamos en su voluntad.<\/p>\n<p class=\"brz-css-qbr0B\"><\/p>\n<p class=\"brz-tp-paragraph brz-css-syKad\">La libertad interna es m\u00e1s compleja. Un punto esencial de la libertad interior es poder decir NO. Tan pronto como una persona se encuentra en una dependencia poco saludable, ya no puede actuar de acuerdo con su propio libre albedr\u00edo, sino que su adicci\u00f3n determina su comportamiento. \u00c9l est\u00e1, en el caso de la adicci\u00f3n a la pornograf\u00eda, completamente expuesto a su deseo sexual. Ser libre, por lo tanto, significa poder elegir libremente. Si eres libre, entonces eres responsable de tus propias decisiones y eres libre de soportar las consecuencias de esas decisiones. La verdadera libertad es, desde nuestro punto de vista, la libertad de tomar decisiones que corresponden a un contexto moral. El contexto moral significa que cada persona \/ sociedad tiene su propia percepci\u00f3n de lo que es la moralidad. Tan pronto como nuestras decisiones restrinjan la libertad de otro ser humano, se excede este contexto moral. Una libertad libre de moralidad no es verdadera libertad, ya que influye y perturba principalmente la libertad de otro ser humano. En el caso de la pornograf\u00eda, la libertad sexual de los actores siempre es limitada, incluso si se dice que todo sucede voluntariamente. Creemos que a trav\u00e9s del consumo de pornograf\u00eda se roba la dignidad del ser humano dada por Dios.<\/p>\n<p class=\"brz-text-lg-justify brz-tp-paragraph brz-css-zHvZx\">\n<p class=\"brz-text-lg-justify brz-tp-paragraph brz-css-w_Aq_\">La dependencia de la pornograf\u00eda restringe masivamente tu libertad interior. La presi\u00f3n de la adicci\u00f3n controla tus acciones. En free!ndeed estamos convencidos de que todo ser humano est\u00e1 llamado a poder decir NO desde la libertad dada por Dios. Est\u00e1s llamado a llevar una vida libre y exitosa sin ning\u00fan tipo de esclavitud. Todos, incluso la persona m\u00e1s adicta, pueden ser libre a trav\u00e9s de Jesucristo. Jes\u00fas nos promete libertad en su palabra y nosotros creemos en ella. (cf. Juan 8:36). No somos nosotros quienes nos auto-liberamos, ni usted ni ninguna otra persona puede hacerte libre. Solo Jesucristo, quien llev\u00f3 toda la culpa en la cruz, \u00e9l te hace 100% libre y gratis. Estas promesas tambi\u00e9n se aplican a tu vida y a todas las personas en este mundo. La verdadera libertad tiene lugar en el contexto moral dado por Dios.<\/p>\n<\/div>\n<\/div>\n<\/div>\n<\/div>\n<\/div>\n<\/div>\n<\/div>\n<\/div>\n<\/div>\n<\/section>\n<\/div>\n<p>    <!-- version:1738990429 --><\/p>\n","protected":false},"excerpt":{"rendered":"<p>\u00bfQUE ES LA LIBERTAD? \u00bfQue significa ser libre de la pornograf\u00eda? \u00a1A menudo nos preguntamos qu\u00e9 significa ser libre de la pornograf\u00eda y como logras esa libertad! Es importante definir el t\u00e9rmino libertad. Hay libertad externa y libertad interna. Externamente es m\u00e1s f\u00e1cil definir qu\u00e9 es la libertad. De una forma resumida y con un [&hellip;]<\/p>\n","protected":false},"author":3,"featured_media":0,"parent":0,"menu_order":0,"comment_status":"closed","ping_status":"closed","template":"brizy-blank-template.php","meta":{"site-sidebar-layout":"default","site-content-layout":"default","ast-site-content-layout":"default","site-content-style":"default","site-sidebar-style":"default","ast-global-header-display":"","ast-banner-title-visibility":"","ast-main-header-display":"","ast-hfb-above-header-display":"","ast-hfb-below-header-display":"","ast-hfb-mobile-header-display":"","site-post-title":"","ast-breadcrumbs-content":"","ast-featured-img":"","footer-sml-layout":"","ast-disable-related-posts":"","theme-transparent-header-meta":"default","adv-header-id-meta":"","stick-header-meta":"default","header-above-stick-meta":"","header-main-stick-meta":"","header-below-stick-meta":"","astra-migrate-meta-layouts":"default","ast-page-background-enabled":"default","ast-page-background-meta":{"desktop":{"background-color":"","background-image":"","background-repeat":"repeat","background-position":"center center","background-size":"auto","background-attachment":"scroll","background-type":"","background-media":"","overlay-type":"","overlay-color":"","overlay-opacity":"","overlay-gradient":""},"tablet":{"background-color":"","background-image":"","background-repeat":"repeat","background-position":"center center","background-size":"auto","background-attachment":"scroll","background-type":"","background-media":"","overlay-type":"","overlay-color":"","overlay-opacity":"","overlay-gradient":""},"mobile":{"background-color":"","background-image":"","background-repeat":"repeat","background-position":"center center","background-size":"auto","background-attachment":"scroll","background-type":"","background-media":"","overlay-type":"","overlay-color":"","overlay-opacity":"","overlay-gradient":""}},"ast-content-background-meta":{"desktop":{"background-color":"var(--ast-global-color-5)","background-image":"","background-repeat":"repeat","background-position":"center center","background-size":"auto","background-attachment":"scroll","background-type":"","background-media":"","overlay-type":"","overlay-color":"","overlay-opacity":"","overlay-gradient":""},"tablet":{"background-color":"var(--ast-global-color-5)","background-image":"","background-repeat":"repeat","background-position":"center center","background-size":"auto","background-attachment":"scroll","background-type":"","background-media":"","overlay-type":"","overlay-color":"","overlay-opacity":"","overlay-gradient":""},"mobile":{"background-color":"var(--ast-global-color-5)","background-image":"","background-repeat":"repeat","background-position":"center center","background-size":"auto","background-attachment":"scroll","background-type":"","background-media":"","overlay-type":"","overlay-color":"","overlay-opacity":"","overlay-gradient":""}},"footnotes":""},"folder":[],"class_list":["post-22832","page","type-page","status-publish","hentry"],"publishpress_future_action":{"enabled":false,"date":"2026-04-16 02:17:19","action":"change-status","newStatus":"draft","terms":[],"taxonomy":"translation_priority","extraData":[]},"publishpress_future_workflow_manual_trigger":{"enabledWorkflows":[]},"brizy_media":[],"_links":{"self":[{"href":"https:\/\/free-indeed.com\/es\/wp-json\/wp\/v2\/pages\/22832","targetHints":{"allow":["GET"]}}],"collection":[{"href":"https:\/\/free-indeed.com\/es\/wp-json\/wp\/v2\/pages"}],"about":[{"href":"https:\/\/free-indeed.com\/es\/wp-json\/wp\/v2\/types\/page"}],"author":[{"embeddable":true,"href":"https:\/\/free-indeed.com\/es\/wp-json\/wp\/v2\/users\/3"}],"replies":[{"embeddable":true,"href":"https:\/\/free-indeed.com\/es\/wp-json\/wp\/v2\/comments?post=22832"}],"version-history":[{"count":0,"href":"https:\/\/free-indeed.com\/es\/wp-json\/wp\/v2\/pages\/22832\/revisions"}],"wp:attachment":[{"href":"https:\/\/free-indeed.com\/es\/wp-json\/wp\/v2\/media?parent=22832"}],"wp:term":[{"taxonomy":"folder","embeddable":true,"href":"https:\/\/free-indeed.com\/es\/wp-json\/wp\/v2\/folder?post=22832"}],"curies":[{"name":"wp","href":"https:\/\/api.w.org\/{rel}","templated":true}]}}