{"id":22837,"date":"2019-06-03T07:41:15","date_gmt":"2019-06-03T05:41:15","guid":{"rendered":"http:\/\/free-indeed.com\/what-is-pornography\/"},"modified":"2026-03-28T18:18:18","modified_gmt":"2026-03-28T17:18:18","slug":"what-is-pornography","status":"publish","type":"page","link":"https:\/\/free-indeed.com\/es\/what-is-pornography\/","title":{"rendered":"What is pornography?"},"content":{"rendered":"<div class=\"brz-root__container brz-reset-all brz brz-root__container-page\">\n<section id=\"_fnwugvziphipyxmzxuvapyaoqloajodgguly\" class=\"brz-section brz-css-1aeugr1\">\n<div class=\"brz-section__content brz-section--boxed brz-css-1o5msfh brz-css-195o3zg\" data-brz-custom-id=\"ctigdkfeoglhdlpxzpbwfbjpohfpuoyfcacu\">\n<div class=\"brz-container brz-css-1c1gdhj\">\n<div id=\"\" class=\"brz-css-nanbyx brz-wrapper\">\n<div class=\"brz-rich-text brz-rich-text__custom brz-css-1d6g3s3\" data-brz-custom-id=\"gvefgaestkvnhvxrxqbrktntrdqigkwgxijs\">\n<div data-brz-translate-text=\"1\">\n<p class=\"brz-fw-xs-200 brz-fw-sm-undefined brz-fw-lg-400 brz-ft-google brz-ff-josefin_sans brz-ls-xs-m_2 brz-ls-sm-undefined brz-ls-lg-m_3_5 brz-fs-xs-35 brz-fs-sm-undefined brz-fs-lg-61 brz-lh-xs-1_5 brz-lh-sm-undefined brz-lh-lg-1_3 brz-text-lg-center brz-tp-lg-vplvqbxkzoevlgwfrrmsrpvgbqplufnlrjag brz-css-tQFrU\" data-uniq-id=\"qnsee\" data-generated-css=\"brz-css-vkmjt\"><span class=\"brz-cp-color2\">\u00bfQUE ES LA PORNOGRAF\u00cdA ? <\/span><\/p>\n<\/div>\n<\/div>\n<\/div>\n<div class=\"brz-row__container brz-css-kzmkyj\" data-brz-custom-id=\"jtvokgclvbrllayeueojzbemtvyrywgzcmju\">\n<div class=\"brz-bg\"><\/div>\n<div class=\"brz-row brz-css-gkha7w brz-css-lxs3a2\">\n<div class=\"brz-columns brz-css-1dweef6 brz-css-1qv13m6\" data-brz-custom-id=\"nkrfgujahbxcgrmiigzbynbfosekobfzamju\">\n<div class=\"brz-bg\"><\/div>\n<div class=\"brz-column__items brz-css-2qkjy5\">\n<div id=\"\" class=\"brz-css-nanbyx brz-wrapper\">\n<div class=\"brz-rich-text brz-rich-text__custom brz-css-1d6g3s3\" data-brz-custom-id=\"dpfzataszbqfzayfsktdhgntwsaclonvrzgr\">\n<div data-brz-translate-text=\"1\">\n<p class=\"brz-tp-paragraph brz-css-bQND5\">El diccionario de Oxford lo define c\u00f3mo:<\/p>\n<p class=\"brz-css-nIvt_\">\n<p class=\"brz-tp-paragraph brz-css-hqVpZ\">Una representaci\u00f3n visual y ling\u00fc\u00edstica de actos sexuales con \u00e9nfasis unilateral en el \u00e1rea genital y excluyendo los aspectos psicol\u00f3gicos y de asociaci\u00f3n de la sexualidad.<\/p>\n<p class=\"brz-css-qUp1z\">\n<p class=\"brz-tp-paragraph brz-css-pGnDW\">Definici\u00f3n del t\u00e9rmino &#8220;pornograf\u00eda&#8221; por el Tribunal Supremo Federal de Alemania (BGH):<\/p>\n<p class=\"brz-css-dYf0v\"><\/p>\n<p class=\"brz-tp-paragraph brz-css-vRmY8\">&#8220;Una exhibici\u00f3n debe considerarse como pornogr\u00e1fica si, con la exclusi\u00f3n de todas las dem\u00e1s referencias humanas, da prioridad a los procesos sexuales de una manera extremadamente intrusiva y escandalosa o si su tendencia general est\u00e1 dirigida exclusiva o predominantemente al lujurioso inter\u00e9s del observador en asuntos sexuales&#8221; . &#8220;Pornograf\u00eda&#8221; es el t\u00e9rmino utilizado para describir actos sexuales que, por un lado, representan un evento sexual real o, por otro lado, tambi\u00e9n incluyen la representaci\u00f3n de un evento ficticio.<\/p>\n<p class=\"brz-css-rzW5R\"><\/p>\n<p class=\"brz-tp-paragraph brz-css-ureG_\">Definimos la pornograf\u00eda un poco diferente. La pornograf\u00eda comienza cuando se abusa de la imagen de una persona como fuente de satisfacci\u00f3n sexual. El profesor Jeschek ha hecho una hermosa declaraci\u00f3n aqu\u00ed que solo podemos enfatizar: &#8220;La separaci\u00f3n de la sexualidad de la vida espiritual y emocional m\u00e1s \u00edntima del hombre es la parte destructiva de la pornograf\u00eda&#8221;.<\/p>\n<p class=\"brz-css-lGcN7\">\n<p class=\"brz-tp-paragraph brz-css-g3kWr\">Tan pronto como la sexualidad se separa del alma y finalmente ocurre sin sentimientos o por una autogratificaci\u00f3n de los sentimientos, la pornograf\u00eda est\u00e1 presente. Para el consumidor de porno no hay nada que imaginar, todo ya est\u00e1 mostrado. Las pel\u00edculas pornogr\u00e1ficas en sus im\u00e1genes unidimensionales, con sus &#8220;actores&#8221; sobre poderosos y con su falta de imaginaci\u00f3n narrativa, deben perderse la realidad en la que lo &#8220;real&#8221; podr\u00eda ser comprendido. No hay lugar para ninguna &#8220;voluntad de verdad&#8221;, como Foucault quer\u00eda describrir dentro de su discurso de la sexualidad, es solo para la voluntad de placer.<\/p>\n<p class=\"brz-css-ibrT5\"><\/p>\n<p class=\"brz-tp-paragraph brz-css-lmy9E\">Sigmund Freud dijo lo siguiente: &#8220;La p\u00e9rdida de la verg\u00fcenza es la primera se\u00f1al de tonter\u00eda&#8221;.<\/p>\n<p class=\"brz-css-ahknk\"><\/p>\n<p class=\"brz-text-lg-justify brz-tp-paragraph brz-css-dGCwL\">La pornograf\u00eda conduce inevitablemente a la desverg\u00fcenza que plantea grandes desaf\u00edos para nuestra sociedad. Donde una verg\u00fcenza dada naturalmente que sirve para proteger al individuo decae, una sociedad puede desmoronarse.<\/p>\n<\/div>\n<\/div>\n<\/div>\n<\/div>\n<\/div>\n<\/div>\n<\/div>\n<\/div>\n<\/div>\n<\/section>\n<\/div>\n<p>    <!-- version:1737712930 --><\/p>\n","protected":false},"excerpt":{"rendered":"<p>\u00bfQUE ES LA PORNOGRAF\u00cdA ? El diccionario de Oxford lo define c\u00f3mo: Una representaci\u00f3n visual y ling\u00fc\u00edstica de actos sexuales con \u00e9nfasis unilateral en el \u00e1rea genital y excluyendo los aspectos psicol\u00f3gicos y de asociaci\u00f3n de la sexualidad. Definici\u00f3n del t\u00e9rmino &#8220;pornograf\u00eda&#8221; por el Tribunal Supremo Federal de Alemania (BGH): &#8220;Una exhibici\u00f3n debe considerarse como [&hellip;]<\/p>\n","protected":false},"author":3,"featured_media":0,"parent":0,"menu_order":0,"comment_status":"closed","ping_status":"closed","template":"brizy-blank-template.php","meta":{"site-sidebar-layout":"default","site-content-layout":"default","ast-site-content-layout":"default","site-content-style":"default","site-sidebar-style":"default","ast-global-header-display":"","ast-banner-title-visibility":"","ast-main-header-display":"","ast-hfb-above-header-display":"","ast-hfb-below-header-display":"","ast-hfb-mobile-header-display":"","site-post-title":"","ast-breadcrumbs-content":"","ast-featured-img":"","footer-sml-layout":"","ast-disable-related-posts":"","theme-transparent-header-meta":"default","adv-header-id-meta":"","stick-header-meta":"default","header-above-stick-meta":"","header-main-stick-meta":"","header-below-stick-meta":"","astra-migrate-meta-layouts":"default","ast-page-background-enabled":"default","ast-page-background-meta":{"desktop":{"background-color":"","background-image":"","background-repeat":"repeat","background-position":"center center","background-size":"auto","background-attachment":"scroll","background-type":"","background-media":"","overlay-type":"","overlay-color":"","overlay-opacity":"","overlay-gradient":""},"tablet":{"background-color":"","background-image":"","background-repeat":"repeat","background-position":"center center","background-size":"auto","background-attachment":"scroll","background-type":"","background-media":"","overlay-type":"","overlay-color":"","overlay-opacity":"","overlay-gradient":""},"mobile":{"background-color":"","background-image":"","background-repeat":"repeat","background-position":"center center","background-size":"auto","background-attachment":"scroll","background-type":"","background-media":"","overlay-type":"","overlay-color":"","overlay-opacity":"","overlay-gradient":""}},"ast-content-background-meta":{"desktop":{"background-color":"var(--ast-global-color-5)","background-image":"","background-repeat":"repeat","background-position":"center center","background-size":"auto","background-attachment":"scroll","background-type":"","background-media":"","overlay-type":"","overlay-color":"","overlay-opacity":"","overlay-gradient":""},"tablet":{"background-color":"var(--ast-global-color-5)","background-image":"","background-repeat":"repeat","background-position":"center center","background-size":"auto","background-attachment":"scroll","background-type":"","background-media":"","overlay-type":"","overlay-color":"","overlay-opacity":"","overlay-gradient":""},"mobile":{"background-color":"var(--ast-global-color-5)","background-image":"","background-repeat":"repeat","background-position":"center center","background-size":"auto","background-attachment":"scroll","background-type":"","background-media":"","overlay-type":"","overlay-color":"","overlay-opacity":"","overlay-gradient":""}},"footnotes":""},"folder":[],"class_list":["post-22837","page","type-page","status-publish","hentry"],"publishpress_future_action":{"enabled":false,"date":"2026-04-16 12:38:05","action":"change-status","newStatus":"draft","terms":[],"taxonomy":"translation_priority","extraData":[]},"publishpress_future_workflow_manual_trigger":{"enabledWorkflows":[]},"brizy_media":[],"_links":{"self":[{"href":"https:\/\/free-indeed.com\/es\/wp-json\/wp\/v2\/pages\/22837","targetHints":{"allow":["GET"]}}],"collection":[{"href":"https:\/\/free-indeed.com\/es\/wp-json\/wp\/v2\/pages"}],"about":[{"href":"https:\/\/free-indeed.com\/es\/wp-json\/wp\/v2\/types\/page"}],"author":[{"embeddable":true,"href":"https:\/\/free-indeed.com\/es\/wp-json\/wp\/v2\/users\/3"}],"replies":[{"embeddable":true,"href":"https:\/\/free-indeed.com\/es\/wp-json\/wp\/v2\/comments?post=22837"}],"version-history":[{"count":0,"href":"https:\/\/free-indeed.com\/es\/wp-json\/wp\/v2\/pages\/22837\/revisions"}],"wp:attachment":[{"href":"https:\/\/free-indeed.com\/es\/wp-json\/wp\/v2\/media?parent=22837"}],"wp:term":[{"taxonomy":"folder","embeddable":true,"href":"https:\/\/free-indeed.com\/es\/wp-json\/wp\/v2\/folder?post=22837"}],"curies":[{"name":"wp","href":"https:\/\/api.w.org\/{rel}","templated":true}]}}