{"id":298234,"date":"2024-04-10T09:35:38","date_gmt":"2024-04-10T07:35:38","guid":{"rendered":"http:\/\/free-indeed.com\/?page_id=298234"},"modified":"2026-04-01T16:16:00","modified_gmt":"2026-04-01T14:16:00","slug":"problema-entre-las-mujeres","status":"publish","type":"page","link":"https:\/\/free-indeed.com\/es\/problema-entre-las-mujeres\/","title":{"rendered":"Extra: \u00bfLa masturb es problema entre las mujeres que no vieron pornograf\u00eda?"},"content":{"rendered":"<div class=\"brz-root__container brz-reset-all brz brz-root__container-page\">\n<section id=\"_eidjoafnuauvldzgywzhnrycpcbnzailswuh\" class=\"brz-section brz-css-1kzyejh\">\n<div class=\"brz-section__content brz-section--boxed brz-css-1rxwu1e brz-css-1gbzsvs\" data-brz-custom-id=\"sjhcwqfqhbjolhqzojutknevodkjkvaadjyh\">\n<div class=\"brz-bg\">\n<div class=\"brz-bg-image\"><\/div>\n<div class=\"brz-bg-shape brz-bg-shape__bottom\"><\/div>\n<\/div>\n<div class=\"brz-container brz-css-615qp3\">\n<div class=\"brz-row__container brz-css-109etjw\" data-brz-custom-id=\"fyartdxgvmpjucptfzhnnnbgxfgjyntzjwwn\">\n<div class=\"brz-bg\"><\/div>\n<div class=\"brz-row brz-css-3ojvh5 brz-css-juyxr7\">\n<div class=\"brz-columns brz-css-1qt65no brz-css-872zh1\" data-brz-custom-id=\"ctnoptmgoizqzzxcxelnfiquzgzlctezzelk\">\n<div class=\"brz-bg\"><\/div>\n<div class=\"brz-column__items brz-css-8hute2 brz-css-5fgayh\">\n<div id=\"\" class=\"brz-css-bgpszh brz-wrapper\">\n<div class=\"brz-icon-text brz-css-138ztcn\" data-brz-custom-id=\"ccmeegpfjgmqjgjmqpbmaicdsopqluwnjcye\">\n<div class=\"brz-icon__container\" data-brz-custom-id=\"liwidfwngvowpnzljdnytptzjrwqrndiqgka\"><span class=\"brz-icon brz-span brz-css-oy927y brz-css-guwqdu\"><\/span><\/div>\n<div class=\"brz-text-btn\">\n<div class=\"brz-rich-text brz-rich-text__custom brz-css-s4ofo\" data-brz-custom-id=\"uevczzfhalxbakbnndjbwnnmlwkmxvtmcfei\">\n<div data-brz-translate-text=\"1\">\n<p class=\"brz-text-xs-justify brz-fss-lg-px brz-fw-lg-400 brz-ls-lg-0 brz-lh-lg-1 brz-tp-lg-empty brz-ff-ebeqayvvjwygoyjgfklhuufkwocunbldwmhk brz-ft-upload brz-fs-lg-87 brz-css-lwJkV\" data-uniq-id=\"vkyyo\" data-generated-css=\"brz-css-ghelq\"><span>extra<\/span><\/p>\n<\/div>\n<\/div>\n<\/div>\n<\/div>\n<\/div>\n<\/div>\n<\/div>\n<div class=\"brz-columns brz-css-1qt65no brz-css-151j4xk\" data-brz-custom-id=\"rcohjcmrfwndvjuwmslvbudykeowwxqnwrmv\">\n<div class=\"brz-bg\"><\/div>\n<div class=\"brz-column__items brz-css-8hute2\">\n<div id=\"\" class=\"brz-css-bgpszh brz-css-mziu1n brz-wrapper\">\n<div class=\"brz-rich-text brz-rich-text__custom brz-css-s4ofo\" data-brz-custom-id=\"axufhqxnvczbvwfjhkidzytjuipnxestnqur\">\n<div data-brz-translate-text=\"1\">\n<p class=\"brz-fs-xs-20 brz-text-lg-justify brz-tp-lg-jddejjpdsqmgiardglitzhnoaeqkowdhuljc brz-fs-sm-20 brz-css-f0Ivz\" data-generated-css=\"brz-css-ooDID\" data-uniq-id=\"q2OKY\"><span class=\"brz-cp-color2\">\u00bfEs la masturbaci\u00f3n un problema entre las mujeres que no tienen im\u00e1genes pornogr\u00e1ficas en su mente?&nbsp;<\/span><\/p>\n<\/div>\n<\/div>\n<\/div>\n<\/div>\n<\/div>\n<\/div>\n<\/div>\n<\/div>\n<\/div>\n<\/section>\n<section id=\"_krmyzwctbmjxcgkixwiwfkguvioqxkofgmif\" class=\"brz-section brz-css-1kzyejh\">\n<div class=\"brz-section__content brz-section--boxed brz-css-1rxwu1e brz-css-19b4fe0\" data-brz-custom-id=\"jgmabidcbbvgoyqhswpxtmclihtmahqcuzsj\">\n<div class=\"brz-bg\">\n<div class=\"brz-bg-shape brz-bg-shape__top\"><\/div>\n<\/div>\n<div class=\"brz-container brz-css-615qp3\">\n<div id=\"\" class=\"brz-css-bgpszh brz-wrapper\">\n<div class=\"brz-rich-text brz-rich-text__custom brz-css-s4ofo\" data-brz-custom-id=\"iioadbuvhqdvputftvldorzktjtdhwisgdrx\">\n<div data-brz-translate-text=\"1\">\n<p class=\"brz-text-lg-justify brz-tp-lg-paragraph brz-css-e6lHL\" data-generated-css=\"brz-css-lkX7A\" data-uniq-id=\"dl3Wg\">Quiz\u00e1s lleves mucho tiempo haci\u00e9ndote esta pregunta en secreto.&nbsp;<\/p>\n<p class=\"brz-text-lg-justify brz-tp-lg-paragraph brz-css-s7tDd\" data-generated-css=\"brz-css-lkX7A\" data-uniq-id=\"dl3Wg\">\n<p class=\"brz-text-lg-justify brz-tp-lg-paragraph brz-css-pH0kY\" data-generated-css=\"brz-css-qXoLY\" data-uniq-id=\"v_IXB\">Esta declaraci\u00f3n tampoco se considera concluyente sobre esta pregunta, sino m\u00e1s bien material adicional para la reflexi\u00f3n.&nbsp;<\/p>\n<p class=\"brz-text-lg-justify brz-tp-lg-paragraph brz-css-tNOFg\" data-generated-css=\"brz-css-mRgxG\" data-uniq-id=\"zM7kI\">Casi con toda seguridad, esta masturbaci\u00f3n supuestamente &#8220;inofensiva&#8221; todav\u00eda te tiene tan atrapado que est\u00e1s haciendo este curso ahora mismo y lidiando con ello porque en el fondo no est\u00e1s en paz con tus actos.&nbsp;<\/p>\n<p class=\"brz-text-lg-justify brz-tp-lg-paragraph brz-css-jS5vt\" data-generated-css=\"brz-css-mRgxG\" data-uniq-id=\"zM7kI\">\n<p class=\"brz-text-lg-justify brz-tp-lg-paragraph brz-css-wEkJt\" data-generated-css=\"brz-css-fILtB\" data-uniq-id=\"sEGnq\">\u00a1Y ah\u00ed es exactamente donde estaba! Como puedes ver en el resto del material del curso, Dios me ha hecho completamente libre de la masturbaci\u00f3n y hoy le estoy muy agradecida por esto. Porque durante mucho tiempo me convenc\u00ed a m\u00ed misma de que, debido a la falta de im\u00e1genes pornogr\u00e1ficas, lo que hago no tiene consecuencias en m\u00ed. Lamentablemente, esto no es cierto en absoluto.&nbsp;<\/p>\n<\/div>\n<\/div>\n<\/div>\n<div id=\"\" class=\"brz-css-bgpszh brz-wrapper\">\n<div class=\"brz-rich-text brz-rich-text__custom brz-css-s4ofo\" data-brz-custom-id=\"fvhvocpshlhselzerevzjyjalunsickwfeid\">\n<div data-brz-translate-text=\"1\">\n<p class=\"brz-text-lg-justify brz-tp-lg-paragraph brz-css-wD4Go\" data-uniq-id=\"f9dsc\" data-generated-css=\"brz-css-jJTRO\">Con cada orgasmo -no importa c\u00f3mo se induzca- se liberan hormonas. Tu deseo de tener exactamente m\u00e1s de estas sustancias aumenta, es decir, tu deseo de tener m\u00e1s orgasmos se hace cada vez m\u00e1s fuerte. \u00bfQu\u00e9 significa esto? Cuanto m\u00e1s me ocupo de la sexualidad, m\u00e1s la deseo. Pero adem\u00e1s, esta espiral hacia m\u00e1s deseo no es lineal. A la larga, el mismo acto no conduce a la misma satisfacci\u00f3n. El deseo de m\u00e1s aumenta. Esto puede llevar, por ejemplo, a consumir m\u00e1s o incluso a la pornograf\u00eda. Pero el verdadero problema de la masturbaci\u00f3n es mucho m\u00e1s profundo.&nbsp;<\/p>\n<p class=\"brz-text-lg-justify brz-tp-lg-paragraph brz-css-hpUNH\" data-uniq-id=\"nJ7Wk\" data-generated-css=\"brz-css-t4DZP\">\n<p class=\"brz-text-lg-justify brz-tp-lg-paragraph brz-css-uw0yo\" data-uniq-id=\"zUsXX\" data-generated-css=\"brz-css-ozP63\">Intentamos procurarnos la paz por nuestra cuenta en lugar de confiarnos a Aquel que conoce todas nuestras necesidades y es la propia paz.&nbsp;\u00bfPor qu\u00e9 quieres masturbarte? Espero que ya hayas encontrado respuestas a esto en el curso online.&nbsp;<\/p>\n<p class=\"brz-text-lg-justify brz-tp-lg-paragraph brz-css-pubEs\" data-uniq-id=\"jNmSg\" data-generated-css=\"brz-css-vRl0V\">&nbsp;<\/p>\n<p class=\"brz-text-lg-justify brz-tp-lg-paragraph brz-css-vti96\" data-uniq-id=\"gUKGm\" data-generated-css=\"brz-css-ihYEx\">En conclusi\u00f3n, quiero afirmar que la masturbaci\u00f3n, incluso sin im\u00e1genes pornogr\u00e1ficas, sigue perjudic\u00e1ndote porque te atas a una dependencia que siempre aumenta tu deseo de ella. Adem\u00e1s, esta adicci\u00f3n te roba la paz. En lugar de &#8220;darte paz a ti misma&#8221; at\u00e1ndote a un comportamiento insano, quiero animarte a que seas abierta con tus necesidades y las comentes con Jes\u00fas y con personas de confianza. La auto gratificaci\u00f3n, como la masturbaci\u00f3n, es un camino supuestamente f\u00e1cil, que, bien visto, trae consigo una gran cantidad de compa\u00f1eros desagradables.&nbsp;<\/p>\n<p class=\"brz-text-lg-justify brz-tp-lg-paragraph brz-css-hGdsf\" data-uniq-id=\"uVtJI\" data-generated-css=\"brz-css-b0apN\"><\/p>\n<\/div>\n<\/div>\n<\/div>\n<div class=\"brz-wrapper-clone brz-css-19247x1\">\n<div class=\"brz-d-xs-flex brz-flex-xs-wrap brz-css-1it88lm\" data-brz-custom-id=\"\">\n<div class=\"brz-wrapper-clone__item\" id=\"ziqnznnbebgaxqvgqsonwwrnwzvyptuqlpmi\"><a class=\"brz-a brz-btn brz-css-1nqwxu8 brz-css-7fh8vr brz-css-1hn9jao brz-css-m2xxqi\" href=\"https:\/\/free-indeed.com\/es\/module-5\/ve-mas-profundo-4\/\" target=\"_self\" rel=\"noopener\" data-brz-link-type=\"external\" data-brz-custom-id=\"ziqnznnbebgaxqvgqsonwwrnwzvyptuqlpmi\"><span data-brz-translate-text=\"1\" class=\"brz-span brz-text__editor\">DEVUELTA AL CURSO<\/span><\/a><\/div>\n<\/div>\n<\/div>\n<\/div>\n<\/div>\n<\/section>\n<\/div>\n<p>    <!-- version:1737871696 --><\/p>\n","protected":false},"excerpt":{"rendered":"<p>extra \u00bfEs la masturbaci\u00f3n un problema entre las mujeres que no tienen im\u00e1genes pornogr\u00e1ficas en su mente?&nbsp; Quiz\u00e1s lleves mucho tiempo haci\u00e9ndote esta pregunta en secreto.&nbsp; Esta declaraci\u00f3n tampoco se considera concluyente sobre esta pregunta, sino m\u00e1s bien material adicional para la reflexi\u00f3n.&nbsp; Casi con toda seguridad, esta masturbaci\u00f3n supuestamente &#8220;inofensiva&#8221; todav\u00eda te tiene tan [&hellip;]<\/p>\n","protected":false},"author":1,"featured_media":0,"parent":0,"menu_order":0,"comment_status":"closed","ping_status":"closed","template":"brizy-blank-template.php","meta":{"site-sidebar-layout":"default","site-content-layout":"default","ast-site-content-layout":"default","site-content-style":"default","site-sidebar-style":"default","ast-global-header-display":"","ast-banner-title-visibility":"","ast-main-header-display":"","ast-hfb-above-header-display":"","ast-hfb-below-header-display":"","ast-hfb-mobile-header-display":"","site-post-title":"","ast-breadcrumbs-content":"","ast-featured-img":"","footer-sml-layout":"","ast-disable-related-posts":"","theme-transparent-header-meta":"","adv-header-id-meta":"","stick-header-meta":"","header-above-stick-meta":"","header-main-stick-meta":"","header-below-stick-meta":"","astra-migrate-meta-layouts":"set","ast-page-background-enabled":"default","ast-page-background-meta":{"desktop":{"background-color":"","background-image":"","background-repeat":"repeat","background-position":"center center","background-size":"auto","background-attachment":"scroll","background-type":"","background-media":"","overlay-type":"","overlay-color":"","overlay-opacity":"","overlay-gradient":""},"tablet":{"background-color":"","background-image":"","background-repeat":"repeat","background-position":"center center","background-size":"auto","background-attachment":"scroll","background-type":"","background-media":"","overlay-type":"","overlay-color":"","overlay-opacity":"","overlay-gradient":""},"mobile":{"background-color":"","background-image":"","background-repeat":"repeat","background-position":"center center","background-size":"auto","background-attachment":"scroll","background-type":"","background-media":"","overlay-type":"","overlay-color":"","overlay-opacity":"","overlay-gradient":""}},"ast-content-background-meta":{"desktop":{"background-color":"var(--ast-global-color-5)","background-image":"","background-repeat":"repeat","background-position":"center center","background-size":"auto","background-attachment":"scroll","background-type":"","background-media":"","overlay-type":"","overlay-color":"","overlay-opacity":"","overlay-gradient":""},"tablet":{"background-color":"var(--ast-global-color-5)","background-image":"","background-repeat":"repeat","background-position":"center center","background-size":"auto","background-attachment":"scroll","background-type":"","background-media":"","overlay-type":"","overlay-color":"","overlay-opacity":"","overlay-gradient":""},"mobile":{"background-color":"var(--ast-global-color-5)","background-image":"","background-repeat":"repeat","background-position":"center center","background-size":"auto","background-attachment":"scroll","background-type":"","background-media":"","overlay-type":"","overlay-color":"","overlay-opacity":"","overlay-gradient":""}},"footnotes":""},"folder":[173],"class_list":["post-298234","page","type-page","status-publish","hentry"],"publishpress_future_action":{"enabled":false,"date":"2026-04-17 14:44:54","action":"change-status","newStatus":"draft","terms":[],"taxonomy":"translation_priority","extraData":[]},"publishpress_future_workflow_manual_trigger":{"enabledWorkflows":[]},"brizy_media":[],"_links":{"self":[{"href":"https:\/\/free-indeed.com\/es\/wp-json\/wp\/v2\/pages\/298234","targetHints":{"allow":["GET"]}}],"collection":[{"href":"https:\/\/free-indeed.com\/es\/wp-json\/wp\/v2\/pages"}],"about":[{"href":"https:\/\/free-indeed.com\/es\/wp-json\/wp\/v2\/types\/page"}],"author":[{"embeddable":true,"href":"https:\/\/free-indeed.com\/es\/wp-json\/wp\/v2\/users\/1"}],"replies":[{"embeddable":true,"href":"https:\/\/free-indeed.com\/es\/wp-json\/wp\/v2\/comments?post=298234"}],"version-history":[{"count":0,"href":"https:\/\/free-indeed.com\/es\/wp-json\/wp\/v2\/pages\/298234\/revisions"}],"wp:attachment":[{"href":"https:\/\/free-indeed.com\/es\/wp-json\/wp\/v2\/media?parent=298234"}],"wp:term":[{"taxonomy":"folder","embeddable":true,"href":"https:\/\/free-indeed.com\/es\/wp-json\/wp\/v2\/folder?post=298234"}],"curies":[{"name":"wp","href":"https:\/\/api.w.org\/{rel}","templated":true}]}}