{"id":298238,"date":"2024-04-10T09:36:52","date_gmt":"2024-04-10T07:36:52","guid":{"rendered":"http:\/\/free-indeed.com\/?page_id=298238"},"modified":"2026-04-01T18:58:19","modified_gmt":"2026-04-01T16:58:19","slug":"vinculos-del-alma-hacia-mi-pureza","status":"publish","type":"page","link":"https:\/\/free-indeed.com\/es\/vinculos-del-alma-hacia-mi-pureza\/","title":{"rendered":"Extra: \u00bfQu\u00e9 hacer con los v\u00ednculos de alma hacia mi pureza sexual?"},"content":{"rendered":"<div class=\"brz-root__container brz-reset-all brz brz-root__container-page\">\n<section id=\"_bgevxfshbvoedpdtjclfcmepcsixorosvoqz\" class=\"brz-section brz-css-1yz5vst\">\n<div class=\"brz-section__content brz-section--boxed brz-css-1l4nnbo brz-css-1majkqr\" data-brz-custom-id=\"hhsbkvnxkpjswqpmgdqvaggitvalqclezgzd\">\n<div class=\"brz-bg\">\n<div class=\"brz-bg-image\"><\/div>\n<div class=\"brz-bg-shape brz-bg-shape__bottom\"><\/div>\n<\/div>\n<div class=\"brz-container brz-css-7cd7ay\">\n<div class=\"brz-row__container brz-css-1exjn21\" data-brz-custom-id=\"xmsrsrbxhhuxbminxokpglwturmxtipvreft\">\n<div class=\"brz-bg\"><\/div>\n<div class=\"brz-row brz-css-1skyaab brz-css-gaxw10\">\n<div class=\"brz-columns brz-css-4qzpsh brz-css-4j2izy\" data-brz-custom-id=\"vnlytvtskuznnllewtlicldntgyhzdpsbrxg\">\n<div class=\"brz-bg\"><\/div>\n<div class=\"brz-column__items brz-css-1ggcgtv brz-css-g0bce0\">\n<div id=\"\" class=\"brz-css-1zcivf brz-wrapper\">\n<div class=\"brz-icon-text brz-css-1y4m5gc\" data-brz-custom-id=\"aukvmkeualrtlandxxarclouslnozuizcber\">\n<div class=\"brz-icon__container\" data-brz-custom-id=\"ikgkbnivqdoohhphnpmzapvxesjctmozkbik\"><span class=\"brz-icon brz-span brz-css-1l12l2j brz-css-1pfym7b\"><\/span><\/div>\n<div class=\"brz-text-btn\">\n<div class=\"brz-rich-text brz-rich-text__custom brz-css-j54h5w\" data-brz-custom-id=\"twoyrynuhjvzcnqjuzafbwjizpbmvruisnwz\">\n<div data-brz-translate-text=\"1\">\n<p class=\"brz-text-xs-justify brz-fss-lg-px brz-fw-lg-400 brz-ls-lg-0 brz-lh-lg-1 brz-tp-lg-empty brz-ff-ebeqayvvjwygoyjgfklhuufkwocunbldwmhk brz-ft-upload brz-fs-lg-86 brz-css-eCbF6\" data-uniq-id=\"tboss\" data-generated-css=\"brz-css-jmrmh\"><span>extra<\/span><\/p>\n<\/div>\n<\/div>\n<\/div>\n<\/div>\n<\/div>\n<\/div>\n<\/div>\n<div class=\"brz-columns brz-css-4qzpsh brz-css-1fsvlc8\" data-brz-custom-id=\"xavftunhkqzaaozfrroxwrvlrsiejtjvmwax\">\n<div class=\"brz-bg\"><\/div>\n<div class=\"brz-column__items brz-css-1ggcgtv\">\n<div id=\"\" class=\"brz-css-1zcivf brz-css-g4zi4k brz-wrapper\">\n<div class=\"brz-rich-text brz-rich-text__custom brz-css-j54h5w\" data-brz-custom-id=\"nffngbzsseshbvhvphlmfkvbhsvutilpfjin\">\n<div data-brz-translate-text=\"1\">\n<p data-uniq-id=\"xOd2G\" data-generated-css=\"brz-css-w5Cur\" class=\"brz-fs-xs-20 brz-text-lg-justify brz-tp-lg-jddejjpdsqmgiardglitzhnoaeqkowdhuljc brz-fs-sm-20 brz-bcp-color2 brz-css-lE03u\"><span class=\"brz-cp-color2\">Lazos del alma: \u00bfQu\u00e9 puedo hacer si he hecho v\u00ednculos de alma con alguien que ahora me atan en mi propia pureza sexual?&nbsp;<\/span><\/p>\n<\/div>\n<\/div>\n<\/div>\n<\/div>\n<\/div>\n<\/div>\n<\/div>\n<\/div>\n<\/div>\n<\/section>\n<section id=\"_nemihzuhnojopzcxqmyuzbapzdphnagyyhna\" class=\"brz-section brz-css-1yz5vst\">\n<div class=\"brz-section__content brz-section--boxed brz-css-1l4nnbo brz-css-15mj65l\" data-brz-custom-id=\"dzzilxqsgalbndimvkvpxkwrcwtgszacagqw\">\n<div class=\"brz-bg\">\n<div class=\"brz-bg-color\"><\/div>\n<div class=\"brz-bg-shape brz-bg-shape__top\"><\/div>\n<\/div>\n<div class=\"brz-container brz-css-7cd7ay\">\n<div id=\"\" class=\"brz-css-1zcivf brz-wrapper\">\n<div class=\"brz-rich-text brz-rich-text__custom brz-css-j54h5w\" data-brz-custom-id=\"pduvzsooxdaiynpvgevsnpimdtwudwntyfts\">\n<div data-brz-translate-text=\"1\">\n<p class=\"brz-tp-lg-paragraph brz-css-yIWzC\" data-generated-css=\"brz-css-tDi2d\" data-uniq-id=\"ahjCj\">No entramos en este tema en detalle en el curso, pero es incre\u00edblemente importante que te separes de todos los vinculos del alma en los que hayas entrado debido a conexiones que no fueron santas. Por ejemplo, esto puede ser sexo que tuviste con alguien, pero tambien podr\u00eda ser contacto f\u00edsico inapropiado.&nbsp;Los v\u00ednculos del alma entre las personas tambi\u00e9n son posibles a nivel emocional y no desaparecen sin que te des cuenta, aunque ya no est\u00e9s en contacto con esa persona. A menudo son v\u00ednculos subconscientes, pero influyen en tu comportamiento y tu forma de pensar. Un ejemplo de v\u00ednculo emocional malsano es cuando te abres demasiado en una relaci\u00f3n y revelas cosas que no est\u00e1n en consonancia con el nivel de confianza y compromiso de vuestra relaci\u00f3n.&nbsp;<\/p>\n<p class=\"brz-tp-lg-paragraph brz-css-rzdkv\" data-generated-css=\"brz-css-oHRJU\" data-uniq-id=\"lEqCT\"><\/p>\n<p class=\"brz-tp-lg-paragraph brz-css-rraPr\" data-generated-css=\"brz-css-bNas0\" data-uniq-id=\"m02fv\"><strong>Comparaci\u00f3n:  <\/strong><\/p>\n<p class=\"brz-tp-lg-paragraph brz-css-ssohS\" data-generated-css=\"brz-css-oZM7L\" data-uniq-id=\"lcXRh\"><span style=\"color: windowtext\">Para hacerte una mejor idea, la siguiente comparaci\u00f3n puede ayudarte. Imagina que pegas dos p\u00e1ginas de papel aplicando una gran cantidad de pegamento y presion\u00e1ndolas. Si ahora quiere volver a separar estas p\u00e1ginas, inevitablemente quedan dos trozos, con partes de una cara pegadas a la otra, donde faltan y viceversa. Lo mismo ocurre con los v\u00ednculos espirituales. Con cada v\u00ednculo que estableces, das algo de tu alma (tu pensamiento, voluntad y emociones) y te llevas algo de la otra persona. Por eso hablamos de v\u00ednculos del alma.&nbsp;&nbsp;&nbsp;<\/span><\/p>\n<p class=\"brz-tp-lg-paragraph brz-css-hRBUs\" data-generated-css=\"brz-css-mNZG4\" data-uniq-id=\"dYKf7\"><span style=\"color: windowtext\">&nbsp;&nbsp;<\/span><\/p>\n<p class=\"brz-tp-lg-paragraph brz-css-goq9d\" data-generated-css=\"brz-css-tw_z7\" data-uniq-id=\"rEBvb\"><\/p>\n<p class=\"brz-tp-lg-paragraph brz-css-iMKgc\" data-generated-css=\"brz-css-mpSR7\" data-uniq-id=\"uSMy_\"><strong>V\u00ednculos con actores de pornograf\u00eda: <\/strong><\/p>\n<p class=\"brz-tp-lg-paragraph brz-css-oBz0r\" data-generated-css=\"brz-css-ytDVl\" data-uniq-id=\"qWmTM\">Consumir pornograf\u00eda tambi\u00e9n crea v\u00ednculos con los actores porno a los que hay que renunciar. La separaci\u00f3n puede ser diferente: Rompe conscientemente los lazos con los actores con los que has creado un v\u00ednculo a prop\u00f3sito a trav\u00e9s del consumo repetido. Todos los dem\u00e1s lazos del alma con los actores porno pueden combinarse en otra oraci\u00f3n de renuncia.<\/p>\n<p class=\"brz-tp-lg-paragraph brz-css-ugulX\" data-generated-css=\"brz-css-g568E\" data-uniq-id=\"efgbO\">\n<p class=\"brz-tp-lg-paragraph brz-css-yZM5f\" data-generated-css=\"brz-css-sGw7d\" data-uniq-id=\"mjNzY\"><strong>V\u00ednculos Emocionales: <\/strong><\/p>\n<p class=\"brz-tp-lg-paragraph brz-css-pRNeU\" data-generated-css=\"brz-css-fkP13\" data-uniq-id=\"piPKC\">En una relaci\u00f3n sana, en la que la confianza y el compromiso se corresponden, este tipo de intimidad y compromiso son incluso necesarios. Sin embargo, si has entrado en una conexi\u00f3n con alguien que ha ido mucho m\u00e1s all\u00e1 de tu compromiso y ahora te une a esa persona de una manera insana. Entonces es necesario devolver lo que se ha tomado y recuperar lo que se ha regalado, lo que puede hacerse a trav\u00e9s de la oraci\u00f3n.&nbsp;<\/p>\n<p class=\"brz-tp-lg-paragraph brz-css-iflbY\" data-generated-css=\"brz-css-d5W_i\" data-uniq-id=\"zktTC\"><\/p>\n<p class=\"brz-tp-lg-paragraph brz-css-tQGdD\" data-generated-css=\"brz-css-n8TRy\" data-uniq-id=\"uaa8X\">Sientes como si tu propia alma estuviera dispersa, y eso es exactamente lo que es. Pero puedes y debes recuperarla, permitir que Dios la sane.&nbsp;<\/p>\n<p class=\"brz-tp-lg-paragraph brz-css-jxW8x\" data-generated-css=\"brz-css-n8TRy\" data-uniq-id=\"uaa8X\">\n<p class=\"brz-tp-lg-paragraph brz-css-rcN8q\" data-generated-css=\"brz-css-rGxK7\" data-uniq-id=\"nYroG\"><strong>Oraci\u00f3n: <\/strong><\/p>\n<p class=\"brz-tp-lg-paragraph brz-text-lg-justify brz-css-s6GLZ\" data-generated-css=\"brz-css-iIs5U\" data-uniq-id=\"lUMJD\">Lleva cada una de estas conexiones ante Dios y ora conmigo:&nbsp;<\/p>\n<\/div>\n<\/div>\n<\/div>\n<div id=\"\" class=\"brz-css-1zcivf brz-wrapper\">\n<div class=\"brz-rich-text brz-rich-text__custom brz-css-j54h5w\" data-brz-custom-id=\"diuvcxesmdzpsurbxhweeewpaixxabtfahfg\">\n<div data-brz-translate-text=\"1\">\n<p class=\"brz-tp-lg-empty brz-lh-lg-1_6 brz-ls-lg-0 brz-fw-lg-400 brz-fss-lg-px brz-fs-lg-20 brz-ft-upload brz-ff-azoqpwbcprvsvcuznyrxtudzzqmkjrlstizx brz-text-lg-justify brz-css-z1hzg\" data-uniq-id=\"kw2rw\" data-generated-css=\"brz-css-hjgwq\"><strong><em>&#8220;Jes\u00fas, te traigo mi relaci\u00f3n con&#8230;, te traigo&#8230; (menciona lo que pas\u00f3 exactamente). Te pido perd\u00f3n y reconozco que mis acciones fueron equivocadas. Me desprendo de cualquier conexi\u00f3n con&#8230;. Corto y rompo todos los v\u00ednculos espirituales, f\u00edsicos y emocionales con &#8230;. . Vuelvo&#8230; y reclamo mi libertad&#8230; de&#8230;&nbsp;<\/em><\/strong><\/p>\n<p class=\"brz-tp-lg-empty brz-lh-lg-1_6 brz-ls-lg-0 brz-fw-lg-400 brz-fss-lg-px brz-fs-lg-20 brz-ft-upload brz-ff-azoqpwbcprvsvcuznyrxtudzzqmkjrlstizx brz-text-lg-justify brz-css-kXojR\" data-uniq-id=\"kw2rw\" data-generated-css=\"brz-css-hjgwq\"><strong><em> <\/em><\/strong><\/p>\n<p class=\"brz-tp-lg-empty brz-lh-lg-1_6 brz-ls-lg-0 brz-fw-lg-400 brz-fss-lg-px brz-fs-lg-20 brz-ft-upload brz-ff-azoqpwbcprvsvcuznyrxtudzzqmkjrlstizx brz-text-lg-justify brz-css-rcC11\" data-uniq-id=\"nEAr2\" data-generated-css=\"brz-css-zZX8l\"><strong><em>Te doy gracias Padre por perdonarme y ahora clavar en la cruz toda verg\u00fcenza, miedo y sentimientos de condenaci\u00f3n. Gracias porque puedes hacer que todo sea nuevo y porque me presento ante ti como una mujer pura y sin mancha. Ens\u00e9\u00f1ame a actuar seg\u00fan tus principios y ens\u00e9\u00f1ame c\u00f3mo quieres que viva la pureza en mi vida.&nbsp;<\/em><\/strong><\/p>\n<p class=\"brz-tp-lg-empty brz-lh-lg-1_6 brz-ls-lg-0 brz-fw-lg-400 brz-fss-lg-px brz-fs-lg-20 brz-ft-upload brz-ff-azoqpwbcprvsvcuznyrxtudzzqmkjrlstizx brz-text-lg-justify brz-css-heRT6\" data-uniq-id=\"nEAr2\" data-generated-css=\"brz-css-zZX8l\"><strong><em> <\/em><\/strong><\/p>\n<p class=\"brz-tp-lg-empty brz-lh-lg-1_6 brz-ls-lg-0 brz-fw-lg-400 brz-fss-lg-px brz-fs-lg-20 brz-ft-upload brz-ff-azoqpwbcprvsvcuznyrxtudzzqmkjrlstizx brz-text-lg-justify brz-css-jtPm8\" data-uniq-id=\"z2lij\" data-generated-css=\"brz-css-yzi6Z\"><strong><em>Acepto tu perd\u00f3n y tu amor. Rompo cualquier relaci\u00f3n con esa persona. Te agradezco que puedo dejar esto contigo. Am\u00e9n&#8221;.&nbsp;<\/em><\/strong><\/p>\n<\/div>\n<\/div>\n<\/div>\n<div id=\"\" class=\"brz-css-1zcivf brz-wrapper\">\n<div class=\"brz-rich-text brz-rich-text__custom brz-css-j54h5w\" data-brz-custom-id=\"vfoolyyyssoediifknyqhkuqsthmivcukgcx\">\n<div data-brz-translate-text=\"1\">\n<p class=\"brz-text-lg-justify brz-tp-lg-paragraph brz-css-zZD0E\" data-uniq-id=\"tumMh\" data-generated-css=\"brz-css-j0Pql\">\u00bfPor qu\u00e9 es tan importante el desapego? Durante cada acto sexual, nuestro cuerpo libera la hormona oxitocina. Se trata de una hormona del v\u00ednculo. El sexo es un acto para consumar el matrimonio y es hermoso como potenciador del v\u00ednculo. Sin embargo, mal practicado, puede conducir a una dependencia malsana y fatal.<\/p>\n<p class=\"brz-text-lg-justify brz-tp-lg-paragraph brz-css-cusQV\" data-uniq-id=\"nzQx6\" data-generated-css=\"brz-css-a2s1R\">\n<p class=\"brz-text-lg-justify brz-tp-lg-paragraph brz-css-l9qes\" data-uniq-id=\"nPTjb\" data-generated-css=\"brz-css-oIdzA\">La buena noticia es que a trav\u00e9s de esta oraci\u00f3n le has devuelto las llaves de estas adicciones a Jes\u00fas y \u00e9l realmente puede hacer todo nuevo. Perd\u00f3nate a ti mismo tambi\u00e9n y no permitas que la verg\u00fcenza y las mentiras te roben tu libertad de nuevo.&nbsp;<\/p>\n<p class=\"brz-text-lg-justify brz-tp-lg-paragraph brz-css-x8FrJ\" data-uniq-id=\"fBwbV\" data-generated-css=\"brz-css-aTNOj\">Est\u00e1s llamado a la pureza y Dios te ense\u00f1ar\u00e1 a vivir una vida de pureza, libertad y finalmente una sexualidad sana y santa si conf\u00edas en \u00c9l.&nbsp;<\/p>\n<p class=\"brz-text-lg-justify brz-tp-lg-paragraph brz-css-kjwQ_\" data-uniq-id=\"doGmz\" data-generated-css=\"brz-css-d9LVH\">&nbsp;<\/p>\n<p class=\"brz-text-lg-justify brz-tp-lg-paragraph brz-css-qUVKn\" data-uniq-id=\"bwSwJ\" data-generated-css=\"brz-css-xOOpH\">Por \u00faltimo, me gustar\u00eda insistirte en una cosa. En tu camino para vivir como una mujer pura, encuentra una amiga a la que puedas rendir cuentas y compartir abiertamente, sin suavizar las cosas.&nbsp;<\/p>\n<p class=\"brz-text-lg-justify brz-tp-lg-paragraph brz-css-lAoK5\" data-uniq-id=\"v24ug\" data-generated-css=\"brz-css-hdYX3\">El \u00e1rea de la pureza en particular puede ser un gran obst\u00e1culo. No creas que puedes hacerlo todo t\u00fa sola y no te sobreestimes. Es sabio caminar junto con otros. Juntos somos m\u00e1s fuertes.&nbsp;<\/p>\n<p class=\"brz-text-lg-justify brz-tp-lg-paragraph brz-css-oO1ao\" data-uniq-id=\"v24ug\" data-generated-css=\"brz-css-hdYX3\">\n<p class=\"brz-text-lg-justify brz-tp-lg-paragraph brz-css-nIOKD\" data-uniq-id=\"rhOn9\" data-generated-css=\"brz-css-mrVQr\"><span style=\"color: windowtext\">Recuerda, Dios te ve como una mujer pura y hermosa. \u00c9l cree en ti.&nbsp;<\/span><\/p>\n<p class=\"brz-text-lg-justify brz-tp-lg-paragraph brz-css-kCfLg\" data-uniq-id=\"j9llQ\" data-generated-css=\"brz-css-bku1m\">&nbsp;<\/p>\n<p class=\"brz-text-lg-justify brz-tp-lg-paragraph brz-css-qj_80\" data-uniq-id=\"jmN9L\" data-generated-css=\"brz-css-y7Zh7\">(Si en el pasado tuviste relaciones sexuales, pediste perd\u00f3n a Dios, pero ahora en tu matrimonio tienes problemas con tu sexualidad a causa de tu pasado, quiero animarte: \u00c1brete, h\u00e1blalo abiertamente con tu pareja y buscad juntos ayuda profesional. Merece la pena luchar por tu sexualidad y Dios quiere darte una nueva unidad. Nunca es demasiado tarde).&nbsp;<\/p>\n<\/div>\n<\/div>\n<\/div>\n<div class=\"brz-wrapper-clone brz-css-19h2o6p\">\n<div class=\"brz-d-xs-flex brz-flex-xs-wrap brz-css-19rn7mq\" data-brz-custom-id=\"\">\n<div class=\"brz-wrapper-clone__item\" id=\"yzyphvdpssikqvxprmphybbzzysahbnscljo\"><a class=\"brz-a brz-btn brz-css-ujj6qv brz-css-s2rxss brz-css-18dd9d4 brz-css-x1o0v2\" href=\"https:\/\/free-indeed.com\/es\/module-12\/limpieza-profunda\/\" target=\"_self\" rel=\"noopener\" data-brz-link-type=\"external\" data-brz-custom-id=\"yzyphvdpssikqvxprmphybbzzysahbnscljo\"><span data-brz-translate-text=\"1\" class=\"brz-span brz-text__editor\">DEVUELTA AL CURSO<\/span><\/a><\/div>\n<\/div>\n<\/div>\n<\/div>\n<\/div>\n<\/section>\n<\/div>\n<p>    <!-- version:1737726643 --><\/p>\n","protected":false},"excerpt":{"rendered":"<p>extra Lazos del alma: \u00bfQu\u00e9 puedo hacer si he hecho v\u00ednculos de alma con alguien que ahora me atan en mi propia pureza sexual?&nbsp; No entramos en este tema en detalle en el curso, pero es incre\u00edblemente importante que te separes de todos los vinculos del alma en los que hayas entrado debido a conexiones [&hellip;]<\/p>\n","protected":false},"author":1,"featured_media":0,"parent":0,"menu_order":0,"comment_status":"closed","ping_status":"closed","template":"brizy-blank-template.php","meta":{"site-sidebar-layout":"default","site-content-layout":"default","ast-site-content-layout":"default","site-content-style":"default","site-sidebar-style":"default","ast-global-header-display":"","ast-banner-title-visibility":"","ast-main-header-display":"","ast-hfb-above-header-display":"","ast-hfb-below-header-display":"","ast-hfb-mobile-header-display":"","site-post-title":"","ast-breadcrumbs-content":"","ast-featured-img":"","footer-sml-layout":"","ast-disable-related-posts":"","theme-transparent-header-meta":"","adv-header-id-meta":"","stick-header-meta":"","header-above-stick-meta":"","header-main-stick-meta":"","header-below-stick-meta":"","astra-migrate-meta-layouts":"set","ast-page-background-enabled":"default","ast-page-background-meta":{"desktop":{"background-color":"","background-image":"","background-repeat":"repeat","background-position":"center center","background-size":"auto","background-attachment":"scroll","background-type":"","background-media":"","overlay-type":"","overlay-color":"","overlay-opacity":"","overlay-gradient":""},"tablet":{"background-color":"","background-image":"","background-repeat":"repeat","background-position":"center center","background-size":"auto","background-attachment":"scroll","background-type":"","background-media":"","overlay-type":"","overlay-color":"","overlay-opacity":"","overlay-gradient":""},"mobile":{"background-color":"","background-image":"","background-repeat":"repeat","background-position":"center center","background-size":"auto","background-attachment":"scroll","background-type":"","background-media":"","overlay-type":"","overlay-color":"","overlay-opacity":"","overlay-gradient":""}},"ast-content-background-meta":{"desktop":{"background-color":"var(--ast-global-color-5)","background-image":"","background-repeat":"repeat","background-position":"center center","background-size":"auto","background-attachment":"scroll","background-type":"","background-media":"","overlay-type":"","overlay-color":"","overlay-opacity":"","overlay-gradient":""},"tablet":{"background-color":"var(--ast-global-color-5)","background-image":"","background-repeat":"repeat","background-position":"center center","background-size":"auto","background-attachment":"scroll","background-type":"","background-media":"","overlay-type":"","overlay-color":"","overlay-opacity":"","overlay-gradient":""},"mobile":{"background-color":"var(--ast-global-color-5)","background-image":"","background-repeat":"repeat","background-position":"center center","background-size":"auto","background-attachment":"scroll","background-type":"","background-media":"","overlay-type":"","overlay-color":"","overlay-opacity":"","overlay-gradient":""}},"footnotes":""},"folder":[173],"class_list":["post-298238","page","type-page","status-publish","hentry"],"publishpress_future_action":{"enabled":false,"date":"2026-04-17 12:59:10","action":"change-status","newStatus":"draft","terms":[],"taxonomy":"translation_priority","extraData":[]},"publishpress_future_workflow_manual_trigger":{"enabledWorkflows":[]},"brizy_media":[],"_links":{"self":[{"href":"https:\/\/free-indeed.com\/es\/wp-json\/wp\/v2\/pages\/298238","targetHints":{"allow":["GET"]}}],"collection":[{"href":"https:\/\/free-indeed.com\/es\/wp-json\/wp\/v2\/pages"}],"about":[{"href":"https:\/\/free-indeed.com\/es\/wp-json\/wp\/v2\/types\/page"}],"author":[{"embeddable":true,"href":"https:\/\/free-indeed.com\/es\/wp-json\/wp\/v2\/users\/1"}],"replies":[{"embeddable":true,"href":"https:\/\/free-indeed.com\/es\/wp-json\/wp\/v2\/comments?post=298238"}],"version-history":[{"count":0,"href":"https:\/\/free-indeed.com\/es\/wp-json\/wp\/v2\/pages\/298238\/revisions"}],"wp:attachment":[{"href":"https:\/\/free-indeed.com\/es\/wp-json\/wp\/v2\/media?parent=298238"}],"wp:term":[{"taxonomy":"folder","embeddable":true,"href":"https:\/\/free-indeed.com\/es\/wp-json\/wp\/v2\/folder?post=298238"}],"curies":[{"name":"wp","href":"https:\/\/api.w.org\/{rel}","templated":true}]}}