{"id":35221,"date":"2020-03-02T19:56:46","date_gmt":"2020-03-02T18:56:46","guid":{"rendered":"http:\/\/free-indeed.com\/?page_id=35221"},"modified":"2026-03-27T23:08:36","modified_gmt":"2026-03-27T22:08:36","slug":"test","status":"publish","type":"page","link":"https:\/\/free-indeed.com\/es\/test\/","title":{"rendered":"Test"},"content":{"rendered":"<div class=\"brz-root__container brz-reset-all brz brz-root__container-page\">\n<section id=\"_amtkupxoidaehsswjwsxkncjzzenhdrqddld\" class=\"brz-section brz-css-vdpfff\">\n<div class=\"brz-section__content brz-section--boxed brz-css-1ffc18c brz-css-1by2j54\" data-brz-custom-id=\"qocjtbqmucunerhmmcdbytapxxjhcbmdwwze\">\n<div class=\"brz-container brz-css-11j4pdn\">\n<div id=\"\" class=\"brz-css-1hv8hm7 brz-wrapper\">\n<div class=\"brz-rich-text brz-rich-text__custom brz-css-1tcflxs\" data-brz-custom-id=\"nrqpybxbkajrsrfgzeuygbhffenuwmdzoebz\">\n<div data-brz-translate-text=\"1\">\n<p class=\"brz-text-lg-center brz-tp-lg-vplvqbxkzoevlgwfrrmsrpvgbqplufnlrjag brz-css-iyo9u\" data-uniq-id=\"ogyhg\" data-generated-css=\"brz-css-yotqv\">REALIZA EL TEST A CONTINUACI\u00d3N<\/p>\n<\/div>\n<\/div>\n<\/div>\n<div id=\"\" class=\"brz-css-1hv8hm7 brz-wrapper\">\n<div class=\"brz-rich-text brz-rich-text__custom brz-css-1tcflxs\" data-brz-custom-id=\"onzprfaazgkbskeqhekjpckealemylktvxkb\">\n<div data-brz-translate-text=\"1\">\n<p class=\"brz-tp-paragraph brz-text-lg-center brz-css-y0fik\">Hemos desarrollado una prueba bien fundamentada para ti, que tiene como fin darte m\u00e1s claridad sobre en que condici\u00f3n te encuentras. Ten en cuenta que la veracidad del resultado de la prueba depende de tu honestidad. Tambi\u00e9n te recomendamos que hables con alguien cercano a ti, independientemente del resultado de la prueba.<\/p>\n<p class=\"brz-tp-paragraph brz-text-lg-center brz-css-yCibm\">\u00bfDeseas dar tus primeros pasos para ser libre? <\/p>\n<p class=\"brz-tp-paragraph brz-text-lg-center brz-css-g1Fq6\">\u00a1Llena el formulario que encontraras abajo para que podamos enviarte m\u00e1s informaci\u00f3n!<\/p>\n<\/div>\n<\/div>\n<\/div>\n<div id=\"\" class=\"brz-css-1hv8hm7 brz-wrapper\">\n<div class=\"brz-rich-text brz-rich-text__custom brz-css-1tcflxs\" data-brz-custom-id=\"vkjarlayhcizzllaqaxdtqtaaowrywcfhaac\">\n<div data-brz-translate-text=\"1\">\n<p class=\"brz-text-lg-center brz-tp-lg-qekheiqqtanfdomynnndvodhqpwqtqbmqcig brz-css-iVxC8\" data-uniq-id=\"vuzxf\" data-generated-css=\"brz-css-fqwln\">HAGA CLIC EN LAS 12 PREGUNTAS<\/p>\n<\/div>\n<\/div>\n<\/div>\n<div class=\"brz-wrapper-clone brz-css-c8kund\">\n<div class=\"brz-d-xs-flex brz-flex-xs-wrap brz-css-rqfj8l\" data-brz-custom-id=\"\">\n<div class=\"brz-wrapper-clone__item\" id=\"eftaddphhtgpymslpatxuwpstxvmbgsghrtm\">\n<div class=\"brz-icon__container\" data-brz-custom-id=\"eftaddphhtgpymslpatxuwpstxvmbgsghrtm\"><span class=\"brz-icon brz-span brz-css-eqpdxs brz-css-v9vgd6\"><\/span><\/div>\n<\/div>\n<\/div>\n<\/div>\n<div id=\"\" class=\"brz-css-1hv8hm7 brz-wrapper\">\n<div class=\"brz-wp-shortcode brz-css-17s63ft\" data-brz-custom-id=\"caxbotarbktetgvpwztmcybzlsndniskbhtv\">\n<div><\/div>\n<\/div>\n<\/div>\n<\/div>\n<\/div>\n<\/section>\n<section id=\"_lvddcrontsijnwphikjskxvesmchfjojpzbh\" class=\"brz-section brz-css-vdpfff brz-css-qnddjt\">\n<div class=\"brz-section__content brz-section--boxed brz-css-1ffc18c brz-css-1hwytyw\" data-brz-custom-id=\"ilqpsiixizrwgpohjjcdwhbbfwqvfnxtutix\">\n<div class=\"brz-container brz-css-11j4pdn brz-css-g3o9ol\">\n<div id=\"\" class=\"brz-css-1hv8hm7 brz-wrapper\">\n<div class=\"brz-rich-text brz-rich-text__custom brz-css-1tcflxs\" data-brz-custom-id=\"qpjvsmsssdhayurhbytqfisfucodxkiyuucq\">\n<div data-brz-translate-text=\"1\">\n<p class=\"brz-text-lg-center brz-ff-whcldfrwmfiuxcfzjoauewllhpfqmxypiktf brz-ft-upload brz-fs-lg-30 brz-fss-lg-px brz-fw-lg-400 brz-ls-lg-m_0_5 brz-lh-lg-1_3 brz-tp-lg-empty brz-css-daAl7\" data-generated-css=\"brz-css-jhwoa\" data-uniq-id=\"omvad\"><strong>Primeros pasos hacia la libertad de los hombres<\/strong><\/p>\n<\/div>\n<\/div>\n<\/div>\n<div id=\"\" class=\"brz-css-1hv8hm7 brz-wrapper\">\n<div class=\"brz-rich-text brz-rich-text__custom brz-css-1tcflxs\" data-brz-custom-id=\"sxywexbxqnefqoxqmveyaqrsffvycssukrdz\">\n<div data-brz-translate-text=\"1\">\n<p class=\"brz-text-lg-center brz-tp-lg-aldkgxnmmh brz-css-zFLtA\" data-generated-css=\"brz-css-hlfuv\" data-uniq-id=\"acizv\">Introduce t\u00fa direcci\u00f3n de correo electr\u00f3nico aqu\u00ed para que podamos enviarte un correo electr\u00f3nico, con ayuda para superar la adicci\u00f3n. Nos gustar\u00eda ayudarte en t\u00fa camino hacia la libertad.<\/p>\n<\/div>\n<\/div>\n<\/div>\n<div id=\"\" class=\"brz-css-1hv8hm7 brz-wrapper\">\n<div class=\"brz-wp-shortcode brz-css-17s63ft\" data-brz-custom-id=\"ovgzxgrnmovaseuijgvltiopdsqtaixcjpos\">\n<div><\/div>\n<\/div>\n<\/div>\n<div id=\"\" class=\"brz-css-1hv8hm7 brz-wrapper\">\n<div class=\"brz-rich-text brz-rich-text__custom brz-css-1tcflxs\" data-brz-custom-id=\"cyzcfqxzswhyjqqrxyvawdujzuowkvgrkuee\">\n<div data-brz-translate-text=\"1\">\n<p class=\"brz-tp-lg-empty brz-lh-lg-1_3 brz-ls-lg-m_0_5 brz-fw-lg-400 brz-fss-lg-px brz-fs-lg-30 brz-ft-upload brz-ff-whcldfrwmfiuxcfzjoauewllhpfqmxypiktf brz-text-lg-center brz-css-blELk\" data-uniq-id=\"ygtjn\" data-generated-css=\"brz-css-vfwuo\"><strong>Primeros pasos hacia la libertad de las mujeres<\/strong><\/p>\n<\/div>\n<\/div>\n<\/div>\n<div id=\"\" class=\"brz-css-1hv8hm7 brz-wrapper\">\n<div class=\"brz-rich-text brz-rich-text__custom brz-css-1tcflxs\" data-brz-custom-id=\"qsgguebewbrjihxqtfnxkaabictdqdfqwzss\">\n<div data-brz-translate-text=\"1\">\n<p class=\"brz-tp-lg-aldkgxnmmh brz-text-lg-center brz-css-ed_5V\" data-uniq-id=\"witbg\" data-generated-css=\"brz-css-pbmlz\">Introduce t\u00fa direcci\u00f3n de correo electr\u00f3nico aqu\u00ed para que podamos enviarte un correo electr\u00f3nico, con ayuda para superar la adicci\u00f3n. Nos gustar\u00eda ayudarte en t\u00fa camino hacia la libertad.<\/p>\n<\/div>\n<\/div>\n<\/div>\n<div id=\"\" class=\"brz-css-1hv8hm7 brz-wrapper\">\n<div class=\"brz-wp-shortcode brz-css-17s63ft\" data-brz-custom-id=\"xsvlgtuizzibeleussfpqtbqxgrcrxiuoglt\">\n<div><\/div>\n<\/div>\n<\/div>\n<\/div>\n<\/div>\n<\/section>\n<\/div>\n<p>    <!-- version:1737822065 --><\/p>\n","protected":false},"excerpt":{"rendered":"<p>REALIZA EL TEST A CONTINUACI\u00d3N Hemos desarrollado una prueba bien fundamentada para ti, que tiene como fin darte m\u00e1s claridad sobre en que condici\u00f3n te encuentras. Ten en cuenta que la veracidad del resultado de la prueba depende de tu honestidad. Tambi\u00e9n te recomendamos que hables con alguien cercano a ti, independientemente del resultado de [&hellip;]<\/p>\n","protected":false},"author":3,"featured_media":18732,"parent":0,"menu_order":0,"comment_status":"closed","ping_status":"closed","template":"brizy-blank-template.php","meta":{"site-sidebar-layout":"default","site-content-layout":"default","ast-site-content-layout":"default","site-content-style":"default","site-sidebar-style":"default","ast-global-header-display":"","ast-banner-title-visibility":"","ast-main-header-display":"","ast-hfb-above-header-display":"","ast-hfb-below-header-display":"","ast-hfb-mobile-header-display":"","site-post-title":"","ast-breadcrumbs-content":"","ast-featured-img":"","footer-sml-layout":"","ast-disable-related-posts":"","theme-transparent-header-meta":"default","adv-header-id-meta":"","stick-header-meta":"default","header-above-stick-meta":"","header-main-stick-meta":"","header-below-stick-meta":"","astra-migrate-meta-layouts":"default","ast-page-background-enabled":"default","ast-page-background-meta":{"desktop":{"background-color":"","background-image":"","background-repeat":"repeat","background-position":"center center","background-size":"auto","background-attachment":"scroll","background-type":"","background-media":"","overlay-type":"","overlay-color":"","overlay-opacity":"","overlay-gradient":""},"tablet":{"background-color":"","background-image":"","background-repeat":"repeat","background-position":"center center","background-size":"auto","background-attachment":"scroll","background-type":"","background-media":"","overlay-type":"","overlay-color":"","overlay-opacity":"","overlay-gradient":""},"mobile":{"background-color":"","background-image":"","background-repeat":"repeat","background-position":"center center","background-size":"auto","background-attachment":"scroll","background-type":"","background-media":"","overlay-type":"","overlay-color":"","overlay-opacity":"","overlay-gradient":""}},"ast-content-background-meta":{"desktop":{"background-color":"var(--ast-global-color-5)","background-image":"","background-repeat":"repeat","background-position":"center center","background-size":"auto","background-attachment":"scroll","background-type":"","background-media":"","overlay-type":"","overlay-color":"","overlay-opacity":"","overlay-gradient":""},"tablet":{"background-color":"var(--ast-global-color-5)","background-image":"","background-repeat":"repeat","background-position":"center center","background-size":"auto","background-attachment":"scroll","background-type":"","background-media":"","overlay-type":"","overlay-color":"","overlay-opacity":"","overlay-gradient":""},"mobile":{"background-color":"var(--ast-global-color-5)","background-image":"","background-repeat":"repeat","background-position":"center center","background-size":"auto","background-attachment":"scroll","background-type":"","background-media":"","overlay-type":"","overlay-color":"","overlay-opacity":"","overlay-gradient":""}},"footnotes":""},"folder":[],"class_list":["post-35221","page","type-page","status-publish","has-post-thumbnail","hentry"],"publishpress_future_action":{"enabled":false,"date":"2026-05-10 12:17:57","action":"change-status","newStatus":"draft","terms":[],"taxonomy":"translation_priority","extraData":[]},"publishpress_future_workflow_manual_trigger":{"enabledWorkflows":[]},"brizy_media":[{"id":18821,"url":"https:\/\/free-indeed.com\/wp-content\/uploads\/2019\/05\/08072c482179b1ae0430ab72c51bcd052b457146.jpeg","name":"08072c482179b1ae0430ab72c51bcd052b457146.jpeg","meta":{"brizy_attachment_uid":"wp-a1ea6f77813a35e319d721dc4c7b703e","brizy_post_uid":["c02afc0e30e2b6b723ebbf59a192e9b3"]}},{"id":18891,"url":"https:\/\/free-indeed.com\/wp-content\/uploads\/2019\/06\/Logo_Free_Indeed-paypal.jpg","name":"Logo_Free_Indeed-paypal.jpg","meta":{"brizy_attachment_uid":"wp-8ff30396c346b08aa4d9b10c0399b699.jpg","brizy_post_uid":["c02afc0e30e2b6b723ebbf59a192e9b3"]}},{"id":18940,"url":"https:\/\/free-indeed.com\/wp-content\/uploads\/2019\/07\/banter-snaps-58173-unsplash_KL.jpg","name":"banter-snaps-58173-unsplash_KL.jpg","meta":{"brizy_attachment_uid":"wp-d10b277074dd3a2f7b3ed6798e1379c3","brizy_post_uid":["c02afc0e30e2b6b723ebbf59a192e9b3"]}},{"id":35334,"url":"https:\/\/free-indeed.com\/wp-content\/uploads\/2020\/03\/nachdenklich_Bewusststeinsprozess-scaled.jpeg","name":"nachdenklich_Bewusststeinsprozess.jpeg","meta":{"brizy_attachment_uid":"wp-86e3f76c309df89f7f152c5595931ddf","brizy_post_uid":["c02afc0e30e2b6b723ebbf59a192e9b3"]}},{"id":35343,"url":"https:\/\/free-indeed.com\/wp-content\/uploads\/2020\/03\/There-is-more-freedom.jpg","name":"There-is-more-freedom.jpg","meta":{"brizy_attachment_uid":"wp-13b5d73a73e0f3c30a6a9d5373c22ce8","brizy_post_uid":["c02afc0e30e2b6b723ebbf59a192e9b3"]}}],"_links":{"self":[{"href":"https:\/\/free-indeed.com\/es\/wp-json\/wp\/v2\/pages\/35221","targetHints":{"allow":["GET"]}}],"collection":[{"href":"https:\/\/free-indeed.com\/es\/wp-json\/wp\/v2\/pages"}],"about":[{"href":"https:\/\/free-indeed.com\/es\/wp-json\/wp\/v2\/types\/page"}],"author":[{"embeddable":true,"href":"https:\/\/free-indeed.com\/es\/wp-json\/wp\/v2\/users\/3"}],"replies":[{"embeddable":true,"href":"https:\/\/free-indeed.com\/es\/wp-json\/wp\/v2\/comments?post=35221"}],"version-history":[{"count":0,"href":"https:\/\/free-indeed.com\/es\/wp-json\/wp\/v2\/pages\/35221\/revisions"}],"wp:featuredmedia":[{"embeddable":true,"href":"https:\/\/free-indeed.com\/es\/wp-json\/wp\/v2\/media\/18732"}],"wp:attachment":[{"href":"https:\/\/free-indeed.com\/es\/wp-json\/wp\/v2\/media?parent=35221"}],"wp:term":[{"taxonomy":"folder","embeddable":true,"href":"https:\/\/free-indeed.com\/es\/wp-json\/wp\/v2\/folder?post=35221"}],"curies":[{"name":"wp","href":"https:\/\/api.w.org\/{rel}","templated":true}]}}