{"id":358010,"date":"2024-07-26T13:35:46","date_gmt":"2024-07-26T11:35:46","guid":{"rendered":"https:\/\/free-indeed.com\/?page_id=358010"},"modified":"2026-04-06T19:30:20","modified_gmt":"2026-04-06T17:30:20","slug":"capitulo-de-prueba-verguenza-i","status":"publish","type":"page","link":"https:\/\/free-indeed.com\/es\/capitulo-de-prueba-verguenza-i\/","title":{"rendered":"Cap\u00edtulo de prueba: Verg\u00fcenza I"},"content":{"rendered":"<div class=\"brz-root__container brz-reset-all brz brz-root__container-page\">\n<section id=\"_f_phSYD0NrSA\" class=\"brz-section brz-css-1j755sa brz-css-1njnxpy\">\n<div class=\"brz-section__content brz-section--boxed brz-css-1z0tii0 brz-css-13kyjo7\" data-brz-custom-id=\"aKphDzHQF2lN\">\n<div class=\"brz-bg\">\n<div class=\"brz-bg-image\"><\/div>\n<div class=\"brz-bg-color\"><\/div>\n<\/div>\n<div class=\"brz-container brz-css-1a7a9qn\">\n<div id=\"\" class=\"brz-css-1g0vrpg brz-wrapper\">\n<div class=\"brz-rich-text brz-rich-text__custom brz-css-1d4kxn8\" data-brz-custom-id=\"rA4sYUUgsH1J\">\n<div data-brz-translate-text=\"1\">\n<p class=\"brz-tp-lg-qcxuttqmshkhmsgagcgbpccnnbpmutilsyrw brz-text-lg-center brz-fs-xs-40 brz-lh-xs-1 brz-css-bLUeu\" data-uniq-id=\"ki0U1\" data-generated-css=\"brz-css-vB14u\"><span>GENERAcI\u00f3N <\/span><\/p>\n<p class=\"brz-tp-lg-qcxuttqmshkhmsgagcgbpccnnbpmutilsyrw brz-text-lg-center brz-fs-xs-40 brz-lh-xs-1 brz-css-aQvu9\" data-uniq-id=\"w92fs\" data-generated-css=\"brz-css-iQkpb\"><span>ESTER<\/span><\/p>\n<\/div>\n<\/div>\n<\/div>\n<div id=\"\" class=\"brz-css-1g0vrpg brz-css-sldvoq brz-wrapper\">\n<div class=\"brz-rich-text brz-rich-text__custom brz-css-1d4kxn8\" data-brz-custom-id=\"k4U7Scn4w8hH\">\n<div data-brz-translate-text=\"1\">\n<h1 class=\"brz-tp-lg-lhovqixbsivemihextwpiadzmhmngelnveph brz-text-lg-center brz-mt-lg-0 brz-fs-xs-150 brz-lh-xs-1 brz-css-n1hOv\" data-generated-css=\"brz-css-a86oM\" data-uniq-id=\"r0Bmb\"><span>PureZa.<\/span><\/h1>\n<\/div>\n<\/div>\n<\/div>\n<div id=\"\" class=\"brz-css-1g0vrpg brz-css-1bsttx2 brz-wrapper\">\n<div class=\"brz-spacer brz-css-d5tbyg brz-css-1nhqvf2\"><\/div>\n<\/div>\n<\/div>\n<\/div>\n<\/section>\n<section id=\"_fOWV2lbD2RtK\" class=\"brz-section brz-css-1j755sa\">\n<div class=\"brz-section__content brz-section--fullWidth brz-css-1z0tii0 brz-css-1fpmg7r\" data-brz-custom-id=\"xqBJWCCL0ePV\">\n<div class=\"brz-container brz-css-1a7a9qn brz-css-vqjm8s\">\n<div class=\"brz-row__container brz-css-15a639s\" data-brz-custom-id=\"xfsjVf9rDRyt\">\n<div class=\"brz-bg\"><\/div>\n<div class=\"brz-row brz-css-xdvmzy brz-css-17s5t9c\">\n<div class=\"brz-columns brz-css-1a9bl7q brz-css-qgzpr\" data-brz-custom-id=\"dlb67DHYQRHJ\">\n<div class=\"brz-bg\">\n<div class=\"brz-bg-color\"><\/div>\n<\/div>\n<div class=\"brz-column__items brz-css-154s7mp brz-css-1umz7oj\">\n<div id=\"\" class=\"brz-css-1g0vrpg brz-css-1bsttx2 brz-wrapper\">\n<div class=\"brz-spacer brz-css-d5tbyg\"><\/div>\n<\/div>\n<div id=\"\" class=\"brz-css-1g0vrpg brz-wrapper\">\n<div class=\"brz-image brz-css-1q3vugr\" data-brz-custom-id=\"i1rrnHPWi8Ys\"><img decoding=\"async\" class=\"brz-img\" src=\"https:\/\/free-indeed.com\/es?brizy_media=wp-1b163c6fdd42faea8fd5ea54d738ffac.png&amp;brizy_crop=iW%3D88%26iH%3D88%26oX%3D0%26oY%3D0%26cW%3D88%26cH%3D88\" alt=\"\" loading=\"lazy\"><\/div>\n<\/div>\n<div id=\"\" class=\"brz-css-1g0vrpg brz-wrapper\">\n<div class=\"brz-rich-text brz-rich-text__custom brz-css-1d4kxn8\" data-brz-custom-id=\"yb6995gFDxOA\">\n<div data-brz-translate-text=\"1\">\n<p class=\"brz-fs-xs-70 brz-lh-xs-1 brz-text-lg-center brz-lh-sm-1 brz-tp-lg-kbaknjhtcpxhqhaimoxwaowpsaorosrqypfi brz-fs-sm-90 brz-css-hjKsm\" data-uniq-id=\"luadJ\" data-generated-css=\"brz-css-z8Cpj\"><span>Verg<\/span><strong class=\"brz-cp-color8\">\u00fc<\/strong><span>enza<\/span><\/p>\n<\/div>\n<\/div>\n<\/div>\n<div id=\"\" class=\"brz-css-1g0vrpg brz-wrapper\">\n<div class=\"brz-rich-text brz-rich-text__custom brz-css-1d4kxn8\" data-brz-custom-id=\"mZc1E2xWrfcR\">\n<div data-brz-translate-text=\"1\">\n<p class=\"brz-tp-lg-fnongfteteqwkalzqqercmnixykpltcemeif brz-mt-lg-0 brz-mb-lg-0 brz-text-lg-center brz-css-u1fFE\" data-generated-css=\"brz-css-uhrTc\" data-uniq-id=\"lV_OU\"><span class=\"brz-capitalize-on\">cap\u00edtulo 18<\/span><\/p>\n<\/div>\n<\/div>\n<\/div>\n<div id=\"\" class=\"brz-css-1g0vrpg brz-css-fpcfr4 brz-wrapper\">\n<div data-brz-type=\"style1\" class=\"brz-progress-bar brz-progress-bar-style1 brz-css-u7r7t7 brz-css-rnugqq\" data-brz-custom-id=\"vJ3MJvNLbdJT\">\n<div class=\"brz-css-27di5b brz-d-xs-flex brz-align-items-xs-center brz-progress-bar__wrapper\" data-progress=\"33\"><span data-brz-translate-text=\"1\" class=\"brz-progress-bar__text brz-span brz-text__editor\"><\/span><span class=\"brz-span brz-progress-bar__percent\">33%<\/span><\/div>\n<\/div>\n<\/div>\n<div id=\"\" class=\"brz-css-1g0vrpg brz-css-1bsttx2 brz-css-18wubms brz-wrapper\">\n<div class=\"brz-spacer brz-css-d5tbyg\"><\/div>\n<\/div>\n<\/div>\n<\/div>\n<\/div>\n<\/div>\n<\/div>\n<\/div>\n<\/section>\n<section id=\"_rTyqCihGVpjM\" class=\"brz-section brz-css-1j755sa\">\n<div class=\"brz-section__content brz-section--boxed brz-css-1z0tii0 brz-css-1wioxdr\" data-brz-custom-id=\"kFMoT87xILDo\">\n<div class=\"brz-bg\">\n<div class=\"brz-bg-color\"><\/div>\n<\/div>\n<div class=\"brz-container brz-css-1a7a9qn\">\n<div id=\"\" class=\"brz-css-1g0vrpg brz-wrapper\">\n<div class=\"brz-embed-code brz-css-1ygs832\" data-brz-custom-id=\"k4s5eEqLqY_T\">\n<div class=\"brz-embed-content\">\n<div>\n<div style=\"padding:56.25% 0 0 0;position:relative\"><\/div>\n<\/div>\n<\/div>\n<\/div>\n<\/div>\n<div id=\"\" class=\"brz-css-1g0vrpg brz-css-1bsttx2 brz-wrapper\">\n<div class=\"brz-spacer brz-css-d5tbyg\"><\/div>\n<\/div>\n<div id=\"\" class=\"brz-css-1g0vrpg brz-wrapper\">\n<div class=\"brz-rich-text brz-rich-text__custom brz-css-1d4kxn8\" data-brz-custom-id=\"eQRzAjdI2DIQ\">\n<div data-brz-translate-text=\"1\">\n<p class=\"brz-fs-xs-50 brz-tp-lg-wgktowsmymjjxgntfmivhdpoaerdhhjexoir brz-text-lg-center brz-fs-sm-68 brz-css-csr2X\" data-generated-css=\"brz-css-lCm4v\" data-uniq-id=\"kgYsS\"><span>adoraci\u00f3n<\/span><\/p>\n<\/div>\n<\/div>\n<\/div>\n<div class=\"brz-row__container brz-css-15a639s\" data-brz-custom-id=\"eaqFd3_Rnmb7\">\n<div class=\"brz-bg\"><\/div>\n<div class=\"brz-row brz-css-xdvmzy\">\n<div class=\"brz-columns brz-css-1a9bl7q brz-css-198b0na\" data-brz-custom-id=\"oH70larXG2tC\">\n<div class=\"brz-bg\">\n<div class=\"brz-bg-color\"><\/div>\n<\/div>\n<div class=\"brz-column__items brz-css-154s7mp\">\n<div id=\"\" class=\"brz-css-1g0vrpg brz-wrapper\">\n<div class=\"brz-video brz-youtube-video brz-video-on-controls-hidden brz-css-1fbanqa\" data-brz-custom-id=\"dkVAll8S6cID\">\n<div class=\"brz-video-content\" data-loop=\"false\" data-muted=\"false\" data-autoplay=\"off\">\n<div class=\"video-wrapper brz-image-fix-16-9\">\n<div class=\"brz-video-data brz-hidden\" data-src=\"https:\/\/www.youtube.com\/embed\/s7EsMu0OZkc?autoplay=0&amp;controls=1&amp;start=0&amp;end=0&amp;modestbranding=0&amp;wmode=transparent&amp;enablejsapi=1&amp;loop=0&amp;rel=0&amp;mute=0\" data-population=\"\" data-controls=\"true\" data-branding=\"true\" data-intro=\"true\" data-start=\"0\" data-end=\"0\" data-loop=\"false\" data-autoplay=\"off\"><\/div>\n<\/div>\n<\/div>\n<\/div>\n<\/div>\n<\/div>\n<\/div>\n<div class=\"brz-columns brz-css-1a9bl7q brz-css-ki4h0f\" data-brz-custom-id=\"plCw0XdXk6fI\">\n<div class=\"brz-bg\">\n<div class=\"brz-bg-color\"><\/div>\n<\/div>\n<div class=\"brz-column__items brz-css-154s7mp\">\n<div id=\"\" class=\"brz-css-1g0vrpg brz-wrapper\">\n<div class=\"brz-video brz-youtube-video brz-video-on-controls-hidden brz-css-1fbanqa\" data-brz-custom-id=\"sRvXT1FpCW3C\">\n<div class=\"brz-video-content\" data-loop=\"false\" data-muted=\"false\" data-autoplay=\"off\">\n<div class=\"video-wrapper brz-image-fix-16-9\">\n<div class=\"brz-video-data brz-hidden\" data-src=\"https:\/\/www.youtube.com\/embed\/YJvj7ljTaZU?autoplay=0&amp;controls=1&amp;start=0&amp;end=0&amp;modestbranding=0&amp;wmode=transparent&amp;enablejsapi=1&amp;loop=0&amp;rel=0&amp;mute=0\" data-population=\"\" data-controls=\"true\" data-branding=\"true\" data-intro=\"true\" data-start=\"0\" data-end=\"0\" data-loop=\"false\" data-autoplay=\"off\"><\/div>\n<\/div>\n<\/div>\n<\/div>\n<\/div>\n<\/div>\n<\/div>\n<\/div>\n<\/div>\n<div id=\"\" class=\"brz-css-1g0vrpg brz-css-1bsttx2 brz-css-m0rdzs brz-wrapper\">\n<div class=\"brz-spacer brz-css-d5tbyg\"><\/div>\n<\/div>\n<\/div>\n<\/div>\n<\/section>\n<section id=\"_luyMOIGiLR1r\" class=\"brz-section brz-css-1j755sa\">\n<div class=\"brz-section__content brz-section--boxed brz-css-1z0tii0 brz-css-5jqe3l\" data-brz-custom-id=\"p1b8DMTWufRa\">\n<div class=\"brz-container brz-css-1a7a9qn\">\n<div id=\"\" class=\"brz-css-1g0vrpg brz-wrapper\">\n<div class=\"brz-rich-text brz-rich-text__custom brz-css-1d4kxn8\" data-brz-custom-id=\"fRFRoilDgdI6\">\n<div data-brz-translate-text=\"1\">\n<p class=\"brz-fs-xs-25 brz-tp-lg-jddejjpdsqmgiardglitzhnoaeqkowdhuljc brz-fs-sm-30 brz-css-ugycg\" data-uniq-id=\"uASFh\" data-generated-css=\"brz-css-ipWL5\"><strong>\u00bfIDENTIDAD O EL PASADO?<\/strong><\/p>\n<\/div>\n<\/div>\n<\/div>\n<div id=\"\" class=\"brz-css-1g0vrpg brz-wrapper\">\n<div class=\"brz-rich-text brz-rich-text__custom brz-css-1d4kxn8\" data-brz-custom-id=\"wp9Ha3rjEdpv\">\n<div data-brz-translate-text=\"1\">\n<p class=\"brz-tp-lg-paragraph brz-fs-sm-17 brz-text-lg-justify brz-fs-xs-16 brz-css-w43a6\" data-uniq-id=\"whADU\" data-generated-css=\"brz-css-fNp_f\">En varios momentos de este curso, ya te has encontrado con el tema de la verg\u00fcenza. Creo que es tan esencial luchar contra la verg\u00fcenza, que hemos dedicado un cap\u00edtulo entero a este tema.&nbsp;<\/p>\n<p class=\"brz-tp-lg-paragraph brz-fs-sm-17 brz-text-lg-justify brz-fs-xs-16 brz-css-fkaKt\" data-uniq-id=\"eUql3\" data-generated-css=\"brz-css-dXbts\"><\/p>\n<p class=\"brz-fs-xs-35 brz-fs-sm-50 brz-tp-lg-obbqtpwbjspmxrqimbvzdtfhppnoubrcyrgf brz-text-lg-justify brz-css-rOqB6\" data-uniq-id=\"r9Fzi\" data-generated-css=\"brz-css-laPyW\">La verg\u00fcenza es el enemigo de la mujer. <\/p>\n<p class=\"brz-fs-sm-17 brz-tp-lg-paragraph brz-text-lg-justify brz-fs-xs-16 brz-css-tcF7h\" data-uniq-id=\"m3haO\" data-generated-css=\"brz-css-nTNQp\"><\/p>\n<p class=\"brz-fs-sm-17 brz-tp-lg-paragraph brz-text-lg-justify brz-fs-xs-16 brz-css-qHo6R\" data-uniq-id=\"iD86z\" data-generated-css=\"brz-css-hkieA\">Es tan f\u00e1cil aceptar la verg\u00fcenza y por lo tanto no llegar a la plenitud de lo que Dios ha preparado para ti.<\/p>\n<p class=\"brz-fs-sm-17 brz-tp-lg-paragraph brz-text-lg-justify brz-fs-xs-16 brz-css-ad_Vl\" data-uniq-id=\"rkxId\" data-generated-css=\"brz-css-vCVwU\">\n<p class=\"brz-fs-sm-17 brz-tp-lg-paragraph brz-text-lg-justify brz-fs-xs-16 brz-css-uXRK1\" data-uniq-id=\"pqg1R\" data-generated-css=\"brz-css-oKf4Q\">\u00c9l te ve como una maravillosa, pura, nombrada reina y guerrera. Es hora de liberarse de la verg\u00fcenza. Ya has dado un paso importante al abrirte y permitir que una compa\u00f1era de confianza sepa cosas \u00edntimas de tu vida.&nbsp;<\/p>\n<p class=\"brz-fs-sm-17 brz-tp-lg-paragraph brz-text-lg-justify brz-fs-xs-16 brz-css-nf1Mh\" data-uniq-id=\"ipwde\" data-generated-css=\"brz-css-tQpu4\">\n<p class=\"brz-fs-sm-17 brz-tp-lg-paragraph brz-text-lg-justify brz-fs-xs-16 brz-css-adefN\" data-uniq-id=\"ynFZH\" data-generated-css=\"brz-css-la8ez\">El diablo s\u00f3lo puede avergonzarnos all\u00ed donde permitimos el aislamiento y donde creemos las mentiras que intenta decirnos (v\u00e9anse los cap\u00edtulos anteriores).&nbsp;<\/p>\n<p class=\"brz-fs-sm-17 brz-tp-lg-paragraph brz-text-lg-justify brz-fs-xs-16 brz-css-lHI_r\" data-uniq-id=\"gokhA\" data-generated-css=\"brz-css-hZDcf\">\n<p class=\"brz-fs-sm-17 brz-tp-lg-paragraph brz-text-lg-justify brz-fs-xs-16 brz-css-eaFJX\" data-uniq-id=\"yE5eb\" data-generated-css=\"brz-css-vtvex\">Espero que los \u00faltimos cap\u00edtulos te hayan orientado hacia la libertad.&nbsp;En este cap\u00edtulo queremos acabar de una vez por todas con la verg\u00fcenza y dar grandes pasos hacia la libertad.&nbsp;Lee conmigo: <strong>Hechos 28: 3-6 &nbsp;<\/strong><\/p>\n<\/div>\n<\/div>\n<\/div>\n<div id=\"\" class=\"brz-css-1g0vrpg brz-css-1bsttx2 brz-wrapper\">\n<div class=\"brz-spacer brz-css-d5tbyg\"><\/div>\n<\/div>\n<div class=\"brz-row__container brz-css-15a639s\" data-brz-custom-id=\"l0OaUJwNQtEg\">\n<div class=\"brz-bg\"><\/div>\n<div class=\"brz-row brz-css-xdvmzy brz-css-17s5t9c\">\n<div class=\"brz-columns brz-css-1a9bl7q brz-css-1u7cb49\" data-brz-custom-id=\"g02U0fkZoH6e\">\n<div class=\"brz-bg\"><\/div>\n<div class=\"brz-column__items brz-css-154s7mp\">\n<div id=\"\" class=\"brz-css-1g0vrpg brz-css-16arrem brz-wrapper\">\n<div class=\"brz-image brz-css-e23nog\" data-brz-custom-id=\"odYUA9zhAWDe\"><img decoding=\"async\" class=\"brz-img\" src=\"https:\/\/free-indeed.com\/es?brizy_media=wp-315a487679efc350188af563c91b8710.png&amp;brizy_crop=iW%3D108%26iH%3D81%26oX%3D0%26oY%3D0%26cW%3D108%26cH%3D81\" alt=\"\" loading=\"lazy\"><\/div>\n<\/div>\n<\/div>\n<\/div>\n<div class=\"brz-columns brz-css-1a9bl7q brz-css-10xjdb0\" data-brz-custom-id=\"rzTbb0R0d9TV\">\n<div class=\"brz-bg\"><\/div>\n<div class=\"brz-column__items brz-css-154s7mp\">\n<div id=\"\" class=\"brz-css-1g0vrpg brz-wrapper\">\n<div class=\"brz-rich-text brz-rich-text__custom brz-css-1d4kxn8\" data-brz-custom-id=\"u3Mdl6oOKj4K\">\n<div data-brz-translate-text=\"1\">\n<p class=\"brz-tp-lg-aomefxycxmnrchfmqtucdiwdpwwohnhzhzfv brz-fss-lg-px brz-fw-lg-400 brz-ls-lg-0 brz-lh-lg-1_6 brz-ff-azoqpwbcprvsvcuznyrxtudzzqmkjrlstizx brz-ft-upload brz-fs-lg-23 brz-css-tjJVO\" data-uniq-id=\"mXEla\" data-generated-css=\"brz-css-m3F0X\"><em>&#8220;Mientras Pablo recog\u00eda un pu\u00f1ado de palos y los echaba al fuego, una serpiente venenosa, ahuyentada por el calor, le mordi\u00f3 en la mano. La gente de la isla la vio colgando de su mano y se dijeron unos a otros: &#8220;\u00a1Un asesino, sin duda! Aunque escap\u00f3 del mar, la justicia no le permitir\u00e1 vivir&#8221;. Pero Pablo se sacudi\u00f3 la serpiente al fuego y sali\u00f3 ileso. La gente esper\u00f3 a que se hinchara o cayera muerto de repente. Pero cuando esperaron mucho tiempo y vieron que no sufr\u00eda da\u00f1o alguno, cambiaron de opini\u00f3n y decidieron que era un dios.&#8221;<\/em><\/p>\n<p class=\"brz-tp-lg-aomefxycxmnrchfmqtucdiwdpwwohnhzhzfv brz-fs-xs-18 brz-fs-sm-19 brz-text-xs-center brz-css-hMIYt\" data-generated-css=\"brz-css-xMCwc\" data-uniq-id=\"bu7fo\"><strong>Hechos 28:3-6<\/strong><span>&nbsp;<\/span><\/p>\n<\/div>\n<\/div>\n<\/div>\n<\/div>\n<\/div>\n<\/div>\n<\/div>\n<div id=\"\" class=\"brz-css-1g0vrpg brz-css-1bsttx2 brz-css-xhnsg6 brz-wrapper\">\n<div class=\"brz-spacer brz-css-d5tbyg\"><\/div>\n<\/div>\n<div id=\"\" class=\"brz-css-1g0vrpg brz-wrapper\">\n<div class=\"brz-rich-text brz-rich-text__custom brz-css-1d4kxn8\" data-brz-custom-id=\"d2kmsf8q5TTf\">\n<div data-brz-translate-text=\"1\">\n<p class=\"brz-fs-xs-16 brz-text-lg-justify brz-tp-lg-paragraph brz-fs-sm-17 brz-css-wu8Ta\" data-uniq-id=\"fnoxP\" data-generated-css=\"brz-css-l0PvA\">Pablo se encuentra prisionero en la isla de Malta. Lo primero que hace es servir a los dem\u00e1s haciendo fuego. Pero en el proceso, debido al calor, sale una serpiente y le muerde en la mano. Al principio, la reacci\u00f3n de los aldeanos parece ser de p\u00e1nico. Acaban de ver naufragar a Paul y ahora tambi\u00e9n le muerde una serpiente. Debido a esta cadena de circunstancias &#8220;desafortunadas&#8221;, sospechan que debe de ser un asesino y que los dioses quieren castigarle.&nbsp;<\/p>\n<p class=\"brz-fs-xs-16 brz-text-lg-justify brz-tp-lg-paragraph brz-fs-sm-17 brz-css-ntqAd\" data-uniq-id=\"cNXDz\" data-generated-css=\"brz-css-q2qvI\">&nbsp;<\/p>\n<p class=\"brz-fs-xs-16 brz-text-lg-justify brz-tp-lg-paragraph brz-fs-sm-17 brz-css-nez2K\" data-uniq-id=\"pKdC2\" data-generated-css=\"brz-css-lwzLg\">Pero ve\u00e1moslo m\u00e1s de cerca. Pablo era, en efecto, un asesino. Antes de haber encontrado a Jes\u00fas, o deber\u00edamos decir, antes de que Jes\u00fas se le hubiera revelado. Hab\u00eda perseguido a muerte a los cristianos con la conciencia tranquila, con el objetivo de erradicar la iglesia de Cristo. <strong>(Hechos 9:1-2)<\/strong>&nbsp;<\/p>\n<p class=\"brz-fs-xs-16 brz-text-lg-justify brz-tp-lg-paragraph brz-fs-sm-17 brz-css-dk3Pl\" data-uniq-id=\"aHfMj\" data-generated-css=\"brz-css-gZnJM\">\n<p class=\"brz-fs-xs-16 brz-text-lg-justify brz-tp-lg-paragraph brz-fs-sm-17 brz-css-aZjUy\" data-uniq-id=\"l9jT2\" data-generated-css=\"brz-css-yuGuE\">No se menciona expl\u00edcitamente en la Biblia c\u00f3mo trat\u00f3 Pablo esta carga tras su conversi\u00f3n, pero su reacci\u00f3n en Hechos 28 da claros indicios de que comprendi\u00f3 lo que es la gracia y qui\u00e9n es ahora en Jes\u00fas.&nbsp;En primer lugar, el diablo nunca intentar\u00e1 avergonzarnos con cosas que no nos importan. Cosas con las que no tenemos relaci\u00f3n o incluso sobre las que no sentimos verg\u00fcenza. Vino a robarnos, as\u00ed como a robarnos la libertad tanto a ti como a m\u00ed. Quiere decirte una y otra vez d\u00f3nde has cometido errores; d\u00f3nde &#8216;supuestamente&#8217; sigues siendo impura.&nbsp;<\/p>\n<\/div>\n<\/div>\n<\/div>\n<div id=\"\" class=\"brz-css-1g0vrpg brz-css-1bsttx2 brz-wrapper\">\n<div class=\"brz-spacer brz-css-d5tbyg brz-css-17v6j69\"><\/div>\n<\/div>\n<div class=\"brz-row__container brz-css-15a639s brz-css-14kz68y\" data-brz-custom-id=\"xiz9ynBxIpaC\">\n<div class=\"brz-bg\">\n<div class=\"brz-bg-color\"><\/div>\n<\/div>\n<div class=\"brz-row brz-css-xdvmzy\">\n<div class=\"brz-columns brz-css-1a9bl7q brz-css-ljx44o\" data-brz-custom-id=\"ebGARr274eul\">\n<div class=\"brz-bg\"><\/div>\n<div class=\"brz-column__items brz-css-154s7mp\">\n<div id=\"\" class=\"brz-css-1g0vrpg brz-wrapper\">\n<div class=\"brz-rich-text brz-rich-text__custom brz-css-1d4kxn8\" data-brz-custom-id=\"kYBzOQv8hXJv\">\n<div data-brz-translate-text=\"1\">\n<p class=\"brz-tp-lg-paragraph brz-css-azY21\" data-generated-css=\"brz-css-xduEk\" data-uniq-id=\"rTpNm\"><strong>Preguntas que puede responder sobre el curso en l\u00ednea:<\/strong><\/p>\n<\/div>\n<\/div>\n<\/div>\n<div id=\"\" class=\"brz-css-1g0vrpg brz-wrapper\">\n<div class=\"brz-rich-text brz-rich-text__custom brz-css-1d4kxn8\" data-brz-custom-id=\"yUPKlQue_XVc\">\n<div data-brz-translate-text=\"1\">\n<p class=\"brz-tp-lg-paragraph brz-css-wtv4s\" data-generated-css=\"brz-css-vta8H\" data-uniq-id=\"q2d4Y\"><em>\u00bfCu\u00e1l es la reacci\u00f3n de Pablo cuando le dicen que es un asesino? \u00bfCu\u00e1l es su reacci\u00f3n ante la mordida de la serpiente? <\/em><\/p>\n<\/div>\n<\/div>\n<\/div>\n<\/div>\n<\/div>\n<\/div>\n<\/div>\n<div id=\"\" class=\"brz-css-1g0vrpg brz-css-1bsttx2 brz-wrapper\">\n<div class=\"brz-spacer brz-css-d5tbyg brz-css-r64bre\"><\/div>\n<\/div>\n<div class=\"brz-wrapper-clone brz-css-h7payo\">\n<div class=\"brz-d-xs-flex brz-flex-xs-wrap brz-css-3ol4kp brz-css-nu5ubp\" data-brz-custom-id=\"\">\n<div class=\"brz-wrapper-clone__item\" id=\"zoIn2725zLXW\"><a class=\"brz-a brz-btn brz-css-12ydun0 brz-css-1ljsvvj brz-css-selhem brz-css-ecafki\" href=\"https:\/\/free-indeed.com\/es\/capitulo-de-prueba-verguenza-ii\/\" target=\"_self\" rel=\"noopener\" data-brz-link-type=\"external\" data-brz-custom-id=\"zoIn2725zLXW\"><span data-brz-translate-text=\"1\" class=\"brz-span brz-text__editor\">p\u00e1gina siguiente<\/span><\/a><\/div>\n<\/div>\n<\/div>\n<\/div>\n<\/div>\n<\/section>\n<section id=\"_tHcNY1PUjCNw\" class=\"brz-section brz-css-1j755sa\">\n<div class=\"brz-section__content brz-section--boxed brz-css-1z0tii0 brz-css-ry1itg\" data-brz-custom-id=\"ozr4w47weqKg\">\n<div class=\"brz-bg\">\n<div class=\"brz-bg-image\"><\/div>\n<\/div>\n<div class=\"brz-container brz-css-1a7a9qn\">\n<div id=\"\" class=\"brz-css-1g0vrpg brz-css-1y91qa7 brz-wrapper\">\n<div class=\"brz-rich-text brz-rich-text__custom brz-css-1d4kxn8\" data-brz-custom-id=\"km5Ab3GmhwW4\">\n<div data-brz-translate-text=\"1\">\n<p class=\"brz-fs-xs-35 brz-lh-sm-1 brz-fw-xs-400 brz-fw-sm-400 brz-fw-lg-400 brz-ft-upload brz-ff-ebeqayvvjwygoyjgfklhuufkwocunbldwmhk brz-fs-lg-80 brz-ls-lg-0 brz-ls-sm-1 brz-ls-xs-1 brz-lh-lg-1 brz-text-lg-center brz-lh-xs-1 brz-fs-sm-60 brz-css-wfMkp\" data-generated-css=\"brz-css-rg0as\" data-uniq-id=\"hWmLr\"><span>Identidad. libertad. llamado <\/span><\/p>\n<\/div>\n<\/div>\n<\/div>\n<div id=\"\" class=\"brz-css-1g0vrpg brz-wrapper\">\n<div class=\"brz-rich-text brz-rich-text__custom brz-css-1d4kxn8\" data-brz-custom-id=\"ifNyFcCv1IYO\">\n<div data-brz-translate-text=\"1\">\n<p class=\"brz-fs-xs-25 brz-fw-xs-300 brz-fw-sm-undefined brz-fw-lg-400 brz-ft-upload brz-ff-ebeqayvvjwygoyjgfklhuufkwocunbldwmhk brz-ls-xs-0 brz-ls-sm-undefined brz-ls-lg-0 brz-lh-sm-undefined brz-lh-lg-1 brz-lh-xs-1 brz-text-lg-center brz-fs-lg-35 brz-fs-sm-36 brz-css-yfgBw\" data-uniq-id=\"s9Rpy\" data-generated-css=\"brz-css-aVOBA\"><span>generaci\u00f3n <\/span><\/p>\n<p class=\"brz-fs-xs-25 brz-fw-xs-300 brz-fw-sm-undefined brz-fw-lg-400 brz-ft-upload brz-ff-ebeqayvvjwygoyjgfklhuufkwocunbldwmhk brz-ls-xs-0 brz-ls-sm-undefined brz-ls-lg-0 brz-lh-sm-undefined brz-lh-lg-1 brz-lh-xs-1 brz-text-lg-center brz-fs-lg-35 brz-fs-sm-36 brz-css-xKLWW\" data-uniq-id=\"hELfP\" data-generated-css=\"brz-css-nWrkN\"><span>ESTER <\/span><\/p>\n<\/div>\n<\/div>\n<\/div>\n<\/div>\n<\/div>\n<\/section>\n<\/div>\n<p>    <!-- version:1737630182 --><\/p>\n","protected":false},"excerpt":{"rendered":"<p>GENERAcI\u00f3N ESTER PureZa. Verg\u00fcenza cap\u00edtulo 18 33% adoraci\u00f3n \u00bfIDENTIDAD O EL PASADO? En varios momentos de este curso, ya te has encontrado con el tema de la verg\u00fcenza. Creo que es tan esencial luchar contra la verg\u00fcenza, que hemos dedicado un cap\u00edtulo entero a este tema.&nbsp; La verg\u00fcenza es el enemigo de la mujer. Es [&hellip;]<\/p>\n","protected":false},"author":17,"featured_media":0,"parent":0,"menu_order":0,"comment_status":"closed","ping_status":"closed","template":"brizy-blank-template.php","meta":{"site-sidebar-layout":"default","site-content-layout":"","ast-site-content-layout":"default","site-content-style":"default","site-sidebar-style":"default","ast-global-header-display":"","ast-banner-title-visibility":"","ast-main-header-display":"","ast-hfb-above-header-display":"","ast-hfb-below-header-display":"","ast-hfb-mobile-header-display":"","site-post-title":"","ast-breadcrumbs-content":"","ast-featured-img":"","footer-sml-layout":"","ast-disable-related-posts":"","theme-transparent-header-meta":"default","adv-header-id-meta":"","stick-header-meta":"default","header-above-stick-meta":"","header-main-stick-meta":"","header-below-stick-meta":"","astra-migrate-meta-layouts":"set","ast-page-background-enabled":"default","ast-page-background-meta":{"desktop":{"background-color":"","background-image":"","background-repeat":"repeat","background-position":"center center","background-size":"auto","background-attachment":"scroll","background-type":"","background-media":"","overlay-type":"","overlay-color":"","overlay-opacity":"","overlay-gradient":""},"tablet":{"background-color":"","background-image":"","background-repeat":"repeat","background-position":"center center","background-size":"auto","background-attachment":"scroll","background-type":"","background-media":"","overlay-type":"","overlay-color":"","overlay-opacity":"","overlay-gradient":""},"mobile":{"background-color":"","background-image":"","background-repeat":"repeat","background-position":"center center","background-size":"auto","background-attachment":"scroll","background-type":"","background-media":"","overlay-type":"","overlay-color":"","overlay-opacity":"","overlay-gradient":""}},"ast-content-background-meta":{"desktop":{"background-color":"var(--ast-global-color-5)","background-image":"","background-repeat":"repeat","background-position":"center center","background-size":"auto","background-attachment":"scroll","background-type":"","background-media":"","overlay-type":"","overlay-color":"","overlay-opacity":"","overlay-gradient":""},"tablet":{"background-color":"var(--ast-global-color-5)","background-image":"","background-repeat":"repeat","background-position":"center center","background-size":"auto","background-attachment":"scroll","background-type":"","background-media":"","overlay-type":"","overlay-color":"","overlay-opacity":"","overlay-gradient":""},"mobile":{"background-color":"var(--ast-global-color-5)","background-image":"","background-repeat":"repeat","background-position":"center center","background-size":"auto","background-attachment":"scroll","background-type":"","background-media":"","overlay-type":"","overlay-color":"","overlay-opacity":"","overlay-gradient":""}},"footnotes":""},"folder":[148],"class_list":["post-358010","page","type-page","status-publish","hentry"],"publishpress_future_action":{"enabled":false,"date":"2026-04-17 11:08:12","action":"change-status","newStatus":"draft","terms":[],"taxonomy":"translation_priority","extraData":[]},"publishpress_future_workflow_manual_trigger":{"enabledWorkflows":[]},"brizy_media":[],"_links":{"self":[{"href":"https:\/\/free-indeed.com\/es\/wp-json\/wp\/v2\/pages\/358010","targetHints":{"allow":["GET"]}}],"collection":[{"href":"https:\/\/free-indeed.com\/es\/wp-json\/wp\/v2\/pages"}],"about":[{"href":"https:\/\/free-indeed.com\/es\/wp-json\/wp\/v2\/types\/page"}],"author":[{"embeddable":true,"href":"https:\/\/free-indeed.com\/es\/wp-json\/wp\/v2\/users\/17"}],"replies":[{"embeddable":true,"href":"https:\/\/free-indeed.com\/es\/wp-json\/wp\/v2\/comments?post=358010"}],"version-history":[{"count":0,"href":"https:\/\/free-indeed.com\/es\/wp-json\/wp\/v2\/pages\/358010\/revisions"}],"wp:attachment":[{"href":"https:\/\/free-indeed.com\/es\/wp-json\/wp\/v2\/media?parent=358010"}],"wp:term":[{"taxonomy":"folder","embeddable":true,"href":"https:\/\/free-indeed.com\/es\/wp-json\/wp\/v2\/folder?post=358010"}],"curies":[{"name":"wp","href":"https:\/\/api.w.org\/{rel}","templated":true}]}}