{"id":52275,"date":"2020-07-21T14:25:29","date_gmt":"2020-07-21T12:25:29","guid":{"rendered":"http:\/\/free-indeed.com\/?page_id=52275"},"modified":"2026-04-16T18:48:53","modified_gmt":"2026-04-16T16:48:53","slug":"la-libertad-en-tu-pais","status":"publish","type":"page","link":"https:\/\/free-indeed.com\/es\/la-libertad-en-tu-pais\/","title":{"rendered":"La libertad en tu pa\u00eds"},"content":{"rendered":"<div class=\"brz-root__container brz-reset-all brz brz-root__container-page\">\n<section id=\"_mihkenxnhbwbrhwlqaunzegpvpqobtnnxbwd\" class=\"brz-section brz-css-w0ps3s\">\n<div class=\"brz-section__content brz-section--fullWidth brz-css-pd9hy6 brz-css-1cupvf7\" data-brz-custom-id=\"lsrxbkfcnsdezqsfxfrzslxnmejqspsvkdwu\">\n<div class=\"brz-container brz-css-sp0vde brz-css-144f4nr\">\n<div id=\"\" class=\"brz-css-1s3etkd brz-css-18zraxp brz-wrapper\">\n<div class=\"brz-image brz-css-8mn7bk\" data-brz-custom-id=\"fiewbxoxsyhkamscmiyufuepzakkjvpgqrrg\"><img decoding=\"async\" class=\"brz-img\" src=\"https:\/\/free-indeed.com\/es?brizy_media=wp-01b1189ba9d01449e0f3b6de8febbcb9&amp;brizy_crop=iW%3D1920%26iH%3D1155%26oX%3D0%26oY%3D289%26cW%3D1920%26cH%3D578\" alt=\"\" loading=\"lazy\"><\/div>\n<\/div>\n<\/div>\n<\/div>\n<\/section>\n<section id=\"_ksyzzahzqqludfhpnktsduqhbgncihuzfhbi\" class=\"brz-section brz-css-w0ps3s\">\n<div class=\"brz-section__content brz-section--boxed brz-css-pd9hy6 brz-css-t813nj\" data-brz-custom-id=\"rezxgzininqmyazqexzoysdjffopcsgandqk\">\n<div class=\"brz-bg\">\n<div class=\"brz-bg-color\"><\/div>\n<\/div>\n<div class=\"brz-container brz-css-sp0vde\">\n<div class=\"brz-row__container brz-css-135wpqc\" data-brz-custom-id=\"nkopgaqpsvwmbqrtzfayggosqzjqyqedlxjx\">\n<div class=\"brz-bg\"><\/div>\n<div class=\"brz-row brz-css-qf9dqd brz-css-1qt7du7\">\n<div class=\"brz-columns brz-css-jtnkzu brz-css-vvx1cl\" data-brz-custom-id=\"avquxhqcflxpsnyzzjxaerailphaihzjgpsj\">\n<div class=\"brz-bg\"><\/div>\n<div class=\"brz-column__items brz-css-1tf2j3b brz-css-vs6cb2\">\n<div id=\"\" class=\"brz-css-1s3etkd brz-css-1g5kse8 brz-wrapper\">\n<div class=\"brz-rich-text brz-rich-text__custom brz-css-1qaiirj\" data-brz-custom-id=\"jjogodujjzlcjtsajrdsnzsqhjmpalquedzj\">\n<div data-brz-translate-text=\"1\">\n<h1 class=\"brz-fw-xs-200 brz-fw-sm-undefined brz-fw-lg-400 brz-ft-google brz-ff-josefin_sans brz-ls-xs-m_2 brz-ls-sm-undefined brz-ls-lg-m_3_5 brz-fs-xs-35 brz-fs-sm-undefined brz-fs-lg-61 brz-lh-xs-1_5 brz-lh-sm-undefined brz-lh-lg-1_3 brz-text-lg-left brz-text-xs-center brz-mb-lg-25 brz-mb-sm-15 brz-tp-lg-qekheiqqtanfdomynnndvodhqpwqtqbmqcig brz-css-jVfuo\" data-uniq-id=\"henfq\" data-generated-css=\"brz-css-kwlyx\"><span>El Llamado A La Libertad<\/span><\/h1>\n<\/div>\n<\/div>\n<\/div>\n<div id=\"\" class=\"brz-css-1s3etkd brz-wrapper\">\n<div class=\"brz-rich-text brz-rich-text__custom brz-css-1qaiirj\" data-brz-custom-id=\"erwfkmdnmlwtwdpyerfgmhmnazqaiwolfayu\">\n<div data-brz-translate-text=\"1\">\n<p class=\"brz-tp-paragraph brz-css-fMAN5\">\u00bfSientes el llamado de Dios para ayudar a otros a experimentar la misma libertad que te ha dado Dios?<\/p>\n<p class=\"brz-tp-paragraph brz-css-p_pGj\"><\/p>\n<p class=\"brz-tp-paragraph brz-css-pbZYB\">\u00bfHay una pasi\u00f3n en tu coraz\u00f3n para difundir la esperanza de que Jes\u00fas tiene el poder y el deseo de liberar a cada persona en la esclavitud?<\/p>\n<p class=\"brz-tp-paragraph brz-css-r9CyZ\"><\/p>\n<p class=\"brz-tp-paragraph brz-css-qDTtm\">Si te identificas con esto, nos encantar\u00eda ponernos en contacto contigo. <\/p>\n<p class=\"brz-tp-paragraph brz-css-wkgzp\"><\/p>\n<p class=\"brz-mb-lg-15 brz-mb-xs-15 brz-text-xs-center brz-tp-paragraph brz-css-zZPT2\">Dios ya ha estado abriendo puertas para nosotros en muchas naciones y se nos ha dado una estrategia para ayudarte a llevar este mensaje de libertad a tu naci\u00f3n.<span> <\/span><\/p>\n<\/div>\n<\/div>\n<\/div>\n<\/div>\n<\/div>\n<div class=\"brz-columns brz-css-jtnkzu brz-css-1kziirs\" data-brz-custom-id=\"hnikmruhudtrpknfyvjgvnhzezsorgcvbvns\">\n<div class=\"brz-bg\"><\/div>\n<div class=\"brz-column__items brz-css-1tf2j3b\">\n<div id=\"\" class=\"brz-css-1s3etkd brz-wrapper\">\n<div class=\"brz-image brz-css-1broe28\" data-brz-custom-id=\"hocfthlqssvmdcfoqtrtpslgkzhqhjtbyrsm\"><img decoding=\"async\" class=\"brz-img\" src=\"https:\/\/free-indeed.com\/es?brizy_media=51099d3339e6661e5c487fd385a353cb42f95196.jpeg&amp;brizy_crop=iW%3D821%26iH%3D548%26oX%3D133%26oY%3D0%26cW%3D555%26cH%3D548\" alt=\"\" loading=\"lazy\"><\/div>\n<\/div>\n<\/div>\n<\/div>\n<\/div>\n<\/div>\n<\/div>\n<\/div>\n<\/section>\n<section id=\"_yaoolcnytkxkglabatxhhldvcxhgnwousylo\" class=\"brz-section brz-css-w0ps3s\">\n<div class=\"brz-section__content brz-section--boxed brz-css-pd9hy6 brz-css-15q2xzf\" data-brz-custom-id=\"dijajdycvoceidnmndcsqvxjhecedoymzwbo\">\n<div class=\"brz-bg\">\n<div class=\"brz-bg-color\"><\/div>\n<\/div>\n<div class=\"brz-container brz-css-sp0vde brz-css-12h3l3o\">\n<div id=\"\" class=\"brz-css-1s3etkd brz-css-4fliw6 brz-wrapper\">\n<div class=\"brz-rich-text brz-rich-text__custom brz-css-1qaiirj\" data-brz-custom-id=\"xgnnhneslhhxfinzzmxsniksarbdqvphfhgg\">\n<div data-brz-translate-text=\"1\">\n<h1 class=\"brz-fw-xs-200 brz-fw-sm-undefined brz-fw-lg-400 brz-ft-google brz-ff-josefin_sans brz-ls-xs-m_2 brz-ls-sm-undefined brz-ls-lg-m_3_5 brz-fs-xs-35 brz-fs-lg-61 brz-lh-xs-1_5 brz-lh-sm-undefined brz-lh-lg-1_3 brz-text-lg-center brz-mb-lg-0 brz-fs-sm-undefined brz-tp-lg-vplvqbxkzoevlgwfrrmsrpvgbqplufnlrjag brz-css-dqU6K\" data-uniq-id=\"tpkaa\" data-generated-css=\"brz-css-xjtcc\"><span class=\"brz-cp-color2\">Actualmente estamos colaborando en estos pa\u00edses<\/span><\/h1>\n<\/div>\n<\/div>\n<\/div>\n<div id=\"\" class=\"brz-css-1s3etkd brz-css-sa2vc0 brz-wrapper\">\n<div class=\"brz-rich-text brz-rich-text__custom brz-css-1qaiirj\" data-brz-custom-id=\"qflwuczdkkxgrxlcyawgqlmuzejaapulakpe\">\n<div data-brz-translate-text=\"1\">\n<h5 class=\"brz-mb-lg-40 brz-tp-subtitle brz-text-lg-center brz-css-txLSN\"><em>\u00bfSer\u00e1s tu nuestra puerta de entrada a tu naci\u00f3n?<\/em><\/h5>\n<\/div>\n<\/div>\n<\/div>\n<div id=\"\" class=\"brz-css-1s3etkd brz-css-2k3tym brz-wrapper\">\n<div class=\"brz-image__gallery\" data-brz-custom-id=\"yhxdmrvhhnpzcrouqxuhcnqbmxeirgezxlmh\">\n<div class=\"brz-image__gallery-container\">\n<div class=\"brz-image__gallery-wrapper brz-d-xs-flex brz-flex-xs-wrap brz-image__gallery-masonry brz-css-12dji2h brz-css-1r8o6tk\" data-settings=\"%7B%22type%22%3A%22masonry%22%2C%22settings%22%3A%7B%22itemSelector%22%3A%22.brz-image__gallery-item%22%2C%22masonry%22%3A%7B%22columnWidth%22%3A%22.brz-image__gallery-item%22%7D%7D%7D\">\n<div class=\"brz-image__gallery-item\">\n<div class=\"brz-image brz-css-9f6al8\" data-brz-custom-id=\"gpahtakhsikvsamfssbzdliodyyzhvlfrmjk\"><img decoding=\"async\" class=\"brz-img\" src=\"https:\/\/free-indeed.com\/es?brizy_media=wp-c5f4c0d2fbd3badc562ab37eeb7369be&amp;brizy_crop=iW%3D203%26iH%3D203%26oX%3D0%26oY%3D5%26cW%3D203%26cH%3D192\" alt=\"\" loading=\"lazy\"><\/div>\n<\/div>\n<div class=\"brz-image__gallery-item\">\n<div class=\"brz-image brz-css-5joa61\" data-brz-custom-id=\"kkwnjkdbcvfovsadjxebjqtpxkjdvxtplibr\"><img decoding=\"async\" class=\"brz-img\" src=\"https:\/\/free-indeed.com\/es?brizy_media=wp-4fcd6a5e1e1b0d3cc1f445e433cb0ea2&amp;brizy_crop=iW%3D203%26iH%3D203%26oX%3D0%26oY%3D5%26cW%3D203%26cH%3D192\" alt=\"\" loading=\"lazy\"><\/div>\n<\/div>\n<div class=\"brz-image__gallery-item\">\n<div class=\"brz-image brz-css-6uf1ic\" data-brz-custom-id=\"usplcrnmxjnwzqkyjojdmpneaknfdvhuevfl\"><img decoding=\"async\" class=\"brz-img\" src=\"https:\/\/free-indeed.com\/es?brizy_media=wp-4e857894303d0357230ecb2f4494a612&amp;brizy_crop=iW%3D203%26iH%3D203%26oX%3D0%26oY%3D5%26cW%3D203%26cH%3D192\" alt=\"\" loading=\"lazy\"><\/div>\n<\/div>\n<div class=\"brz-image__gallery-item\">\n<div class=\"brz-image brz-css-1bt6396\" data-brz-custom-id=\"knzuvecfxfbpuchiptmprdiydnxyuehmmnek\"><img decoding=\"async\" class=\"brz-img\" src=\"https:\/\/free-indeed.com\/es?brizy_media=wp-a73e1c28538ea5a73a6eeb54c2b8d5c6&amp;brizy_crop=iW%3D203%26iH%3D203%26oX%3D0%26oY%3D5%26cW%3D203%26cH%3D192\" alt=\"\" loading=\"lazy\"><\/div>\n<\/div>\n<div class=\"brz-image__gallery-item\">\n<div class=\"brz-image brz-css-qqpy03\" data-brz-custom-id=\"pastglfpayuatwcdmtgqemqclvlbwopzuppu\"><img decoding=\"async\" class=\"brz-img\" src=\"https:\/\/free-indeed.com\/es?brizy_media=wp-45b030d78f257de0e7631225d3f2951f&amp;brizy_crop=iW%3D203%26iH%3D203%26oX%3D0%26oY%3D4%26cW%3D203%26cH%3D195\" alt=\"\" loading=\"lazy\"><\/div>\n<\/div>\n<div class=\"brz-image__gallery-item\">\n<div class=\"brz-image brz-css-15907ln\" data-brz-custom-id=\"sfeaqfstrldozhzkcuuvokbdaztfmyymxrcp\"><img decoding=\"async\" class=\"brz-img\" src=\"https:\/\/free-indeed.com\/es?brizy_media=wp-bb0cc626e99f14027b75c82e371a4b08&amp;brizy_crop=iW%3D203%26iH%3D203%26oX%3D0%26oY%3D4%26cW%3D203%26cH%3D195\" alt=\"\" loading=\"lazy\"><\/div>\n<\/div>\n<div class=\"brz-image__gallery-item\">\n<div class=\"brz-image brz-css-yynlee\" data-brz-custom-id=\"dljejtvsuphnhrlopxlzshgojgtenrilrgln\"><img decoding=\"async\" class=\"brz-img\" src=\"https:\/\/free-indeed.com\/es?brizy_media=wp-c474b86c65ae91a4bcb9c42c398ab18f&amp;brizy_crop=iW%3D203%26iH%3D203%26oX%3D0%26oY%3D4%26cW%3D203%26cH%3D195\" alt=\"\" loading=\"lazy\"><\/div>\n<\/div>\n<div class=\"brz-image__gallery-item\">\n<div class=\"brz-image brz-css-1nt5em2\" data-brz-custom-id=\"yymygsnrvgyijqjscahikyjepbujwzzrfglv\"><img decoding=\"async\" class=\"brz-img\" src=\"https:\/\/free-indeed.com\/es?brizy_media=wp-2aa8902e87134da8c2885d4b3ac1917d&amp;brizy_crop=iW%3D203%26iH%3D203%26oX%3D0%26oY%3D4%26cW%3D203%26cH%3D195\" alt=\"\" loading=\"lazy\"><\/div>\n<\/div>\n<div class=\"brz-image__gallery-item\">\n<div class=\"brz-image brz-css-9wqtvb\" data-brz-custom-id=\"qqonubigveafhjtpgeunazphvfjazmwqosuw\"><img decoding=\"async\" class=\"brz-img\" src=\"https:\/\/free-indeed.com\/es?brizy_media=wp-eb8713414e2c570b7418cad562021872&amp;brizy_crop=iW%3D203%26iH%3D203%26oX%3D0%26oY%3D4%26cW%3D203%26cH%3D195\" alt=\"\" loading=\"lazy\"><\/div>\n<\/div>\n<div class=\"brz-image__gallery-item\">\n<div class=\"brz-image brz-css-6jtj2l\" data-brz-custom-id=\"fhmtxuqoswjrunqwyricwyrngjacwfqmbynp\"><img decoding=\"async\" class=\"brz-img\" src=\"https:\/\/free-indeed.com\/es?brizy_media=wp-b5fb35713f5773a1adf6b246e9cc84fd&amp;brizy_crop=iW%3D203%26iH%3D203%26oX%3D0%26oY%3D4%26cW%3D203%26cH%3D195\" alt=\"\" loading=\"lazy\"><\/div>\n<\/div>\n<\/div>\n<\/div>\n<\/div>\n<\/div>\n<\/div>\n<\/div>\n<\/section>\n<section id=\"_vugifahgivpeqlhfboklkaagnhrbkqscmbsz\" class=\"brz-section brz-css-w0ps3s\">\n<div class=\"brz-section__content brz-section--boxed brz-css-pd9hy6 brz-css-116d6bd\" data-brz-custom-id=\"roagcotcxetutvmqsczdmlejjusrjuhzskjq\">\n<div class=\"brz-container brz-css-sp0vde\">\n<div id=\"\" class=\"brz-css-1s3etkd brz-wrapper\">\n<div class=\"brz-rich-text brz-rich-text__custom brz-css-1qaiirj\" data-brz-custom-id=\"kwktottfupwezehutcpgkjjbeopncatogzlf\">\n<div data-brz-translate-text=\"1\">\n<p class=\"brz-lh-xs-im-1_6 brz-lh-lg-1_6 brz-text-sm-center brz-lh-sm-1_4 brz-fw-xs-im-400 brz-ls-xs-im-m_0_5 brz-ls-sm-im-undefined brz-ls-lg-m_0_5 brz-fs-lg-33 brz-fs-sm-im-32 brz-fs-xs-im-35 brz-text-lg-center brz-ff-catamaran brz-ft-google brz-fw-lg-400 brz-fw-sm-im-400 brz-css-qjZpL\">\u00a1Comun\u00edcate con nosotros y te ayudaremos a instalar, ensanchar y hacer crecer la libertad en tu pa\u00eds!<\/p>\n<\/div>\n<\/div>\n<\/div>\n<div id=\"\" class=\"brz-css-1s3etkd brz-css-1i03abb brz-wrapper\">\n<div class=\"brz-timeline__tabs brz-timeline__tabs--style-1 brz-timeline__tabs--horizontal brz-css-5l5ptg brz-css-ju4rt7\" data-brz-custom-id=\"uglbynpnwozsblesefkibbqpgxigytyuwmtx\">\n<div class=\"brz-timeline__tab brz-timeline__tab--style-1 brz-timeline__tab--horizontal brz-css-1hs2riw brz-css-1ifwbmc\"><span data-brz-translate-text=\"1\" class=\"brz-timeline__nav--title brz-span brz-text__editor\">Instalaci\u00f3n<\/span><\/p>\n<div class=\"brz-timeline__nav--icon\"><\/div>\n<div class=\"brz-timeline__content brz-d-xs-flex brz-flex-xs-column\">\n<div id=\"\" class=\"brz-css-1s3etkd brz-wrapper\">\n<div class=\"brz-rich-text brz-rich-text__custom brz-css-1qaiirj\" data-brz-custom-id=\"rhhbnxzcthelpdgcbkqwgzcipysehcyetjmh\">\n<div data-brz-translate-text=\"1\">\n<p class=\"brz-tp-paragraph brz-css-l2lI_\"><span class=\"brz-cp-color7\">\u00bfQu\u00e9 se necesita para que el mensaje de la libertad se escuche en el idioma de mi pa\u00eds?<\/span><\/p>\n<\/div>\n<\/div>\n<\/div>\n<\/div>\n<\/div>\n<div class=\"brz-timeline__tab brz-timeline__tab--style-1 brz-timeline__tab--horizontal brz-css-1hs2riw brz-css-ba2rdf\"><span data-brz-translate-text=\"1\" class=\"brz-timeline__nav--title brz-span brz-text__editor\">Ensanchar<\/span><\/p>\n<div class=\"brz-timeline__nav--icon\"><\/div>\n<div class=\"brz-timeline__content brz-d-xs-flex brz-flex-xs-column\">\n<div id=\"\" class=\"brz-css-1s3etkd brz-wrapper\">\n<div class=\"brz-rich-text brz-rich-text__custom brz-css-1qaiirj\" data-brz-custom-id=\"yxfodsaopcuxychdrhcyecxmdhxkhdkrxran\">\n<div data-brz-translate-text=\"1\">\n<p class=\"brz-tp-paragraph brz-css-pOSHy\"><span class=\"brz-cp-color7\">\u00bfC\u00f3mo pueden multiplicarse los embajadores de la libertad en mi naci\u00f3n?<\/span><\/p>\n<p class=\"brz-tp-paragraph brz-css-j4LJy\"><span class=\"brz-cp-color7\"> <\/span><\/p>\n<\/div>\n<\/div>\n<\/div>\n<\/div>\n<\/div>\n<div class=\"brz-timeline__tab brz-timeline__tab--style-1 brz-timeline__tab--horizontal brz-css-1hs2riw brz-css-146z3as\"><span data-brz-translate-text=\"1\" class=\"brz-timeline__nav--title brz-span brz-text__editor\">Crecimiento<\/span><\/p>\n<div class=\"brz-timeline__nav--icon\"><\/div>\n<div class=\"brz-timeline__content brz-d-xs-flex brz-flex-xs-column\">\n<div id=\"\" class=\"brz-css-1s3etkd brz-wrapper\">\n<div class=\"brz-rich-text brz-rich-text__custom brz-css-1qaiirj\" data-brz-custom-id=\"tdywpwrvlianhambtxjbyxsomzsltducepfj\">\n<div data-brz-translate-text=\"1\">\n<p class=\"brz-tp-paragraph brz-css-xlNql\"><span class=\"brz-cp-color7\">\u00bfQu\u00e9 se puede hacer para que la libertad sea llevada a mis naciones vecinas?<\/span><\/p>\n<p class=\"brz-tp-paragraph brz-css-glGQs\"><span class=\"brz-cp-color7\"> <\/span><\/p>\n<\/div>\n<\/div>\n<\/div>\n<\/div>\n<\/div>\n<\/div>\n<\/div>\n<\/div>\n<\/div>\n<\/section>\n<section id=\"_ftnhxieuyynptxgxehufpcbkmzmeaoidcfqq\" class=\"brz-section brz-css-w0ps3s\">\n<div class=\"brz-section__content brz-section--boxed brz-css-pd9hy6 brz-css-1f67sc3\" data-brz-custom-id=\"duuluskvywwxiussnuzhyzpoblyiltwzmwqf\">\n<div class=\"brz-bg\">\n<div class=\"brz-bg-color\"><\/div>\n<\/div>\n<div class=\"brz-container brz-css-sp0vde\">\n<div id=\"\" class=\"brz-css-1s3etkd brz-wrapper\">\n<div class=\"brz-rich-text brz-rich-text__custom brz-css-1qaiirj\" data-brz-custom-id=\"qwqkixiytdicygcjnlgqiehyducntphivlxu\">\n<div data-brz-translate-text=\"1\">\n<p class=\"brz-fs-xs-45 brz-fs-sm-42 brz-fs-lg-43 brz-fw-xs-400 brz-fw-sm-undefined brz-fw-lg-400 brz-ft-google brz-ff-josefin_sans brz-ls-xs-m_0_5 brz-ls-sm-undefined brz-ls-lg-m_0_5 brz-lh-xs-1_3 brz-lh-sm-undefined brz-lh-lg-1_3 brz-text-lg-center brz-tp-lg-qekheiqqtanfdomynnndvodhqpwqtqbmqcig brz-css-vQ4ej\" data-uniq-id=\"zvofp\" data-generated-css=\"brz-css-wpsia\">\u00a1Escr\u00edbenos! Llevemos la libertad a tu pa\u00eds!<\/p>\n<\/div>\n<\/div>\n<\/div>\n<div id=\"\" class=\"brz-css-1s3etkd brz-wrapper\">\n<div data-brz-form-version=\"2\" class=\"brz-forms2 brz-css-zl1rr8\" data-brz-custom-id=\"qewuwmtusthzywnggzaedmmwsnuawgsxixhg\">\n<div data-brz-translate-text=\"1\" class=\"brz-forms2__item brz-css-1w7db31 brz-css-46xsxe\"><\/div>\n<div data-brz-translate-text=\"1\" class=\"brz-forms2__item brz-css-1w7db31 brz-css-46xsxe\"><\/div>\n<div data-brz-translate-text=\"1\" class=\"brz-forms2__item brz-css-1w7db31 brz-css-46xsxe brz-css-1tsgp14\"><textarea id=\"bUnEPQet95VE_\" name=\"ipuprdolaovwvuyjvsvrvqqjljfqcxycphnx\" data-brz-type=\"Paragraph\" data-brz-label=\"Tu mensaje\" data-brz-placeholder=\"Tu mensaje\" class=\"brz-textarea brz-forms2__field brz-forms2__field-paragraph\"><\/textarea><\/div>\n<div class=\"brz-forms2 brz-forms2__item brz-forms2__item-button\" data-brz-custom-id=\"qewuwmtusthzywnggzaedmmwsnuawgsxixhg\"><button class=\"brz-btn brz-btn-submit brz-css-1v881wr brz-css-13a2588\" data-brz-custom-id=\"jnljdpsdhgexesxmvfeqjpmtothourrstkqf\"><span data-brz-translate-text=\"1\" class=\"brz-span brz-text__editor\">ENVIAR<\/span><\/button><\/div>\n<div class=\"brz-g-recaptcha\" data-sitekey=\"\" data-size=\"invisible\" data-callback=\"brzFormV2Captcha\"><\/div>\n<\/div>\n<\/div>\n<\/div>\n<\/div>\n<\/section>\n<\/div>\n<p>    <!-- version:1737822069 --><\/p>\n","protected":false},"excerpt":{"rendered":"<p>El Llamado A La Libertad \u00bfSientes el llamado de Dios para ayudar a otros a experimentar la misma libertad que te ha dado Dios? \u00bfHay una pasi\u00f3n en tu coraz\u00f3n para difundir la esperanza de que Jes\u00fas tiene el poder y el deseo de liberar a cada persona en la esclavitud? Si te identificas con [&hellip;]<\/p>\n","protected":false},"author":3,"featured_media":0,"parent":0,"menu_order":0,"comment_status":"closed","ping_status":"closed","template":"brizy-blank-template.php","meta":{"site-sidebar-layout":"default","site-content-layout":"default","ast-site-content-layout":"default","site-content-style":"default","site-sidebar-style":"default","ast-global-header-display":"","ast-banner-title-visibility":"","ast-main-header-display":"","ast-hfb-above-header-display":"","ast-hfb-below-header-display":"","ast-hfb-mobile-header-display":"","site-post-title":"","ast-breadcrumbs-content":"","ast-featured-img":"","footer-sml-layout":"","ast-disable-related-posts":"","theme-transparent-header-meta":"default","adv-header-id-meta":"","stick-header-meta":"default","header-above-stick-meta":"","header-main-stick-meta":"","header-below-stick-meta":"","astra-migrate-meta-layouts":"default","ast-page-background-enabled":"default","ast-page-background-meta":{"desktop":{"background-color":"","background-image":"","background-repeat":"repeat","background-position":"center center","background-size":"auto","background-attachment":"scroll","background-type":"","background-media":"","overlay-type":"","overlay-color":"","overlay-opacity":"","overlay-gradient":""},"tablet":{"background-color":"","background-image":"","background-repeat":"repeat","background-position":"center center","background-size":"auto","background-attachment":"scroll","background-type":"","background-media":"","overlay-type":"","overlay-color":"","overlay-opacity":"","overlay-gradient":""},"mobile":{"background-color":"","background-image":"","background-repeat":"repeat","background-position":"center center","background-size":"auto","background-attachment":"scroll","background-type":"","background-media":"","overlay-type":"","overlay-color":"","overlay-opacity":"","overlay-gradient":""}},"ast-content-background-meta":{"desktop":{"background-color":"var(--ast-global-color-5)","background-image":"","background-repeat":"repeat","background-position":"center center","background-size":"auto","background-attachment":"scroll","background-type":"","background-media":"","overlay-type":"","overlay-color":"","overlay-opacity":"","overlay-gradient":""},"tablet":{"background-color":"var(--ast-global-color-5)","background-image":"","background-repeat":"repeat","background-position":"center center","background-size":"auto","background-attachment":"scroll","background-type":"","background-media":"","overlay-type":"","overlay-color":"","overlay-opacity":"","overlay-gradient":""},"mobile":{"background-color":"var(--ast-global-color-5)","background-image":"","background-repeat":"repeat","background-position":"center center","background-size":"auto","background-attachment":"scroll","background-type":"","background-media":"","overlay-type":"","overlay-color":"","overlay-opacity":"","overlay-gradient":""}},"footnotes":""},"folder":[],"class_list":["post-52275","page","type-page","status-publish","hentry"],"publishpress_future_action":{"enabled":false,"date":"2026-05-10 10:24:43","action":"change-status","newStatus":"draft","terms":[],"taxonomy":"translation_priority","extraData":[]},"publishpress_future_workflow_manual_trigger":{"enabledWorkflows":[]},"brizy_media":[{"id":43419,"url":"https:\/\/free-indeed.com\/wp-content\/uploads\/brizy\/43414\/assets\/images\/024b135312585dcbe3373dafc1d10d3e581e7b41.jpeg","name":"024b135312585dcbe3373dafc1d10d3e581e7b41.jpeg","meta":{"brizy_attachment_uid":"024b135312585dcbe3373dafc1d10d3e581e7b41.jpeg","brizy_post_uid":["bac163b92e61c0819546f48ccfea7e0c"]}},{"id":52369,"url":"https:\/\/free-indeed.com\/wp-content\/uploads\/2020\/07\/AdobeStock_102103900-scaled.jpeg","name":"AdobeStock_102103900.jpeg","meta":{"brizy_attachment_uid":"wp-01b1189ba9d01449e0f3b6de8febbcb9","brizy_post_uid":["bac163b92e61c0819546f48ccfea7e0c"]}},{"id":70729,"url":"https:\/\/free-indeed.com\/wp-content\/uploads\/brizy\/22194\/assets\/images\/51099d3339e6661e5c487fd385a353cb42f95196.jpeg","name":"51099d3339e6661e5c487fd385a353cb42f95196.jpeg","meta":{"brizy_attachment_uid":"51099d3339e6661e5c487fd385a353cb42f95196.jpeg","brizy_post_uid":["4bcd82f37c55289246fe09961d52b007","bac163b92e61c0819546f48ccfea7e0c"]}}],"_links":{"self":[{"href":"https:\/\/free-indeed.com\/es\/wp-json\/wp\/v2\/pages\/52275","targetHints":{"allow":["GET"]}}],"collection":[{"href":"https:\/\/free-indeed.com\/es\/wp-json\/wp\/v2\/pages"}],"about":[{"href":"https:\/\/free-indeed.com\/es\/wp-json\/wp\/v2\/types\/page"}],"author":[{"embeddable":true,"href":"https:\/\/free-indeed.com\/es\/wp-json\/wp\/v2\/users\/3"}],"replies":[{"embeddable":true,"href":"https:\/\/free-indeed.com\/es\/wp-json\/wp\/v2\/comments?post=52275"}],"version-history":[{"count":0,"href":"https:\/\/free-indeed.com\/es\/wp-json\/wp\/v2\/pages\/52275\/revisions"}],"wp:attachment":[{"href":"https:\/\/free-indeed.com\/es\/wp-json\/wp\/v2\/media?parent=52275"}],"wp:term":[{"taxonomy":"folder","embeddable":true,"href":"https:\/\/free-indeed.com\/es\/wp-json\/wp\/v2\/folder?post=52275"}],"curies":[{"name":"wp","href":"https:\/\/api.w.org\/{rel}","templated":true}]}}