{"id":70964,"date":"2021-08-09T10:04:32","date_gmt":"2021-08-09T08:04:32","guid":{"rendered":"http:\/\/free-indeed.com\/?page_id=70964"},"modified":"2021-08-09T10:09:14","modified_gmt":"2021-08-09T08:09:14","slug":"ipolitica-de-revocacion-de-contenidos-digitales","status":"publish","type":"page","link":"https:\/\/free-indeed.com\/es\/tienda\/ipolitica-de-revocacion-de-contenidos-digitales\/","title":{"rendered":"Pol\u00edtica de revocaci\u00f3n de contenidos digitales"},"content":{"rendered":"<h1>Instrucciones para la anulaci\u00f3n &amp; Formulario de anulaci\u00f3n<\/h1>\n<p>Los consumidores, es decir, cualquier persona f\u00edsica que act\u00fae con fines total o principalmente ajenos a su actividad comercial, empresarial, artesanal o profesional, tienen derecho a rescindir cualquier contrato en las siguientes condiciones:<\/p>\n<h2>A. Instrucciones para la anulaci\u00f3n<\/h2>\n<h3>Derecho de desistimiento<\/h3>\n<p>Tiene usted derecho a cancelar este contrato en un plazo de catorce d\u00edas sin necesidad de alegar ning\u00fan motivo.<\/p>\n<p>El plazo de desistimiento expirar\u00e1 transcurridos 14 d\u00edas desde el d\u00eda de la celebraci\u00f3n del contrato.<\/p>\n<p>Para ejercer el derecho de desistimiento, deber\u00e1 informarnos (Free!ndeed e.V., Bergiusstr. 9, 86199 Augsburg, Alemania, Tel: +49 821 99869585, E-Mail: info@free-indeed.de) de su decisi\u00f3n de cancelar este contrato mediante una declaraci\u00f3n clara (por ejemplo, mediante una carta enviada por correo, fax o correo electr\u00f3nico). Puede utilizar el modelo de formulario de cancelaci\u00f3n adjunto, pero no es obligatorio.<\/p>\n<p>Para cumplir con el plazo de desistimiento, basta con que env\u00ede su comunicaci\u00f3n relativa al ejercicio del derecho de desistimiento antes de que expire el plazo de desistimiento.<\/p>\n<h3>Efectos de la cancelaci\u00f3n<\/h3>\n<p>Si desiste del presente contrato, le reembolsaremos todos los pagos que hayamos recibido de usted, incluidos los gastos de entrega (excepto los gastos adicionales que se produzcan si ha elegido un tipo de entrega distinto del tipo de entrega est\u00e1ndar m\u00e1s econ\u00f3mico que le ofrezcamos). Procederemos al reembolso sin demora y, a m\u00e1s tardar, 14 d\u00edas despu\u00e9s de que se nos informe de su decisi\u00f3n de desistir del contrato. Efectuaremos el reembolso utilizando el mismo medio de pago que usted utiliz\u00f3 para la transacci\u00f3n inicial, salvo que haya acordado expresamente lo contrario; en cualquier caso, no incurrir\u00e1 en ning\u00fan gasto como consecuencia de dicho reembolso.<\/p>\n<h3>Caducidad del derecho de desistimiento<\/h3>\n<p>El derecho de desistimiento deja de estar disponible , si hemos iniciado la ejecuci\u00f3n del contrato despu\u00e9s de que usted haya dado su consentimiento expreso para que iniciemos la ejecuci\u00f3n del contrato antes de que finalice el plazo de desistimiento, y nos ha reconocido que al dar su consentimiento se perder\u00e1 su derecho a desistir del contrato, una vez iniciada la ejecuci\u00f3n del mismo.<\/p>\n<h2>B. Formulario de desistimiento<\/h2>\n<p>Si desea cancelar este contrato, por favor, rellene y env\u00ede este formulario.<\/p>\n<p>Free!ndeed e.V.<br \/>\nBergiusstr. 9<br \/>\n86199 Augsburg<br \/>\nAlemania<br \/>\nCorreo electr\u00f3nico: info@free-indeed.de<\/p>\n<p>Por la presente, yo\/nosotros (*) notificamos que yo\/nosotros (*) cancelamos mi\/nuestro (*) contrato de venta de los siguientes bienes (*) \/para la prestaci\u00f3n del siguiente servicio (*),<\/p>\n<p>_______________________________________________________<\/p>\n<p>_______________________________________________________<\/p>\n<p>Pedido el (*) ____________ \/ recibido el (*) __________________<\/p>\n<p>________________________________________________________<br \/>\nNombre del consumidor(es)<\/p>\n<p>________________________________________________________<br \/>\nDirecci\u00f3n del consumidor(es)<\/p>\n<p>________________________________________________________<br \/>\nFirma del\/de los consumidor\/es (s\u00f3lo si este formulario se notifica en papel)<\/p>\n<p>_________________________<br \/>\nFecha<\/p>\n<p>(*) T\u00e1chese lo que proceda<\/p>\n","protected":false},"excerpt":{"rendered":"<p>Instrucciones para la anulaci\u00f3n &amp; Formulario de anulaci\u00f3n Los consumidores, es decir, cualquier persona f\u00edsica que act\u00fae con fines total o principalmente ajenos a su actividad comercial, empresarial, artesanal o profesional, tienen derecho a rescindir cualquier contrato en las siguientes condiciones: A. Instrucciones para la anulaci\u00f3n Derecho de desistimiento Tiene usted derecho a cancelar este [&hellip;]<\/p>\n","protected":false},"author":1,"featured_media":0,"parent":18951,"menu_order":0,"comment_status":"closed","ping_status":"closed","template":"","meta":{"site-sidebar-layout":"default","site-content-layout":"default","ast-site-content-layout":"default","site-content-style":"default","site-sidebar-style":"default","ast-global-header-display":"","ast-banner-title-visibility":"","ast-main-header-display":"","ast-hfb-above-header-display":"","ast-hfb-below-header-display":"","ast-hfb-mobile-header-display":"","site-post-title":"","ast-breadcrumbs-content":"","ast-featured-img":"","footer-sml-layout":"","ast-disable-related-posts":"","theme-transparent-header-meta":"default","adv-header-id-meta":"","stick-header-meta":"default","header-above-stick-meta":"","header-main-stick-meta":"","header-below-stick-meta":"","astra-migrate-meta-layouts":"default","ast-page-background-enabled":"default","ast-page-background-meta":{"desktop":{"background-color":"","background-image":"","background-repeat":"repeat","background-position":"center center","background-size":"auto","background-attachment":"scroll","background-type":"","background-media":"","overlay-type":"","overlay-color":"","overlay-opacity":"","overlay-gradient":""},"tablet":{"background-color":"","background-image":"","background-repeat":"repeat","background-position":"center center","background-size":"auto","background-attachment":"scroll","background-type":"","background-media":"","overlay-type":"","overlay-color":"","overlay-opacity":"","overlay-gradient":""},"mobile":{"background-color":"","background-image":"","background-repeat":"repeat","background-position":"center center","background-size":"auto","background-attachment":"scroll","background-type":"","background-media":"","overlay-type":"","overlay-color":"","overlay-opacity":"","overlay-gradient":""}},"ast-content-background-meta":{"desktop":{"background-color":"var(--ast-global-color-5)","background-image":"","background-repeat":"repeat","background-position":"center center","background-size":"auto","background-attachment":"scroll","background-type":"","background-media":"","overlay-type":"","overlay-color":"","overlay-opacity":"","overlay-gradient":""},"tablet":{"background-color":"var(--ast-global-color-5)","background-image":"","background-repeat":"repeat","background-position":"center center","background-size":"auto","background-attachment":"scroll","background-type":"","background-media":"","overlay-type":"","overlay-color":"","overlay-opacity":"","overlay-gradient":""},"mobile":{"background-color":"var(--ast-global-color-5)","background-image":"","background-repeat":"repeat","background-position":"center center","background-size":"auto","background-attachment":"scroll","background-type":"","background-media":"","overlay-type":"","overlay-color":"","overlay-opacity":"","overlay-gradient":""}},"footnotes":""},"folder":[147],"class_list":["post-70964","page","type-page","status-publish","hentry"],"publishpress_future_action":{"enabled":false,"date":"2026-04-17 12:58:11","action":"change-status","newStatus":"draft","terms":[],"taxonomy":"translation_priority","extraData":[]},"publishpress_future_workflow_manual_trigger":{"enabledWorkflows":[]},"brizy_media":[],"_links":{"self":[{"href":"https:\/\/free-indeed.com\/es\/wp-json\/wp\/v2\/pages\/70964","targetHints":{"allow":["GET"]}}],"collection":[{"href":"https:\/\/free-indeed.com\/es\/wp-json\/wp\/v2\/pages"}],"about":[{"href":"https:\/\/free-indeed.com\/es\/wp-json\/wp\/v2\/types\/page"}],"author":[{"embeddable":true,"href":"https:\/\/free-indeed.com\/es\/wp-json\/wp\/v2\/users\/1"}],"replies":[{"embeddable":true,"href":"https:\/\/free-indeed.com\/es\/wp-json\/wp\/v2\/comments?post=70964"}],"version-history":[{"count":0,"href":"https:\/\/free-indeed.com\/es\/wp-json\/wp\/v2\/pages\/70964\/revisions"}],"up":[{"embeddable":true,"href":"https:\/\/free-indeed.com\/es\/wp-json\/wp\/v2\/pages\/18951"}],"wp:attachment":[{"href":"https:\/\/free-indeed.com\/es\/wp-json\/wp\/v2\/media?parent=70964"}],"wp:term":[{"taxonomy":"folder","embeddable":true,"href":"https:\/\/free-indeed.com\/es\/wp-json\/wp\/v2\/folder?post=70964"}],"curies":[{"name":"wp","href":"https:\/\/api.w.org\/{rel}","templated":true}]}}