{"id":71170,"date":"2021-08-12T10:48:23","date_gmt":"2021-08-12T08:48:23","guid":{"rendered":"http:\/\/free-indeed.com\/?page_id=71170"},"modified":"2021-08-12T10:52:15","modified_gmt":"2021-08-12T08:52:15","slug":"metodos-de-pago","status":"publish","type":"page","link":"https:\/\/free-indeed.com\/es\/tienda\/metodos-de-pago\/","title":{"rendered":"M\u00e9todos de pago"},"content":{"rendered":"<p>Ofrecemos los siguientes m\u00e9todos de pago. Elija el m\u00e9todo de pago que m\u00e1s le convenga. Los gastos de env\u00edo dependen en parte de la forma de pago seleccionada. Los precios indicados en las respectivas ofertas representan precios finales. Incluyen todos los componentes del precio, incluidos los impuestos aplicables, como el IVA. S\u00f3lo en el caso de una entrega transfronteriza, es posible que usted deba pagar otros impuestos (por ejemplo, en el caso de una adquisici\u00f3n intracomunitaria) y\/o derechos (por ejemplo, derechos de aduana) en casos individuales, pero no al vendedor, sino a las autoridades aduaneras o fiscales responsables all\u00ed. Los gastos de entrega y env\u00edo no est\u00e1n incluidos en el precio de compra, pueden consultarse a trav\u00e9s de la p\u00e1gina &#8220;Gastos de env\u00edo&#8221;, se muestran por separado en el transcurso del proceso de pedido y deben ser asumidos por usted adicionalmente.<\/p>\n<p><em><strong>Tarjeta de cr\u00e9dito<\/strong><\/em><\/p>\n<p>Pague f\u00e1cilmente con tarjeta de cr\u00e9dito.<\/p>\n<p><em><strong>PayPal<\/strong><\/em><\/p>\n<p>Pago a\u00fan m\u00e1s r\u00e1pido y seguro con su cuenta de PayPal.<\/p>\n","protected":false},"excerpt":{"rendered":"<p>Ofrecemos los siguientes m\u00e9todos de pago. Elija el m\u00e9todo de pago que m\u00e1s le convenga. Los gastos de env\u00edo dependen en parte de la forma de pago seleccionada. Los precios indicados en las respectivas ofertas representan precios finales. Incluyen todos los componentes del precio, incluidos los impuestos aplicables, como el IVA. S\u00f3lo en el caso [&hellip;]<\/p>\n","protected":false},"author":1,"featured_media":0,"parent":18951,"menu_order":0,"comment_status":"closed","ping_status":"closed","template":"","meta":{"site-sidebar-layout":"no-sidebar","site-content-layout":"default","ast-site-content-layout":"default","site-content-style":"default","site-sidebar-style":"default","ast-global-header-display":"","ast-banner-title-visibility":"","ast-main-header-display":"","ast-hfb-above-header-display":"","ast-hfb-below-header-display":"","ast-hfb-mobile-header-display":"","site-post-title":"","ast-breadcrumbs-content":"","ast-featured-img":"","footer-sml-layout":"","ast-disable-related-posts":"","theme-transparent-header-meta":"default","adv-header-id-meta":"","stick-header-meta":"default","header-above-stick-meta":"","header-main-stick-meta":"","header-below-stick-meta":"","astra-migrate-meta-layouts":"default","ast-page-background-enabled":"default","ast-page-background-meta":{"desktop":{"background-color":"","background-image":"","background-repeat":"repeat","background-position":"center center","background-size":"auto","background-attachment":"scroll","background-type":"","background-media":"","overlay-type":"","overlay-color":"","overlay-opacity":"","overlay-gradient":""},"tablet":{"background-color":"","background-image":"","background-repeat":"repeat","background-position":"center center","background-size":"auto","background-attachment":"scroll","background-type":"","background-media":"","overlay-type":"","overlay-color":"","overlay-opacity":"","overlay-gradient":""},"mobile":{"background-color":"","background-image":"","background-repeat":"repeat","background-position":"center center","background-size":"auto","background-attachment":"scroll","background-type":"","background-media":"","overlay-type":"","overlay-color":"","overlay-opacity":"","overlay-gradient":""}},"ast-content-background-meta":{"desktop":{"background-color":"var(--ast-global-color-5)","background-image":"","background-repeat":"repeat","background-position":"center center","background-size":"auto","background-attachment":"scroll","background-type":"","background-media":"","overlay-type":"","overlay-color":"","overlay-opacity":"","overlay-gradient":""},"tablet":{"background-color":"var(--ast-global-color-5)","background-image":"","background-repeat":"repeat","background-position":"center center","background-size":"auto","background-attachment":"scroll","background-type":"","background-media":"","overlay-type":"","overlay-color":"","overlay-opacity":"","overlay-gradient":""},"mobile":{"background-color":"var(--ast-global-color-5)","background-image":"","background-repeat":"repeat","background-position":"center center","background-size":"auto","background-attachment":"scroll","background-type":"","background-media":"","overlay-type":"","overlay-color":"","overlay-opacity":"","overlay-gradient":""}},"footnotes":""},"folder":[147],"class_list":["post-71170","page","type-page","status-publish","hentry"],"publishpress_future_action":{"enabled":false,"date":"2026-04-17 12:39:52","action":"change-status","newStatus":"draft","terms":[],"taxonomy":"translation_priority","extraData":[]},"publishpress_future_workflow_manual_trigger":{"enabledWorkflows":[]},"brizy_media":[],"_links":{"self":[{"href":"https:\/\/free-indeed.com\/es\/wp-json\/wp\/v2\/pages\/71170","targetHints":{"allow":["GET"]}}],"collection":[{"href":"https:\/\/free-indeed.com\/es\/wp-json\/wp\/v2\/pages"}],"about":[{"href":"https:\/\/free-indeed.com\/es\/wp-json\/wp\/v2\/types\/page"}],"author":[{"embeddable":true,"href":"https:\/\/free-indeed.com\/es\/wp-json\/wp\/v2\/users\/1"}],"replies":[{"embeddable":true,"href":"https:\/\/free-indeed.com\/es\/wp-json\/wp\/v2\/comments?post=71170"}],"version-history":[{"count":0,"href":"https:\/\/free-indeed.com\/es\/wp-json\/wp\/v2\/pages\/71170\/revisions"}],"up":[{"embeddable":true,"href":"https:\/\/free-indeed.com\/es\/wp-json\/wp\/v2\/pages\/18951"}],"wp:attachment":[{"href":"https:\/\/free-indeed.com\/es\/wp-json\/wp\/v2\/media?parent=71170"}],"wp:term":[{"taxonomy":"folder","embeddable":true,"href":"https:\/\/free-indeed.com\/es\/wp-json\/wp\/v2\/folder?post=71170"}],"curies":[{"name":"wp","href":"https:\/\/api.w.org\/{rel}","templated":true}]}}