{"id":71918,"date":"2021-08-19T19:35:13","date_gmt":"2021-08-19T17:35:13","guid":{"rendered":"http:\/\/free-indeed.com\/?page_id=71918"},"modified":"2026-03-27T17:37:34","modified_gmt":"2026-03-27T16:37:34","slug":"apoyo-misionero","status":"publish","type":"page","link":"https:\/\/free-indeed.com\/es\/apoyo-misionero\/","title":{"rendered":"Apoyo Misionero"},"content":{"rendered":"<div class=\"brz-root__container brz-reset-all brz brz-root__container-page\">\n<section id=\"_pcbherbchbdqkfdacevmrrmqbvioqslctqnk\" class=\"brz-section brz-css-1i3no01\">\n<div class=\"brz-section__content brz-section--boxed brz-css-1xz7pdu brz-css-19s4o5l\" data-brz-custom-id=\"azsrtcjuvzhzliffsxbsbjayzobliakrtdkt\">\n<div class=\"brz-container brz-css-1b2xo36 brz-css-w596u1\">\n<div class=\"brz-row__container brz-css-ued97k\" data-brz-custom-id=\"omvubsthboqvbltxvomdcibhrfrqgfxzwmuz\">\n<div class=\"brz-bg\"><\/div>\n<div class=\"brz-row brz-css-1xm60zz brz-css-s3fyra\">\n<div class=\"brz-columns brz-css-axgdef brz-css-1wj8smm\" data-brz-custom-id=\"eqmnyiitmldzyzlueqxgtvpwhzjouvkjzzfq\">\n<div class=\"brz-bg\"><\/div>\n<div class=\"brz-column__items brz-css-m7dgj5 brz-css-16z5m5g\">\n<div id=\"\" class=\"brz-css-1xpl03s brz-wrapper\">\n<div class=\"brz-rich-text brz-rich-text__custom brz-css-e7meya\" data-brz-custom-id=\"beveewelrnodyctugzbodifekcnnxdeixhwl\">\n<div data-brz-translate-text=\"1\">\n<h2 class=\"brz-fs-xs-55 brz-tp-xs-empty brz-lh-xs-1_3 brz-ls-xs-m_3_5 brz-fw-xs-500 brz-fss-xs-px brz-text-xs-center brz-ff-azoqpwbcprvsvcuznyrxtudzzqmkjrlstizx brz-ft-upload brz-fs-lg-61 brz-fss-lg-px brz-fw-lg-500 brz-ls-lg-m_3_5 brz-lh-lg-1_3 brz-text-lg-center brz-tp-lg-vplvqbxkzoevlgwfrrmsrpvgbqplufnlrjag brz-css-uK1Lx\" data-uniq-id=\"fuutp\" data-generated-css=\"brz-css-cfnbe\"><span>Apoya a un misionero de Free!ndeed<\/span><\/h2>\n<\/div>\n<\/div>\n<\/div>\n<div id=\"\" class=\"brz-css-1xpl03s brz-wrapper\">\n<div class=\"brz-rich-text brz-rich-text__custom brz-css-e7meya\" data-brz-custom-id=\"lpdjvifmsmownexcfbnzvwvnedlrbyzydwrz\">\n<div data-brz-translate-text=\"1\">\n<p class=\"brz-text-lg-center brz-tp-lg-paragraph brz-css-ye0JQ\" data-generated-css=\"brz-css-hzosn\" data-uniq-id=\"wpekf\">Las donaciones pueden financiar actividades a tiempo completo o tiempo parcial. Puedes formar parte de un c\u00edrculo de amigos y patrocinadores de un misionero, as\u00ed podr\u00e1s tambi\u00e9n agendar reuniones personales con ellos. Puedes hacer una donaci\u00f3n de pago \u00fanica o peri\u00f3dica.<\/p>\n<p class=\"brz-text-lg-center brz-tp-lg-paragraph brz-css-o2Ayf\" data-generated-css=\"brz-css-uzxxu\" data-uniq-id=\"fqlmf\"><\/p>\n<p class=\"brz-tp-lg-paragraph brz-text-lg-center brz-css-pbnMC\" data-uniq-id=\"qzyyc\" data-generated-css=\"brz-css-xnsof\">Si la mejor manera es por transferencia bancaria o resides en Estados Unidos, puedes contactarlos para que te gu\u00eden como hacerlo:<\/p>\n<\/div>\n<\/div>\n<\/div>\n<\/div>\n<\/div>\n<\/div>\n<\/div>\n<\/div>\n<\/div>\n<\/section>\n<section id=\"_ogybbrmqwmcxegtxlsdbdywckbjmvsbkisro\" class=\"brz-section brz-css-1i3no01\">\n<div class=\"brz-section__content brz-section--boxed brz-css-1xz7pdu brz-css-1n7cxwx\" data-brz-custom-id=\"huiczggvhojbxatucoeoscjeihaxmjpswbug\">\n<div class=\"brz-container brz-css-1b2xo36\">\n<div class=\"brz-row__container brz-css-ued97k\" data-brz-custom-id=\"voazqfdglkrzeoidxgtpmzrbgdafaakluwxr\">\n<div class=\"brz-bg\"><\/div>\n<div class=\"brz-row brz-css-1xm60zz brz-css-s3fyra\">\n<div class=\"brz-columns brz-css-axgdef brz-css-1wp2545\" data-brz-custom-id=\"dxnhvdcoiaocfsmfjmjcolkqjjztjgynshqw\">\n<div class=\"brz-column__items brz-css-m7dgj5 brz-css-1297sob\">\n<div id=\"\" class=\"brz-css-1xpl03s brz-wrapper\">\n<div class=\"brz-image brz-css-xta8r0 brz-css-1qcuc4e\" data-brz-custom-id=\"ctmbporbtebfjunsozilrkmeuknghcjfhubt\"><img decoding=\"async\" class=\"brz-img\" src=\"https:\/\/free-indeed.com\/es?brizy_media=wp-745d947daefcd8bef74fae8e303429eb.jpeg&amp;brizy_crop=iW%3D350%26iH%3D270%26oX%3D38%26oY%3D0%26cW%3D274%26cH%3D270\" alt=\"\" loading=\"lazy\"><\/div>\n<\/div>\n<div id=\"\" class=\"brz-css-1xpl03s brz-css-d8dr9t brz-wrapper\">\n<div class=\"brz-rich-text brz-rich-text__custom brz-css-e7meya\" data-brz-custom-id=\"nkfooyqytnxuraxdqncawpayeimhmzektgpg\">\n<div data-brz-translate-text=\"1\">\n<h6 class=\"brz-tp-lg-heading6 brz-text-lg-center brz-css-jizWm\" data-uniq-id=\"valxc\" data-generated-css=\"brz-css-ossof\"><span class=\"brz-cp-color2\">Esa\u00fa Rosa &amp; Ana Guerrero<\/span><\/h6>\n<\/div>\n<\/div>\n<\/div>\n<div class=\"brz-wrapper-clone brz-css-yjzv7u\">\n<div class=\"brz-d-xs-flex brz-flex-xs-wrap brz-css-8ink9f\" data-brz-custom-id=\"\">\n<div class=\"brz-wrapper-clone__item\" id=\"zysgotccobdhhssnlqxgswketkuvxopjqqtu\"><a class=\"brz-a brz-btn brz-css-zb88q7 brz-css-1nc5ss brz-css-yj3xex brz-css-s3npfq\" href=\"mailto:esau@free-indeed.de\" target=\"_blank\" rel=\"noopener\" data-brz-link-type=\"external\" data-brz-custom-id=\"zysgotccobdhhssnlqxgswketkuvxopjqqtu\"><span data-brz-translate-text=\"1\" class=\"brz-span brz-text__editor\">Contactar<\/span><\/a><\/div>\n<\/div>\n<\/div>\n<\/div>\n<\/div>\n<\/div>\n<\/div>\n<\/div>\n<\/div>\n<\/section>\n<section id=\"_sqfripietnxtlizovaroqaelprjqucfelwrq\" class=\"brz-section brz-css-1i3no01\">\n<div class=\"brz-section__content brz-section--boxed brz-css-1xz7pdu brz-css-11tkzwf\" data-brz-custom-id=\"scmpboppwduygnivoiktsntwihynftcxehek\">\n<div class=\"brz-container brz-css-1b2xo36 brz-css-1nr4r6f\">\n<div class=\"brz-row__container brz-css-ued97k\" data-brz-custom-id=\"eaohuzvdmuvhafyjxamemmdqexydhkyniuuy\">\n<div class=\"brz-bg\"><\/div>\n<div class=\"brz-row brz-css-1xm60zz brz-css-s3fyra\">\n<div class=\"brz-columns brz-css-axgdef brz-css-1yqlmyj\" data-brz-custom-id=\"szuqhtkoctjdaicmazlpaynmkhisxasgvwpz\">\n<div class=\"brz-bg\"><\/div>\n<div class=\"brz-column__items brz-css-m7dgj5 brz-css-1fo036b\">\n<div id=\"\" class=\"brz-css-1xpl03s brz-wrapper\">\n<div class=\"brz-rich-text brz-rich-text__custom brz-css-e7meya\" data-brz-custom-id=\"cwxawaoqkdytzqzguprupjzrulprrycqgozg\">\n<div data-brz-translate-text=\"1\">\n<h2 class=\"brz-lh-lg-1_3 brz-ls-lg-m_3_5 brz-fw-lg-500 brz-fss-lg-px brz-fs-lg-61 brz-ft-upload brz-ff-azoqpwbcprvsvcuznyrxtudzzqmkjrlstizx brz-text-lg-center brz-text-xs-center brz-tp-lg-vplvqbxkzoevlgwfrrmsrpvgbqplufnlrjag brz-css-ekq5Y\" data-generated-css=\"brz-css-yppan\" data-uniq-id=\"qnmjm\"><span>Apoyo a trav\u00e9s de PayPal<\/span><\/h2>\n<\/div>\n<\/div>\n<\/div>\n<div id=\"\" class=\"brz-css-1xpl03s brz-wrapper\">\n<div class=\"brz-rich-text brz-rich-text__custom brz-css-e7meya\" data-brz-custom-id=\"feqmhgwxlmdvslnphsofcnviwpgmlcuclqsi\">\n<div data-brz-translate-text=\"1\">\n<p class=\"brz-text-xs-center brz-tp-lg-paragraph brz-text-lg-center brz-css-wwVVF\" data-uniq-id=\"lamfl\" data-generated-css=\"brz-css-bmoeq\"><span>Si esta opci\u00f3n resulta mejor para ti o deseas donar al ministerio Free!ndeed en general, puedes hacerlo ac\u00e1, deja una nota en la donaci\u00f3n identificando espec\u00edficamente hacia quien va dirigido tu donativo <\/span><\/p>\n<\/div>\n<\/div>\n<\/div>\n<div class=\"brz-wrapper-clone brz-css-yjzv7u\">\n<div class=\"brz-d-xs-flex brz-flex-xs-wrap brz-css-8ink9f\" data-brz-custom-id=\"\">\n<div class=\"brz-wrapper-clone__item\" id=\"ugunccvvdboejnvccrqogwpskqfkuxjqxwsz\"><a class=\"brz-a brz-btn brz-css-zb88q7 brz-css-k80mfe brz-css-yj3xex brz-css-2z08me\" href=\"https:\/\/www.paypal.com\/donate\/?hosted_button_id=NCGSG5RF9UJ54\" target=\"_self\" rel=\"noopener\" data-brz-link-type=\"external\" data-brz-custom-id=\"ugunccvvdboejnvccrqogwpskqfkuxjqxwsz\"><span data-brz-translate-text=\"1\" class=\"brz-span brz-text__editor\">Donar<\/span><\/a><\/div>\n<\/div>\n<\/div>\n<div id=\"\" class=\"brz-css-1xpl03s brz-css-1blzwtt brz-wrapper\">\n<div class=\"brz-spacer brz-css-1l13xl1\"><\/div>\n<\/div>\n<div id=\"\" class=\"brz-css-1xpl03s brz-wrapper\">\n<div class=\"brz-rich-text brz-rich-text__custom brz-css-e7meya\" data-brz-custom-id=\"iwerwbxsdktfdjwrjpqezugisorwxhkuvdmn\">\n<div data-brz-translate-text=\"1\">\n<p class=\"brz-text-lg-center brz-tp-lg-paragraph brz-css-tPsg4\" data-generated-css=\"brz-css-qoacz\" data-uniq-id=\"gztjl\"><span class=\"brz-cp-color7\">\u00a1Todas las donaci\u00f3n se reciben con gratitud!  <\/span><\/p>\n<\/div>\n<\/div>\n<\/div>\n<\/div>\n<\/div>\n<\/div>\n<\/div>\n<\/div>\n<\/div>\n<\/section>\n<\/div>\n<p>    <!-- version:1737651227 --><\/p>\n","protected":false},"excerpt":{"rendered":"<p>Apoya a un misionero de Free!ndeed Las donaciones pueden financiar actividades a tiempo completo o tiempo parcial. Puedes formar parte de un c\u00edrculo de amigos y patrocinadores de un misionero, as\u00ed podr\u00e1s tambi\u00e9n agendar reuniones personales con ellos. Puedes hacer una donaci\u00f3n de pago \u00fanica o peri\u00f3dica. Si la mejor manera es por transferencia bancaria [&hellip;]<\/p>\n","protected":false},"author":26,"featured_media":0,"parent":0,"menu_order":0,"comment_status":"closed","ping_status":"closed","template":"brizy-blank-template.php","meta":{"site-sidebar-layout":"default","site-content-layout":"default","ast-site-content-layout":"default","site-content-style":"default","site-sidebar-style":"default","ast-global-header-display":"","ast-banner-title-visibility":"","ast-main-header-display":"","ast-hfb-above-header-display":"","ast-hfb-below-header-display":"","ast-hfb-mobile-header-display":"","site-post-title":"","ast-breadcrumbs-content":"","ast-featured-img":"","footer-sml-layout":"","ast-disable-related-posts":"","theme-transparent-header-meta":"default","adv-header-id-meta":"","stick-header-meta":"default","header-above-stick-meta":"","header-main-stick-meta":"","header-below-stick-meta":"","astra-migrate-meta-layouts":"default","ast-page-background-enabled":"default","ast-page-background-meta":{"desktop":{"background-color":"","background-image":"","background-repeat":"repeat","background-position":"center center","background-size":"auto","background-attachment":"scroll","background-type":"","background-media":"","overlay-type":"","overlay-color":"","overlay-opacity":"","overlay-gradient":""},"tablet":{"background-color":"","background-image":"","background-repeat":"repeat","background-position":"center center","background-size":"auto","background-attachment":"scroll","background-type":"","background-media":"","overlay-type":"","overlay-color":"","overlay-opacity":"","overlay-gradient":""},"mobile":{"background-color":"","background-image":"","background-repeat":"repeat","background-position":"center center","background-size":"auto","background-attachment":"scroll","background-type":"","background-media":"","overlay-type":"","overlay-color":"","overlay-opacity":"","overlay-gradient":""}},"ast-content-background-meta":{"desktop":{"background-color":"var(--ast-global-color-5)","background-image":"","background-repeat":"repeat","background-position":"center center","background-size":"auto","background-attachment":"scroll","background-type":"","background-media":"","overlay-type":"","overlay-color":"","overlay-opacity":"","overlay-gradient":""},"tablet":{"background-color":"var(--ast-global-color-5)","background-image":"","background-repeat":"repeat","background-position":"center center","background-size":"auto","background-attachment":"scroll","background-type":"","background-media":"","overlay-type":"","overlay-color":"","overlay-opacity":"","overlay-gradient":""},"mobile":{"background-color":"var(--ast-global-color-5)","background-image":"","background-repeat":"repeat","background-position":"center center","background-size":"auto","background-attachment":"scroll","background-type":"","background-media":"","overlay-type":"","overlay-color":"","overlay-opacity":"","overlay-gradient":""}},"footnotes":""},"folder":[],"class_list":["post-71918","page","type-page","status-publish","hentry"],"publishpress_future_action":{"enabled":false,"date":"2026-05-09 10:23:04","action":"change-status","newStatus":"draft","terms":[],"taxonomy":"translation_priority","extraData":[]},"publishpress_future_workflow_manual_trigger":{"enabledWorkflows":[]},"brizy_media":[{"id":28688,"url":"https:\/\/free-indeed.com\/wp-content\/uploads\/2019\/12\/Esau_KL.jpg","name":"Esau_KL.jpg","meta":{"brizy_attachment_uid":"wp-66c378591232545cc73a9483c1f4e4f9","brizy_post_uid":["b841844149b29d98325daff214449532","6a46c91ecc04203a5aaf1ce812bee5d0"]}},{"id":51825,"url":"https:\/\/free-indeed.com\/wp-content\/uploads\/2020\/07\/AdobeStock_286036647-scaled.jpeg","name":"AdobeStock_286036647.jpeg","meta":{"brizy_attachment_uid":"wp-d909f83057d86db948a6e90d00d164f3.jpeg","brizy_post_uid":["6a46c91ecc04203a5aaf1ce812bee5d0"]}},{"id":72013,"url":"https:\/\/free-indeed.com\/wp-content\/uploads\/2021\/08\/B8D9D6AA-4B28-4096-A1AB-2F40743BBCE0-scaled.jpeg","name":"B8D9D6AA-4B28-4096-A1AB-2F40743BBCE0.jpeg","meta":{"brizy_attachment_uid":"wp-1ee45c5355dd044e8c746b85828e5576.jpeg","brizy_post_uid":["6a46c91ecc04203a5aaf1ce812bee5d0"]}},{"id":111234,"url":"https:\/\/free-indeed.com\/wp-content\/uploads\/2022\/03\/FFF9CF1E-A7EF-4C4E-83F7-5892698781D8.jpeg","name":"FFF9CF1E-A7EF-4C4E-83F7-5892698781D8.jpeg","meta":{"brizy_attachment_uid":"wp-745d947daefcd8bef74fae8e303429eb.jpeg","brizy_post_uid":["6a46c91ecc04203a5aaf1ce812bee5d0"]}}],"_links":{"self":[{"href":"https:\/\/free-indeed.com\/es\/wp-json\/wp\/v2\/pages\/71918","targetHints":{"allow":["GET"]}}],"collection":[{"href":"https:\/\/free-indeed.com\/es\/wp-json\/wp\/v2\/pages"}],"about":[{"href":"https:\/\/free-indeed.com\/es\/wp-json\/wp\/v2\/types\/page"}],"author":[{"embeddable":true,"href":"https:\/\/free-indeed.com\/es\/wp-json\/wp\/v2\/users\/26"}],"replies":[{"embeddable":true,"href":"https:\/\/free-indeed.com\/es\/wp-json\/wp\/v2\/comments?post=71918"}],"version-history":[{"count":0,"href":"https:\/\/free-indeed.com\/es\/wp-json\/wp\/v2\/pages\/71918\/revisions"}],"wp:attachment":[{"href":"https:\/\/free-indeed.com\/es\/wp-json\/wp\/v2\/media?parent=71918"}],"wp:term":[{"taxonomy":"folder","embeddable":true,"href":"https:\/\/free-indeed.com\/es\/wp-json\/wp\/v2\/folder?post=71918"}],"curies":[{"name":"wp","href":"https:\/\/api.w.org\/{rel}","templated":true}]}}