{"id":73435,"date":"2021-10-26T16:00:18","date_gmt":"2021-10-26T14:00:18","guid":{"rendered":"http:\/\/free-indeed.com\/?page_id=73435"},"modified":"2026-03-27T15:24:50","modified_gmt":"2026-03-27T14:24:50","slug":"freeindeed-en-espanol","status":"publish","type":"page","link":"https:\/\/free-indeed.com\/es\/","title":{"rendered":"F! Espa\u00f1ol"},"content":{"rendered":"<div class=\"brz brz-root__container brz-reset-all brz-root__container-page\">\n<section id=\"fpgllbpytyunayyubwsmhirokppwyalzcara_fpgllbpytyunayyubwsmhirokppwyalzcara\" class=\"brz-section brz-css-d-section brz-css-q244md\">\n<div class=\"brz-section__content brz-section--boxed brz-css-d-sectionitem-bg brz-css-18x3fhx\" data-brz-custom-id=\"uifewexeleuvzvgjphkiskdcjmgmayrzpgvn\">\n<div class=\"brz-bg\">\n<div class=\"brz-bg-image\"><\/div>\n<div class=\"brz-bg-color\"><\/div>\n<\/div>\n<div class=\"brz-container brz-css-d-sectionitem-container brz-css-1uaa6zd\">\n<div class=\"brz-row__container brz-css-d-row-row brz-css-12q5l7\" data-brz-custom-id=\"vdgdmfohaikacbjsnmsxslhrpqzjsjbgmwgj\">\n<div class=\"brz-row brz-css-d-row-container brz-css-zd2uu9\">\n<div class=\"brz-columns brz-css-d-column-column brz-css-1fcqzsl\" data-brz-custom-id=\"fudzzaqyqzncdpekthsvhlghaycqjkbapios\">\n<div class=\"brz-column__items brz-css-d-column-bg brz-css-1opbvbe\">\n<div id=\"\" class=\"brz-css-d-wrapper brz-css-r-wrapper brz-css-19x50ac brz-wrapper\">\n<div class=\"brz-spacer brz-css-d-spacer brz-css-1whqviy\"><\/div>\n<\/div>\n<\/div>\n<\/div>\n<div class=\"brz-columns brz-css-d-column-column brz-css-q1t38w\" data-brz-custom-id=\"gmqqpllrhebkevgvlfhglhlcrhabwdbvdcih\">\n<div class=\"brz-bg\">\n<div class=\"brz-bg-color\"><\/div>\n<\/div>\n<div class=\"brz-column__items brz-css-d-column-bg brz-css-1idbj1c\">\n<div id=\"\" class=\"brz-css-d-wrapper brz-css-j7u59r brz-wrapper\">\n<div class=\"brz-rich-text brz-rich-text__custom brz-css-d-richtext brz-css-9f4yp1\" data-brz-custom-id=\"vmsxlgiltuvevoboetxqnlmisdyewoesyhun\">\n<div data-brz-translate-text=\"1\">\n<p class=\"brz-text-lg-center brz-mt-lg-8 brz-tp-xs-empty brz-lh-xs-1_6 brz-ls-xs-0 brz-fw-xs-400 brz-fss-xs-px brz-fs-xs-22 brz-text-xs-center brz-fss-lg-px brz-fw-lg-300 brz-ls-lg-0 brz-lh-lg-1_6 brz-tp-lg-empty brz-ff-wmfhrdsspubrpzbsuyqhrunrcuskflnvrfky brz-ft-upload brz-fs-lg-35 brz-css-nCzuZ\" data-uniq-id=\"rplqx\" data-generated-css=\"brz-css-sxtdi\"><span class=\"brz-cp-color8\">IDENTIDAD<\/span><\/p>\n<\/div>\n<\/div>\n<\/div>\n<\/div>\n<\/div>\n<\/div>\n<\/div>\n<div class=\"brz-row__container brz-css-d-row-row brz-css-twqr30\" data-brz-custom-id=\"zownldtvpsqhtphotosfyzsamglvyzqwpynu\">\n<div class=\"brz-row brz-css-d-row-container brz-css-8jsdxf\">\n<div class=\"brz-columns brz-css-d-column-column brz-css-e06e66\" data-brz-custom-id=\"cermfnvgwbrknknsphiijjufxkzprvpzkjyz\">\n<div class=\"brz-column__items brz-css-d-column-bg brz-css-15ts2n2\">\n<div id=\"\" class=\"brz-css-d-wrapper brz-css-r-wrapper brz-css-dqx961 brz-wrapper\">\n<div class=\"brz-spacer brz-css-d-spacer brz-css-1xe09vg\"><\/div>\n<\/div>\n<\/div>\n<\/div>\n<div class=\"brz-columns brz-css-d-column-column brz-css-1862rjw\" data-brz-custom-id=\"artfetbxmycvevezfdqbwiuxizywlmokkwbi\">\n<div class=\"brz-bg\">\n<div class=\"brz-bg-color\"><\/div>\n<\/div>\n<div class=\"brz-column__items brz-css-d-column-bg brz-css-1151ppq\">\n<div id=\"\" class=\"brz-css-d-wrapper brz-css-1p8lmat brz-wrapper\">\n<div class=\"brz-rich-text brz-rich-text__custom brz-css-d-richtext brz-css-lu9atd\" data-brz-custom-id=\"ijykhsileshwqlbjqfhfuynahqqypckquhrl\">\n<div data-brz-translate-text=\"1\">\n<p class=\"brz-text-lg-center brz-mt-lg-8 brz-fs-xs-22 brz-fss-xs-px brz-fw-xs-400 brz-ls-xs-0 brz-lh-xs-1_6 brz-tp-xs-empty brz-ls-lg-0 brz-lh-lg-1_6 brz-tp-lg-empty brz-ff-wmfhrdsspubrpzbsuyqhrunrcuskflnvrfky brz-ft-upload brz-fs-lg-35 brz-fss-lg-px brz-fw-lg-300 brz-css-fLhLk\" data-generated-css=\"brz-css-gaydr\" data-uniq-id=\"rwnbq\"><span class=\"brz-cp-color8\">LIBERTAD<\/span><\/p>\n<\/div>\n<\/div>\n<\/div>\n<\/div>\n<\/div>\n<\/div>\n<\/div>\n<div class=\"brz-row__container brz-css-d-row-row brz-css-1lu6a1j\" data-brz-custom-id=\"zgiwvsleslfrqeybfnjvstuxqqueoejzgoer\">\n<div class=\"brz-row brz-css-d-row-container brz-css-rdp2la\">\n<div class=\"brz-columns brz-css-d-column-column brz-css-bwwejw\" data-brz-custom-id=\"bwhghitgduqpvxbsqcbxcozocnsbwgdkbfjm\">\n<div class=\"brz-column__items brz-css-d-column-bg brz-css-1ayj4sw\">\n<div id=\"\" class=\"brz-css-d-wrapper brz-css-r-wrapper brz-css-cf9d0m brz-wrapper\">\n<div class=\"brz-spacer brz-css-d-spacer brz-css-177gg9\"><\/div>\n<\/div>\n<\/div>\n<\/div>\n<div class=\"brz-columns brz-css-d-column-column brz-css-1m61xaf\" data-brz-custom-id=\"jyhsuomhzqizioiaswwppgnfkortnxhqclfd\">\n<div class=\"brz-bg\">\n<div class=\"brz-bg-color\"><\/div>\n<\/div>\n<div class=\"brz-column__items brz-css-d-column-bg brz-css-1g1xtkn\">\n<div id=\"\" class=\"brz-css-d-wrapper brz-css-3nk66s brz-wrapper\">\n<div class=\"brz-rich-text brz-rich-text__custom brz-css-d-richtext brz-css-1ygap7o\" data-brz-custom-id=\"icvpybsjgxtoqpmilmwapdtdssvzaxhxeiha\">\n<div data-brz-translate-text=\"1\">\n<p class=\"brz-text-lg-center brz-mt-lg-8 brz-tp-xs-empty brz-lh-xs-1_6 brz-ls-xs-0 brz-fw-xs-400 brz-fss-xs-px brz-fs-xs-22 brz-text-xs-center brz-ls-lg-0 brz-lh-lg-1_6 brz-tp-lg-empty brz-ff-wmfhrdsspubrpzbsuyqhrunrcuskflnvrfky brz-ft-upload brz-fs-lg-35 brz-fss-lg-px brz-fw-lg-300 brz-css-oyH9e\" data-uniq-id=\"dqpgs\" data-generated-css=\"brz-css-bkfun\"><span class=\"brz-cp-color8\">LLAMADO<\/span><\/p>\n<\/div>\n<\/div>\n<\/div>\n<\/div>\n<\/div>\n<\/div>\n<\/div>\n<div id=\"\" class=\"brz-css-d-wrapper brz-css-1h5zch8 brz-wrapper\">\n<div class=\"brz-image brz-css-d-image-lm0pdroptjm5-parent brz-css-1ughi8d\" data-brz-custom-id=\"lm0pdRoPtjM5\"><img decoding=\"async\" class=\"brz-img\" src=\"https:\/\/free-indeed.com\/es\/?brizy_media=wp-e20704141e7fe112ffba908fad1cbe45.png&amp;brizy_crop=original\" loading=\"lazy\" title=\"\"><\/div>\n<\/div>\n<div id=\"\" class=\"brz-css-d-wrapper brz-css-1yu88u9 brz-wrapper\">\n<div class=\"brz-rich-text brz-rich-text__custom brz-css-d-richtext brz-css-gxdci5\" data-brz-custom-id=\"qkntdamrejehuoevxedmgqvzfqyjwcytrimr\">\n<div data-brz-translate-text=\"1\">\n<p class=\"brz-fs-xs-23 brz-tp-xs-empty brz-lh-xs-1_6 brz-ls-xs-0 brz-fw-xs-400 brz-fss-xs-px brz-text-lg-center brz-ff-wmfhrdsspubrpzbsuyqhrunrcuskflnvrfky brz-ft-upload brz-fs-lg-30 brz-fss-lg-px brz-fw-lg-300 brz-ls-lg-0 brz-lh-lg-1_6 brz-tp-lg-empty brz-css-bvnAM\" data-uniq-id=\"ls3Df\" data-generated-css=\"brz-css-j88iV\"><span class=\"brz-cp-color8\">As\u00ed que si el Hijo los libera, ser\u00e1n libres de verdad.<\/span><\/p>\n<p class=\"brz-tp-lg-empty brz-lh-lg-1_6 brz-ls-lg-0 brz-text-lg-center brz-ff-wmfhrdsspubrpzbsuyqhrunrcuskflnvrfky brz-ft-upload brz-fs-lg-20 brz-fss-lg-px brz-fw-lg-700 brz-css-zmACF\" data-uniq-id=\"qpqsQ\" data-generated-css=\"brz-css-km4df\"><span class=\"brz-cp-color8\">Juan 8:36 <\/span><\/p>\n<\/div>\n<\/div>\n<\/div>\n<div id=\"\" class=\"brz-css-d-wrapper brz-css-r-wrapper brz-css-1heahg6 brz-wrapper\">\n<div class=\"brz-spacer brz-css-d-spacer brz-css-1fqkaw5\"><\/div>\n<\/div>\n<div class=\"brz-row__container brz-css-d-row-row brz-css-ha6uz1\" data-brz-custom-id=\"irKiBATQ2vr0\">\n<div class=\"brz-row brz-css-d-row-container brz-css-1onmhla\">\n<div class=\"brz-columns brz-css-d-column-column brz-css-hwhb96\" data-brz-custom-id=\"huLMouDE28B7\">\n<div class=\"brz-bg\">\n<div class=\"brz-bg-color\"><\/div>\n<\/div>\n<div class=\"brz-column__items brz-css-d-column-bg brz-css-foyvfo\">\n<div id=\"\" class=\"brz-css-d-wrapper brz-css-1gl9azn brz-wrapper\">\n<div class=\"brz-rich-text brz-rich-text__custom brz-css-d-richtext brz-css-1rvpa3d\" data-brz-custom-id=\"rC8WQJLRLbz3\">\n<div data-brz-translate-text=\"1\">\n<p class=\"brz-tp-lg-paragraph brz-text-lg-center brz-css-u09U4\" data-generated-css=\"brz-css-dGprB\" data-uniq-id=\"th67j\"><span>Esta p\u00e1gina ya no se mantiene activamente debido a cambios en nuestro ministerio. Agradecemos su comprensi\u00f3n. Para recibir ayuda en espa\u00f1ol, por favor comun\u00edquese con nosotros a trav\u00e9s de este enlace.<\/span><\/p>\n<\/div>\n<\/div>\n<\/div>\n<\/div>\n<\/div>\n<\/div>\n<\/div>\n<div class=\"brz-wrapper-clone brz-flex-xs-wrap brz-css-d-cloneable brz-css-1c30jon\" data-brz-custom-id=\"jLQz1vpnOroN\"><a class=\"brz-a brz-btn brz-css-d-button brz-css-1nvx96r brz-css-d-button-bg brz-css-1rtdbac\" target=\"_self\" rel=\"noopener\" href=\"https:\/\/free-indeed.com\/es\/contact\/\" data-brz-link-type=\"external\" data-brz-custom-id=\"q0G_dWE2wg8n\"><span data-brz-translate-text=\"1\" class=\"brz-span brz-text__editor\">Correo electr\u00f3nico<\/span><\/a><\/div>\n<div id=\"\" class=\"brz-css-d-wrapper brz-css-r-wrapper brz-css-13r9qsz brz-wrapper\">\n<div class=\"brz-spacer brz-css-d-spacer brz-css-uw8gkb\"><\/div>\n<\/div>\n<\/div>\n<\/div>\n<\/section><\/div>\n<p><!-- version:1768410990 --><\/p>\n","protected":false},"excerpt":{"rendered":"<p>IDENTIDAD LIBERTAD LLAMADO As\u00ed que si el Hijo los libera, ser\u00e1n libres de verdad. Juan 8:36 Esta p\u00e1gina ya no se mantiene activamente debido a cambios en nuestro ministerio. Agradecemos su comprensi\u00f3n. Para recibir ayuda en espa\u00f1ol, por favor comun\u00edquese con nosotros a trav\u00e9s de este enlace. Correo electr\u00f3nico<\/p>\n","protected":false},"author":17,"featured_media":0,"parent":0,"menu_order":0,"comment_status":"closed","ping_status":"closed","template":"brizy-blank-template.php","meta":{"site-sidebar-layout":"default","site-content-layout":"default","ast-site-content-layout":"default","site-content-style":"default","site-sidebar-style":"default","ast-global-header-display":"","ast-banner-title-visibility":"","ast-main-header-display":"","ast-hfb-above-header-display":"","ast-hfb-below-header-display":"","ast-hfb-mobile-header-display":"","site-post-title":"","ast-breadcrumbs-content":"","ast-featured-img":"","footer-sml-layout":"","ast-disable-related-posts":"","theme-transparent-header-meta":"default","adv-header-id-meta":"","stick-header-meta":"default","header-above-stick-meta":"","header-main-stick-meta":"","header-below-stick-meta":"","astra-migrate-meta-layouts":"default","ast-page-background-enabled":"default","ast-page-background-meta":{"desktop":{"background-color":"","background-image":"","background-repeat":"repeat","background-position":"center center","background-size":"auto","background-attachment":"scroll","background-type":"","background-media":"","overlay-type":"","overlay-color":"","overlay-opacity":"","overlay-gradient":""},"tablet":{"background-color":"","background-image":"","background-repeat":"repeat","background-position":"center center","background-size":"auto","background-attachment":"scroll","background-type":"","background-media":"","overlay-type":"","overlay-color":"","overlay-opacity":"","overlay-gradient":""},"mobile":{"background-color":"","background-image":"","background-repeat":"repeat","background-position":"center center","background-size":"auto","background-attachment":"scroll","background-type":"","background-media":"","overlay-type":"","overlay-color":"","overlay-opacity":"","overlay-gradient":""}},"ast-content-background-meta":{"desktop":{"background-color":"var(--ast-global-color-5)","background-image":"","background-repeat":"repeat","background-position":"center center","background-size":"auto","background-attachment":"scroll","background-type":"","background-media":"","overlay-type":"","overlay-color":"","overlay-opacity":"","overlay-gradient":""},"tablet":{"background-color":"var(--ast-global-color-5)","background-image":"","background-repeat":"repeat","background-position":"center center","background-size":"auto","background-attachment":"scroll","background-type":"","background-media":"","overlay-type":"","overlay-color":"","overlay-opacity":"","overlay-gradient":""},"mobile":{"background-color":"var(--ast-global-color-5)","background-image":"","background-repeat":"repeat","background-position":"center center","background-size":"auto","background-attachment":"scroll","background-type":"","background-media":"","overlay-type":"","overlay-color":"","overlay-opacity":"","overlay-gradient":""}},"footnotes":""},"folder":[162],"class_list":["post-73435","page","type-page","status-publish","hentry"],"publishpress_future_action":{"enabled":false,"date":"2026-04-16 12:19:10","action":"change-status","newStatus":"draft","terms":[],"taxonomy":"translation_priority","extraData":[]},"publishpress_future_workflow_manual_trigger":{"enabledWorkflows":[]},"brizy_media":[{"id":73847,"url":"https:\/\/free-indeed.com\/wp-content\/uploads\/brizy\/73840\/assets\/images\/wp-f97383040ef1d9d0b21e066e33d32c85.jpg","name":"wp-f97383040ef1d9d0b21e066e33d32c85.png","meta":{"brizy_attachment_uid":"wp-ab13b01f2e62e7e7ce9e7f6f5ee9bb32.png","brizy_post_uid":["f4ef77592dc4b99dccfd45cfbb9b6d6e","f4f78646179f1288eba8a829d4764b55"]}},{"id":73859,"url":"https:\/\/free-indeed.com\/wp-content\/uploads\/brizy\/73840\/assets\/images\/wp-54b5b4d87633ff6abbea68435c0b5b21.png","name":"wp-54b5b4d87633ff6abbea68435c0b5b21.png","meta":{"brizy_attachment_uid":"wp-e20704141e7fe112ffba908fad1cbe45.png","brizy_post_uid":["f4ef77592dc4b99dccfd45cfbb9b6d6e"]}},{"id":76012,"url":"https:\/\/free-indeed.com\/wp-content\/uploads\/2021\/10\/Free-Cover-Branding-Book-Mockup-Design-2-scaled.jpg","name":"Free-Cover-Branding-Book-Mockup-Design-2.jpg","meta":{"brizy_attachment_uid":"wp-41e59bddf7acfb9623ec4953ff70875d.jpg","brizy_post_uid":["7079551ce12c8fb6e01e9f4a58884ec5","f4ef77592dc4b99dccfd45cfbb9b6d6e"]}},{"id":77316,"url":"https:\/\/free-indeed.com\/wp-content\/uploads\/2021\/10\/Jndjwnjnjcao.png","name":"Jndjwnjnjcao.png","meta":{"brizy_attachment_uid":"wp-ebec8c30a7327b17e1ea9953bfc8e8ec.png","brizy_post_uid":["5a6adbf04b026266742c0f8990e5bed6","f4ef77592dc4b99dccfd45cfbb9b6d6e","d59df3fabf90e9c0a344ccad7a4be4a8"]}},{"id":80632,"url":"https:\/\/free-indeed.com\/wp-content\/uploads\/brizy\/80630\/assets\/images\/wp-45a8c414f4360430eaa5d954aa3e49c0.jpg","name":"wp-45a8c414f4360430eaa5d954aa3e49c0.png","meta":{"brizy_attachment_uid":"wp-45a8c414f4360430eaa5d954aa3e49c0.png","brizy_post_uid":["liqxnhuhhazcoshbezzflyzdvpwhvkdmdbao","f4ef77592dc4b99dccfd45cfbb9b6d6e"]}},{"id":153752,"url":"https:\/\/free-indeed.com\/wp-content\/uploads\/2022\/09\/Copy-of-Untitled-Design.png","name":"Copy-of-Untitled-Design.png","meta":{"brizy_attachment_uid":"wp-7e3851a91288ccf707be6887f79ba4a2.png","brizy_post_uid":["d59df3fabf90e9c0a344ccad7a4be4a8","f4ef77592dc4b99dccfd45cfbb9b6d6e"]}},{"id":154715,"url":"https:\/\/free-indeed.com\/wp-content\/uploads\/2022\/09\/Untitled-design.png","name":"Untitled-design.png","meta":{"brizy_attachment_uid":"wp-358c38d1c911b228b42c008e53f3a0a7.png","brizy_post_uid":["d59df3fabf90e9c0a344ccad7a4be4a8","f4ef77592dc4b99dccfd45cfbb9b6d6e"]}},{"id":161088,"url":"https:\/\/free-indeed.com\/wp-content\/uploads\/2022\/09\/Copy-of-LIBRE.-2.png","name":"Copy-of-LIBRE.-2.png","meta":{"brizy_attachment_uid":"wp-1af5f12a33ed62a64f079c8b9684c6a7.png","brizy_post_uid":["f4ef77592dc4b99dccfd45cfbb9b6d6e"]}},{"id":349462,"url":"https:\/\/free-indeed.com\/wp-content\/uploads\/2024\/05\/IMG_3984.jpg","name":"IMG_3984.jpg","meta":{"brizy_attachment_uid":"wp-7bb0a9ce222540d9c2b414f9589856bf.jpg","brizy_post_uid":["f4ef77592dc4b99dccfd45cfbb9b6d6e"]}}],"_links":{"self":[{"href":"https:\/\/free-indeed.com\/es\/wp-json\/wp\/v2\/pages\/73435","targetHints":{"allow":["GET"]}}],"collection":[{"href":"https:\/\/free-indeed.com\/es\/wp-json\/wp\/v2\/pages"}],"about":[{"href":"https:\/\/free-indeed.com\/es\/wp-json\/wp\/v2\/types\/page"}],"author":[{"embeddable":true,"href":"https:\/\/free-indeed.com\/es\/wp-json\/wp\/v2\/users\/17"}],"replies":[{"embeddable":true,"href":"https:\/\/free-indeed.com\/es\/wp-json\/wp\/v2\/comments?post=73435"}],"version-history":[{"count":13,"href":"https:\/\/free-indeed.com\/es\/wp-json\/wp\/v2\/pages\/73435\/revisions"}],"predecessor-version":[{"id":363198,"href":"https:\/\/free-indeed.com\/es\/wp-json\/wp\/v2\/pages\/73435\/revisions\/363198"}],"wp:attachment":[{"href":"https:\/\/free-indeed.com\/es\/wp-json\/wp\/v2\/media?parent=73435"}],"wp:term":[{"taxonomy":"folder","embeddable":true,"href":"https:\/\/free-indeed.com\/es\/wp-json\/wp\/v2\/folder?post=73435"}],"curies":[{"name":"wp","href":"https:\/\/api.w.org\/{rel}","templated":true}]}}