{"id":298486,"date":"2024-04-12T12:43:58","date_gmt":"2024-04-12T10:43:58","guid":{"rendered":"http:\/\/free-indeed.com\/?post_type=product&#038;p=298486"},"modified":"2024-04-12T16:18:23","modified_gmt":"2024-04-12T14:18:23","slug":"libre-con-zoom-sesiones","status":"publish","type":"product","link":"https:\/\/free-indeed.com\/es\/shop\/libre-con-zoom-sesiones\/","title":{"rendered":"LIBRE + Sesiones de ZOOM"},"content":{"rendered":"","protected":false},"excerpt":{"rendered":"<p><strong>\u00bfTe sientes cansado de vivir una doble vida que te desgasta y te desespera?<\/strong><\/p>\n<p><strong>\u00bfBuscas recuperar el control de tu vida?<\/strong><\/p>\n<p>Dentro de este curso online encontraras pasos pr\u00e1cticos para empezar a vivir en libertad.<\/p>\n<p>El curso incluye 8 unidades, plan de acciones en cada unidad, sesiones personalizadas, v\u00eddeos introductorios y acceso a nuestra pagina de recursos ampliados.<\/p>\n<p>Adem\u00e1s, ofrecemos un programa intensivo de rendici\u00f3n de cuentas y testimonios de hombres que han superado su adicci\u00f3n.<\/p>\n<p>El 99% de los participantes recomiendan nuestro curso a otros.<\/p>\n<p>Adem\u00e1s, ofrecemos una garant\u00eda de devoluci\u00f3n del dinero de 30 d\u00edas para brindarte tranquilidad.<\/p>\n<p>\u00a1No esperes m\u00e1s! \u00danete y comienza tu viaje hacia la libertad hoy mismo.<\/p>\n","protected":false},"featured_media":298487,"template":"","meta":{"site-sidebar-layout":"default","site-content-layout":"","ast-site-content-layout":"default","site-content-style":"default","site-sidebar-style":"default","ast-global-header-display":"","ast-banner-title-visibility":"","ast-main-header-display":"","ast-hfb-above-header-display":"","ast-hfb-below-header-display":"","ast-hfb-mobile-header-display":"","site-post-title":"","ast-breadcrumbs-content":"","ast-featured-img":"","footer-sml-layout":"","ast-disable-related-posts":"","theme-transparent-header-meta":"default","adv-header-id-meta":"","stick-header-meta":"default","header-above-stick-meta":"","header-main-stick-meta":"","header-below-stick-meta":"","astra-migrate-meta-layouts":"set","ast-page-background-enabled":"default","ast-page-background-meta":{"desktop":{"background-color":"","background-image":"","background-repeat":"repeat","background-position":"center center","background-size":"auto","background-attachment":"scroll","background-type":"","background-media":"","overlay-type":"","overlay-color":"","overlay-opacity":"","overlay-gradient":""},"tablet":{"background-color":"","background-image":"","background-repeat":"repeat","background-position":"center center","background-size":"auto","background-attachment":"scroll","background-type":"","background-media":"","overlay-type":"","overlay-color":"","overlay-opacity":"","overlay-gradient":""},"mobile":{"background-color":"","background-image":"","background-repeat":"repeat","background-position":"center center","background-size":"auto","background-attachment":"scroll","background-type":"","background-media":"","overlay-type":"","overlay-color":"","overlay-opacity":"","overlay-gradient":""}},"ast-content-background-meta":{"desktop":{"background-color":"var(--ast-global-color-5)","background-image":"","background-repeat":"repeat","background-position":"center center","background-size":"auto","background-attachment":"scroll","background-type":"","background-media":"","overlay-type":"","overlay-color":"","overlay-opacity":"","overlay-gradient":""},"tablet":{"background-color":"var(--ast-global-color-5)","background-image":"","background-repeat":"repeat","background-position":"center center","background-size":"auto","background-attachment":"scroll","background-type":"","background-media":"","overlay-type":"","overlay-color":"","overlay-opacity":"","overlay-gradient":""},"mobile":{"background-color":"var(--ast-global-color-5)","background-image":"","background-repeat":"repeat","background-position":"center center","background-size":"auto","background-attachment":"scroll","background-type":"","background-media":"","overlay-type":"","overlay-color":"","overlay-opacity":"","overlay-gradient":""}}},"product_brand":[],"product_cat":[108],"product_tag":[],"class_list":{"0":"post-298486","1":"product","2":"type-product","3":"status-publish","4":"has-post-thumbnail","6":"product_cat-curso","7":"desktop-align-center","8":"tablet-align-center","9":"mobile-align-center","10":"ast-product-gallery-layout-horizontal","11":"ast-product-tabs-layout-horizontal","13":"first","14":"instock","15":"virtual","16":"purchasable","17":"product-type-simple"},"publishpress_future_action":{"enabled":false,"date":"2026-04-17 11:10:43","action":"change-status","newStatus":"draft","terms":[],"taxonomy":"product_brand","extraData":[]},"publishpress_future_workflow_manual_trigger":{"enabledWorkflows":[]},"brizy_media":[],"_links":{"self":[{"href":"https:\/\/free-indeed.com\/es\/wp-json\/wp\/v2\/product\/298486","targetHints":{"allow":["GET"]}}],"collection":[{"href":"https:\/\/free-indeed.com\/es\/wp-json\/wp\/v2\/product"}],"about":[{"href":"https:\/\/free-indeed.com\/es\/wp-json\/wp\/v2\/types\/product"}],"wp:featuredmedia":[{"embeddable":true,"href":"https:\/\/free-indeed.com\/es\/wp-json\/wp\/v2\/media\/298487"}],"wp:attachment":[{"href":"https:\/\/free-indeed.com\/es\/wp-json\/wp\/v2\/media?parent=298486"}],"wp:term":[{"taxonomy":"product_brand","embeddable":true,"href":"https:\/\/free-indeed.com\/es\/wp-json\/wp\/v2\/product_brand?post=298486"},{"taxonomy":"product_cat","embeddable":true,"href":"https:\/\/free-indeed.com\/es\/wp-json\/wp\/v2\/product_cat?post=298486"},{"taxonomy":"product_tag","embeddable":true,"href":"https:\/\/free-indeed.com\/es\/wp-json\/wp\/v2\/product_tag?post=298486"}],"curies":[{"name":"wp","href":"https:\/\/api.w.org\/{rel}","templated":true}]}}